{"id":2840,"date":"2021-08-13T14:48:03","date_gmt":"2021-08-13T12:48:03","guid":{"rendered":"https:\/\/wp.kristdemokraterna.se\/norrkoping\/?page_id=2840"},"modified":"2026-03-12T15:39:58","modified_gmt":"2026-03-12T14:39:58","slug":"fortroendevalda-2018-2022","status":"publish","type":"page","link":"https:\/\/wp.kristdemokraterna.se\/norrkoping\/om-oss\/kommunfullmaktigegruppen-2018-2022\/fortroendevalda-2018-2022\/","title":{"rendered":"F\u00f6rtroendevalda 2022-2026"},"content":{"rendered":"<p><strong>H\u00e4r kan du l\u00e4sa vilka av v\u00e5ra representanter som finns representerade p\u00e5 olika uppdrag inom kommunens politiska organisation. V\u00e4nligen notera att dessa kan uppdateras under mandatperioden. Vid fr\u00e5gor maila politiska sekreteraren: amanda.gecer@kristdemokraterna.se\u00a0<\/strong><\/p>\n<p>&nbsp;<\/p>\n<p><strong>H\u00e4r nedan listas n\u00e4mnder:<\/strong><\/p>\n<p>S<span style=\"float: none;background-color: transparent;color: #333333;cursor: text;font-family: 'Helvetica Neue',Helvetica,Arial,sans-serif;font-size: 15px;font-style: normal;font-variant: normal;font-weight: 300;letter-spacing: normal;line-height: 24.37px;text-align: left;text-decoration: none;text-indent: 0px\">amh\u00e4llsplaneringsn\u00e4mnden: Tomas Tekmen (ordf\u00f6rande)\u00a0<a href=\"mailto:tomas.tekmen@kristdemokraterna.se\" target=\"_blank\" rel=\"noopener noreferrer\">Maila Tomas<\/a>\u00a0och Gunilla Lundgren (ers\u00e4ttare)\u00a0<\/span><a style=\"font-family: 'Helvetica Neue', Helvetica, Arial, sans-serif;font-size: 15px\" href=\"mailto:gunilla-lundgreen@hotmail.com\" target=\"_blank\" rel=\"noopener noreferrer\">Maila Gunilla<\/a><span style=\"background-color: transparent;font-family: 'Helvetica Neue', Helvetica, Arial, sans-serif;font-size: 15px\">\u00a0<\/span><\/p>\n<p>Kultur- och fritidsn\u00e4mden: Niclas Clar\u00e9n (1:e vice ordf\u00f6rande)\u00a0<a href=\"mailto:niclas.claren@renstrommen.se\" target=\"_blank\" rel=\"noopener noreferrer\">Maila Niclas<\/a><\/p>\n<p>V\u00e5rd- och omsorgsn\u00e4mnden: Jenny Lisiderius (1:e vice ordf\u00f6rande)\u00a0<a href=\"mailto:jenny.lisiderius@gmail.com\" target=\"_blank\" rel=\"noopener noreferrer\">Maila Jenny<\/a>\u00a0och Kent Fernstr\u00f6m (ers\u00e4ttare)\u00a0<a href=\"mailto:kent.fernstrom@icloud.com\" target=\"_blank\" rel=\"noopener noreferrer\">Maila Kent<\/a><\/p>\n<p>Kompetensf\u00f6rs\u00f6rjningsn\u00e4mnden: <span style=\"font-family: Helvetica Neue, Helvetica, Arial, sans-serif\"><span style=\"font-size: 15px\">LM Cederblad (ledamot) <a href=\"mailto:lmc@havograv.se\" target=\"_blank\" rel=\"noopener noreferrer\">Maila LM<\/a><\/span><\/span><\/p>\n<p>Byggnad- och milj\u00f6skyddsn\u00e4mnden: <span style=\"float: none;background-color: transparent;color: #333333;cursor: text;font-family: 'Helvetica Neue',Helvetica,Arial,sans-serif;font-size: 15px;font-style: normal;font-variant: normal;font-weight: 300;letter-spacing: normal;line-height: 24.37px;text-align: left;text-decoration: none;text-indent: 0px\">Bj\u00f6rn Johansson (ers\u00e4ttare) <\/span><a href=\"mailto:012550389@bahnhof.se\" target=\"_blank\" rel=\"noopener noreferrer\">Maila Bj\u00f6rn<\/a><\/p>\n<p>Socialn\u00e4mnden: Ulla Lundstr\u00f6m (ledamot)<a href=\"mailto:ullaiblundstrom@hotmail.com\" target=\"_blank\" rel=\"noopener noreferrer\">Maila Ulla<\/a> och Anna B\u00e4ck (ers\u00e4ttare) <a href=\"mailto:anna_beck89@hotmail.com\" target=\"_blank\" rel=\"noopener noreferrer\">Maila Anna<\/a><\/p>\n<p>Utbildningsn\u00e4mnden: Claes Nilsson (ledamot) <a href=\"mailto:claes.g.nilsson54@gmail.com\" target=\"_blank\" rel=\"noopener noreferrer\">Maila Claes<\/a><\/p>\n<p>&nbsp;<\/p>\n<p><strong>Politiska organisationer lokalt:<\/strong><\/p>\n<p>Partidistriktsstyrelsen KD i \u00d6sterg\u00f6tland: Tomas Tekmen <a href=\"mailto:tomas.tekmen@kristdemokraterna.se\" target=\"_blank\" rel=\"noopener noreferrer\">Maila Tomas<\/a>, Eva-Britt Sj\u00f6berg <a href=\"mailto:eva-britt.sjoberg@kristdemokraterna.se\" target=\"_blank\" rel=\"noopener noreferrer\">Maila Eva-Britt<\/a>, Malin Hansson <a href=\"mailto:malin.kj.hansson@icloud.com\" target=\"_blank\" rel=\"noopener noreferrer\">Maila Malin<\/a>, Niclas Clar\u00e9n <a href=\"mailto:niclas.claren@kristdemokraterna.se\" target=\"_blank\" rel=\"noopener noreferrer\">Maila Niclas<\/a><\/p>\n<p>Valberedningen partiavdelningen: Jenny Lisiderius (sammankallande) <a href=\"mailto:jenny.lisiderius@gmail.com\" target=\"_blank\" rel=\"noopener noreferrer\">Maila Jenny<\/a><\/p>\n<p>KD-K \u00d6sterg\u00f6tland: Eva-Britt Sj\u00f6berg\u00a0 <a href=\"mailto:eva-britt.sjoberg@kristdemokraterna.se\" target=\"_blank\" rel=\"noopener noreferrer\">Maila Eva-Britt<\/a><\/p>\n<p>KDU \u00d6sterg\u00f6tland: Max Dahlgren <a href=\"mailto:info@kdu.se\" target=\"_blank\" rel=\"noopener\">Maila Max<\/a><\/p>\n<p>&nbsp;<\/p>\n<p><strong>Politiska representanter:<\/strong><\/p>\n<p>Kommunalr\u00e5d och gruppledare: Tomas Tekmen <a href=\"mailto:tomas.tekmen@norrkoping.se\" target=\"_blank\" rel=\"noopener noreferrer\">Maila Tomas<\/a><\/p>\n<p>1:e vice ordf\u00f6rande i kommunfullm\u00e4ktige: Eva-Britt Sj\u00f6berg <a href=\"mailto:eva-britt.sjoberg@norrkoping.se\" target=\"_blank\" rel=\"noopener noreferrer\">Maila Eva-Britt<\/a><\/p>\n<p>Ordf\u00f6rande i partiavdelningen: Claes Nilsson <a href=\"mailto:claes.g.nilsson@gmail.com\" target=\"_blank\" rel=\"noopener noreferrer\">Maila Claes<\/a><\/p>\n<p>Politisk sekreterare: Amanda Gecer <a href=\"mailto:amanda.gecer@kristdemokraterna.se\" target=\"_blank\" rel=\"noopener noreferrer\">Maila Amanda<\/a><\/p>\n<p>Kommunfullm\u00e4ktige: Tomas Tekmen (gruppledare), Eva-Britt Sj\u00f6berg,(1:e vice ordf\u00f6rande), Jenny Lisiderius (ledamot), Niclas Clar\u00e9n (ledamot), Simone \u00d6hrn (ledamot), Anna B\u00e4ck (ers\u00e4ttare), Ulla Lundstr\u00f6m (ers\u00e4ttare) och Claes Nilsson (ers\u00e4ttare)<\/p>\n<p>Kommunfullm\u00e4ktiges valberedning: Amanda Gecer<\/p>\n<p>Kommunstyrelsen: Tomas Tekmen (ledamot) och Claes Nilsson (ers\u00e4ttare)<\/p>\n<p>Kommunala pension\u00e4rsr\u00e5det: Gunilla Lundgren<\/p>\n<p>Kommunala r\u00e5det f\u00f6r funktionshinderfr\u00e5gor: Tomas Tekmen<\/p>\n<p>N\u00e4mndeman: Nils-Olof Nilsson, Kent Fernstr\u00f6m, Darin Isaksson<\/p>\n<p>&nbsp;<\/p>\n<p><strong>Politiska representanter i kommunala bolag:<\/strong><\/p>\n<p>R\u00e5dhus AB: Tomas Tekmen (ledamot) <a href=\"mailto:tomas.tekmen@norrkoping.se\">Maila Tomas<\/a><\/p>\n<p>Hyresbost\u00e4der i Norrk\u00f6ping AB: Bj\u00f6rn Johansson (1:e vice ordf\u00f6rande) <a href=\"mailto:012550389@bahnhof.se\">Maila Bj\u00f6rn<\/a><\/p>\n<p>N<span style=\"float: none;background-color: transparent;color: #333333;cursor: text;font-family: 'Helvetica Neue',Helvetica,Arial,sans-serif;font-size: 15px;font-style: normal;font-variant: normal;font-weight: 300;letter-spacing: normal;line-height: 24.37px;text-align: left;text-decoration: none;text-indent: 0px\">odra AB: Niclas Clar\u00e9n (Suppleant) <\/span><a href=\"mailto:niclas.claren@renstrommen.se\">Maila Niclas<\/a><\/p>\n<p>Upplev Norrk\u00f6ping AB: Jenny Lisiderius (Suppleant) <a href=\"mailto:jenny.lisiderius@gmail.com\">Maila Jenny<\/a><\/p>\n<p>Norrk\u00f6ping sp\u00e5rv\u00e4gar AB: Bertil Rengfelt (Suppleant) <a href=\"mailto:erpede@outlook.com\">Maila Bertil<\/a><\/p>\n<p>Scenkonst \u00d6st AB: Malin Hansson (ers\u00e4ttare f\u00f6r lekmannarev) <a href=\"mailto:malin.kj.hansson@icloud.com\">Maila Malin<\/a><\/p>\n<p>Norrk\u00f6ping Science Park AB: Bo Wass (Ordf\u00f6rande) <a href=\"mailto:bo.wass@gorstorpgard.se\">Maila Bo<\/a><\/p>\n<p>N\u00e4rinslivsfastigheter: Bo Wass (ledamot) <a href=\"mailto:bo.wass@gorstorpgard.se\">Maila Bo<\/a><\/p>\n<p>&nbsp;<\/p>\n<p>&nbsp;<\/p>\n<p>&nbsp;<\/p>\n","protected":false},"excerpt":{"rendered":"<p>H\u00e4r kan du l\u00e4sa vilka av v\u00e5ra representanter som finns representerade p\u00e5 olika uppdrag inom kommunens politiska organisation. V\u00e4nligen notera att dessa kan uppdateras under mandatperioden. Vid fr\u00e5gor maila politiska sekreteraren: amanda.gecer@kristdemokraterna.se\u00a0 &nbsp; H\u00e4r nedan listas n\u00e4mnder: Samh\u00e4llsplaneringsn\u00e4mnden: Tomas Tekmen (ordf\u00f6rande)\u00a0Maila Tomas\u00a0och Gunilla Lundgren (ers\u00e4ttare)\u00a0Maila Gunilla\u00a0 Kultur- och fritidsn\u00e4mden: Niclas Clar\u00e9n (1:e vice ordf\u00f6rande)\u00a0Maila Niclas <a class=\"read-more-link\" href=\"https:\/\/wp.kristdemokraterna.se\/norrkoping\/om-oss\/kommunfullmaktigegruppen-2018-2022\/fortroendevalda-2018-2022\/\">Read More<\/a><\/p>\n","protected":false},"author":45,"featured_media":0,"parent":2585,"menu_order":0,"comment_status":"closed","ping_status":"closed","template":"","meta":{"_acf_changed":false,"footnotes":""},"class_list":["post-2840","page","type-page","status-publish","hentry"],"acf":[],"yoast_head":"<!-- This site is optimized with the Yoast SEO plugin v27.4 - https:\/\/yoast.com\/product\/yoast-seo-wordpress\/ -->\n<title>F\u00f6rtroendevalda 2022-2026 - Norrk\u00f6ping<\/title>\n<meta name=\"robots\" content=\"index, follow, max-snippet:-1, max-image-preview:large, max-video-preview:-1\" \/>\n<link rel=\"canonical\" href=\"https:\/\/wp.kristdemokraterna.se\/norrkoping\/om-oss\/kommunfullmaktigegruppen-2018-2022\/fortroendevalda-2018-2022\/\" \/>\n<meta property=\"og:locale\" content=\"sv_SE\" \/>\n<meta property=\"og:type\" content=\"article\" \/>\n<meta property=\"og:title\" content=\"F\u00f6rtroendevalda 2022-2026 - Norrk\u00f6ping\" \/>\n<meta property=\"og:description\" content=\"H\u00e4r kan du l\u00e4sa vilka av v\u00e5ra representanter som finns representerade p\u00e5 olika uppdrag inom kommunens politiska organisation. V\u00e4nligen notera att dessa kan uppdateras under mandatperioden. Vid fr\u00e5gor maila politiska sekreteraren: amanda.gecer@kristdemokraterna.se\u00a0 &nbsp; H\u00e4r nedan listas n\u00e4mnder: Samh\u00e4llsplaneringsn\u00e4mnden: Tomas Tekmen (ordf\u00f6rande)\u00a0Maila Tomas\u00a0och Gunilla Lundgren (ers\u00e4ttare)\u00a0Maila Gunilla\u00a0 Kultur- och fritidsn\u00e4mden: Niclas Clar\u00e9n (1:e vice ordf\u00f6rande)\u00a0Maila Niclas Read More\" \/>\n<meta property=\"og:url\" content=\"https:\/\/wp.kristdemokraterna.se\/norrkoping\/om-oss\/kommunfullmaktigegruppen-2018-2022\/fortroendevalda-2018-2022\/\" \/>\n<meta property=\"og:site_name\" content=\"Norrk\u00f6ping\" \/>\n<meta property=\"article:publisher\" content=\"https:\/\/www.facebook.com\/kdnorrkoping\/\" \/>\n<meta property=\"article:modified_time\" content=\"2026-03-12T14:39:58+00:00\" \/>\n<meta name=\"twitter:card\" content=\"summary_large_image\" \/>\n<meta name=\"twitter:label1\" content=\"Ber\u00e4knad l\u00e4stid\" \/>\n\t<meta name=\"twitter:data1\" content=\"2 minuter\" \/>\n<script type=\"application\/ld+json\" class=\"yoast-schema-graph\">{\"@context\":\"https:\\\/\\\/schema.org\",\"@graph\":[{\"@type\":\"WebPage\",\"@id\":\"https:\\\/\\\/wp.kristdemokraterna.se\\\/norrkoping\\\/om-oss\\\/kommunfullmaktigegruppen-2018-2022\\\/fortroendevalda-2018-2022\\\/\",\"url\":\"https:\\\/\\\/wp.kristdemokraterna.se\\\/norrkoping\\\/om-oss\\\/kommunfullmaktigegruppen-2018-2022\\\/fortroendevalda-2018-2022\\\/\",\"name\":\"F\u00f6rtroendevalda 2022-2026 - Norrk\u00f6ping\",\"isPartOf\":{\"@id\":\"https:\\\/\\\/wp.kristdemokraterna.se\\\/norrkoping\\\/#website\"},\"datePublished\":\"2021-08-13T12:48:03+00:00\",\"dateModified\":\"2026-03-12T14:39:58+00:00\",\"breadcrumb\":{\"@id\":\"https:\\\/\\\/wp.kristdemokraterna.se\\\/norrkoping\\\/om-oss\\\/kommunfullmaktigegruppen-2018-2022\\\/fortroendevalda-2018-2022\\\/#breadcrumb\"},\"inLanguage\":\"sv-SE\",\"potentialAction\":[{\"@type\":\"ReadAction\",\"target\":[\"https:\\\/\\\/wp.kristdemokraterna.se\\\/norrkoping\\\/om-oss\\\/kommunfullmaktigegruppen-2018-2022\\\/fortroendevalda-2018-2022\\\/\"]}]},{\"@type\":\"BreadcrumbList\",\"@id\":\"https:\\\/\\\/wp.kristdemokraterna.se\\\/norrkoping\\\/om-oss\\\/kommunfullmaktigegruppen-2018-2022\\\/fortroendevalda-2018-2022\\\/#breadcrumb\",\"itemListElement\":[{\"@type\":\"ListItem\",\"position\":1,\"name\":\"Hem\",\"item\":\"https:\\\/\\\/wp.kristdemokraterna.se\\\/norrkoping\\\/\"},{\"@type\":\"ListItem\",\"position\":2,\"name\":\"V\u00e5rt parti\",\"item\":\"https:\\\/\\\/wp.kristdemokraterna.se\\\/norrkoping\\\/om-oss\\\/\"},{\"@type\":\"ListItem\",\"position\":3,\"name\":\"Kommunfullm\u00e4ktigegruppen 2022-2026\",\"item\":\"https:\\\/\\\/wp.kristdemokraterna.se\\\/norrkoping\\\/om-oss\\\/kommunfullmaktigegruppen-2018-2022\\\/\"},{\"@type\":\"ListItem\",\"position\":4,\"name\":\"F\u00f6rtroendevalda 2022-2026\"}]},{\"@type\":\"WebSite\",\"@id\":\"https:\\\/\\\/wp.kristdemokraterna.se\\\/norrkoping\\\/#website\",\"url\":\"https:\\\/\\\/wp.kristdemokraterna.se\\\/norrkoping\\\/\",\"name\":\"Norrk\u00f6ping\",\"description\":\"Kristdemokraterna\",\"inLanguage\":\"sv-SE\"}]}<\/script>\n<!-- \/ Yoast SEO plugin. -->","yoast_head_json":{"title":"F\u00f6rtroendevalda 2022-2026 - Norrk\u00f6ping","robots":{"index":"index","follow":"follow","max-snippet":"max-snippet:-1","max-image-preview":"max-image-preview:large","max-video-preview":"max-video-preview:-1"},"canonical":"https:\/\/wp.kristdemokraterna.se\/norrkoping\/om-oss\/kommunfullmaktigegruppen-2018-2022\/fortroendevalda-2018-2022\/","og_locale":"sv_SE","og_type":"article","og_title":"F\u00f6rtroendevalda 2022-2026 - Norrk\u00f6ping","og_description":"H\u00e4r kan du l\u00e4sa vilka av v\u00e5ra representanter som finns representerade p\u00e5 olika uppdrag inom kommunens politiska organisation. V\u00e4nligen notera att dessa kan uppdateras under mandatperioden. Vid fr\u00e5gor maila politiska sekreteraren: amanda.gecer@kristdemokraterna.se\u00a0 &nbsp; H\u00e4r nedan listas n\u00e4mnder: Samh\u00e4llsplaneringsn\u00e4mnden: Tomas Tekmen (ordf\u00f6rande)\u00a0Maila Tomas\u00a0och Gunilla Lundgren (ers\u00e4ttare)\u00a0Maila Gunilla\u00a0 Kultur- och fritidsn\u00e4mden: Niclas Clar\u00e9n (1:e vice ordf\u00f6rande)\u00a0Maila Niclas Read More","og_url":"https:\/\/wp.kristdemokraterna.se\/norrkoping\/om-oss\/kommunfullmaktigegruppen-2018-2022\/fortroendevalda-2018-2022\/","og_site_name":"Norrk\u00f6ping","article_publisher":"https:\/\/www.facebook.com\/kdnorrkoping\/","article_modified_time":"2026-03-12T14:39:58+00:00","twitter_card":"summary_large_image","twitter_misc":{"Ber\u00e4knad l\u00e4stid":"2 minuter"},"schema":{"@context":"https:\/\/schema.org","@graph":[{"@type":"WebPage","@id":"https:\/\/wp.kristdemokraterna.se\/norrkoping\/om-oss\/kommunfullmaktigegruppen-2018-2022\/fortroendevalda-2018-2022\/","url":"https:\/\/wp.kristdemokraterna.se\/norrkoping\/om-oss\/kommunfullmaktigegruppen-2018-2022\/fortroendevalda-2018-2022\/","name":"F\u00f6rtroendevalda 2022-2026 - Norrk\u00f6ping","isPartOf":{"@id":"https:\/\/wp.kristdemokraterna.se\/norrkoping\/#website"},"datePublished":"2021-08-13T12:48:03+00:00","dateModified":"2026-03-12T14:39:58+00:00","breadcrumb":{"@id":"https:\/\/wp.kristdemokraterna.se\/norrkoping\/om-oss\/kommunfullmaktigegruppen-2018-2022\/fortroendevalda-2018-2022\/#breadcrumb"},"inLanguage":"sv-SE","potentialAction":[{"@type":"ReadAction","target":["https:\/\/wp.kristdemokraterna.se\/norrkoping\/om-oss\/kommunfullmaktigegruppen-2018-2022\/fortroendevalda-2018-2022\/"]}]},{"@type":"BreadcrumbList","@id":"https:\/\/wp.kristdemokraterna.se\/norrkoping\/om-oss\/kommunfullmaktigegruppen-2018-2022\/fortroendevalda-2018-2022\/#breadcrumb","itemListElement":[{"@type":"ListItem","position":1,"name":"Hem","item":"https:\/\/wp.kristdemokraterna.se\/norrkoping\/"},{"@type":"ListItem","position":2,"name":"V\u00e5rt parti","item":"https:\/\/wp.kristdemokraterna.se\/norrkoping\/om-oss\/"},{"@type":"ListItem","position":3,"name":"Kommunfullm\u00e4ktigegruppen 2022-2026","item":"https:\/\/wp.kristdemokraterna.se\/norrkoping\/om-oss\/kommunfullmaktigegruppen-2018-2022\/"},{"@type":"ListItem","position":4,"name":"F\u00f6rtroendevalda 2022-2026"}]},{"@type":"WebSite","@id":"https:\/\/wp.kristdemokraterna.se\/norrkoping\/#website","url":"https:\/\/wp.kristdemokraterna.se\/norrkoping\/","name":"Norrk\u00f6ping","description":"Kristdemokraterna","inLanguage":"sv-SE"}]}},"_links":{"self":[{"href":"https:\/\/wp.kristdemokraterna.se\/norrkoping\/wp-json\/wp\/v2\/pages\/2840","targetHints":{"allow":["GET"]}}],"collection":[{"href":"https:\/\/wp.kristdemokraterna.se\/norrkoping\/wp-json\/wp\/v2\/pages"}],"about":[{"href":"https:\/\/wp.kristdemokraterna.se\/norrkoping\/wp-json\/wp\/v2\/types\/page"}],"author":[{"embeddable":true,"href":"https:\/\/wp.kristdemokraterna.se\/norrkoping\/wp-json\/wp\/v2\/users\/45"}],"replies":[{"embeddable":true,"href":"https:\/\/wp.kristdemokraterna.se\/norrkoping\/wp-json\/wp\/v2\/comments?post=2840"}],"version-history":[{"count":11,"href":"https:\/\/wp.kristdemokraterna.se\/norrkoping\/wp-json\/wp\/v2\/pages\/2840\/revisions"}],"predecessor-version":[{"id":3057,"href":"https:\/\/wp.kristdemokraterna.se\/norrkoping\/wp-json\/wp\/v2\/pages\/2840\/revisions\/3057"}],"up":[{"embeddable":true,"href":"https:\/\/wp.kristdemokraterna.se\/norrkoping\/wp-json\/wp\/v2\/pages\/2585"}],"wp:attachment":[{"href":"https:\/\/wp.kristdemokraterna.se\/norrkoping\/wp-json\/wp\/v2\/media?parent=2840"}],"curies":[{"name":"wp","href":"https:\/\/api.w.org\/{rel}","templated":true}]}}