{"id":367,"date":"2013-04-15T15:33:21","date_gmt":"2013-04-15T13:33:21","guid":{"rendered":"http:\/\/wp.kristdemokraterna.se\/norrkoping\/?page_id=367"},"modified":"2026-02-25T14:53:18","modified_gmt":"2026-02-25T13:53:18","slug":"avdelningen","status":"publish","type":"page","link":"https:\/\/wp.kristdemokraterna.se\/norrkoping\/om-oss\/avdelningen\/","title":{"rendered":"Partiavdelningsstyrelsen"},"content":{"rendered":"<p><strong>Partiavdelningens styrelse i Norrk\u00f6ping best\u00e5r av:<\/strong><\/p>\n<p><strong>Ordf\u00f6rande<\/strong> <strong>Claes Nilsson<\/strong><br \/>\ntel: 070-861 64 57<br \/>\ne-post: <a href=\"mailto:t_tekmen@hotmail.com\">Maila Claes<\/a><\/p>\n<p><strong>Vice ordf\u00f6rande Bo Wass<\/strong><\/p>\n<p>e-post: e-post:\u00a0<a href=\"mailto:bo.wass@gorstorpgard.se\">Maila Bo<\/a><\/p>\n<p><strong>Kass\u00f6r<\/strong> <strong>Niclas Clar\u00e9n <\/strong><\/p>\n<p>e-post: <a href=\"mailto:niclas.claren@renstrommen.se\">Maila Niclas<\/a><\/p>\n<p><strong>Ledamot Beatrice Carlsson<\/strong><\/p>\n<p>e-post:<a href=\"mailto:beatrice.carlsson@norrkoping.se\"> Maila Beatrice<\/a><\/p>\n<p><strong>Ledamot <\/strong>Tomas Tekmen<\/p>\n<p>e-post: <a href=\"mailto:tomas.tekmen@kristdemokraterna.se\">Maila Tomas<\/a><\/p>\n<p><strong>Ledamot<\/strong> Bj\u00f6rn Johansson<\/p>\n<p>e-post: <a href=\"mailto:012550389@banhof.se\">Maila Bj\u00f6rn<\/a><\/p>\n<p><strong>Ledamot<\/strong> Thomas Smedberg<\/p>\n<p>e-post: <a href=\"mailto:817smedberg@gmail.com\">Maila Thomas<\/a><\/p>\n<p><strong>Ledamot <\/strong>Lars-G\u00f6ran Arvidsson<\/p>\n<p>e-post: <a href=\"mailto:lasse@korsbarsbacken.se\">Maila Lars-G\u00f6ran<\/a><\/p>\n<p><strong>Ledamot <\/strong>Frank Christensen<\/p>\n<p>e-post:\u00a0<a href=\"mailto:frank@gottenvik.se\">Maila Frank<\/a><\/p>\n<p><strong>Adjungerad<\/strong> Politisk sekreterare, Amanda Gecer<\/p>\n<p>e-post: <a href=\"mailto:amanda.gecer@kristdemokraterna.se\">Maila Amanda<\/a><\/p>\n<p>Vill du n\u00e5 KD Norrk\u00f6ping i sin helhet kan du \u00e4ven n\u00e5 oss via: <a href=\"mailto:norrkoping@kristdemokraterna.se\">maila Kristdemokraterna i Norrk\u00f6ping<\/a><\/p>\n<p>&nbsp;<\/p>\n","protected":false},"excerpt":{"rendered":"<p>Partiavdelningens styrelse i Norrk\u00f6ping best\u00e5r av: Ordf\u00f6rande Claes Nilsson tel: 070-861 64 57 e-post: Maila Claes Vice ordf\u00f6rande Bo Wass e-post: e-post:\u00a0Maila Bo Kass\u00f6r Niclas Clar\u00e9n e-post: Maila Niclas Ledamot Beatrice Carlsson e-post: Maila Beatrice Ledamot Tomas Tekmen e-post: Maila Tomas Ledamot Bj\u00f6rn Johansson e-post: Maila Bj\u00f6rn Ledamot Thomas Smedberg e-post: Maila Thomas Ledamot Lars-G\u00f6ran <a class=\"read-more-link\" href=\"https:\/\/wp.kristdemokraterna.se\/norrkoping\/om-oss\/avdelningen\/\">Read More<\/a><\/p>\n","protected":false},"author":45,"featured_media":0,"parent":93,"menu_order":1,"comment_status":"closed","ping_status":"closed","template":"","meta":{"_acf_changed":false,"footnotes":""},"class_list":["post-367","page","type-page","status-publish","hentry"],"acf":[],"yoast_head":"<!-- This site is optimized with the Yoast SEO plugin v27.4 - https:\/\/yoast.com\/product\/yoast-seo-wordpress\/ -->\n<title>Partiavdelningsstyrelsen - Norrk\u00f6ping<\/title>\n<meta name=\"robots\" content=\"index, follow, max-snippet:-1, max-image-preview:large, max-video-preview:-1\" \/>\n<link rel=\"canonical\" href=\"https:\/\/wp.kristdemokraterna.se\/norrkoping\/om-oss\/avdelningen\/\" \/>\n<meta property=\"og:locale\" content=\"sv_SE\" \/>\n<meta property=\"og:type\" content=\"article\" \/>\n<meta property=\"og:title\" content=\"Partiavdelningsstyrelsen - Norrk\u00f6ping\" \/>\n<meta property=\"og:description\" content=\"Partiavdelningens styrelse i Norrk\u00f6ping best\u00e5r av: Ordf\u00f6rande Claes Nilsson tel: 070-861 64 57 e-post: Maila Claes Vice ordf\u00f6rande Bo Wass e-post: e-post:\u00a0Maila Bo Kass\u00f6r Niclas Clar\u00e9n e-post: Maila Niclas Ledamot Beatrice Carlsson e-post: Maila Beatrice Ledamot Tomas Tekmen e-post: Maila Tomas Ledamot Bj\u00f6rn Johansson e-post: Maila Bj\u00f6rn Ledamot Thomas Smedberg e-post: Maila Thomas Ledamot Lars-G\u00f6ran Read More\" \/>\n<meta property=\"og:url\" content=\"https:\/\/wp.kristdemokraterna.se\/norrkoping\/om-oss\/avdelningen\/\" \/>\n<meta property=\"og:site_name\" content=\"Norrk\u00f6ping\" \/>\n<meta property=\"article:publisher\" content=\"https:\/\/www.facebook.com\/kdnorrkoping\/\" \/>\n<meta property=\"article:modified_time\" content=\"2026-02-25T13:53:18+00:00\" \/>\n<meta name=\"twitter:card\" content=\"summary_large_image\" \/>\n<meta name=\"twitter:label1\" content=\"Ber\u00e4knad l\u00e4stid\" \/>\n\t<meta name=\"twitter:data1\" content=\"1 minut\" \/>\n<script type=\"application\/ld+json\" class=\"yoast-schema-graph\">{\"@context\":\"https:\\\/\\\/schema.org\",\"@graph\":[{\"@type\":\"WebPage\",\"@id\":\"https:\\\/\\\/wp.kristdemokraterna.se\\\/norrkoping\\\/om-oss\\\/avdelningen\\\/\",\"url\":\"https:\\\/\\\/wp.kristdemokraterna.se\\\/norrkoping\\\/om-oss\\\/avdelningen\\\/\",\"name\":\"Partiavdelningsstyrelsen - Norrk\u00f6ping\",\"isPartOf\":{\"@id\":\"https:\\\/\\\/wp.kristdemokraterna.se\\\/norrkoping\\\/#website\"},\"datePublished\":\"2013-04-15T13:33:21+00:00\",\"dateModified\":\"2026-02-25T13:53:18+00:00\",\"breadcrumb\":{\"@id\":\"https:\\\/\\\/wp.kristdemokraterna.se\\\/norrkoping\\\/om-oss\\\/avdelningen\\\/#breadcrumb\"},\"inLanguage\":\"sv-SE\",\"potentialAction\":[{\"@type\":\"ReadAction\",\"target\":[\"https:\\\/\\\/wp.kristdemokraterna.se\\\/norrkoping\\\/om-oss\\\/avdelningen\\\/\"]}]},{\"@type\":\"BreadcrumbList\",\"@id\":\"https:\\\/\\\/wp.kristdemokraterna.se\\\/norrkoping\\\/om-oss\\\/avdelningen\\\/#breadcrumb\",\"itemListElement\":[{\"@type\":\"ListItem\",\"position\":1,\"name\":\"Hem\",\"item\":\"https:\\\/\\\/wp.kristdemokraterna.se\\\/norrkoping\\\/\"},{\"@type\":\"ListItem\",\"position\":2,\"name\":\"V\u00e5rt parti\",\"item\":\"https:\\\/\\\/wp.kristdemokraterna.se\\\/norrkoping\\\/om-oss\\\/\"},{\"@type\":\"ListItem\",\"position\":3,\"name\":\"Partiavdelningsstyrelsen\"}]},{\"@type\":\"WebSite\",\"@id\":\"https:\\\/\\\/wp.kristdemokraterna.se\\\/norrkoping\\\/#website\",\"url\":\"https:\\\/\\\/wp.kristdemokraterna.se\\\/norrkoping\\\/\",\"name\":\"Norrk\u00f6ping\",\"description\":\"Kristdemokraterna\",\"inLanguage\":\"sv-SE\"}]}<\/script>\n<!-- \/ Yoast SEO plugin. -->","yoast_head_json":{"title":"Partiavdelningsstyrelsen - Norrk\u00f6ping","robots":{"index":"index","follow":"follow","max-snippet":"max-snippet:-1","max-image-preview":"max-image-preview:large","max-video-preview":"max-video-preview:-1"},"canonical":"https:\/\/wp.kristdemokraterna.se\/norrkoping\/om-oss\/avdelningen\/","og_locale":"sv_SE","og_type":"article","og_title":"Partiavdelningsstyrelsen - Norrk\u00f6ping","og_description":"Partiavdelningens styrelse i Norrk\u00f6ping best\u00e5r av: Ordf\u00f6rande Claes Nilsson tel: 070-861 64 57 e-post: Maila Claes Vice ordf\u00f6rande Bo Wass e-post: e-post:\u00a0Maila Bo Kass\u00f6r Niclas Clar\u00e9n e-post: Maila Niclas Ledamot Beatrice Carlsson e-post: Maila Beatrice Ledamot Tomas Tekmen e-post: Maila Tomas Ledamot Bj\u00f6rn Johansson e-post: Maila Bj\u00f6rn Ledamot Thomas Smedberg e-post: Maila Thomas Ledamot Lars-G\u00f6ran Read More","og_url":"https:\/\/wp.kristdemokraterna.se\/norrkoping\/om-oss\/avdelningen\/","og_site_name":"Norrk\u00f6ping","article_publisher":"https:\/\/www.facebook.com\/kdnorrkoping\/","article_modified_time":"2026-02-25T13:53:18+00:00","twitter_card":"summary_large_image","twitter_misc":{"Ber\u00e4knad l\u00e4stid":"1 minut"},"schema":{"@context":"https:\/\/schema.org","@graph":[{"@type":"WebPage","@id":"https:\/\/wp.kristdemokraterna.se\/norrkoping\/om-oss\/avdelningen\/","url":"https:\/\/wp.kristdemokraterna.se\/norrkoping\/om-oss\/avdelningen\/","name":"Partiavdelningsstyrelsen - Norrk\u00f6ping","isPartOf":{"@id":"https:\/\/wp.kristdemokraterna.se\/norrkoping\/#website"},"datePublished":"2013-04-15T13:33:21+00:00","dateModified":"2026-02-25T13:53:18+00:00","breadcrumb":{"@id":"https:\/\/wp.kristdemokraterna.se\/norrkoping\/om-oss\/avdelningen\/#breadcrumb"},"inLanguage":"sv-SE","potentialAction":[{"@type":"ReadAction","target":["https:\/\/wp.kristdemokraterna.se\/norrkoping\/om-oss\/avdelningen\/"]}]},{"@type":"BreadcrumbList","@id":"https:\/\/wp.kristdemokraterna.se\/norrkoping\/om-oss\/avdelningen\/#breadcrumb","itemListElement":[{"@type":"ListItem","position":1,"name":"Hem","item":"https:\/\/wp.kristdemokraterna.se\/norrkoping\/"},{"@type":"ListItem","position":2,"name":"V\u00e5rt parti","item":"https:\/\/wp.kristdemokraterna.se\/norrkoping\/om-oss\/"},{"@type":"ListItem","position":3,"name":"Partiavdelningsstyrelsen"}]},{"@type":"WebSite","@id":"https:\/\/wp.kristdemokraterna.se\/norrkoping\/#website","url":"https:\/\/wp.kristdemokraterna.se\/norrkoping\/","name":"Norrk\u00f6ping","description":"Kristdemokraterna","inLanguage":"sv-SE"}]}},"_links":{"self":[{"href":"https:\/\/wp.kristdemokraterna.se\/norrkoping\/wp-json\/wp\/v2\/pages\/367","targetHints":{"allow":["GET"]}}],"collection":[{"href":"https:\/\/wp.kristdemokraterna.se\/norrkoping\/wp-json\/wp\/v2\/pages"}],"about":[{"href":"https:\/\/wp.kristdemokraterna.se\/norrkoping\/wp-json\/wp\/v2\/types\/page"}],"author":[{"embeddable":true,"href":"https:\/\/wp.kristdemokraterna.se\/norrkoping\/wp-json\/wp\/v2\/users\/45"}],"replies":[{"embeddable":true,"href":"https:\/\/wp.kristdemokraterna.se\/norrkoping\/wp-json\/wp\/v2\/comments?post=367"}],"version-history":[{"count":44,"href":"https:\/\/wp.kristdemokraterna.se\/norrkoping\/wp-json\/wp\/v2\/pages\/367\/revisions"}],"predecessor-version":[{"id":3053,"href":"https:\/\/wp.kristdemokraterna.se\/norrkoping\/wp-json\/wp\/v2\/pages\/367\/revisions\/3053"}],"up":[{"embeddable":true,"href":"https:\/\/wp.kristdemokraterna.se\/norrkoping\/wp-json\/wp\/v2\/pages\/93"}],"wp:attachment":[{"href":"https:\/\/wp.kristdemokraterna.se\/norrkoping\/wp-json\/wp\/v2\/media?parent=367"}],"curies":[{"name":"wp","href":"https:\/\/api.w.org\/{rel}","templated":true}]}}