{"id":437,"date":"2013-05-20T14:36:01","date_gmt":"2013-05-20T12:36:01","guid":{"rendered":"http:\/\/wp.kristdemokraterna.se\/norrkoping\/?page_id=437"},"modified":"2022-10-11T13:42:26","modified_gmt":"2022-10-11T11:42:26","slug":"var-politik","status":"publish","type":"page","link":"https:\/\/wp.kristdemokraterna.se\/norrkoping\/om-oss\/var-politik\/","title":{"rendered":"V\u00e5r politik"},"content":{"rendered":"<p>Kristdemokraterna \u00e4r en del av den stora internationella kristdemokratin, v\u00e4rldens n\u00e4st st\u00f6rsta politiska r\u00f6relse. Kristdemokrati st\u00e5r f\u00f6r demokrati byggd p\u00e5 kristen m\u00e4nniskosyn och v\u00e4rdegrund. Vi s\u00e4tter m\u00e4nniskov\u00e4rdet och familjen h\u00f6gt, och motarbetar alla former av totalitarism.<\/p>\n<p>Kristdemokraterna i Norrk\u00f6ping \u00e4r en politisk organisation som verkar f\u00f6r ett tryggare, starkare och v\u00e4lm\u00e5ende Norrk\u00f6ping d\u00e4r alla medborgare \u00e4r lika viktiga och k\u00e4nner samma tillh\u00f6righet. Alla \u00e4r lika viktiga i samh\u00e4llsbygget och beh\u00f6vs f\u00f6r att vi ska skapa en stad och kommun som v\u00e4xer och frodas. F\u00f6r att \u00e5stadkomma detta utg\u00e5r vi fr\u00e5n v\u00e5r politiska ideologi som tror p\u00e5 individen och som tror p\u00e5 samh\u00e4llsgemenskap utifr\u00e5n den v\u00e4rdegrund och tradition vi delar.<\/p>\n<p>F\u00f6r att Norrk\u00f6ping ska vara en vacker, inbjudande, trygg och v\u00e4lkomnande plats s\u00e4tter vi i Kristdemokraterna stort v\u00e4rde vid civilsamh\u00e4llets goda kraft, de trygga familjernas gemenskap och n\u00e4ringslivets f\u00f6rm\u00e5ga. Vi tror att gemenskapen mellan dessa institutioner skapar en stabil grund p\u00e5 vilken Norrk\u00f6ping forts\u00e4tter att utvecklas.<\/p>\n<p>Om du vill l\u00e4ra dig mer om v\u00e5r politik kolla g\u00e4rna under flikarna &#8221;Ideologi&#8221; och &#8221;Politik A-\u00d6&#8221; !<\/p>\n<p>&nbsp;<\/p>\n","protected":false},"excerpt":{"rendered":"<p>Kristdemokraterna \u00e4r en del av den stora internationella kristdemokratin, v\u00e4rldens n\u00e4st st\u00f6rsta politiska r\u00f6relse. Kristdemokrati st\u00e5r f\u00f6r demokrati byggd p\u00e5 kristen m\u00e4nniskosyn och v\u00e4rdegrund. Vi s\u00e4tter m\u00e4nniskov\u00e4rdet och familjen h\u00f6gt, och motarbetar alla former av totalitarism. Kristdemokraterna i Norrk\u00f6ping \u00e4r en politisk organisation som verkar f\u00f6r ett tryggare, starkare och v\u00e4lm\u00e5ende Norrk\u00f6ping d\u00e4r alla medborgare <a class=\"read-more-link\" href=\"https:\/\/wp.kristdemokraterna.se\/norrkoping\/om-oss\/var-politik\/\">Read More<\/a><\/p>\n","protected":false},"author":45,"featured_media":0,"parent":93,"menu_order":3,"comment_status":"closed","ping_status":"closed","template":"","meta":{"_acf_changed":false,"footnotes":""},"class_list":["post-437","page","type-page","status-publish","hentry"],"acf":[],"yoast_head":"<!-- This site is optimized with the Yoast SEO plugin v27.4 - https:\/\/yoast.com\/product\/yoast-seo-wordpress\/ -->\n<title>V\u00e5r politik - Norrk\u00f6ping<\/title>\n<meta name=\"robots\" content=\"index, follow, max-snippet:-1, max-image-preview:large, max-video-preview:-1\" \/>\n<link rel=\"canonical\" href=\"https:\/\/wp.kristdemokraterna.se\/norrkoping\/om-oss\/var-politik\/\" \/>\n<meta property=\"og:locale\" content=\"sv_SE\" \/>\n<meta property=\"og:type\" content=\"article\" \/>\n<meta property=\"og:title\" content=\"V\u00e5r politik - Norrk\u00f6ping\" \/>\n<meta property=\"og:description\" content=\"Kristdemokraterna \u00e4r en del av den stora internationella kristdemokratin, v\u00e4rldens n\u00e4st st\u00f6rsta politiska r\u00f6relse. Kristdemokrati st\u00e5r f\u00f6r demokrati byggd p\u00e5 kristen m\u00e4nniskosyn och v\u00e4rdegrund. Vi s\u00e4tter m\u00e4nniskov\u00e4rdet och familjen h\u00f6gt, och motarbetar alla former av totalitarism. Kristdemokraterna i Norrk\u00f6ping \u00e4r en politisk organisation som verkar f\u00f6r ett tryggare, starkare och v\u00e4lm\u00e5ende Norrk\u00f6ping d\u00e4r alla medborgare Read More\" \/>\n<meta property=\"og:url\" content=\"https:\/\/wp.kristdemokraterna.se\/norrkoping\/om-oss\/var-politik\/\" \/>\n<meta property=\"og:site_name\" content=\"Norrk\u00f6ping\" \/>\n<meta property=\"article:publisher\" content=\"https:\/\/www.facebook.com\/kdnorrkoping\/\" \/>\n<meta property=\"article:modified_time\" content=\"2022-10-11T11:42:26+00:00\" \/>\n<meta name=\"twitter:card\" content=\"summary_large_image\" \/>\n<meta name=\"twitter:label1\" content=\"Ber\u00e4knad l\u00e4stid\" \/>\n\t<meta name=\"twitter:data1\" content=\"1 minut\" \/>\n<script type=\"application\/ld+json\" class=\"yoast-schema-graph\">{\"@context\":\"https:\\\/\\\/schema.org\",\"@graph\":[{\"@type\":\"WebPage\",\"@id\":\"https:\\\/\\\/wp.kristdemokraterna.se\\\/norrkoping\\\/om-oss\\\/var-politik\\\/\",\"url\":\"https:\\\/\\\/wp.kristdemokraterna.se\\\/norrkoping\\\/om-oss\\\/var-politik\\\/\",\"name\":\"V\u00e5r politik - Norrk\u00f6ping\",\"isPartOf\":{\"@id\":\"https:\\\/\\\/wp.kristdemokraterna.se\\\/norrkoping\\\/#website\"},\"datePublished\":\"2013-05-20T12:36:01+00:00\",\"dateModified\":\"2022-10-11T11:42:26+00:00\",\"breadcrumb\":{\"@id\":\"https:\\\/\\\/wp.kristdemokraterna.se\\\/norrkoping\\\/om-oss\\\/var-politik\\\/#breadcrumb\"},\"inLanguage\":\"sv-SE\",\"potentialAction\":[{\"@type\":\"ReadAction\",\"target\":[\"https:\\\/\\\/wp.kristdemokraterna.se\\\/norrkoping\\\/om-oss\\\/var-politik\\\/\"]}]},{\"@type\":\"BreadcrumbList\",\"@id\":\"https:\\\/\\\/wp.kristdemokraterna.se\\\/norrkoping\\\/om-oss\\\/var-politik\\\/#breadcrumb\",\"itemListElement\":[{\"@type\":\"ListItem\",\"position\":1,\"name\":\"Hem\",\"item\":\"https:\\\/\\\/wp.kristdemokraterna.se\\\/norrkoping\\\/\"},{\"@type\":\"ListItem\",\"position\":2,\"name\":\"V\u00e5rt parti\",\"item\":\"https:\\\/\\\/wp.kristdemokraterna.se\\\/norrkoping\\\/om-oss\\\/\"},{\"@type\":\"ListItem\",\"position\":3,\"name\":\"V\u00e5r politik\"}]},{\"@type\":\"WebSite\",\"@id\":\"https:\\\/\\\/wp.kristdemokraterna.se\\\/norrkoping\\\/#website\",\"url\":\"https:\\\/\\\/wp.kristdemokraterna.se\\\/norrkoping\\\/\",\"name\":\"Norrk\u00f6ping\",\"description\":\"Kristdemokraterna\",\"inLanguage\":\"sv-SE\"}]}<\/script>\n<!-- \/ Yoast SEO plugin. -->","yoast_head_json":{"title":"V\u00e5r politik - Norrk\u00f6ping","robots":{"index":"index","follow":"follow","max-snippet":"max-snippet:-1","max-image-preview":"max-image-preview:large","max-video-preview":"max-video-preview:-1"},"canonical":"https:\/\/wp.kristdemokraterna.se\/norrkoping\/om-oss\/var-politik\/","og_locale":"sv_SE","og_type":"article","og_title":"V\u00e5r politik - Norrk\u00f6ping","og_description":"Kristdemokraterna \u00e4r en del av den stora internationella kristdemokratin, v\u00e4rldens n\u00e4st st\u00f6rsta politiska r\u00f6relse. Kristdemokrati st\u00e5r f\u00f6r demokrati byggd p\u00e5 kristen m\u00e4nniskosyn och v\u00e4rdegrund. Vi s\u00e4tter m\u00e4nniskov\u00e4rdet och familjen h\u00f6gt, och motarbetar alla former av totalitarism. Kristdemokraterna i Norrk\u00f6ping \u00e4r en politisk organisation som verkar f\u00f6r ett tryggare, starkare och v\u00e4lm\u00e5ende Norrk\u00f6ping d\u00e4r alla medborgare Read More","og_url":"https:\/\/wp.kristdemokraterna.se\/norrkoping\/om-oss\/var-politik\/","og_site_name":"Norrk\u00f6ping","article_publisher":"https:\/\/www.facebook.com\/kdnorrkoping\/","article_modified_time":"2022-10-11T11:42:26+00:00","twitter_card":"summary_large_image","twitter_misc":{"Ber\u00e4knad l\u00e4stid":"1 minut"},"schema":{"@context":"https:\/\/schema.org","@graph":[{"@type":"WebPage","@id":"https:\/\/wp.kristdemokraterna.se\/norrkoping\/om-oss\/var-politik\/","url":"https:\/\/wp.kristdemokraterna.se\/norrkoping\/om-oss\/var-politik\/","name":"V\u00e5r politik - Norrk\u00f6ping","isPartOf":{"@id":"https:\/\/wp.kristdemokraterna.se\/norrkoping\/#website"},"datePublished":"2013-05-20T12:36:01+00:00","dateModified":"2022-10-11T11:42:26+00:00","breadcrumb":{"@id":"https:\/\/wp.kristdemokraterna.se\/norrkoping\/om-oss\/var-politik\/#breadcrumb"},"inLanguage":"sv-SE","potentialAction":[{"@type":"ReadAction","target":["https:\/\/wp.kristdemokraterna.se\/norrkoping\/om-oss\/var-politik\/"]}]},{"@type":"BreadcrumbList","@id":"https:\/\/wp.kristdemokraterna.se\/norrkoping\/om-oss\/var-politik\/#breadcrumb","itemListElement":[{"@type":"ListItem","position":1,"name":"Hem","item":"https:\/\/wp.kristdemokraterna.se\/norrkoping\/"},{"@type":"ListItem","position":2,"name":"V\u00e5rt parti","item":"https:\/\/wp.kristdemokraterna.se\/norrkoping\/om-oss\/"},{"@type":"ListItem","position":3,"name":"V\u00e5r politik"}]},{"@type":"WebSite","@id":"https:\/\/wp.kristdemokraterna.se\/norrkoping\/#website","url":"https:\/\/wp.kristdemokraterna.se\/norrkoping\/","name":"Norrk\u00f6ping","description":"Kristdemokraterna","inLanguage":"sv-SE"}]}},"_links":{"self":[{"href":"https:\/\/wp.kristdemokraterna.se\/norrkoping\/wp-json\/wp\/v2\/pages\/437","targetHints":{"allow":["GET"]}}],"collection":[{"href":"https:\/\/wp.kristdemokraterna.se\/norrkoping\/wp-json\/wp\/v2\/pages"}],"about":[{"href":"https:\/\/wp.kristdemokraterna.se\/norrkoping\/wp-json\/wp\/v2\/types\/page"}],"author":[{"embeddable":true,"href":"https:\/\/wp.kristdemokraterna.se\/norrkoping\/wp-json\/wp\/v2\/users\/45"}],"replies":[{"embeddable":true,"href":"https:\/\/wp.kristdemokraterna.se\/norrkoping\/wp-json\/wp\/v2\/comments?post=437"}],"version-history":[{"count":5,"href":"https:\/\/wp.kristdemokraterna.se\/norrkoping\/wp-json\/wp\/v2\/pages\/437\/revisions"}],"predecessor-version":[{"id":2847,"href":"https:\/\/wp.kristdemokraterna.se\/norrkoping\/wp-json\/wp\/v2\/pages\/437\/revisions\/2847"}],"up":[{"embeddable":true,"href":"https:\/\/wp.kristdemokraterna.se\/norrkoping\/wp-json\/wp\/v2\/pages\/93"}],"wp:attachment":[{"href":"https:\/\/wp.kristdemokraterna.se\/norrkoping\/wp-json\/wp\/v2\/media?parent=437"}],"curies":[{"name":"wp","href":"https:\/\/api.w.org\/{rel}","templated":true}]}}