{"id":93,"date":"2012-10-08T10:14:40","date_gmt":"2012-10-08T08:14:40","guid":{"rendered":"http:\/\/wp.kristdemokraterna.se\/norrkoping\/?page_id=93"},"modified":"2025-04-01T10:04:20","modified_gmt":"2025-04-01T08:04:20","slug":"om-oss","status":"publish","type":"page","link":"https:\/\/wp.kristdemokraterna.se\/norrkoping\/om-oss\/","title":{"rendered":"V\u00e5rt parti"},"content":{"rendered":"<p>Kristdemokraterna i Norrk\u00f6ping arbetar f\u00f6r ett samh\u00e4lle d\u00e4r fler tar ansvar och bryr sig om varandra.<\/p>\n<p><strong>V\u00e5ra mest prioriterade omr\u00e5den \u00e4r<\/strong><br \/>\n<em>&#8211; barn och ungas uppv\u00e4xtvillkor<\/em><br \/>\n<em> &#8211; valfrihet och r\u00e4ttvisa f\u00f6r familjen<\/em><br \/>\n<em> &#8211; v\u00e4rdig v\u00e5rd och omsorg<\/em><br \/>\n<em> &#8211; ett blomstrande n\u00e4ringsliv.<\/em><\/p>\n<p>Vi s\u00e4tter barn och ungas uppv\u00e4xtvillkor i fokus f\u00f6r all politik och vill g\u00f6ra Sverige till v\u00e4rldens b\u00e4sta land att v\u00e4xa upp i. V\u00e5ra f\u00f6rslag k\u00e4nnetecknas av v\u00e5r syn p\u00e5 familjens betydelse, p\u00e5 det civila samh\u00e4llets roll och politikens gr\u00e4nser.<\/p>\n<p>V\u00e5rt partinamn ber\u00e4ttar vad vi st\u00e5r f\u00f6r \u2013 en demokrati byggd p\u00e5 kristen m\u00e4nniskosyn och v\u00e4rdegrund. En vanlig missuppfattning \u00e4r att man m\u00e5ste vara religi\u00f6st engagerad f\u00f6r att vara med. Det \u00e4r fel. Alla som delar v\u00e5ra id\u00e9er \u00e4r v\u00e4lkomna i partiet.<\/p>\n<p>P\u00e5 europeisk niv\u00e5 utg\u00f6r Kristdemokraterna en del av EPP &#8211; European People\u00b4s Party &#8211; en sammanslutning av kristdemokratiska partier i Europa.<\/p>\n<p>I Norrk\u00f6ping \u00e4r vi omkring 340 medlemmar. <a href=\"http:\/\/wp.kristdemokraterna.se\/norrkoping\/vara-politiker\/avdelningen\/\" target=\"_blank\" rel=\"noopener noreferrer\">H\u00e4r kan du l\u00e4sa mer om v\u00e5r partiavdelning.<\/a><\/p>\n","protected":false},"excerpt":{"rendered":"<p>Kristdemokraterna i Norrk\u00f6ping arbetar f\u00f6r ett samh\u00e4lle d\u00e4r fler tar ansvar och bryr sig om varandra. V\u00e5ra mest prioriterade omr\u00e5den \u00e4r &#8211; barn och ungas uppv\u00e4xtvillkor &#8211; valfrihet och r\u00e4ttvisa f\u00f6r familjen &#8211; v\u00e4rdig v\u00e5rd och omsorg &#8211; ett blomstrande n\u00e4ringsliv. Vi s\u00e4tter barn och ungas uppv\u00e4xtvillkor i fokus f\u00f6r all politik och vill g\u00f6ra <a class=\"read-more-link\" href=\"https:\/\/wp.kristdemokraterna.se\/norrkoping\/om-oss\/\">Read More<\/a><\/p>\n","protected":false},"author":45,"featured_media":0,"parent":0,"menu_order":3,"comment_status":"closed","ping_status":"closed","template":"","meta":{"_acf_changed":false,"footnotes":""},"class_list":["post-93","page","type-page","status-publish","hentry"],"acf":[],"yoast_head":"<!-- This site is optimized with the Yoast SEO plugin v27.3 - https:\/\/yoast.com\/product\/yoast-seo-wordpress\/ -->\n<title>V\u00e5rt parti - Norrk\u00f6ping<\/title>\n<meta name=\"robots\" content=\"index, follow, max-snippet:-1, max-image-preview:large, max-video-preview:-1\" \/>\n<link rel=\"canonical\" href=\"https:\/\/wp.kristdemokraterna.se\/norrkoping\/om-oss\/\" \/>\n<meta property=\"og:locale\" content=\"sv_SE\" \/>\n<meta property=\"og:type\" content=\"article\" \/>\n<meta property=\"og:title\" content=\"V\u00e5rt parti - Norrk\u00f6ping\" \/>\n<meta property=\"og:description\" content=\"Kristdemokraterna i Norrk\u00f6ping arbetar f\u00f6r ett samh\u00e4lle d\u00e4r fler tar ansvar och bryr sig om varandra. V\u00e5ra mest prioriterade omr\u00e5den \u00e4r &#8211; barn och ungas uppv\u00e4xtvillkor &#8211; valfrihet och r\u00e4ttvisa f\u00f6r familjen &#8211; v\u00e4rdig v\u00e5rd och omsorg &#8211; ett blomstrande n\u00e4ringsliv. Vi s\u00e4tter barn och ungas uppv\u00e4xtvillkor i fokus f\u00f6r all politik och vill g\u00f6ra Read More\" \/>\n<meta property=\"og:url\" content=\"https:\/\/wp.kristdemokraterna.se\/norrkoping\/om-oss\/\" \/>\n<meta property=\"og:site_name\" content=\"Norrk\u00f6ping\" \/>\n<meta property=\"article:publisher\" content=\"https:\/\/www.facebook.com\/kdnorrkoping\/\" \/>\n<meta property=\"article:modified_time\" content=\"2025-04-01T08:04:20+00:00\" \/>\n<meta name=\"twitter:card\" content=\"summary_large_image\" \/>\n<meta name=\"twitter:label1\" content=\"Ber\u00e4knad l\u00e4stid\" \/>\n\t<meta name=\"twitter:data1\" content=\"1 minut\" \/>\n<script type=\"application\/ld+json\" class=\"yoast-schema-graph\">{\"@context\":\"https:\\\/\\\/schema.org\",\"@graph\":[{\"@type\":\"WebPage\",\"@id\":\"https:\\\/\\\/wp.kristdemokraterna.se\\\/norrkoping\\\/om-oss\\\/\",\"url\":\"https:\\\/\\\/wp.kristdemokraterna.se\\\/norrkoping\\\/om-oss\\\/\",\"name\":\"V\u00e5rt parti - Norrk\u00f6ping\",\"isPartOf\":{\"@id\":\"https:\\\/\\\/wp.kristdemokraterna.se\\\/norrkoping\\\/#website\"},\"datePublished\":\"2012-10-08T08:14:40+00:00\",\"dateModified\":\"2025-04-01T08:04:20+00:00\",\"breadcrumb\":{\"@id\":\"https:\\\/\\\/wp.kristdemokraterna.se\\\/norrkoping\\\/om-oss\\\/#breadcrumb\"},\"inLanguage\":\"sv-SE\",\"potentialAction\":[{\"@type\":\"ReadAction\",\"target\":[\"https:\\\/\\\/wp.kristdemokraterna.se\\\/norrkoping\\\/om-oss\\\/\"]}]},{\"@type\":\"BreadcrumbList\",\"@id\":\"https:\\\/\\\/wp.kristdemokraterna.se\\\/norrkoping\\\/om-oss\\\/#breadcrumb\",\"itemListElement\":[{\"@type\":\"ListItem\",\"position\":1,\"name\":\"Hem\",\"item\":\"https:\\\/\\\/wp.kristdemokraterna.se\\\/norrkoping\\\/\"},{\"@type\":\"ListItem\",\"position\":2,\"name\":\"V\u00e5rt parti\"}]},{\"@type\":\"WebSite\",\"@id\":\"https:\\\/\\\/wp.kristdemokraterna.se\\\/norrkoping\\\/#website\",\"url\":\"https:\\\/\\\/wp.kristdemokraterna.se\\\/norrkoping\\\/\",\"name\":\"Norrk\u00f6ping\",\"description\":\"Kristdemokraterna\",\"inLanguage\":\"sv-SE\"}]}<\/script>\n<!-- \/ Yoast SEO plugin. -->","yoast_head_json":{"title":"V\u00e5rt parti - Norrk\u00f6ping","robots":{"index":"index","follow":"follow","max-snippet":"max-snippet:-1","max-image-preview":"max-image-preview:large","max-video-preview":"max-video-preview:-1"},"canonical":"https:\/\/wp.kristdemokraterna.se\/norrkoping\/om-oss\/","og_locale":"sv_SE","og_type":"article","og_title":"V\u00e5rt parti - Norrk\u00f6ping","og_description":"Kristdemokraterna i Norrk\u00f6ping arbetar f\u00f6r ett samh\u00e4lle d\u00e4r fler tar ansvar och bryr sig om varandra. V\u00e5ra mest prioriterade omr\u00e5den \u00e4r &#8211; barn och ungas uppv\u00e4xtvillkor &#8211; valfrihet och r\u00e4ttvisa f\u00f6r familjen &#8211; v\u00e4rdig v\u00e5rd och omsorg &#8211; ett blomstrande n\u00e4ringsliv. Vi s\u00e4tter barn och ungas uppv\u00e4xtvillkor i fokus f\u00f6r all politik och vill g\u00f6ra Read More","og_url":"https:\/\/wp.kristdemokraterna.se\/norrkoping\/om-oss\/","og_site_name":"Norrk\u00f6ping","article_publisher":"https:\/\/www.facebook.com\/kdnorrkoping\/","article_modified_time":"2025-04-01T08:04:20+00:00","twitter_card":"summary_large_image","twitter_misc":{"Ber\u00e4knad l\u00e4stid":"1 minut"},"schema":{"@context":"https:\/\/schema.org","@graph":[{"@type":"WebPage","@id":"https:\/\/wp.kristdemokraterna.se\/norrkoping\/om-oss\/","url":"https:\/\/wp.kristdemokraterna.se\/norrkoping\/om-oss\/","name":"V\u00e5rt parti - Norrk\u00f6ping","isPartOf":{"@id":"https:\/\/wp.kristdemokraterna.se\/norrkoping\/#website"},"datePublished":"2012-10-08T08:14:40+00:00","dateModified":"2025-04-01T08:04:20+00:00","breadcrumb":{"@id":"https:\/\/wp.kristdemokraterna.se\/norrkoping\/om-oss\/#breadcrumb"},"inLanguage":"sv-SE","potentialAction":[{"@type":"ReadAction","target":["https:\/\/wp.kristdemokraterna.se\/norrkoping\/om-oss\/"]}]},{"@type":"BreadcrumbList","@id":"https:\/\/wp.kristdemokraterna.se\/norrkoping\/om-oss\/#breadcrumb","itemListElement":[{"@type":"ListItem","position":1,"name":"Hem","item":"https:\/\/wp.kristdemokraterna.se\/norrkoping\/"},{"@type":"ListItem","position":2,"name":"V\u00e5rt parti"}]},{"@type":"WebSite","@id":"https:\/\/wp.kristdemokraterna.se\/norrkoping\/#website","url":"https:\/\/wp.kristdemokraterna.se\/norrkoping\/","name":"Norrk\u00f6ping","description":"Kristdemokraterna","inLanguage":"sv-SE"}]}},"_links":{"self":[{"href":"https:\/\/wp.kristdemokraterna.se\/norrkoping\/wp-json\/wp\/v2\/pages\/93","targetHints":{"allow":["GET"]}}],"collection":[{"href":"https:\/\/wp.kristdemokraterna.se\/norrkoping\/wp-json\/wp\/v2\/pages"}],"about":[{"href":"https:\/\/wp.kristdemokraterna.se\/norrkoping\/wp-json\/wp\/v2\/types\/page"}],"author":[{"embeddable":true,"href":"https:\/\/wp.kristdemokraterna.se\/norrkoping\/wp-json\/wp\/v2\/users\/45"}],"replies":[{"embeddable":true,"href":"https:\/\/wp.kristdemokraterna.se\/norrkoping\/wp-json\/wp\/v2\/comments?post=93"}],"version-history":[{"count":86,"href":"https:\/\/wp.kristdemokraterna.se\/norrkoping\/wp-json\/wp\/v2\/pages\/93\/revisions"}],"predecessor-version":[{"id":3030,"href":"https:\/\/wp.kristdemokraterna.se\/norrkoping\/wp-json\/wp\/v2\/pages\/93\/revisions\/3030"}],"wp:attachment":[{"href":"https:\/\/wp.kristdemokraterna.se\/norrkoping\/wp-json\/wp\/v2\/media?parent=93"}],"curies":[{"name":"wp","href":"https:\/\/api.w.org\/{rel}","templated":true}]}}