{"id":363,"date":"2017-12-04T16:11:27","date_gmt":"2017-12-04T15:11:27","guid":{"rendered":"http:\/\/wp.kristdemokraterna.se\/norrtalje\/?page_id=363"},"modified":"2024-02-29T13:20:43","modified_gmt":"2024-02-29T12:20:43","slug":"kontakta-oss-2","status":"publish","type":"page","link":"https:\/\/wp.kristdemokraterna.se\/norrtalje\/kontakta-oss-2\/","title":{"rendered":"Kontakta oss"},"content":{"rendered":"<h3>Varmt v\u00e4lkommen att inkomma med dina fr\u00e5gor och funderingar till oss.<\/h3>\n<p><b>Parti avdelningsordf\u00f6rande: <strong>Michael Sj\u00f6blom<\/strong><\/b><\/p>\n<p><b>Epost: norrtalje@kristdemokraterna.se<\/b><\/p>\n<h3><span style=\"font-size: 16px\">Politisk Sekreterare: Fredrik Palmgren<\/span><\/h3>\n<p><b>Telefonnummer: 076-6996158<\/b><\/p>\n<p><b>Epost: fredrik.palmgren@kristdemokraterna.se<\/b><\/p>\n<p>&nbsp;<\/p>\n<p><strong>Partiavdelningsstyrelsen<\/strong><\/p>\n<p><strong>Michael Sj\u00f6blom<\/strong><br \/>\nPartiavdelningsordf\u00f6rande<\/p>\n<p><a href=\"mailto:michael.sjoblom@kristdemokraterna.se\">michael.sjoblom@kristdemokraterna.se<\/a><\/p>\n<p><b>Annika Oleg\u00e5rd<\/b><br \/>\n1:e vice partiavdelningsordf\u00f6rande<\/p>\n<p><strong>Bengt Carlstr\u00f6m<\/strong><\/p>\n<p><a href=\"mailto:bengt.carlstrom@norrtalje.se\">bengt.carlstrom@norrtalje.se<\/a><\/p>\n<p>Partiavdelningsstyrelseledamot.<\/p>\n<p><strong>Thomas Imeryd<\/strong><br \/>\nPartiavdelningsstyrelseledamot.<\/p>\n<p><a href=\"mailto:thomas.imeryd@kristdemokraterna.se\">thomas.imeryd@kristdemokraterna.se<\/a><\/p>\n<p>Telefon: 076-0224669<\/p>\n<p><strong>Merve baz<\/strong><br \/>\nPartiavdelningsstyrelseledamot<\/p>\n<p><b>Fredrik Palmgren<\/b><\/p>\n<p>Partiavdelningsstyrelseledamot, kass\u00f6r, Politisk sekreterare<\/p>\n<p><a href=\"mailto:fredrik.palmgren@kristdemokraterna.se\">fredrik.palmgren@kristdemokraterna.se<\/a><\/p>\n<p>Tfn.076-6996158<\/p>\n<p><strong>Bertram Schmiterl\u00f6w<\/strong><br \/>\nPartiavdelningsstyrelseledamot.<\/p>\n<p><strong>Ulrika Tiegerhielm<\/strong><br \/>\nPartiavdelningsstyrelseledamot, sekreterare<\/p>\n<p><strong>Susanne Magnusson<\/strong><br \/>\nPartiavdelningsstyrelseledamot<\/p>\n<p><strong>Lars Eriksson\u00a0<\/strong><br \/>\nPartiavdelningsstyrelseledamot, ers\u00e4ttare<\/p>\n<p><strong>Mats Aitman<\/strong><br \/>\nPartiavdelningsstyrelseledamot, ers\u00e4ttare<\/p>\n<p><strong>Pontus \u00d6sterberg<\/strong><\/p>\n<p>Partiavdelningsstyrelseledamot, ers\u00e4ttare<\/p>\n<p><strong>Emma Del Monte Lijon<\/strong><\/p>\n<p>Partiavdelningsstyrelseledamot, ers\u00e4ttare<\/p>\n","protected":false},"excerpt":{"rendered":"<p>Varmt v\u00e4lkommen att inkomma med dina fr\u00e5gor och funderingar till oss. Parti avdelningsordf\u00f6rande: Michael Sj\u00f6blom Epost: norrtalje@kristdemokraterna.se Politisk Sekreterare: Fredrik Palmgren Telefonnummer: 076-6996158 Epost: fredrik.palmgren@kristdemokraterna.se &nbsp; Partiavdelningsstyrelsen Michael Sj\u00f6blom Partiavdelningsordf\u00f6rande michael.sjoblom@kristdemokraterna.se Annika Oleg\u00e5rd 1:e vice partiavdelningsordf\u00f6rande Bengt Carlstr\u00f6m bengt.carlstrom@norrtalje.se Partiavdelningsstyrelseledamot. Thomas Imeryd Partiavdelningsstyrelseledamot. thomas.imeryd@kristdemokraterna.se Telefon: 076-0224669 Merve baz Partiavdelningsstyrelseledamot Fredrik Palmgren Partiavdelningsstyrelseledamot, kass\u00f6r, Politisk sekreterare <a class=\"read-more-link\" href=\"https:\/\/wp.kristdemokraterna.se\/norrtalje\/kontakta-oss-2\/\">L\u00e4s mer<\/a><\/p>\n","protected":false},"author":400,"featured_media":0,"parent":0,"menu_order":0,"comment_status":"closed","ping_status":"closed","template":"page.php","meta":{"_acf_changed":false,"footnotes":""},"class_list":["post-363","page","type-page","status-publish","hentry"],"acf":[],"yoast_head":"<!-- This site is optimized with the Yoast SEO plugin v27.3 - https:\/\/yoast.com\/product\/yoast-seo-wordpress\/ -->\n<title>Kontakta oss - Kristdemokraterna | Norrt\u00e4lje<\/title>\n<meta name=\"robots\" content=\"index, follow, max-snippet:-1, max-image-preview:large, max-video-preview:-1\" \/>\n<link rel=\"canonical\" href=\"https:\/\/wp.kristdemokraterna.se\/norrtalje\/kontakta-oss-2\/\" \/>\n<meta property=\"og:locale\" content=\"sv_SE\" \/>\n<meta property=\"og:type\" content=\"article\" \/>\n<meta property=\"og:title\" content=\"Kontakta oss - Kristdemokraterna | Norrt\u00e4lje\" \/>\n<meta property=\"og:description\" content=\"Varmt v\u00e4lkommen att inkomma med dina fr\u00e5gor och funderingar till oss. Parti avdelningsordf\u00f6rande: Michael Sj\u00f6blom Epost: norrtalje@kristdemokraterna.se Politisk Sekreterare: Fredrik Palmgren Telefonnummer: 076-6996158 Epost: fredrik.palmgren@kristdemokraterna.se &nbsp; Partiavdelningsstyrelsen Michael Sj\u00f6blom Partiavdelningsordf\u00f6rande michael.sjoblom@kristdemokraterna.se Annika Oleg\u00e5rd 1:e vice partiavdelningsordf\u00f6rande Bengt Carlstr\u00f6m bengt.carlstrom@norrtalje.se Partiavdelningsstyrelseledamot. Thomas Imeryd Partiavdelningsstyrelseledamot. thomas.imeryd@kristdemokraterna.se Telefon: 076-0224669 Merve baz Partiavdelningsstyrelseledamot Fredrik Palmgren Partiavdelningsstyrelseledamot, kass\u00f6r, Politisk sekreterare L\u00e4s mer\" \/>\n<meta property=\"og:url\" content=\"https:\/\/wp.kristdemokraterna.se\/norrtalje\/kontakta-oss-2\/\" \/>\n<meta property=\"og:site_name\" content=\"Kristdemokraterna | Norrt\u00e4lje\" \/>\n<meta property=\"article:publisher\" content=\"https:\/\/www.facebook.com\/kdnorrtalje\" \/>\n<meta property=\"article:modified_time\" content=\"2024-02-29T12:20:43+00:00\" \/>\n<meta name=\"twitter:card\" content=\"summary_large_image\" \/>\n<meta name=\"twitter:label1\" content=\"Ber\u00e4knad l\u00e4stid\" \/>\n\t<meta name=\"twitter:data1\" content=\"1 minut\" \/>\n<script type=\"application\/ld+json\" class=\"yoast-schema-graph\">{\"@context\":\"https:\\\/\\\/schema.org\",\"@graph\":[{\"@type\":\"WebPage\",\"@id\":\"https:\\\/\\\/wp.kristdemokraterna.se\\\/norrtalje\\\/kontakta-oss-2\\\/\",\"url\":\"https:\\\/\\\/wp.kristdemokraterna.se\\\/norrtalje\\\/kontakta-oss-2\\\/\",\"name\":\"Kontakta oss - Kristdemokraterna | Norrt\u00e4lje\",\"isPartOf\":{\"@id\":\"https:\\\/\\\/wp.kristdemokraterna.se\\\/norrtalje\\\/#website\"},\"datePublished\":\"2017-12-04T15:11:27+00:00\",\"dateModified\":\"2024-02-29T12:20:43+00:00\",\"breadcrumb\":{\"@id\":\"https:\\\/\\\/wp.kristdemokraterna.se\\\/norrtalje\\\/kontakta-oss-2\\\/#breadcrumb\"},\"inLanguage\":\"sv-SE\",\"potentialAction\":[{\"@type\":\"ReadAction\",\"target\":[\"https:\\\/\\\/wp.kristdemokraterna.se\\\/norrtalje\\\/kontakta-oss-2\\\/\"]}]},{\"@type\":\"BreadcrumbList\",\"@id\":\"https:\\\/\\\/wp.kristdemokraterna.se\\\/norrtalje\\\/kontakta-oss-2\\\/#breadcrumb\",\"itemListElement\":[{\"@type\":\"ListItem\",\"position\":1,\"name\":\"Hem\",\"item\":\"https:\\\/\\\/wp.kristdemokraterna.se\\\/norrtalje\\\/\"},{\"@type\":\"ListItem\",\"position\":2,\"name\":\"Kontakta oss\"}]},{\"@type\":\"WebSite\",\"@id\":\"https:\\\/\\\/wp.kristdemokraterna.se\\\/norrtalje\\\/#website\",\"url\":\"https:\\\/\\\/wp.kristdemokraterna.se\\\/norrtalje\\\/\",\"name\":\"Kristdemokraterna | Norrt\u00e4lje\",\"description\":\"V\u00e4lkommen till Kristdemokraterna Norrt\u00e4lje\",\"inLanguage\":\"sv-SE\"}]}<\/script>\n<!-- \/ Yoast SEO plugin. -->","yoast_head_json":{"title":"Kontakta oss - Kristdemokraterna | Norrt\u00e4lje","robots":{"index":"index","follow":"follow","max-snippet":"max-snippet:-1","max-image-preview":"max-image-preview:large","max-video-preview":"max-video-preview:-1"},"canonical":"https:\/\/wp.kristdemokraterna.se\/norrtalje\/kontakta-oss-2\/","og_locale":"sv_SE","og_type":"article","og_title":"Kontakta oss - Kristdemokraterna | Norrt\u00e4lje","og_description":"Varmt v\u00e4lkommen att inkomma med dina fr\u00e5gor och funderingar till oss. Parti avdelningsordf\u00f6rande: Michael Sj\u00f6blom Epost: norrtalje@kristdemokraterna.se Politisk Sekreterare: Fredrik Palmgren Telefonnummer: 076-6996158 Epost: fredrik.palmgren@kristdemokraterna.se &nbsp; Partiavdelningsstyrelsen Michael Sj\u00f6blom Partiavdelningsordf\u00f6rande michael.sjoblom@kristdemokraterna.se Annika Oleg\u00e5rd 1:e vice partiavdelningsordf\u00f6rande Bengt Carlstr\u00f6m bengt.carlstrom@norrtalje.se Partiavdelningsstyrelseledamot. Thomas Imeryd Partiavdelningsstyrelseledamot. thomas.imeryd@kristdemokraterna.se Telefon: 076-0224669 Merve baz Partiavdelningsstyrelseledamot Fredrik Palmgren Partiavdelningsstyrelseledamot, kass\u00f6r, Politisk sekreterare L\u00e4s mer","og_url":"https:\/\/wp.kristdemokraterna.se\/norrtalje\/kontakta-oss-2\/","og_site_name":"Kristdemokraterna | Norrt\u00e4lje","article_publisher":"https:\/\/www.facebook.com\/kdnorrtalje","article_modified_time":"2024-02-29T12:20:43+00:00","twitter_card":"summary_large_image","twitter_misc":{"Ber\u00e4knad l\u00e4stid":"1 minut"},"schema":{"@context":"https:\/\/schema.org","@graph":[{"@type":"WebPage","@id":"https:\/\/wp.kristdemokraterna.se\/norrtalje\/kontakta-oss-2\/","url":"https:\/\/wp.kristdemokraterna.se\/norrtalje\/kontakta-oss-2\/","name":"Kontakta oss - Kristdemokraterna | Norrt\u00e4lje","isPartOf":{"@id":"https:\/\/wp.kristdemokraterna.se\/norrtalje\/#website"},"datePublished":"2017-12-04T15:11:27+00:00","dateModified":"2024-02-29T12:20:43+00:00","breadcrumb":{"@id":"https:\/\/wp.kristdemokraterna.se\/norrtalje\/kontakta-oss-2\/#breadcrumb"},"inLanguage":"sv-SE","potentialAction":[{"@type":"ReadAction","target":["https:\/\/wp.kristdemokraterna.se\/norrtalje\/kontakta-oss-2\/"]}]},{"@type":"BreadcrumbList","@id":"https:\/\/wp.kristdemokraterna.se\/norrtalje\/kontakta-oss-2\/#breadcrumb","itemListElement":[{"@type":"ListItem","position":1,"name":"Hem","item":"https:\/\/wp.kristdemokraterna.se\/norrtalje\/"},{"@type":"ListItem","position":2,"name":"Kontakta oss"}]},{"@type":"WebSite","@id":"https:\/\/wp.kristdemokraterna.se\/norrtalje\/#website","url":"https:\/\/wp.kristdemokraterna.se\/norrtalje\/","name":"Kristdemokraterna | Norrt\u00e4lje","description":"V\u00e4lkommen till Kristdemokraterna Norrt\u00e4lje","inLanguage":"sv-SE"}]}},"_links":{"self":[{"href":"https:\/\/wp.kristdemokraterna.se\/norrtalje\/wp-json\/wp\/v2\/pages\/363","targetHints":{"allow":["GET"]}}],"collection":[{"href":"https:\/\/wp.kristdemokraterna.se\/norrtalje\/wp-json\/wp\/v2\/pages"}],"about":[{"href":"https:\/\/wp.kristdemokraterna.se\/norrtalje\/wp-json\/wp\/v2\/types\/page"}],"author":[{"embeddable":true,"href":"https:\/\/wp.kristdemokraterna.se\/norrtalje\/wp-json\/wp\/v2\/users\/400"}],"replies":[{"embeddable":true,"href":"https:\/\/wp.kristdemokraterna.se\/norrtalje\/wp-json\/wp\/v2\/comments?post=363"}],"version-history":[{"count":18,"href":"https:\/\/wp.kristdemokraterna.se\/norrtalje\/wp-json\/wp\/v2\/pages\/363\/revisions"}],"predecessor-version":[{"id":803,"href":"https:\/\/wp.kristdemokraterna.se\/norrtalje\/wp-json\/wp\/v2\/pages\/363\/revisions\/803"}],"wp:attachment":[{"href":"https:\/\/wp.kristdemokraterna.se\/norrtalje\/wp-json\/wp\/v2\/media?parent=363"}],"curies":[{"name":"wp","href":"https:\/\/api.w.org\/{rel}","templated":true}]}}