{"id":175,"date":"2018-03-20T20:45:59","date_gmt":"2018-03-20T19:45:59","guid":{"rendered":"http:\/\/wp.kristdemokraterna.se\/nybro\/?page_id=175"},"modified":"2026-02-24T17:17:18","modified_gmt":"2026-02-24T16:17:18","slug":"startsida","status":"publish","type":"page","link":"https:\/\/wp.kristdemokraterna.se\/nybro\/","title":{"rendered":"Startsida"},"content":{"rendered":"<p><strong>V\u00e5rt\u00a0m\u00e5l \u00e4r ett samh\u00e4lle d\u00e4r friheten att forma sitt eget liv g\u00e5r hand i hand med ansvaret f\u00f6r sin medm\u00e4nniska. Vi vill bygga ett samh\u00e4lle som h\u00e5ller samman. Ingen ska h\u00e5llas tillbaka och ingen ska l\u00e4mnas efter.<\/strong><\/p>\n","protected":false},"excerpt":{"rendered":"<p>V\u00e5rt\u00a0m\u00e5l \u00e4r ett samh\u00e4lle d\u00e4r friheten att forma sitt eget liv g\u00e5r hand i hand med ansvaret f\u00f6r sin medm\u00e4nniska. Vi vill bygga ett samh\u00e4lle som h\u00e5ller samman. Ingen ska h\u00e5llas tillbaka och ingen ska l\u00e4mnas efter.<\/p>\n","protected":false},"author":437,"featured_media":0,"parent":0,"menu_order":0,"comment_status":"closed","ping_status":"closed","template":"index.php","meta":{"_acf_changed":false,"footnotes":""},"class_list":["post-175","page","type-page","status-publish","hentry"],"acf":[],"yoast_head":"<!-- This site is optimized with the Yoast SEO plugin v27.4 - https:\/\/yoast.com\/product\/yoast-seo-wordpress\/ -->\n<title>Startsida - Kristdemokraterna i Nybro<\/title>\n<meta name=\"robots\" content=\"noindex, follow, max-snippet:-1, max-image-preview:large, max-video-preview:-1\" \/>\n<meta property=\"og:locale\" content=\"sv_SE\" \/>\n<meta property=\"og:type\" content=\"article\" \/>\n<meta property=\"og:title\" content=\"Startsida - Kristdemokraterna i Nybro\" \/>\n<meta property=\"og:description\" content=\"V\u00e5rt\u00a0m\u00e5l \u00e4r ett samh\u00e4lle d\u00e4r friheten att forma sitt eget liv g\u00e5r hand i hand med ansvaret f\u00f6r sin medm\u00e4nniska. Vi vill bygga ett samh\u00e4lle som h\u00e5ller samman. Ingen ska h\u00e5llas tillbaka och ingen ska l\u00e4mnas efter.\" \/>\n<meta property=\"og:url\" content=\"https:\/\/wp.kristdemokraterna.se\/nybro\/\" \/>\n<meta property=\"og:site_name\" content=\"Kristdemokraterna i Nybro\" \/>\n<meta property=\"article:modified_time\" content=\"2026-02-24T16:17:18+00:00\" \/>\n<meta name=\"twitter:card\" content=\"summary_large_image\" \/>\n<meta name=\"twitter:label1\" content=\"Ber\u00e4knad l\u00e4stid\" \/>\n\t<meta name=\"twitter:data1\" content=\"1 minut\" \/>\n<script type=\"application\/ld+json\" class=\"yoast-schema-graph\">{\"@context\":\"https:\\\/\\\/schema.org\",\"@graph\":[{\"@type\":\"WebPage\",\"@id\":\"https:\\\/\\\/wp.kristdemokraterna.se\\\/nybro\\\/\",\"url\":\"https:\\\/\\\/wp.kristdemokraterna.se\\\/nybro\\\/\",\"name\":\"Startsida - Kristdemokraterna i Nybro\",\"isPartOf\":{\"@id\":\"https:\\\/\\\/wp.kristdemokraterna.se\\\/nybro\\\/#website\"},\"datePublished\":\"2018-03-20T19:45:59+00:00\",\"dateModified\":\"2026-02-24T16:17:18+00:00\",\"breadcrumb\":{\"@id\":\"https:\\\/\\\/wp.kristdemokraterna.se\\\/nybro\\\/#breadcrumb\"},\"inLanguage\":\"sv-SE\",\"potentialAction\":[{\"@type\":\"ReadAction\",\"target\":[\"https:\\\/\\\/wp.kristdemokraterna.se\\\/nybro\\\/\"]}]},{\"@type\":\"BreadcrumbList\",\"@id\":\"https:\\\/\\\/wp.kristdemokraterna.se\\\/nybro\\\/#breadcrumb\",\"itemListElement\":[{\"@type\":\"ListItem\",\"position\":1,\"name\":\"Hem\",\"item\":\"https:\\\/\\\/wp.kristdemokraterna.se\\\/nybro\\\/\"},{\"@type\":\"ListItem\",\"position\":2,\"name\":\"Startsida\"}]},{\"@type\":\"WebSite\",\"@id\":\"https:\\\/\\\/wp.kristdemokraterna.se\\\/nybro\\\/#website\",\"url\":\"https:\\\/\\\/wp.kristdemokraterna.se\\\/nybro\\\/\",\"name\":\"Kristdemokraterna i Nybro\",\"description\":\"En till Kristdemokraterna webbplats\",\"inLanguage\":\"sv-SE\"}]}<\/script>\n<!-- \/ Yoast SEO plugin. -->","yoast_head_json":{"title":"Startsida - Kristdemokraterna i Nybro","robots":{"index":"noindex","follow":"follow","max-snippet":"max-snippet:-1","max-image-preview":"max-image-preview:large","max-video-preview":"max-video-preview:-1"},"og_locale":"sv_SE","og_type":"article","og_title":"Startsida - Kristdemokraterna i Nybro","og_description":"V\u00e5rt\u00a0m\u00e5l \u00e4r ett samh\u00e4lle d\u00e4r friheten att forma sitt eget liv g\u00e5r hand i hand med ansvaret f\u00f6r sin medm\u00e4nniska. Vi vill bygga ett samh\u00e4lle som h\u00e5ller samman. Ingen ska h\u00e5llas tillbaka och ingen ska l\u00e4mnas efter.","og_url":"https:\/\/wp.kristdemokraterna.se\/nybro\/","og_site_name":"Kristdemokraterna i Nybro","article_modified_time":"2026-02-24T16:17:18+00:00","twitter_card":"summary_large_image","twitter_misc":{"Ber\u00e4knad l\u00e4stid":"1 minut"},"schema":{"@context":"https:\/\/schema.org","@graph":[{"@type":"WebPage","@id":"https:\/\/wp.kristdemokraterna.se\/nybro\/","url":"https:\/\/wp.kristdemokraterna.se\/nybro\/","name":"Startsida - Kristdemokraterna i Nybro","isPartOf":{"@id":"https:\/\/wp.kristdemokraterna.se\/nybro\/#website"},"datePublished":"2018-03-20T19:45:59+00:00","dateModified":"2026-02-24T16:17:18+00:00","breadcrumb":{"@id":"https:\/\/wp.kristdemokraterna.se\/nybro\/#breadcrumb"},"inLanguage":"sv-SE","potentialAction":[{"@type":"ReadAction","target":["https:\/\/wp.kristdemokraterna.se\/nybro\/"]}]},{"@type":"BreadcrumbList","@id":"https:\/\/wp.kristdemokraterna.se\/nybro\/#breadcrumb","itemListElement":[{"@type":"ListItem","position":1,"name":"Hem","item":"https:\/\/wp.kristdemokraterna.se\/nybro\/"},{"@type":"ListItem","position":2,"name":"Startsida"}]},{"@type":"WebSite","@id":"https:\/\/wp.kristdemokraterna.se\/nybro\/#website","url":"https:\/\/wp.kristdemokraterna.se\/nybro\/","name":"Kristdemokraterna i Nybro","description":"En till Kristdemokraterna webbplats","inLanguage":"sv-SE"}]}},"_links":{"self":[{"href":"https:\/\/wp.kristdemokraterna.se\/nybro\/wp-json\/wp\/v2\/pages\/175","targetHints":{"allow":["GET"]}}],"collection":[{"href":"https:\/\/wp.kristdemokraterna.se\/nybro\/wp-json\/wp\/v2\/pages"}],"about":[{"href":"https:\/\/wp.kristdemokraterna.se\/nybro\/wp-json\/wp\/v2\/types\/page"}],"author":[{"embeddable":true,"href":"https:\/\/wp.kristdemokraterna.se\/nybro\/wp-json\/wp\/v2\/users\/437"}],"replies":[{"embeddable":true,"href":"https:\/\/wp.kristdemokraterna.se\/nybro\/wp-json\/wp\/v2\/comments?post=175"}],"version-history":[{"count":38,"href":"https:\/\/wp.kristdemokraterna.se\/nybro\/wp-json\/wp\/v2\/pages\/175\/revisions"}],"predecessor-version":[{"id":319,"href":"https:\/\/wp.kristdemokraterna.se\/nybro\/wp-json\/wp\/v2\/pages\/175\/revisions\/319"}],"wp:attachment":[{"href":"https:\/\/wp.kristdemokraterna.se\/nybro\/wp-json\/wp\/v2\/media?parent=175"}],"curies":[{"name":"wp","href":"https:\/\/api.w.org\/{rel}","templated":true}]}}