{"id":196,"date":"2018-06-12T13:45:59","date_gmt":"2018-06-12T11:45:59","guid":{"rendered":"http:\/\/wp.kristdemokraterna.se\/nybro\/?page_id=196"},"modified":"2024-03-17T17:05:46","modified_gmt":"2024-03-17T16:05:46","slug":"kontakta-oss","status":"publish","type":"page","link":"https:\/\/wp.kristdemokraterna.se\/nybro\/kontakta-oss-2\/kontakta-oss\/","title":{"rendered":"F\u00f6rtroendevalda"},"content":{"rendered":"<div class=\"pol_sort_id_14 pol_sort_id_20 pol_sort_id_23 pol_sort_id_15 pol_sort_id_108 pol_sort_id_123 pol_sort_id_13 pol_sort_id_29 pol_sort_id_p_53\" data-order=\"75\">\n<h3>Stefan Lagesson<\/h3>\n<p><span class=\"pol_sort_id_14\" data-order=\"46\">Ledamot \u2192 Kommunstyrelsen<br \/>\n<\/span><span class=\"pol_sort_id_20\" data-order=\"47\">Ers\u00e4ttare \u2192 Nybro Kommunbolag AB<br \/>\n<\/span><span class=\"pol_sort_id_23\" data-order=\"142\">Andre vice ordf\u00f6rande \u2192 Budgetberedningen<br \/>\n<\/span><span class=\"pol_sort_id_15\" data-order=\"142\">Andre vice ordf\u00f6rande \u2192 Kommunstyrelsens arbetsutskott<br \/>\n<\/span><span class=\"pol_sort_id_108\" data-order=\"142\">Andre vice ordf\u00f6rande \u2192 Krisledningsn\u00e4mnden<br \/>\n<\/span><span class=\"pol_sort_id_123\" data-order=\"45\">Vice ordf\u00f6rande \u2192 Sinia i Nybro AB<br \/>\n<\/span><span class=\"pol_sort_id_13\" data-order=\"46\">Ledamot \u2192 Kommunfullm\u00e4ktige<br \/>\n<\/span><span class=\"pol_sort_id_29\" data-order=\"46\">Ledamot \u2192 Omsorgsn\u00e4mnden<\/span><br \/>\n<strong>E-post:<\/strong> <a href=\"mailto:Stefan.Lagesson@public.nybro.se\">Stefan.Lagesson@public.nybro.se<\/a><\/p>\n<div class=\"pol_sort_id_22 pol_sort_id_19 pol_sort_id_13 pol_sort_id_81 pol_sort_id_25 pol_sort_id_p_53\" data-order=\"29\">\n<h3>Michael Ericson<\/h3>\n<p><span class=\"pol_sort_id_22\" data-order=\"45\">Vice ordf\u00f6rande \u2192 AB Nybro Brunn<br \/>\n<\/span><span class=\"pol_sort_id_19\" data-order=\"45\">Vice ordf\u00f6rande \u2192 Nybro Bostads AB<br \/>\n<\/span><span class=\"pol_sort_id_13\" data-order=\"47\">Ers\u00e4ttare \u2192 Kommunfullm\u00e4ktige<br \/>\n<\/span><span class=\"pol_sort_id_81\" data-order=\"46\">Ledamot \u2192 Samh\u00e4llsbyggnadsn\u00e4mnden<br \/>\n<\/span><span class=\"pol_sort_id_25\" data-order=\"47\">Ers\u00e4ttare \u2192 Funktionshinderr\u00e5det<\/span><br \/>\n<strong>E-post:<\/strong> <a href=\"mailto:Michael.Ericson@public.nybro.se\">Michael.Ericson@public.nybro.se<\/a><\/p>\n<div class=\"pol_sort_id_75 pol_sort_id_13 pol_sort_id_p_53\" data-order=\"64\">\n<h3>Emma Kahnt<\/h3>\n<p><span class=\"pol_sort_id_75\" data-order=\"47\">Ers\u00e4ttare \u2192 L\u00e4randen\u00e4mnden<br \/>\n<\/span><span class=\"pol_sort_id_13\" data-order=\"47\">Ers\u00e4ttare \u2192 Kommunfullm\u00e4ktige<br \/>\n<\/span><span class=\"pol_sort_id_29\" data-order=\"47\">Ers\u00e4ttare \u2192 Omsorgsn\u00e4mnden<\/span><br \/>\n<strong>E-post:<\/strong> <a href=\"mailto:Emma.Kahnt@public.nybro.se\">Emma.Kahnt@public.nybro.se<\/a><\/p>\n<div class=\"pol_sort_id_26 pol_sort_id_33 pol_sort_id_p_53\" data-order=\"67\">\n<h3>Lisbeth Karlsson<\/h3>\n<p><span class=\"pol_sort_id_26\" data-order=\"46\">Ledamot \u2192 Individ- och familjen\u00e4mnden<br \/>\n<\/span><span class=\"pol_sort_id_33\" data-order=\"46\">Ledamot \u2192 \u00d6verf\u00f6rmyndarn\u00e4mnden<\/span><br \/>\n<strong>E-post:<\/strong> <a href=\"mailto:Lisbeth.Karlsson@public.nybro.se\">Lisbeth.Karlsson@public.nybro.se<\/a><\/p>\n<div class=\"pol_sort_id_17 pol_sort_id_32 pol_sort_id_14 pol_sort_id_p_53\" data-order=\"104\">\n<h3>Anders Petersson<\/h3>\n<p><span class=\"pol_sort_id_17\" data-order=\"45\">Vice ordf\u00f6rande \u2192 Kulturn\u00e4mnden<br \/>\n<\/span><span class=\"pol_sort_id_32\" data-order=\"46\">Ledamot \u2192 Valn\u00e4mnden<br \/>\n<\/span><span class=\"pol_sort_id_14\" data-order=\"47\">Ers\u00e4ttare \u2192 Kommunstyrelsen<\/span><br \/>\n<strong>E-post:<\/strong> <a href=\"mailto:anders.g.petersson@public.nybro.se\">anders.g.petersson@public.nybro.se<\/a><\/p>\n<\/div>\n<\/div>\n<\/div>\n<\/div>\n<\/div>\n<p>&nbsp;<\/p>\n","protected":false},"excerpt":{"rendered":"<p>Stefan Lagesson Ledamot \u2192 Kommunstyrelsen Ers\u00e4ttare \u2192 Nybro Kommunbolag AB Andre vice ordf\u00f6rande \u2192 Budgetberedningen Andre vice ordf\u00f6rande \u2192 Kommunstyrelsens arbetsutskott Andre vice ordf\u00f6rande \u2192 Krisledningsn\u00e4mnden Vice ordf\u00f6rande \u2192 Sinia i Nybro AB Ledamot \u2192 Kommunfullm\u00e4ktige Ledamot \u2192 Omsorgsn\u00e4mnden E-post: Stefan.Lagesson@public.nybro.se Michael Ericson Vice ordf\u00f6rande \u2192 AB Nybro Brunn Vice ordf\u00f6rande \u2192 Nybro Bostads AB <a class=\"read-more-link\" href=\"https:\/\/wp.kristdemokraterna.se\/nybro\/kontakta-oss-2\/kontakta-oss\/\">Read More<\/a><\/p>\n","protected":false},"author":444,"featured_media":0,"parent":201,"menu_order":0,"comment_status":"closed","ping_status":"closed","template":"","meta":{"_acf_changed":false,"footnotes":""},"class_list":["post-196","page","type-page","status-publish","hentry"],"acf":[],"yoast_head":"<!-- This site is optimized with the Yoast SEO plugin v27.4 - https:\/\/yoast.com\/product\/yoast-seo-wordpress\/ -->\n<title>F\u00f6rtroendevalda - Kristdemokraterna i Nybro<\/title>\n<meta name=\"robots\" content=\"noindex, follow, max-snippet:-1, max-image-preview:large, max-video-preview:-1\" \/>\n<meta property=\"og:locale\" content=\"sv_SE\" \/>\n<meta property=\"og:type\" content=\"article\" \/>\n<meta property=\"og:title\" content=\"F\u00f6rtroendevalda - Kristdemokraterna i Nybro\" \/>\n<meta property=\"og:description\" content=\"Stefan Lagesson Ledamot \u2192 Kommunstyrelsen Ers\u00e4ttare \u2192 Nybro Kommunbolag AB Andre vice ordf\u00f6rande \u2192 Budgetberedningen Andre vice ordf\u00f6rande \u2192 Kommunstyrelsens arbetsutskott Andre vice ordf\u00f6rande \u2192 Krisledningsn\u00e4mnden Vice ordf\u00f6rande \u2192 Sinia i Nybro AB Ledamot \u2192 Kommunfullm\u00e4ktige Ledamot \u2192 Omsorgsn\u00e4mnden E-post: Stefan.Lagesson@public.nybro.se Michael Ericson Vice ordf\u00f6rande \u2192 AB Nybro Brunn Vice ordf\u00f6rande \u2192 Nybro Bostads AB Read More\" \/>\n<meta property=\"og:url\" content=\"https:\/\/wp.kristdemokraterna.se\/nybro\/kontakta-oss-2\/kontakta-oss\/\" \/>\n<meta property=\"og:site_name\" content=\"Kristdemokraterna i Nybro\" \/>\n<meta property=\"article:modified_time\" content=\"2024-03-17T16:05:46+00:00\" \/>\n<meta name=\"twitter:card\" content=\"summary_large_image\" \/>\n<meta name=\"twitter:label1\" content=\"Ber\u00e4knad l\u00e4stid\" \/>\n\t<meta name=\"twitter:data1\" content=\"1 minut\" \/>\n<script type=\"application\/ld+json\" class=\"yoast-schema-graph\">{\"@context\":\"https:\\\/\\\/schema.org\",\"@graph\":[{\"@type\":\"WebPage\",\"@id\":\"https:\\\/\\\/wp.kristdemokraterna.se\\\/nybro\\\/kontakta-oss-2\\\/kontakta-oss\\\/\",\"url\":\"https:\\\/\\\/wp.kristdemokraterna.se\\\/nybro\\\/kontakta-oss-2\\\/kontakta-oss\\\/\",\"name\":\"F\u00f6rtroendevalda - Kristdemokraterna i Nybro\",\"isPartOf\":{\"@id\":\"https:\\\/\\\/wp.kristdemokraterna.se\\\/nybro\\\/#website\"},\"datePublished\":\"2018-06-12T11:45:59+00:00\",\"dateModified\":\"2024-03-17T16:05:46+00:00\",\"breadcrumb\":{\"@id\":\"https:\\\/\\\/wp.kristdemokraterna.se\\\/nybro\\\/kontakta-oss-2\\\/kontakta-oss\\\/#breadcrumb\"},\"inLanguage\":\"sv-SE\",\"potentialAction\":[{\"@type\":\"ReadAction\",\"target\":[\"https:\\\/\\\/wp.kristdemokraterna.se\\\/nybro\\\/kontakta-oss-2\\\/kontakta-oss\\\/\"]}]},{\"@type\":\"BreadcrumbList\",\"@id\":\"https:\\\/\\\/wp.kristdemokraterna.se\\\/nybro\\\/kontakta-oss-2\\\/kontakta-oss\\\/#breadcrumb\",\"itemListElement\":[{\"@type\":\"ListItem\",\"position\":1,\"name\":\"Hem\",\"item\":\"https:\\\/\\\/wp.kristdemokraterna.se\\\/nybro\\\/\"},{\"@type\":\"ListItem\",\"position\":2,\"name\":\"Kontakta oss\",\"item\":\"https:\\\/\\\/wp.kristdemokraterna.se\\\/nybro\\\/kontakta-oss-2\\\/\"},{\"@type\":\"ListItem\",\"position\":3,\"name\":\"F\u00f6rtroendevalda\"}]},{\"@type\":\"WebSite\",\"@id\":\"https:\\\/\\\/wp.kristdemokraterna.se\\\/nybro\\\/#website\",\"url\":\"https:\\\/\\\/wp.kristdemokraterna.se\\\/nybro\\\/\",\"name\":\"Kristdemokraterna i Nybro\",\"description\":\"En till Kristdemokraterna webbplats\",\"inLanguage\":\"sv-SE\"}]}<\/script>\n<!-- \/ Yoast SEO plugin. -->","yoast_head_json":{"title":"F\u00f6rtroendevalda - Kristdemokraterna i Nybro","robots":{"index":"noindex","follow":"follow","max-snippet":"max-snippet:-1","max-image-preview":"max-image-preview:large","max-video-preview":"max-video-preview:-1"},"og_locale":"sv_SE","og_type":"article","og_title":"F\u00f6rtroendevalda - Kristdemokraterna i Nybro","og_description":"Stefan Lagesson Ledamot \u2192 Kommunstyrelsen Ers\u00e4ttare \u2192 Nybro Kommunbolag AB Andre vice ordf\u00f6rande \u2192 Budgetberedningen Andre vice ordf\u00f6rande \u2192 Kommunstyrelsens arbetsutskott Andre vice ordf\u00f6rande \u2192 Krisledningsn\u00e4mnden Vice ordf\u00f6rande \u2192 Sinia i Nybro AB Ledamot \u2192 Kommunfullm\u00e4ktige Ledamot \u2192 Omsorgsn\u00e4mnden E-post: Stefan.Lagesson@public.nybro.se Michael Ericson Vice ordf\u00f6rande \u2192 AB Nybro Brunn Vice ordf\u00f6rande \u2192 Nybro Bostads AB Read More","og_url":"https:\/\/wp.kristdemokraterna.se\/nybro\/kontakta-oss-2\/kontakta-oss\/","og_site_name":"Kristdemokraterna i Nybro","article_modified_time":"2024-03-17T16:05:46+00:00","twitter_card":"summary_large_image","twitter_misc":{"Ber\u00e4knad l\u00e4stid":"1 minut"},"schema":{"@context":"https:\/\/schema.org","@graph":[{"@type":"WebPage","@id":"https:\/\/wp.kristdemokraterna.se\/nybro\/kontakta-oss-2\/kontakta-oss\/","url":"https:\/\/wp.kristdemokraterna.se\/nybro\/kontakta-oss-2\/kontakta-oss\/","name":"F\u00f6rtroendevalda - Kristdemokraterna i Nybro","isPartOf":{"@id":"https:\/\/wp.kristdemokraterna.se\/nybro\/#website"},"datePublished":"2018-06-12T11:45:59+00:00","dateModified":"2024-03-17T16:05:46+00:00","breadcrumb":{"@id":"https:\/\/wp.kristdemokraterna.se\/nybro\/kontakta-oss-2\/kontakta-oss\/#breadcrumb"},"inLanguage":"sv-SE","potentialAction":[{"@type":"ReadAction","target":["https:\/\/wp.kristdemokraterna.se\/nybro\/kontakta-oss-2\/kontakta-oss\/"]}]},{"@type":"BreadcrumbList","@id":"https:\/\/wp.kristdemokraterna.se\/nybro\/kontakta-oss-2\/kontakta-oss\/#breadcrumb","itemListElement":[{"@type":"ListItem","position":1,"name":"Hem","item":"https:\/\/wp.kristdemokraterna.se\/nybro\/"},{"@type":"ListItem","position":2,"name":"Kontakta oss","item":"https:\/\/wp.kristdemokraterna.se\/nybro\/kontakta-oss-2\/"},{"@type":"ListItem","position":3,"name":"F\u00f6rtroendevalda"}]},{"@type":"WebSite","@id":"https:\/\/wp.kristdemokraterna.se\/nybro\/#website","url":"https:\/\/wp.kristdemokraterna.se\/nybro\/","name":"Kristdemokraterna i Nybro","description":"En till Kristdemokraterna webbplats","inLanguage":"sv-SE"}]}},"_links":{"self":[{"href":"https:\/\/wp.kristdemokraterna.se\/nybro\/wp-json\/wp\/v2\/pages\/196","targetHints":{"allow":["GET"]}}],"collection":[{"href":"https:\/\/wp.kristdemokraterna.se\/nybro\/wp-json\/wp\/v2\/pages"}],"about":[{"href":"https:\/\/wp.kristdemokraterna.se\/nybro\/wp-json\/wp\/v2\/types\/page"}],"author":[{"embeddable":true,"href":"https:\/\/wp.kristdemokraterna.se\/nybro\/wp-json\/wp\/v2\/users\/444"}],"replies":[{"embeddable":true,"href":"https:\/\/wp.kristdemokraterna.se\/nybro\/wp-json\/wp\/v2\/comments?post=196"}],"version-history":[{"count":9,"href":"https:\/\/wp.kristdemokraterna.se\/nybro\/wp-json\/wp\/v2\/pages\/196\/revisions"}],"predecessor-version":[{"id":287,"href":"https:\/\/wp.kristdemokraterna.se\/nybro\/wp-json\/wp\/v2\/pages\/196\/revisions\/287"}],"up":[{"embeddable":true,"href":"https:\/\/wp.kristdemokraterna.se\/nybro\/wp-json\/wp\/v2\/pages\/201"}],"wp:attachment":[{"href":"https:\/\/wp.kristdemokraterna.se\/nybro\/wp-json\/wp\/v2\/media?parent=196"}],"curies":[{"name":"wp","href":"https:\/\/api.w.org\/{rel}","templated":true}]}}