{"id":269,"date":"2017-11-29T16:48:28","date_gmt":"2017-11-29T15:48:28","guid":{"rendered":"http:\/\/wp.kristdemokraterna.se\/nykoping-oxelosund\/?page_id=269"},"modified":"2021-04-08T11:07:58","modified_gmt":"2021-04-08T09:07:58","slug":"textsida-med-vanster-sidebar","status":"publish","type":"page","link":"https:\/\/wp.kristdemokraterna.se\/nykoping\/textsida-med-vanster-sidebar\/","title":{"rendered":"V\u00e5r partiavdelning"},"content":{"rendered":"<p>V\u00e4lkommen till Kristdemokraterna i Nyk\u00f6ping<\/p>\n<p>Vi \u00e4r en avdelning med drygt 100 medlemmar. Vi bildades kort efter att Kristdemokraterna bildades 1964.<\/p>\n<p>Bli medlem du med och hj\u00e4lp oss f\u00f6r\u00e4ndra kommunen till ett samh\u00e4lle du kan lita p\u00e5.<\/p>\n<p>&nbsp;<\/p>\n","protected":false},"excerpt":{"rendered":"<p>V\u00e4lkommen till Kristdemokraterna i Nyk\u00f6ping Vi \u00e4r en avdelning med drygt 100 medlemmar. Vi bildades kort efter att Kristdemokraterna bildades 1964. Bli medlem du med och hj\u00e4lp oss f\u00f6r\u00e4ndra kommunen till ett samh\u00e4lle du kan lita p\u00e5. &nbsp;<\/p>\n","protected":false},"author":783,"featured_media":0,"parent":0,"menu_order":0,"comment_status":"closed","ping_status":"closed","template":"page.php","meta":{"_acf_changed":false,"footnotes":""},"class_list":["post-269","page","type-page","status-publish","hentry"],"acf":[],"yoast_head":"<!-- This site is optimized with the Yoast SEO plugin v27.3 - https:\/\/yoast.com\/product\/yoast-seo-wordpress\/ -->\n<title>V\u00e5r partiavdelning - Kristdemokraterna i Nyk\u00f6ping<\/title>\n<meta name=\"robots\" content=\"index, follow, max-snippet:-1, max-image-preview:large, max-video-preview:-1\" \/>\n<link rel=\"canonical\" href=\"https:\/\/wp.kristdemokraterna.se\/nykoping\/textsida-med-vanster-sidebar\/\" \/>\n<meta property=\"og:locale\" content=\"sv_SE\" \/>\n<meta property=\"og:type\" content=\"article\" \/>\n<meta property=\"og:title\" content=\"V\u00e5r partiavdelning - Kristdemokraterna i Nyk\u00f6ping\" \/>\n<meta property=\"og:description\" content=\"V\u00e4lkommen till Kristdemokraterna i Nyk\u00f6ping Vi \u00e4r en avdelning med drygt 100 medlemmar. Vi bildades kort efter att Kristdemokraterna bildades 1964. Bli medlem du med och hj\u00e4lp oss f\u00f6r\u00e4ndra kommunen till ett samh\u00e4lle du kan lita p\u00e5. &nbsp;\" \/>\n<meta property=\"og:url\" content=\"https:\/\/wp.kristdemokraterna.se\/nykoping\/textsida-med-vanster-sidebar\/\" \/>\n<meta property=\"og:site_name\" content=\"Kristdemokraterna i Nyk\u00f6ping\" \/>\n<meta property=\"article:modified_time\" content=\"2021-04-08T09:07:58+00:00\" \/>\n<meta name=\"twitter:card\" content=\"summary_large_image\" \/>\n<meta name=\"twitter:label1\" content=\"Ber\u00e4knad l\u00e4stid\" \/>\n\t<meta name=\"twitter:data1\" content=\"1 minut\" \/>\n<script type=\"application\/ld+json\" class=\"yoast-schema-graph\">{\"@context\":\"https:\\\/\\\/schema.org\",\"@graph\":[{\"@type\":\"WebPage\",\"@id\":\"https:\\\/\\\/wp.kristdemokraterna.se\\\/nykoping\\\/textsida-med-vanster-sidebar\\\/\",\"url\":\"https:\\\/\\\/wp.kristdemokraterna.se\\\/nykoping\\\/textsida-med-vanster-sidebar\\\/\",\"name\":\"V\u00e5r partiavdelning - Kristdemokraterna i Nyk\u00f6ping\",\"isPartOf\":{\"@id\":\"https:\\\/\\\/wp.kristdemokraterna.se\\\/nykoping\\\/#website\"},\"datePublished\":\"2017-11-29T15:48:28+00:00\",\"dateModified\":\"2021-04-08T09:07:58+00:00\",\"breadcrumb\":{\"@id\":\"https:\\\/\\\/wp.kristdemokraterna.se\\\/nykoping\\\/textsida-med-vanster-sidebar\\\/#breadcrumb\"},\"inLanguage\":\"sv-SE\",\"potentialAction\":[{\"@type\":\"ReadAction\",\"target\":[\"https:\\\/\\\/wp.kristdemokraterna.se\\\/nykoping\\\/textsida-med-vanster-sidebar\\\/\"]}]},{\"@type\":\"BreadcrumbList\",\"@id\":\"https:\\\/\\\/wp.kristdemokraterna.se\\\/nykoping\\\/textsida-med-vanster-sidebar\\\/#breadcrumb\",\"itemListElement\":[{\"@type\":\"ListItem\",\"position\":1,\"name\":\"Hem\",\"item\":\"https:\\\/\\\/wp.kristdemokraterna.se\\\/nykoping\\\/\"},{\"@type\":\"ListItem\",\"position\":2,\"name\":\"V\u00e5r partiavdelning\"}]},{\"@type\":\"WebSite\",\"@id\":\"https:\\\/\\\/wp.kristdemokraterna.se\\\/nykoping\\\/#website\",\"url\":\"https:\\\/\\\/wp.kristdemokraterna.se\\\/nykoping\\\/\",\"name\":\"Kristdemokraterna i Nyk\u00f6ping\",\"description\":\"Du ska kunna lita p\u00e5 Sverige\",\"inLanguage\":\"sv-SE\"}]}<\/script>\n<!-- \/ Yoast SEO plugin. -->","yoast_head_json":{"title":"V\u00e5r partiavdelning - Kristdemokraterna i Nyk\u00f6ping","robots":{"index":"index","follow":"follow","max-snippet":"max-snippet:-1","max-image-preview":"max-image-preview:large","max-video-preview":"max-video-preview:-1"},"canonical":"https:\/\/wp.kristdemokraterna.se\/nykoping\/textsida-med-vanster-sidebar\/","og_locale":"sv_SE","og_type":"article","og_title":"V\u00e5r partiavdelning - Kristdemokraterna i Nyk\u00f6ping","og_description":"V\u00e4lkommen till Kristdemokraterna i Nyk\u00f6ping Vi \u00e4r en avdelning med drygt 100 medlemmar. Vi bildades kort efter att Kristdemokraterna bildades 1964. Bli medlem du med och hj\u00e4lp oss f\u00f6r\u00e4ndra kommunen till ett samh\u00e4lle du kan lita p\u00e5. &nbsp;","og_url":"https:\/\/wp.kristdemokraterna.se\/nykoping\/textsida-med-vanster-sidebar\/","og_site_name":"Kristdemokraterna i Nyk\u00f6ping","article_modified_time":"2021-04-08T09:07:58+00:00","twitter_card":"summary_large_image","twitter_misc":{"Ber\u00e4knad l\u00e4stid":"1 minut"},"schema":{"@context":"https:\/\/schema.org","@graph":[{"@type":"WebPage","@id":"https:\/\/wp.kristdemokraterna.se\/nykoping\/textsida-med-vanster-sidebar\/","url":"https:\/\/wp.kristdemokraterna.se\/nykoping\/textsida-med-vanster-sidebar\/","name":"V\u00e5r partiavdelning - Kristdemokraterna i Nyk\u00f6ping","isPartOf":{"@id":"https:\/\/wp.kristdemokraterna.se\/nykoping\/#website"},"datePublished":"2017-11-29T15:48:28+00:00","dateModified":"2021-04-08T09:07:58+00:00","breadcrumb":{"@id":"https:\/\/wp.kristdemokraterna.se\/nykoping\/textsida-med-vanster-sidebar\/#breadcrumb"},"inLanguage":"sv-SE","potentialAction":[{"@type":"ReadAction","target":["https:\/\/wp.kristdemokraterna.se\/nykoping\/textsida-med-vanster-sidebar\/"]}]},{"@type":"BreadcrumbList","@id":"https:\/\/wp.kristdemokraterna.se\/nykoping\/textsida-med-vanster-sidebar\/#breadcrumb","itemListElement":[{"@type":"ListItem","position":1,"name":"Hem","item":"https:\/\/wp.kristdemokraterna.se\/nykoping\/"},{"@type":"ListItem","position":2,"name":"V\u00e5r partiavdelning"}]},{"@type":"WebSite","@id":"https:\/\/wp.kristdemokraterna.se\/nykoping\/#website","url":"https:\/\/wp.kristdemokraterna.se\/nykoping\/","name":"Kristdemokraterna i Nyk\u00f6ping","description":"Du ska kunna lita p\u00e5 Sverige","inLanguage":"sv-SE"}]}},"_links":{"self":[{"href":"https:\/\/wp.kristdemokraterna.se\/nykoping\/wp-json\/wp\/v2\/pages\/269","targetHints":{"allow":["GET"]}}],"collection":[{"href":"https:\/\/wp.kristdemokraterna.se\/nykoping\/wp-json\/wp\/v2\/pages"}],"about":[{"href":"https:\/\/wp.kristdemokraterna.se\/nykoping\/wp-json\/wp\/v2\/types\/page"}],"author":[{"embeddable":true,"href":"https:\/\/wp.kristdemokraterna.se\/nykoping\/wp-json\/wp\/v2\/users\/783"}],"replies":[{"embeddable":true,"href":"https:\/\/wp.kristdemokraterna.se\/nykoping\/wp-json\/wp\/v2\/comments?post=269"}],"version-history":[{"count":14,"href":"https:\/\/wp.kristdemokraterna.se\/nykoping\/wp-json\/wp\/v2\/pages\/269\/revisions"}],"predecessor-version":[{"id":593,"href":"https:\/\/wp.kristdemokraterna.se\/nykoping\/wp-json\/wp\/v2\/pages\/269\/revisions\/593"}],"wp:attachment":[{"href":"https:\/\/wp.kristdemokraterna.se\/nykoping\/wp-json\/wp\/v2\/media?parent=269"}],"curies":[{"name":"wp","href":"https:\/\/api.w.org\/{rel}","templated":true}]}}