{"id":361,"date":"2021-03-08T16:00:00","date_gmt":"2021-03-08T15:00:00","guid":{"rendered":"http:\/\/wp.kristdemokraterna.se\/nykoping-oxelosund\/?page_id=361"},"modified":"2023-03-23T19:40:37","modified_gmt":"2023-03-23T18:40:37","slug":"arsmote","status":"publish","type":"page","link":"https:\/\/wp.kristdemokraterna.se\/nykoping\/textsida-med-vanster-sidebar\/arsmote\/","title":{"rendered":"Styrelse"},"content":{"rendered":"<p><em>Eric H\u00e4ggblom, ordf\u00f6rande<\/em><br \/>\nMobil: 073-720 14 41<br \/>\nE-post: <a href=\"mailto:eric.haggblom@kristdemokraterna.se\">eric.haggblom@kristdemokraterna.se<\/a><\/p>\n<p><em>Maud Wachtmeister, gruppledare<\/em><br \/>\nE-post: <a href=\"mailto:maud.waichtmeister@nykoping.se\">maud.waichtmeister@nykoping.se<\/a><\/p>\n<p><em>Marita\u00a0<\/em><i>G\u00f6ransson<\/i><br \/>\nE-post: <a href=\"mailto:marita.goransson@nykoping.se\">marita.goransson@nykoping.se<\/a><\/p>\n<p><em>Lars Lundqvist<\/em><br \/>\nE-post: <a href=\"mailto:lars.lundqvist@kristdemokraterna.se\">lars.lundqvist@kristdemokrateran.se<\/a><\/p>\n<p><em>Lennart Nylander<\/em><br \/>\nEpost: <a href=\"mailto:lennart.nylander@live.se\">lennart.nylander@live.se<\/a><\/p>\n<p>&nbsp;<\/p>\n<p>&nbsp;<\/p>\n<p>&nbsp;<\/p>\n","protected":false},"excerpt":{"rendered":"<p>Eric H\u00e4ggblom, ordf\u00f6rande Mobil: 073-720 14 41 E-post: eric.haggblom@kristdemokraterna.se Maud Wachtmeister, gruppledare E-post: maud.waichtmeister@nykoping.se Marita\u00a0G\u00f6ransson E-post: marita.goransson@nykoping.se Lars Lundqvist E-post: lars.lundqvist@kristdemokrateran.se Lennart Nylander Epost: lennart.nylander@live.se &nbsp; &nbsp; &nbsp;<\/p>\n","protected":false},"author":783,"featured_media":0,"parent":269,"menu_order":0,"comment_status":"closed","ping_status":"closed","template":"page.php","meta":{"_acf_changed":false,"footnotes":""},"class_list":["post-361","page","type-page","status-publish","hentry"],"acf":[],"yoast_head":"<!-- This site is optimized with the Yoast SEO plugin v27.3 - https:\/\/yoast.com\/product\/yoast-seo-wordpress\/ -->\n<title>Styrelse - Kristdemokraterna i Nyk\u00f6ping<\/title>\n<meta name=\"robots\" content=\"index, follow, max-snippet:-1, max-image-preview:large, max-video-preview:-1\" \/>\n<link rel=\"canonical\" href=\"https:\/\/wp.kristdemokraterna.se\/nykoping\/textsida-med-vanster-sidebar\/arsmote\/\" \/>\n<meta property=\"og:locale\" content=\"sv_SE\" \/>\n<meta property=\"og:type\" content=\"article\" \/>\n<meta property=\"og:title\" content=\"Styrelse - Kristdemokraterna i Nyk\u00f6ping\" \/>\n<meta property=\"og:description\" content=\"Eric H\u00e4ggblom, ordf\u00f6rande Mobil: 073-720 14 41 E-post: eric.haggblom@kristdemokraterna.se Maud Wachtmeister, gruppledare E-post: maud.waichtmeister@nykoping.se Marita\u00a0G\u00f6ransson E-post: marita.goransson@nykoping.se Lars Lundqvist E-post: lars.lundqvist@kristdemokrateran.se Lennart Nylander Epost: lennart.nylander@live.se &nbsp; &nbsp; &nbsp;\" \/>\n<meta property=\"og:url\" content=\"https:\/\/wp.kristdemokraterna.se\/nykoping\/textsida-med-vanster-sidebar\/arsmote\/\" \/>\n<meta property=\"og:site_name\" content=\"Kristdemokraterna i Nyk\u00f6ping\" \/>\n<meta property=\"article:modified_time\" content=\"2023-03-23T18:40:37+00:00\" \/>\n<meta name=\"twitter:card\" content=\"summary_large_image\" \/>\n<meta name=\"twitter:label1\" content=\"Ber\u00e4knad l\u00e4stid\" \/>\n\t<meta name=\"twitter:data1\" content=\"1 minut\" \/>\n<script type=\"application\/ld+json\" class=\"yoast-schema-graph\">{\"@context\":\"https:\\\/\\\/schema.org\",\"@graph\":[{\"@type\":\"WebPage\",\"@id\":\"https:\\\/\\\/wp.kristdemokraterna.se\\\/nykoping\\\/textsida-med-vanster-sidebar\\\/arsmote\\\/\",\"url\":\"https:\\\/\\\/wp.kristdemokraterna.se\\\/nykoping\\\/textsida-med-vanster-sidebar\\\/arsmote\\\/\",\"name\":\"Styrelse - Kristdemokraterna i Nyk\u00f6ping\",\"isPartOf\":{\"@id\":\"https:\\\/\\\/wp.kristdemokraterna.se\\\/nykoping\\\/#website\"},\"datePublished\":\"2021-03-08T15:00:00+00:00\",\"dateModified\":\"2023-03-23T18:40:37+00:00\",\"breadcrumb\":{\"@id\":\"https:\\\/\\\/wp.kristdemokraterna.se\\\/nykoping\\\/textsida-med-vanster-sidebar\\\/arsmote\\\/#breadcrumb\"},\"inLanguage\":\"sv-SE\",\"potentialAction\":[{\"@type\":\"ReadAction\",\"target\":[\"https:\\\/\\\/wp.kristdemokraterna.se\\\/nykoping\\\/textsida-med-vanster-sidebar\\\/arsmote\\\/\"]}]},{\"@type\":\"BreadcrumbList\",\"@id\":\"https:\\\/\\\/wp.kristdemokraterna.se\\\/nykoping\\\/textsida-med-vanster-sidebar\\\/arsmote\\\/#breadcrumb\",\"itemListElement\":[{\"@type\":\"ListItem\",\"position\":1,\"name\":\"Hem\",\"item\":\"https:\\\/\\\/wp.kristdemokraterna.se\\\/nykoping\\\/\"},{\"@type\":\"ListItem\",\"position\":2,\"name\":\"V\u00e5r partiavdelning\",\"item\":\"https:\\\/\\\/wp.kristdemokraterna.se\\\/nykoping\\\/textsida-med-vanster-sidebar\\\/\"},{\"@type\":\"ListItem\",\"position\":3,\"name\":\"Styrelse\"}]},{\"@type\":\"WebSite\",\"@id\":\"https:\\\/\\\/wp.kristdemokraterna.se\\\/nykoping\\\/#website\",\"url\":\"https:\\\/\\\/wp.kristdemokraterna.se\\\/nykoping\\\/\",\"name\":\"Kristdemokraterna i Nyk\u00f6ping\",\"description\":\"Du ska kunna lita p\u00e5 Sverige\",\"inLanguage\":\"sv-SE\"}]}<\/script>\n<!-- \/ Yoast SEO plugin. -->","yoast_head_json":{"title":"Styrelse - Kristdemokraterna i Nyk\u00f6ping","robots":{"index":"index","follow":"follow","max-snippet":"max-snippet:-1","max-image-preview":"max-image-preview:large","max-video-preview":"max-video-preview:-1"},"canonical":"https:\/\/wp.kristdemokraterna.se\/nykoping\/textsida-med-vanster-sidebar\/arsmote\/","og_locale":"sv_SE","og_type":"article","og_title":"Styrelse - Kristdemokraterna i Nyk\u00f6ping","og_description":"Eric H\u00e4ggblom, ordf\u00f6rande Mobil: 073-720 14 41 E-post: eric.haggblom@kristdemokraterna.se Maud Wachtmeister, gruppledare E-post: maud.waichtmeister@nykoping.se Marita\u00a0G\u00f6ransson E-post: marita.goransson@nykoping.se Lars Lundqvist E-post: lars.lundqvist@kristdemokrateran.se Lennart Nylander Epost: lennart.nylander@live.se &nbsp; &nbsp; &nbsp;","og_url":"https:\/\/wp.kristdemokraterna.se\/nykoping\/textsida-med-vanster-sidebar\/arsmote\/","og_site_name":"Kristdemokraterna i Nyk\u00f6ping","article_modified_time":"2023-03-23T18:40:37+00:00","twitter_card":"summary_large_image","twitter_misc":{"Ber\u00e4knad l\u00e4stid":"1 minut"},"schema":{"@context":"https:\/\/schema.org","@graph":[{"@type":"WebPage","@id":"https:\/\/wp.kristdemokraterna.se\/nykoping\/textsida-med-vanster-sidebar\/arsmote\/","url":"https:\/\/wp.kristdemokraterna.se\/nykoping\/textsida-med-vanster-sidebar\/arsmote\/","name":"Styrelse - Kristdemokraterna i Nyk\u00f6ping","isPartOf":{"@id":"https:\/\/wp.kristdemokraterna.se\/nykoping\/#website"},"datePublished":"2021-03-08T15:00:00+00:00","dateModified":"2023-03-23T18:40:37+00:00","breadcrumb":{"@id":"https:\/\/wp.kristdemokraterna.se\/nykoping\/textsida-med-vanster-sidebar\/arsmote\/#breadcrumb"},"inLanguage":"sv-SE","potentialAction":[{"@type":"ReadAction","target":["https:\/\/wp.kristdemokraterna.se\/nykoping\/textsida-med-vanster-sidebar\/arsmote\/"]}]},{"@type":"BreadcrumbList","@id":"https:\/\/wp.kristdemokraterna.se\/nykoping\/textsida-med-vanster-sidebar\/arsmote\/#breadcrumb","itemListElement":[{"@type":"ListItem","position":1,"name":"Hem","item":"https:\/\/wp.kristdemokraterna.se\/nykoping\/"},{"@type":"ListItem","position":2,"name":"V\u00e5r partiavdelning","item":"https:\/\/wp.kristdemokraterna.se\/nykoping\/textsida-med-vanster-sidebar\/"},{"@type":"ListItem","position":3,"name":"Styrelse"}]},{"@type":"WebSite","@id":"https:\/\/wp.kristdemokraterna.se\/nykoping\/#website","url":"https:\/\/wp.kristdemokraterna.se\/nykoping\/","name":"Kristdemokraterna i Nyk\u00f6ping","description":"Du ska kunna lita p\u00e5 Sverige","inLanguage":"sv-SE"}]}},"_links":{"self":[{"href":"https:\/\/wp.kristdemokraterna.se\/nykoping\/wp-json\/wp\/v2\/pages\/361","targetHints":{"allow":["GET"]}}],"collection":[{"href":"https:\/\/wp.kristdemokraterna.se\/nykoping\/wp-json\/wp\/v2\/pages"}],"about":[{"href":"https:\/\/wp.kristdemokraterna.se\/nykoping\/wp-json\/wp\/v2\/types\/page"}],"author":[{"embeddable":true,"href":"https:\/\/wp.kristdemokraterna.se\/nykoping\/wp-json\/wp\/v2\/users\/783"}],"replies":[{"embeddable":true,"href":"https:\/\/wp.kristdemokraterna.se\/nykoping\/wp-json\/wp\/v2\/comments?post=361"}],"version-history":[{"count":16,"href":"https:\/\/wp.kristdemokraterna.se\/nykoping\/wp-json\/wp\/v2\/pages\/361\/revisions"}],"predecessor-version":[{"id":688,"href":"https:\/\/wp.kristdemokraterna.se\/nykoping\/wp-json\/wp\/v2\/pages\/361\/revisions\/688"}],"up":[{"embeddable":true,"href":"https:\/\/wp.kristdemokraterna.se\/nykoping\/wp-json\/wp\/v2\/pages\/269"}],"wp:attachment":[{"href":"https:\/\/wp.kristdemokraterna.se\/nykoping\/wp-json\/wp\/v2\/media?parent=361"}],"curies":[{"name":"wp","href":"https:\/\/api.w.org\/{rel}","templated":true}]}}