{"id":373,"date":"2017-12-04T16:47:18","date_gmt":"2017-12-04T15:47:18","guid":{"rendered":"http:\/\/wp.kristdemokraterna.se\/nykoping-oxelosund\/?page_id=373"},"modified":"2020-01-20T18:08:03","modified_gmt":"2020-01-20T17:08:03","slug":"var-politik-i-kommunen","status":"publish","type":"page","link":"https:\/\/wp.kristdemokraterna.se\/nykoping\/textsida-fullbredd\/var-politik-i-kommunen\/","title":{"rendered":"V\u00e5r politik i kommunen"},"content":{"rendered":"<p><strong>Familjen<\/strong><br \/>\nDen mest grundl\u00e4ggande formen av gemenskap \u00e4r familjen. Denna insikt \u00e4r en grundbult i den<br \/>\nkristdemokratiska ideologin och familjen \u00e4r d\u00e4rf\u00f6r ett m\u00e5l i sig. Att bygga samh\u00e4llet p\u00e5 denna grund<br \/>\n\u00e4r d\u00e5 politikens m\u00e5l och v\u00e5r \u00f6vertygelse \u00e4r att det ger <em>trygghet och stabilitet<\/em>.<\/p>\n<p><strong>Valfrihet<\/strong><br \/>\nValfriheten \u00e4r mycket viktig och ska g\u00e4lla alla medborgare i olika \u00e5ldrar boende b\u00e5de i Nyk\u00f6ping och<br \/>\nutanf\u00f6r t\u00e4torten. R\u00e4tten att kunna v\u00e4lja skola, <em>r\u00e4tten f\u00f6r f\u00f6r\u00e4ldrar att v\u00e4lja barnomsorg<\/em> och r\u00e4tten f\u00f6r<br \/>\nde \u00e4ldre att <em>v\u00e4lja den \u00e4ldreomsorg som k\u00e4nns tryggast<\/em> och b\u00e4st borde vara sj\u00e4lvklar i ett<br \/>\ndemokratiskt samh\u00e4lle.<\/p>\n<p><strong>Barnomsorg<\/strong><br \/>\nBarn \u00e4r olika och familjer ser olika ut, d\u00e4rf\u00f6r ska familjer i Nyk\u00f6pings kommun kunna v\u00e4lja den<br \/>\nbarnomsorg som <em>passar deras barn och familj b\u00e4st<\/em>. Att arbeta f\u00f6r <em>st\u00f6rre variation<\/em> inom barnomsorg<br \/>\n\u00e4r d\u00e4rf\u00f6r prioriterat hos oss Kristdemokrater.<\/p>\n<p><strong>Omsorg<\/strong><br \/>\nDet \u00e4r en m\u00e4nsklig r\u00e4ttighet att alla i v\u00e5rt samh\u00e4lle ska kunna k\u00e4nna sig <em>trygga, oavsett \u00e5lder och<\/em><br \/>\n<em>plats<\/em>. \u00c4ven den \u00f6kade psykiska oh\u00e4lsan m\u00e5ste kommunen ta ett mycket st\u00f6rre ansvar f\u00f6r \u00e4n hitintills.<br \/>\nSocial sammanh\u00e5llning, gemensam syn p\u00e5 demokrati, trygghet, j\u00e4mlikhet och ekonomisk utveckling<br \/>\nska vara v\u00e4gledande i hur vi hanterar kommunens resurser. Det vill s\u00e4ga ett ansvarsfullt och r\u00e4ttvist<br \/>\nf\u00f6rvaltande av medborgamas skattepengar. Kommuninv\u00e5narnas behov och \u00f6nskem\u00e5l och de<br \/>\ndemografiska utmaningarna, framtida behov av \u00e4ldreomsorg, barns behov av f\u00f6rskoleplatser och<br \/>\nintegrationens verklighet, st\u00e4ller h\u00f6ga krav p\u00e5 en budget i balans.<\/p>\n<p><strong>Arbete, integration och civilsamh\u00e4llet<\/strong><br \/>\nF\u00f6r att minska arbetsl\u00f6sheten i kommunen och gynna kommunens tillv\u00e4xt \u00e4r det viktigt att<br \/>\nkommunen <em>bem\u00f6ter n\u00e4ringslivet med respekt och en positiv attityd<\/em>. Det \u00e4r i de sm\u00e5 och medelstora<br \/>\nf\u00f6retagen som de flesta jobb skapas. F\u00f6retagen \u00e4r ocks\u00e5 en viktig integrationsmotor. Vi<br \/>\nKristdemokrater ser \u00e4ven<em> civilsamh\u00e4llet som en integrationsmotor<\/em> som m\u00e5ste f\u00e5 den<br \/>\nuppm\u00e4rksamhet och det st\u00f6d som civilsamh\u00e4llet f\u00f6rtj\u00e4nar och beh\u00f6ver.<\/p>\n<p><strong>Ekonomi<\/strong><br \/>\nInvesteringsbehoven f\u00f6r framtiden \u00e4r stora \u2014 resecentrum, skolor, f\u00f6rskolor och \u00e4ldreboenden. En<br \/>\n<em>god ekonomisk hush\u00e5llning<\/em> och stabila finanser st\u00e4ller h\u00f6ga krav p\u00e5 etiska bed\u00f6mningar bland de<br \/>\nplanerade investeringarna och kommunstyrelsen m\u00e5ste s\u00e4kerst\u00e4lla att man f\u00e5r det man upphandlar<br \/>\nb\u00e5de vad avser kvalitet, tidsramar och kostnader.<\/p>\n","protected":false},"excerpt":{"rendered":"<p>Familjen Den mest grundl\u00e4ggande formen av gemenskap \u00e4r familjen. Denna insikt \u00e4r en grundbult i den kristdemokratiska ideologin och familjen \u00e4r d\u00e4rf\u00f6r ett m\u00e5l i sig. Att bygga samh\u00e4llet p\u00e5 denna grund \u00e4r d\u00e5 politikens m\u00e5l och v\u00e5r \u00f6vertygelse \u00e4r att det ger trygghet och stabilitet. Valfrihet Valfriheten \u00e4r mycket viktig och ska g\u00e4lla alla <a class=\"read-more-link\" href=\"https:\/\/wp.kristdemokraterna.se\/nykoping\/textsida-fullbredd\/var-politik-i-kommunen\/\">L\u00e4s mer<\/a><\/p>\n","protected":false},"author":783,"featured_media":0,"parent":272,"menu_order":0,"comment_status":"closed","ping_status":"closed","template":"page.php","meta":{"_acf_changed":false,"footnotes":""},"class_list":["post-373","page","type-page","status-publish","hentry"],"acf":[],"yoast_head":"<!-- This site is optimized with the Yoast SEO plugin v27.3 - https:\/\/yoast.com\/product\/yoast-seo-wordpress\/ -->\n<title>V\u00e5r politik i kommunen - Kristdemokraterna i Nyk\u00f6ping<\/title>\n<meta name=\"robots\" content=\"index, follow, max-snippet:-1, max-image-preview:large, max-video-preview:-1\" \/>\n<link rel=\"canonical\" href=\"https:\/\/wp.kristdemokraterna.se\/nykoping\/textsida-fullbredd\/var-politik-i-kommunen\/\" \/>\n<meta property=\"og:locale\" content=\"sv_SE\" \/>\n<meta property=\"og:type\" content=\"article\" \/>\n<meta property=\"og:title\" content=\"V\u00e5r politik i kommunen - Kristdemokraterna i Nyk\u00f6ping\" \/>\n<meta property=\"og:description\" content=\"Familjen Den mest grundl\u00e4ggande formen av gemenskap \u00e4r familjen. Denna insikt \u00e4r en grundbult i den kristdemokratiska ideologin och familjen \u00e4r d\u00e4rf\u00f6r ett m\u00e5l i sig. Att bygga samh\u00e4llet p\u00e5 denna grund \u00e4r d\u00e5 politikens m\u00e5l och v\u00e5r \u00f6vertygelse \u00e4r att det ger trygghet och stabilitet. Valfrihet Valfriheten \u00e4r mycket viktig och ska g\u00e4lla alla L\u00e4s mer\" \/>\n<meta property=\"og:url\" content=\"https:\/\/wp.kristdemokraterna.se\/nykoping\/textsida-fullbredd\/var-politik-i-kommunen\/\" \/>\n<meta property=\"og:site_name\" content=\"Kristdemokraterna i Nyk\u00f6ping\" \/>\n<meta property=\"article:modified_time\" content=\"2020-01-20T17:08:03+00:00\" \/>\n<meta name=\"twitter:card\" content=\"summary_large_image\" \/>\n<meta name=\"twitter:label1\" content=\"Ber\u00e4knad l\u00e4stid\" \/>\n\t<meta name=\"twitter:data1\" content=\"2 minuter\" \/>\n<script type=\"application\/ld+json\" class=\"yoast-schema-graph\">{\"@context\":\"https:\\\/\\\/schema.org\",\"@graph\":[{\"@type\":\"WebPage\",\"@id\":\"https:\\\/\\\/wp.kristdemokraterna.se\\\/nykoping\\\/textsida-fullbredd\\\/var-politik-i-kommunen\\\/\",\"url\":\"https:\\\/\\\/wp.kristdemokraterna.se\\\/nykoping\\\/textsida-fullbredd\\\/var-politik-i-kommunen\\\/\",\"name\":\"V\u00e5r politik i kommunen - Kristdemokraterna i Nyk\u00f6ping\",\"isPartOf\":{\"@id\":\"https:\\\/\\\/wp.kristdemokraterna.se\\\/nykoping\\\/#website\"},\"datePublished\":\"2017-12-04T15:47:18+00:00\",\"dateModified\":\"2020-01-20T17:08:03+00:00\",\"breadcrumb\":{\"@id\":\"https:\\\/\\\/wp.kristdemokraterna.se\\\/nykoping\\\/textsida-fullbredd\\\/var-politik-i-kommunen\\\/#breadcrumb\"},\"inLanguage\":\"sv-SE\",\"potentialAction\":[{\"@type\":\"ReadAction\",\"target\":[\"https:\\\/\\\/wp.kristdemokraterna.se\\\/nykoping\\\/textsida-fullbredd\\\/var-politik-i-kommunen\\\/\"]}]},{\"@type\":\"BreadcrumbList\",\"@id\":\"https:\\\/\\\/wp.kristdemokraterna.se\\\/nykoping\\\/textsida-fullbredd\\\/var-politik-i-kommunen\\\/#breadcrumb\",\"itemListElement\":[{\"@type\":\"ListItem\",\"position\":1,\"name\":\"Hem\",\"item\":\"https:\\\/\\\/wp.kristdemokraterna.se\\\/nykoping\\\/\"},{\"@type\":\"ListItem\",\"position\":2,\"name\":\"Vad vi st\u00e5r f\u00f6r!\",\"item\":\"https:\\\/\\\/wp.kristdemokraterna.se\\\/nykoping\\\/textsida-fullbredd\\\/\"},{\"@type\":\"ListItem\",\"position\":3,\"name\":\"V\u00e5r politik i kommunen\"}]},{\"@type\":\"WebSite\",\"@id\":\"https:\\\/\\\/wp.kristdemokraterna.se\\\/nykoping\\\/#website\",\"url\":\"https:\\\/\\\/wp.kristdemokraterna.se\\\/nykoping\\\/\",\"name\":\"Kristdemokraterna i Nyk\u00f6ping\",\"description\":\"Du ska kunna lita p\u00e5 Sverige\",\"inLanguage\":\"sv-SE\"}]}<\/script>\n<!-- \/ Yoast SEO plugin. -->","yoast_head_json":{"title":"V\u00e5r politik i kommunen - Kristdemokraterna i Nyk\u00f6ping","robots":{"index":"index","follow":"follow","max-snippet":"max-snippet:-1","max-image-preview":"max-image-preview:large","max-video-preview":"max-video-preview:-1"},"canonical":"https:\/\/wp.kristdemokraterna.se\/nykoping\/textsida-fullbredd\/var-politik-i-kommunen\/","og_locale":"sv_SE","og_type":"article","og_title":"V\u00e5r politik i kommunen - Kristdemokraterna i Nyk\u00f6ping","og_description":"Familjen Den mest grundl\u00e4ggande formen av gemenskap \u00e4r familjen. Denna insikt \u00e4r en grundbult i den kristdemokratiska ideologin och familjen \u00e4r d\u00e4rf\u00f6r ett m\u00e5l i sig. Att bygga samh\u00e4llet p\u00e5 denna grund \u00e4r d\u00e5 politikens m\u00e5l och v\u00e5r \u00f6vertygelse \u00e4r att det ger trygghet och stabilitet. Valfrihet Valfriheten \u00e4r mycket viktig och ska g\u00e4lla alla L\u00e4s mer","og_url":"https:\/\/wp.kristdemokraterna.se\/nykoping\/textsida-fullbredd\/var-politik-i-kommunen\/","og_site_name":"Kristdemokraterna i Nyk\u00f6ping","article_modified_time":"2020-01-20T17:08:03+00:00","twitter_card":"summary_large_image","twitter_misc":{"Ber\u00e4knad l\u00e4stid":"2 minuter"},"schema":{"@context":"https:\/\/schema.org","@graph":[{"@type":"WebPage","@id":"https:\/\/wp.kristdemokraterna.se\/nykoping\/textsida-fullbredd\/var-politik-i-kommunen\/","url":"https:\/\/wp.kristdemokraterna.se\/nykoping\/textsida-fullbredd\/var-politik-i-kommunen\/","name":"V\u00e5r politik i kommunen - Kristdemokraterna i Nyk\u00f6ping","isPartOf":{"@id":"https:\/\/wp.kristdemokraterna.se\/nykoping\/#website"},"datePublished":"2017-12-04T15:47:18+00:00","dateModified":"2020-01-20T17:08:03+00:00","breadcrumb":{"@id":"https:\/\/wp.kristdemokraterna.se\/nykoping\/textsida-fullbredd\/var-politik-i-kommunen\/#breadcrumb"},"inLanguage":"sv-SE","potentialAction":[{"@type":"ReadAction","target":["https:\/\/wp.kristdemokraterna.se\/nykoping\/textsida-fullbredd\/var-politik-i-kommunen\/"]}]},{"@type":"BreadcrumbList","@id":"https:\/\/wp.kristdemokraterna.se\/nykoping\/textsida-fullbredd\/var-politik-i-kommunen\/#breadcrumb","itemListElement":[{"@type":"ListItem","position":1,"name":"Hem","item":"https:\/\/wp.kristdemokraterna.se\/nykoping\/"},{"@type":"ListItem","position":2,"name":"Vad vi st\u00e5r f\u00f6r!","item":"https:\/\/wp.kristdemokraterna.se\/nykoping\/textsida-fullbredd\/"},{"@type":"ListItem","position":3,"name":"V\u00e5r politik i kommunen"}]},{"@type":"WebSite","@id":"https:\/\/wp.kristdemokraterna.se\/nykoping\/#website","url":"https:\/\/wp.kristdemokraterna.se\/nykoping\/","name":"Kristdemokraterna i Nyk\u00f6ping","description":"Du ska kunna lita p\u00e5 Sverige","inLanguage":"sv-SE"}]}},"_links":{"self":[{"href":"https:\/\/wp.kristdemokraterna.se\/nykoping\/wp-json\/wp\/v2\/pages\/373","targetHints":{"allow":["GET"]}}],"collection":[{"href":"https:\/\/wp.kristdemokraterna.se\/nykoping\/wp-json\/wp\/v2\/pages"}],"about":[{"href":"https:\/\/wp.kristdemokraterna.se\/nykoping\/wp-json\/wp\/v2\/types\/page"}],"author":[{"embeddable":true,"href":"https:\/\/wp.kristdemokraterna.se\/nykoping\/wp-json\/wp\/v2\/users\/783"}],"replies":[{"embeddable":true,"href":"https:\/\/wp.kristdemokraterna.se\/nykoping\/wp-json\/wp\/v2\/comments?post=373"}],"version-history":[{"count":4,"href":"https:\/\/wp.kristdemokraterna.se\/nykoping\/wp-json\/wp\/v2\/pages\/373\/revisions"}],"predecessor-version":[{"id":537,"href":"https:\/\/wp.kristdemokraterna.se\/nykoping\/wp-json\/wp\/v2\/pages\/373\/revisions\/537"}],"up":[{"embeddable":true,"href":"https:\/\/wp.kristdemokraterna.se\/nykoping\/wp-json\/wp\/v2\/pages\/272"}],"wp:attachment":[{"href":"https:\/\/wp.kristdemokraterna.se\/nykoping\/wp-json\/wp\/v2\/media?parent=373"}],"curies":[{"name":"wp","href":"https:\/\/api.w.org\/{rel}","templated":true}]}}