{"id":375,"date":"2019-08-07T14:00:06","date_gmt":"2019-08-07T12:00:06","guid":{"rendered":"http:\/\/wp.kristdemokraterna.se\/nykoping-oxelosund\/?page_id=375"},"modified":"2023-08-17T10:45:56","modified_gmt":"2023-08-17T08:45:56","slug":"var-politik-i-regionen","status":"publish","type":"page","link":"https:\/\/wp.kristdemokraterna.se\/nykoping\/textsida-fullbredd\/var-politik-i-regionen\/","title":{"rendered":"V\u00e5r politik i Regionen"},"content":{"rendered":"<p><strong>Med hj\u00e4rta f\u00f6r S\u00f6rmland<\/strong><\/p>\n<p>Hj\u00e4rtat i v\u00e5rden \u00e4r personalen, patienten och pengarna.<br \/>\nTillsammans kan vi v\u00e4lja framtiden &#8211; och bygga ett S\u00f6rmland man kan lita p\u00e5.<\/p>\n","protected":false},"excerpt":{"rendered":"<p>Med hj\u00e4rta f\u00f6r S\u00f6rmland Hj\u00e4rtat i v\u00e5rden \u00e4r personalen, patienten och pengarna. Tillsammans kan vi v\u00e4lja framtiden &#8211; och bygga ett S\u00f6rmland man kan lita p\u00e5.<\/p>\n","protected":false},"author":783,"featured_media":0,"parent":272,"menu_order":0,"comment_status":"closed","ping_status":"closed","template":"page.php","meta":{"_acf_changed":false,"footnotes":""},"class_list":["post-375","page","type-page","status-publish","hentry"],"acf":[],"yoast_head":"<!-- This site is optimized with the Yoast SEO plugin v27.3 - https:\/\/yoast.com\/product\/yoast-seo-wordpress\/ -->\n<title>V\u00e5r politik i Regionen - Kristdemokraterna i Nyk\u00f6ping<\/title>\n<meta name=\"robots\" content=\"index, follow, max-snippet:-1, max-image-preview:large, max-video-preview:-1\" \/>\n<link rel=\"canonical\" href=\"https:\/\/wp.kristdemokraterna.se\/nykoping\/textsida-fullbredd\/var-politik-i-regionen\/\" \/>\n<meta property=\"og:locale\" content=\"sv_SE\" \/>\n<meta property=\"og:type\" content=\"article\" \/>\n<meta property=\"og:title\" content=\"V\u00e5r politik i Regionen - Kristdemokraterna i Nyk\u00f6ping\" \/>\n<meta property=\"og:description\" content=\"Med hj\u00e4rta f\u00f6r S\u00f6rmland Hj\u00e4rtat i v\u00e5rden \u00e4r personalen, patienten och pengarna. Tillsammans kan vi v\u00e4lja framtiden &#8211; och bygga ett S\u00f6rmland man kan lita p\u00e5.\" \/>\n<meta property=\"og:url\" content=\"https:\/\/wp.kristdemokraterna.se\/nykoping\/textsida-fullbredd\/var-politik-i-regionen\/\" \/>\n<meta property=\"og:site_name\" content=\"Kristdemokraterna i Nyk\u00f6ping\" \/>\n<meta property=\"article:modified_time\" content=\"2023-08-17T08:45:56+00:00\" \/>\n<meta name=\"twitter:card\" content=\"summary_large_image\" \/>\n<script type=\"application\/ld+json\" class=\"yoast-schema-graph\">{\"@context\":\"https:\\\/\\\/schema.org\",\"@graph\":[{\"@type\":\"WebPage\",\"@id\":\"https:\\\/\\\/wp.kristdemokraterna.se\\\/nykoping\\\/textsida-fullbredd\\\/var-politik-i-regionen\\\/\",\"url\":\"https:\\\/\\\/wp.kristdemokraterna.se\\\/nykoping\\\/textsida-fullbredd\\\/var-politik-i-regionen\\\/\",\"name\":\"V\u00e5r politik i Regionen - Kristdemokraterna i Nyk\u00f6ping\",\"isPartOf\":{\"@id\":\"https:\\\/\\\/wp.kristdemokraterna.se\\\/nykoping\\\/#website\"},\"datePublished\":\"2019-08-07T12:00:06+00:00\",\"dateModified\":\"2023-08-17T08:45:56+00:00\",\"breadcrumb\":{\"@id\":\"https:\\\/\\\/wp.kristdemokraterna.se\\\/nykoping\\\/textsida-fullbredd\\\/var-politik-i-regionen\\\/#breadcrumb\"},\"inLanguage\":\"sv-SE\",\"potentialAction\":[{\"@type\":\"ReadAction\",\"target\":[\"https:\\\/\\\/wp.kristdemokraterna.se\\\/nykoping\\\/textsida-fullbredd\\\/var-politik-i-regionen\\\/\"]}]},{\"@type\":\"BreadcrumbList\",\"@id\":\"https:\\\/\\\/wp.kristdemokraterna.se\\\/nykoping\\\/textsida-fullbredd\\\/var-politik-i-regionen\\\/#breadcrumb\",\"itemListElement\":[{\"@type\":\"ListItem\",\"position\":1,\"name\":\"Hem\",\"item\":\"https:\\\/\\\/wp.kristdemokraterna.se\\\/nykoping\\\/\"},{\"@type\":\"ListItem\",\"position\":2,\"name\":\"Vad vi st\u00e5r f\u00f6r!\",\"item\":\"https:\\\/\\\/wp.kristdemokraterna.se\\\/nykoping\\\/textsida-fullbredd\\\/\"},{\"@type\":\"ListItem\",\"position\":3,\"name\":\"V\u00e5r politik i Regionen\"}]},{\"@type\":\"WebSite\",\"@id\":\"https:\\\/\\\/wp.kristdemokraterna.se\\\/nykoping\\\/#website\",\"url\":\"https:\\\/\\\/wp.kristdemokraterna.se\\\/nykoping\\\/\",\"name\":\"Kristdemokraterna i Nyk\u00f6ping\",\"description\":\"Du ska kunna lita p\u00e5 Sverige\",\"inLanguage\":\"sv-SE\"}]}<\/script>\n<!-- \/ Yoast SEO plugin. -->","yoast_head_json":{"title":"V\u00e5r politik i Regionen - Kristdemokraterna i Nyk\u00f6ping","robots":{"index":"index","follow":"follow","max-snippet":"max-snippet:-1","max-image-preview":"max-image-preview:large","max-video-preview":"max-video-preview:-1"},"canonical":"https:\/\/wp.kristdemokraterna.se\/nykoping\/textsida-fullbredd\/var-politik-i-regionen\/","og_locale":"sv_SE","og_type":"article","og_title":"V\u00e5r politik i Regionen - Kristdemokraterna i Nyk\u00f6ping","og_description":"Med hj\u00e4rta f\u00f6r S\u00f6rmland Hj\u00e4rtat i v\u00e5rden \u00e4r personalen, patienten och pengarna. Tillsammans kan vi v\u00e4lja framtiden &#8211; och bygga ett S\u00f6rmland man kan lita p\u00e5.","og_url":"https:\/\/wp.kristdemokraterna.se\/nykoping\/textsida-fullbredd\/var-politik-i-regionen\/","og_site_name":"Kristdemokraterna i Nyk\u00f6ping","article_modified_time":"2023-08-17T08:45:56+00:00","twitter_card":"summary_large_image","schema":{"@context":"https:\/\/schema.org","@graph":[{"@type":"WebPage","@id":"https:\/\/wp.kristdemokraterna.se\/nykoping\/textsida-fullbredd\/var-politik-i-regionen\/","url":"https:\/\/wp.kristdemokraterna.se\/nykoping\/textsida-fullbredd\/var-politik-i-regionen\/","name":"V\u00e5r politik i Regionen - Kristdemokraterna i Nyk\u00f6ping","isPartOf":{"@id":"https:\/\/wp.kristdemokraterna.se\/nykoping\/#website"},"datePublished":"2019-08-07T12:00:06+00:00","dateModified":"2023-08-17T08:45:56+00:00","breadcrumb":{"@id":"https:\/\/wp.kristdemokraterna.se\/nykoping\/textsida-fullbredd\/var-politik-i-regionen\/#breadcrumb"},"inLanguage":"sv-SE","potentialAction":[{"@type":"ReadAction","target":["https:\/\/wp.kristdemokraterna.se\/nykoping\/textsida-fullbredd\/var-politik-i-regionen\/"]}]},{"@type":"BreadcrumbList","@id":"https:\/\/wp.kristdemokraterna.se\/nykoping\/textsida-fullbredd\/var-politik-i-regionen\/#breadcrumb","itemListElement":[{"@type":"ListItem","position":1,"name":"Hem","item":"https:\/\/wp.kristdemokraterna.se\/nykoping\/"},{"@type":"ListItem","position":2,"name":"Vad vi st\u00e5r f\u00f6r!","item":"https:\/\/wp.kristdemokraterna.se\/nykoping\/textsida-fullbredd\/"},{"@type":"ListItem","position":3,"name":"V\u00e5r politik i Regionen"}]},{"@type":"WebSite","@id":"https:\/\/wp.kristdemokraterna.se\/nykoping\/#website","url":"https:\/\/wp.kristdemokraterna.se\/nykoping\/","name":"Kristdemokraterna i Nyk\u00f6ping","description":"Du ska kunna lita p\u00e5 Sverige","inLanguage":"sv-SE"}]}},"_links":{"self":[{"href":"https:\/\/wp.kristdemokraterna.se\/nykoping\/wp-json\/wp\/v2\/pages\/375","targetHints":{"allow":["GET"]}}],"collection":[{"href":"https:\/\/wp.kristdemokraterna.se\/nykoping\/wp-json\/wp\/v2\/pages"}],"about":[{"href":"https:\/\/wp.kristdemokraterna.se\/nykoping\/wp-json\/wp\/v2\/types\/page"}],"author":[{"embeddable":true,"href":"https:\/\/wp.kristdemokraterna.se\/nykoping\/wp-json\/wp\/v2\/users\/783"}],"replies":[{"embeddable":true,"href":"https:\/\/wp.kristdemokraterna.se\/nykoping\/wp-json\/wp\/v2\/comments?post=375"}],"version-history":[{"count":4,"href":"https:\/\/wp.kristdemokraterna.se\/nykoping\/wp-json\/wp\/v2\/pages\/375\/revisions"}],"predecessor-version":[{"id":700,"href":"https:\/\/wp.kristdemokraterna.se\/nykoping\/wp-json\/wp\/v2\/pages\/375\/revisions\/700"}],"up":[{"embeddable":true,"href":"https:\/\/wp.kristdemokraterna.se\/nykoping\/wp-json\/wp\/v2\/pages\/272"}],"wp:attachment":[{"href":"https:\/\/wp.kristdemokraterna.se\/nykoping\/wp-json\/wp\/v2\/media?parent=375"}],"curies":[{"name":"wp","href":"https:\/\/api.w.org\/{rel}","templated":true}]}}