{"id":13,"date":"2013-07-10T22:03:56","date_gmt":"2013-07-10T20:03:56","guid":{"rendered":"http:\/\/wp.kristdemokraterna.se\/nynashamn\/?page_id=13"},"modified":"2022-08-05T10:38:46","modified_gmt":"2022-08-05T08:38:46","slug":"aktuellt","status":"publish","type":"page","link":"https:\/\/wp.kristdemokraterna.se\/nynashamn\/aktuellt\/","title":{"rendered":"VALET 2022"},"content":{"rendered":"<h3><\/h3>\n<p>&nbsp;<\/p>\n<h3><span style=\"color: #1068c7\"><a style=\"color: #1068c7\" href=\"http:\/\/wp.kristdemokraterna.se\/nynashamn\/files\/2022\/08\/a4-20-sidor-valmanifest-kdnynashamn-2022.pdf\">VI LOVAR INTE ALLT TILL ALLA MEN VI H\u00c5LLER VAD VI LOVAR<\/a><\/span><\/h3>\n<h3><a href=\"http:\/\/wp.kristdemokraterna.se\/nynashamn\/files\/2022\/08\/kdgrupp_vi-haler-vad-vi-lovar.png\"><img loading=\"lazy\" decoding=\"async\" class=\"size-thumbnail wp-image-346 alignnone\" src=\"http:\/\/wp.kristdemokraterna.se\/nynashamn\/files\/2022\/08\/kdgrupp_vi-haler-vad-vi-lovar-150x150.png\" alt=\"\" width=\"150\" height=\"150\" srcset=\"https:\/\/wp.kristdemokraterna.se\/nynashamn\/files\/2022\/08\/kdgrupp_vi-haler-vad-vi-lovar-150x150.png 150w, https:\/\/wp.kristdemokraterna.se\/nynashamn\/files\/2022\/08\/kdgrupp_vi-haler-vad-vi-lovar-90x90.png 90w\" sizes=\"auto, (max-width: 150px) 100vw, 150px\" \/><\/a><br \/>\n<span style=\"color: #1068c7\"><a style=\"color: #1068c7\" href=\"http:\/\/wp.kristdemokraterna.se\/nynashamn\/files\/2022\/08\/a4-20-sidor-valmanifest-kdnynashamn-2022.pdf\">KD Nyn\u00e4shamns Valmanifest 2022<\/a><\/span><\/h3>\n<p>&nbsp;<\/p>\n<p>&nbsp;<\/p>\n<h3><span style=\"color: #1068c7\"><a style=\"color: #1068c7\" href=\"http:\/\/wp.kristdemokraterna.se\/nynashamn\/files\/2022\/08\/kd-kommunfolder.pdf\">REDO ATT FORTS\u00c4TTA TA ANSVAR F\u00d6R NYN\u00c4SHAMN<\/a><\/span><\/h3>\n<h3><a href=\"http:\/\/wp.kristdemokraterna.se\/nynashamn\/files\/2022\/08\/kdgrupp_fortsatta-ta-ansvar.png\"><img loading=\"lazy\" decoding=\"async\" class=\"size-thumbnail wp-image-374 alignnone\" src=\"http:\/\/wp.kristdemokraterna.se\/nynashamn\/files\/2022\/08\/kdgrupp_fortsatta-ta-ansvar-150x150.png\" alt=\"\" width=\"150\" height=\"150\" srcset=\"https:\/\/wp.kristdemokraterna.se\/nynashamn\/files\/2022\/08\/kdgrupp_fortsatta-ta-ansvar-150x150.png 150w, https:\/\/wp.kristdemokraterna.se\/nynashamn\/files\/2022\/08\/kdgrupp_fortsatta-ta-ansvar-90x90.png 90w\" sizes=\"auto, (max-width: 150px) 100vw, 150px\" \/><\/a><br \/>\n<span style=\"color: #1068c7\"><a style=\"color: #1068c7\" href=\"http:\/\/wp.kristdemokraterna.se\/nynashamn\/files\/2022\/08\/kd-kommunfolder.pdf\">KD Nyn\u00e4shamns valfolder 2022<\/a><\/span><\/h3>\n<p>&nbsp;<\/p>\n<p>&nbsp;<\/p>\n<h3><span style=\"color: #1068c7\"><a style=\"color: #1068c7\" href=\"http:\/\/wp.kristdemokraterna.se\/nynashamn\/files\/2022\/08\/kryssa-antonella.pdf\">REDO F\u00d6R FRAMTIDENS NYN\u00c4SHAMN<\/a><\/span><\/h3>\n<h3><a href=\"http:\/\/wp.kristdemokraterna.se\/nynashamn\/files\/2022\/08\/ap-redo-framtiden-underlag-np-webbannoinser.png\"><img loading=\"lazy\" decoding=\"async\" class=\"size-thumbnail wp-image-375 alignnone\" src=\"http:\/\/wp.kristdemokraterna.se\/nynashamn\/files\/2022\/08\/ap-redo-framtiden-underlag-np-webbannoinser-150x150.png\" alt=\"\" width=\"150\" height=\"150\" srcset=\"https:\/\/wp.kristdemokraterna.se\/nynashamn\/files\/2022\/08\/ap-redo-framtiden-underlag-np-webbannoinser-150x150.png 150w, https:\/\/wp.kristdemokraterna.se\/nynashamn\/files\/2022\/08\/ap-redo-framtiden-underlag-np-webbannoinser-90x90.png 90w\" sizes=\"auto, (max-width: 150px) 100vw, 150px\" \/><\/a><br \/>\n<span style=\"color: #1068c7\"><a style=\"color: #1068c7\" href=\"http:\/\/wp.kristdemokraterna.se\/nynashamn\/files\/2022\/08\/kryssa-antonella.pdf\">Kryssa Antonella 2022<\/a><\/span><\/h3>\n<p>&nbsp;<\/p>\n<p>&nbsp;<\/p>\n<h3><span style=\"color: #1068c7\"><a style=\"color: #1068c7\" href=\"http:\/\/wp.kristdemokraterna.se\/nynashamn\/files\/2022\/08\/kryssa-b-g.pdf\">REDO ATT TA ANSVAR F\u00d6R LANDSBYGDEN<\/a><\/span><\/h3>\n<h3><a href=\"http:\/\/wp.kristdemokraterna.se\/nynashamn\/files\/2022\/08\/landsbygden.png\"><img loading=\"lazy\" decoding=\"async\" class=\"alignnone size-thumbnail wp-image-348\" src=\"http:\/\/wp.kristdemokraterna.se\/nynashamn\/files\/2022\/08\/landsbygden-150x150.png\" alt=\"\" width=\"150\" height=\"150\" srcset=\"https:\/\/wp.kristdemokraterna.se\/nynashamn\/files\/2022\/08\/landsbygden-150x150.png 150w, https:\/\/wp.kristdemokraterna.se\/nynashamn\/files\/2022\/08\/landsbygden-90x90.png 90w\" sizes=\"auto, (max-width: 150px) 100vw, 150px\" \/><\/a><br \/>\n<span style=\"color: #1068c7\"><a style=\"color: #1068c7\" href=\"http:\/\/wp.kristdemokraterna.se\/nynashamn\/files\/2022\/08\/kryssa-b-g.pdf\">Kryssa B-G 2022<\/a><\/span><\/h3>\n","protected":false},"excerpt":{"rendered":"<p>&nbsp; VI LOVAR INTE ALLT TILL ALLA MEN VI H\u00c5LLER VAD VI LOVAR KD Nyn\u00e4shamns Valmanifest 2022 &nbsp; &nbsp; REDO ATT FORTS\u00c4TTA TA ANSVAR F\u00d6R NYN\u00c4SHAMN KD Nyn\u00e4shamns valfolder 2022 &nbsp; &nbsp; REDO F\u00d6R FRAMTIDENS NYN\u00c4SHAMN Kryssa Antonella 2022 &nbsp; &nbsp; REDO ATT TA ANSVAR F\u00d6R LANDSBYGDEN Kryssa B-G 2022<\/p>\n","protected":false},"author":53,"featured_media":0,"parent":0,"menu_order":4,"comment_status":"closed","ping_status":"closed","template":"","meta":{"_acf_changed":false,"footnotes":""},"class_list":["post-13","page","type-page","status-publish","hentry"],"acf":[],"yoast_head":"<!-- This site is optimized with the Yoast SEO plugin v27.4 - https:\/\/yoast.com\/product\/yoast-seo-wordpress\/ -->\n<title>VALET 2022 - Kristdemokraterna i Nyn\u00e4shamn<\/title>\n<meta name=\"robots\" content=\"index, follow, max-snippet:-1, max-image-preview:large, max-video-preview:-1\" \/>\n<link rel=\"canonical\" href=\"https:\/\/wp.kristdemokraterna.se\/nynashamn\/aktuellt\/\" \/>\n<meta property=\"og:locale\" content=\"sv_SE\" \/>\n<meta property=\"og:type\" content=\"article\" \/>\n<meta property=\"og:title\" content=\"VALET 2022 - Kristdemokraterna i Nyn\u00e4shamn\" \/>\n<meta property=\"og:description\" content=\"&nbsp; VI LOVAR INTE ALLT TILL ALLA MEN VI H\u00c5LLER VAD VI LOVAR KD Nyn\u00e4shamns Valmanifest 2022 &nbsp; &nbsp; REDO ATT FORTS\u00c4TTA TA ANSVAR F\u00d6R NYN\u00c4SHAMN KD Nyn\u00e4shamns valfolder 2022 &nbsp; &nbsp; REDO F\u00d6R FRAMTIDENS NYN\u00c4SHAMN Kryssa Antonella 2022 &nbsp; &nbsp; REDO ATT TA ANSVAR F\u00d6R LANDSBYGDEN Kryssa B-G 2022\" \/>\n<meta property=\"og:url\" content=\"https:\/\/wp.kristdemokraterna.se\/nynashamn\/aktuellt\/\" \/>\n<meta property=\"og:site_name\" content=\"Kristdemokraterna i Nyn\u00e4shamn\" \/>\n<meta property=\"article:modified_time\" content=\"2022-08-05T08:38:46+00:00\" \/>\n<meta property=\"og:image\" content=\"http:\/\/wp.kristdemokraterna.se\/nynashamn\/files\/2022\/08\/kdgrupp_vi-haler-vad-vi-lovar-150x150.png\" \/>\n<meta name=\"twitter:card\" content=\"summary_large_image\" \/>\n<meta name=\"twitter:label1\" content=\"Ber\u00e4knad l\u00e4stid\" \/>\n\t<meta name=\"twitter:data1\" content=\"2 minuter\" \/>\n<script type=\"application\/ld+json\" class=\"yoast-schema-graph\">{\"@context\":\"https:\\\/\\\/schema.org\",\"@graph\":[{\"@type\":\"WebPage\",\"@id\":\"https:\\\/\\\/wp.kristdemokraterna.se\\\/nynashamn\\\/aktuellt\\\/\",\"url\":\"https:\\\/\\\/wp.kristdemokraterna.se\\\/nynashamn\\\/aktuellt\\\/\",\"name\":\"VALET 2022 - Kristdemokraterna i Nyn\u00e4shamn\",\"isPartOf\":{\"@id\":\"https:\\\/\\\/wp.kristdemokraterna.se\\\/nynashamn\\\/#website\"},\"primaryImageOfPage\":{\"@id\":\"https:\\\/\\\/wp.kristdemokraterna.se\\\/nynashamn\\\/aktuellt\\\/#primaryimage\"},\"image\":{\"@id\":\"https:\\\/\\\/wp.kristdemokraterna.se\\\/nynashamn\\\/aktuellt\\\/#primaryimage\"},\"thumbnailUrl\":\"http:\\\/\\\/wp.kristdemokraterna.se\\\/nynashamn\\\/files\\\/2022\\\/08\\\/kdgrupp_vi-haler-vad-vi-lovar-150x150.png\",\"datePublished\":\"2013-07-10T20:03:56+00:00\",\"dateModified\":\"2022-08-05T08:38:46+00:00\",\"breadcrumb\":{\"@id\":\"https:\\\/\\\/wp.kristdemokraterna.se\\\/nynashamn\\\/aktuellt\\\/#breadcrumb\"},\"inLanguage\":\"sv-SE\",\"potentialAction\":[{\"@type\":\"ReadAction\",\"target\":[\"https:\\\/\\\/wp.kristdemokraterna.se\\\/nynashamn\\\/aktuellt\\\/\"]}]},{\"@type\":\"ImageObject\",\"inLanguage\":\"sv-SE\",\"@id\":\"https:\\\/\\\/wp.kristdemokraterna.se\\\/nynashamn\\\/aktuellt\\\/#primaryimage\",\"url\":\"http:\\\/\\\/wp.kristdemokraterna.se\\\/nynashamn\\\/files\\\/2022\\\/08\\\/kdgrupp_vi-haler-vad-vi-lovar-150x150.png\",\"contentUrl\":\"http:\\\/\\\/wp.kristdemokraterna.se\\\/nynashamn\\\/files\\\/2022\\\/08\\\/kdgrupp_vi-haler-vad-vi-lovar-150x150.png\"},{\"@type\":\"BreadcrumbList\",\"@id\":\"https:\\\/\\\/wp.kristdemokraterna.se\\\/nynashamn\\\/aktuellt\\\/#breadcrumb\",\"itemListElement\":[{\"@type\":\"ListItem\",\"position\":1,\"name\":\"Hem\",\"item\":\"https:\\\/\\\/wp.kristdemokraterna.se\\\/nynashamn\\\/\"},{\"@type\":\"ListItem\",\"position\":2,\"name\":\"VALET 2022\"}]},{\"@type\":\"WebSite\",\"@id\":\"https:\\\/\\\/wp.kristdemokraterna.se\\\/nynashamn\\\/#website\",\"url\":\"https:\\\/\\\/wp.kristdemokraterna.se\\\/nynashamn\\\/\",\"name\":\"Kristdemokraterna i Nyn\u00e4shamn\",\"description\":\"Nyn\u00e4shamn i v\u00e5rt hj\u00e4rta\",\"inLanguage\":\"sv-SE\"}]}<\/script>\n<!-- \/ Yoast SEO plugin. -->","yoast_head_json":{"title":"VALET 2022 - Kristdemokraterna i Nyn\u00e4shamn","robots":{"index":"index","follow":"follow","max-snippet":"max-snippet:-1","max-image-preview":"max-image-preview:large","max-video-preview":"max-video-preview:-1"},"canonical":"https:\/\/wp.kristdemokraterna.se\/nynashamn\/aktuellt\/","og_locale":"sv_SE","og_type":"article","og_title":"VALET 2022 - Kristdemokraterna i Nyn\u00e4shamn","og_description":"&nbsp; VI LOVAR INTE ALLT TILL ALLA MEN VI H\u00c5LLER VAD VI LOVAR KD Nyn\u00e4shamns Valmanifest 2022 &nbsp; &nbsp; REDO ATT FORTS\u00c4TTA TA ANSVAR F\u00d6R NYN\u00c4SHAMN KD Nyn\u00e4shamns valfolder 2022 &nbsp; &nbsp; REDO F\u00d6R FRAMTIDENS NYN\u00c4SHAMN Kryssa Antonella 2022 &nbsp; &nbsp; REDO ATT TA ANSVAR F\u00d6R LANDSBYGDEN Kryssa B-G 2022","og_url":"https:\/\/wp.kristdemokraterna.se\/nynashamn\/aktuellt\/","og_site_name":"Kristdemokraterna i Nyn\u00e4shamn","article_modified_time":"2022-08-05T08:38:46+00:00","og_image":[{"url":"http:\/\/wp.kristdemokraterna.se\/nynashamn\/files\/2022\/08\/kdgrupp_vi-haler-vad-vi-lovar-150x150.png","type":"","width":"","height":""}],"twitter_card":"summary_large_image","twitter_misc":{"Ber\u00e4knad l\u00e4stid":"2 minuter"},"schema":{"@context":"https:\/\/schema.org","@graph":[{"@type":"WebPage","@id":"https:\/\/wp.kristdemokraterna.se\/nynashamn\/aktuellt\/","url":"https:\/\/wp.kristdemokraterna.se\/nynashamn\/aktuellt\/","name":"VALET 2022 - Kristdemokraterna i Nyn\u00e4shamn","isPartOf":{"@id":"https:\/\/wp.kristdemokraterna.se\/nynashamn\/#website"},"primaryImageOfPage":{"@id":"https:\/\/wp.kristdemokraterna.se\/nynashamn\/aktuellt\/#primaryimage"},"image":{"@id":"https:\/\/wp.kristdemokraterna.se\/nynashamn\/aktuellt\/#primaryimage"},"thumbnailUrl":"http:\/\/wp.kristdemokraterna.se\/nynashamn\/files\/2022\/08\/kdgrupp_vi-haler-vad-vi-lovar-150x150.png","datePublished":"2013-07-10T20:03:56+00:00","dateModified":"2022-08-05T08:38:46+00:00","breadcrumb":{"@id":"https:\/\/wp.kristdemokraterna.se\/nynashamn\/aktuellt\/#breadcrumb"},"inLanguage":"sv-SE","potentialAction":[{"@type":"ReadAction","target":["https:\/\/wp.kristdemokraterna.se\/nynashamn\/aktuellt\/"]}]},{"@type":"ImageObject","inLanguage":"sv-SE","@id":"https:\/\/wp.kristdemokraterna.se\/nynashamn\/aktuellt\/#primaryimage","url":"http:\/\/wp.kristdemokraterna.se\/nynashamn\/files\/2022\/08\/kdgrupp_vi-haler-vad-vi-lovar-150x150.png","contentUrl":"http:\/\/wp.kristdemokraterna.se\/nynashamn\/files\/2022\/08\/kdgrupp_vi-haler-vad-vi-lovar-150x150.png"},{"@type":"BreadcrumbList","@id":"https:\/\/wp.kristdemokraterna.se\/nynashamn\/aktuellt\/#breadcrumb","itemListElement":[{"@type":"ListItem","position":1,"name":"Hem","item":"https:\/\/wp.kristdemokraterna.se\/nynashamn\/"},{"@type":"ListItem","position":2,"name":"VALET 2022"}]},{"@type":"WebSite","@id":"https:\/\/wp.kristdemokraterna.se\/nynashamn\/#website","url":"https:\/\/wp.kristdemokraterna.se\/nynashamn\/","name":"Kristdemokraterna i Nyn\u00e4shamn","description":"Nyn\u00e4shamn i v\u00e5rt hj\u00e4rta","inLanguage":"sv-SE"}]}},"_links":{"self":[{"href":"https:\/\/wp.kristdemokraterna.se\/nynashamn\/wp-json\/wp\/v2\/pages\/13","targetHints":{"allow":["GET"]}}],"collection":[{"href":"https:\/\/wp.kristdemokraterna.se\/nynashamn\/wp-json\/wp\/v2\/pages"}],"about":[{"href":"https:\/\/wp.kristdemokraterna.se\/nynashamn\/wp-json\/wp\/v2\/types\/page"}],"author":[{"embeddable":true,"href":"https:\/\/wp.kristdemokraterna.se\/nynashamn\/wp-json\/wp\/v2\/users\/53"}],"replies":[{"embeddable":true,"href":"https:\/\/wp.kristdemokraterna.se\/nynashamn\/wp-json\/wp\/v2\/comments?post=13"}],"version-history":[{"count":18,"href":"https:\/\/wp.kristdemokraterna.se\/nynashamn\/wp-json\/wp\/v2\/pages\/13\/revisions"}],"predecessor-version":[{"id":107,"href":"https:\/\/wp.kristdemokraterna.se\/nynashamn\/wp-json\/wp\/v2\/pages\/13\/revisions\/107"}],"wp:attachment":[{"href":"https:\/\/wp.kristdemokraterna.se\/nynashamn\/wp-json\/wp\/v2\/media?parent=13"}],"curies":[{"name":"wp","href":"https:\/\/api.w.org\/{rel}","templated":true}]}}