{"id":24,"date":"2013-07-10T22:11:46","date_gmt":"2013-07-10T20:11:46","guid":{"rendered":"http:\/\/wp.kristdemokraterna.se\/nynashamn\/?page_id=24"},"modified":"2024-09-24T10:42:43","modified_gmt":"2024-09-24T08:42:43","slug":"politiker-i-namnder","status":"publish","type":"page","link":"https:\/\/wp.kristdemokraterna.se\/nynashamn\/startsida\/vara-politiker\/politiker-i-namnder\/","title":{"rendered":"Politiker i N\u00e4mnder och Bolagsstyrelser"},"content":{"rendered":"<p><strong>Gruppledare och kommunalr\u00e5d<\/strong><br \/>\nAntonella Pirrone<\/p>\n<p><strong>Kommunstyrelsen<\/strong><br \/>\nBengt-G\u00f6ran Pettersson, ledamot<\/p>\n<p><strong>Socialn\u00e4mnden<\/strong><br \/>\nBengt-G\u00f6ran Pettersson, 1e vice ordf\u00f6rande<br \/>\nTouko Makkonen, ers\u00e4ttare<\/p>\n<p><strong>Socialn\u00e4mndens Individ- och familjeutskott<\/strong><br \/>\nVakant, Vice ordf\u00f6rande<\/p>\n<p><strong>Barn- och utbildningsn\u00e4mnden<br \/>\n<\/strong>Kjell-\u00c5ke Ellstr\u00f6m, ers\u00e4ttare<\/p>\n<p><strong>N\u00e4ringslivs- och arbetsmarknadsn\u00e4mnden<\/strong><br \/>\nAntonella Pirrone, ordf\u00f6rande<br \/>\nOscar Harrysson, ers\u00e4ttare<\/p>\n<p><strong>Kultur- och fritidsn\u00e4mnden<\/strong><br \/>\nLeif Kavander, ers\u00e4ttare<\/p>\n<p><strong>Samh\u00e4llsbyggn\u00e4mnden<\/strong><br \/>\nOscar Harrysson, ers\u00e4ttare<\/p>\n<p><strong>Arvodesn\u00e4mnden<\/strong><br \/>\nOlov \u00c5kerman, ledamot<\/p>\n<p><strong>Valn\u00e4mnden<\/strong><br \/>\nClas Magnusson, ers\u00e4ttare<\/p>\n<p><strong>Nyn\u00e4shamnsbost\u00e4der<\/strong><br \/>\nBengt-G\u00f6ran Pettersson, ledamot<\/p>\n","protected":false},"excerpt":{"rendered":"<p>Gruppledare och kommunalr\u00e5d Antonella Pirrone Kommunstyrelsen Bengt-G\u00f6ran Pettersson, ledamot Socialn\u00e4mnden Bengt-G\u00f6ran Pettersson, 1e vice ordf\u00f6rande Touko Makkonen, ers\u00e4ttare Socialn\u00e4mndens Individ- och familjeutskott Vakant, Vice ordf\u00f6rande Barn- och utbildningsn\u00e4mnden Kjell-\u00c5ke Ellstr\u00f6m, ers\u00e4ttare N\u00e4ringslivs- och arbetsmarknadsn\u00e4mnden Antonella Pirrone, ordf\u00f6rande Oscar Harrysson, ers\u00e4ttare Kultur- och fritidsn\u00e4mnden Leif Kavander, ers\u00e4ttare Samh\u00e4llsbyggn\u00e4mnden Oscar Harrysson, ers\u00e4ttare Arvodesn\u00e4mnden Olov \u00c5kerman, ledamot Valn\u00e4mnden <a class=\"read-more-link\" href=\"https:\/\/wp.kristdemokraterna.se\/nynashamn\/startsida\/vara-politiker\/politiker-i-namnder\/\">Read More<\/a><\/p>\n","protected":false},"author":53,"featured_media":0,"parent":391,"menu_order":3,"comment_status":"closed","ping_status":"closed","template":"page.php","meta":{"_acf_changed":false,"footnotes":""},"class_list":["post-24","page","type-page","status-publish","hentry"],"acf":[],"yoast_head":"<!-- This site is optimized with the Yoast SEO plugin v27.4 - https:\/\/yoast.com\/product\/yoast-seo-wordpress\/ -->\n<title>Politiker i N\u00e4mnder och Bolagsstyrelser - Kristdemokraterna i Nyn\u00e4shamn<\/title>\n<meta name=\"robots\" content=\"index, follow, max-snippet:-1, max-image-preview:large, max-video-preview:-1\" \/>\n<link rel=\"canonical\" href=\"https:\/\/wp.kristdemokraterna.se\/nynashamn\/startsida\/vara-politiker\/politiker-i-namnder\/\" \/>\n<meta property=\"og:locale\" content=\"sv_SE\" \/>\n<meta property=\"og:type\" content=\"article\" \/>\n<meta property=\"og:title\" content=\"Politiker i N\u00e4mnder och Bolagsstyrelser - Kristdemokraterna i Nyn\u00e4shamn\" \/>\n<meta property=\"og:description\" content=\"Gruppledare och kommunalr\u00e5d Antonella Pirrone Kommunstyrelsen Bengt-G\u00f6ran Pettersson, ledamot Socialn\u00e4mnden Bengt-G\u00f6ran Pettersson, 1e vice ordf\u00f6rande Touko Makkonen, ers\u00e4ttare Socialn\u00e4mndens Individ- och familjeutskott Vakant, Vice ordf\u00f6rande Barn- och utbildningsn\u00e4mnden Kjell-\u00c5ke Ellstr\u00f6m, ers\u00e4ttare N\u00e4ringslivs- och arbetsmarknadsn\u00e4mnden Antonella Pirrone, ordf\u00f6rande Oscar Harrysson, ers\u00e4ttare Kultur- och fritidsn\u00e4mnden Leif Kavander, ers\u00e4ttare Samh\u00e4llsbyggn\u00e4mnden Oscar Harrysson, ers\u00e4ttare Arvodesn\u00e4mnden Olov \u00c5kerman, ledamot Valn\u00e4mnden Read More\" \/>\n<meta property=\"og:url\" content=\"https:\/\/wp.kristdemokraterna.se\/nynashamn\/startsida\/vara-politiker\/politiker-i-namnder\/\" \/>\n<meta property=\"og:site_name\" content=\"Kristdemokraterna i Nyn\u00e4shamn\" \/>\n<meta property=\"article:modified_time\" content=\"2024-09-24T08:42:43+00:00\" \/>\n<meta name=\"twitter:card\" content=\"summary_large_image\" \/>\n<meta name=\"twitter:label1\" content=\"Ber\u00e4knad l\u00e4stid\" \/>\n\t<meta name=\"twitter:data1\" content=\"1 minut\" \/>\n<script type=\"application\/ld+json\" class=\"yoast-schema-graph\">{\"@context\":\"https:\\\/\\\/schema.org\",\"@graph\":[{\"@type\":\"WebPage\",\"@id\":\"https:\\\/\\\/wp.kristdemokraterna.se\\\/nynashamn\\\/startsida\\\/vara-politiker\\\/politiker-i-namnder\\\/\",\"url\":\"https:\\\/\\\/wp.kristdemokraterna.se\\\/nynashamn\\\/startsida\\\/vara-politiker\\\/politiker-i-namnder\\\/\",\"name\":\"Politiker i N\u00e4mnder och Bolagsstyrelser - Kristdemokraterna i Nyn\u00e4shamn\",\"isPartOf\":{\"@id\":\"https:\\\/\\\/wp.kristdemokraterna.se\\\/nynashamn\\\/#website\"},\"datePublished\":\"2013-07-10T20:11:46+00:00\",\"dateModified\":\"2024-09-24T08:42:43+00:00\",\"breadcrumb\":{\"@id\":\"https:\\\/\\\/wp.kristdemokraterna.se\\\/nynashamn\\\/startsida\\\/vara-politiker\\\/politiker-i-namnder\\\/#breadcrumb\"},\"inLanguage\":\"sv-SE\",\"potentialAction\":[{\"@type\":\"ReadAction\",\"target\":[\"https:\\\/\\\/wp.kristdemokraterna.se\\\/nynashamn\\\/startsida\\\/vara-politiker\\\/politiker-i-namnder\\\/\"]}]},{\"@type\":\"BreadcrumbList\",\"@id\":\"https:\\\/\\\/wp.kristdemokraterna.se\\\/nynashamn\\\/startsida\\\/vara-politiker\\\/politiker-i-namnder\\\/#breadcrumb\",\"itemListElement\":[{\"@type\":\"ListItem\",\"position\":1,\"name\":\"Hem\",\"item\":\"https:\\\/\\\/wp.kristdemokraterna.se\\\/nynashamn\\\/\"},{\"@type\":\"ListItem\",\"position\":2,\"name\":\"Startsida\",\"item\":\"https:\\\/\\\/wp.kristdemokraterna.se\\\/nynashamn\\\/\"},{\"@type\":\"ListItem\",\"position\":3,\"name\":\"V\u00e5ra Politiker\",\"item\":\"https:\\\/\\\/wp.kristdemokraterna.se\\\/nynashamn\\\/startsida\\\/vara-politiker\\\/\"},{\"@type\":\"ListItem\",\"position\":4,\"name\":\"Politiker i N\u00e4mnder och Bolagsstyrelser\"}]},{\"@type\":\"WebSite\",\"@id\":\"https:\\\/\\\/wp.kristdemokraterna.se\\\/nynashamn\\\/#website\",\"url\":\"https:\\\/\\\/wp.kristdemokraterna.se\\\/nynashamn\\\/\",\"name\":\"Kristdemokraterna i Nyn\u00e4shamn\",\"description\":\"Nyn\u00e4shamn i v\u00e5rt hj\u00e4rta\",\"inLanguage\":\"sv-SE\"}]}<\/script>\n<!-- \/ Yoast SEO plugin. -->","yoast_head_json":{"title":"Politiker i N\u00e4mnder och Bolagsstyrelser - Kristdemokraterna i Nyn\u00e4shamn","robots":{"index":"index","follow":"follow","max-snippet":"max-snippet:-1","max-image-preview":"max-image-preview:large","max-video-preview":"max-video-preview:-1"},"canonical":"https:\/\/wp.kristdemokraterna.se\/nynashamn\/startsida\/vara-politiker\/politiker-i-namnder\/","og_locale":"sv_SE","og_type":"article","og_title":"Politiker i N\u00e4mnder och Bolagsstyrelser - Kristdemokraterna i Nyn\u00e4shamn","og_description":"Gruppledare och kommunalr\u00e5d Antonella Pirrone Kommunstyrelsen Bengt-G\u00f6ran Pettersson, ledamot Socialn\u00e4mnden Bengt-G\u00f6ran Pettersson, 1e vice ordf\u00f6rande Touko Makkonen, ers\u00e4ttare Socialn\u00e4mndens Individ- och familjeutskott Vakant, Vice ordf\u00f6rande Barn- och utbildningsn\u00e4mnden Kjell-\u00c5ke Ellstr\u00f6m, ers\u00e4ttare N\u00e4ringslivs- och arbetsmarknadsn\u00e4mnden Antonella Pirrone, ordf\u00f6rande Oscar Harrysson, ers\u00e4ttare Kultur- och fritidsn\u00e4mnden Leif Kavander, ers\u00e4ttare Samh\u00e4llsbyggn\u00e4mnden Oscar Harrysson, ers\u00e4ttare Arvodesn\u00e4mnden Olov \u00c5kerman, ledamot Valn\u00e4mnden Read More","og_url":"https:\/\/wp.kristdemokraterna.se\/nynashamn\/startsida\/vara-politiker\/politiker-i-namnder\/","og_site_name":"Kristdemokraterna i Nyn\u00e4shamn","article_modified_time":"2024-09-24T08:42:43+00:00","twitter_card":"summary_large_image","twitter_misc":{"Ber\u00e4knad l\u00e4stid":"1 minut"},"schema":{"@context":"https:\/\/schema.org","@graph":[{"@type":"WebPage","@id":"https:\/\/wp.kristdemokraterna.se\/nynashamn\/startsida\/vara-politiker\/politiker-i-namnder\/","url":"https:\/\/wp.kristdemokraterna.se\/nynashamn\/startsida\/vara-politiker\/politiker-i-namnder\/","name":"Politiker i N\u00e4mnder och Bolagsstyrelser - Kristdemokraterna i Nyn\u00e4shamn","isPartOf":{"@id":"https:\/\/wp.kristdemokraterna.se\/nynashamn\/#website"},"datePublished":"2013-07-10T20:11:46+00:00","dateModified":"2024-09-24T08:42:43+00:00","breadcrumb":{"@id":"https:\/\/wp.kristdemokraterna.se\/nynashamn\/startsida\/vara-politiker\/politiker-i-namnder\/#breadcrumb"},"inLanguage":"sv-SE","potentialAction":[{"@type":"ReadAction","target":["https:\/\/wp.kristdemokraterna.se\/nynashamn\/startsida\/vara-politiker\/politiker-i-namnder\/"]}]},{"@type":"BreadcrumbList","@id":"https:\/\/wp.kristdemokraterna.se\/nynashamn\/startsida\/vara-politiker\/politiker-i-namnder\/#breadcrumb","itemListElement":[{"@type":"ListItem","position":1,"name":"Hem","item":"https:\/\/wp.kristdemokraterna.se\/nynashamn\/"},{"@type":"ListItem","position":2,"name":"Startsida","item":"https:\/\/wp.kristdemokraterna.se\/nynashamn\/"},{"@type":"ListItem","position":3,"name":"V\u00e5ra Politiker","item":"https:\/\/wp.kristdemokraterna.se\/nynashamn\/startsida\/vara-politiker\/"},{"@type":"ListItem","position":4,"name":"Politiker i N\u00e4mnder och Bolagsstyrelser"}]},{"@type":"WebSite","@id":"https:\/\/wp.kristdemokraterna.se\/nynashamn\/#website","url":"https:\/\/wp.kristdemokraterna.se\/nynashamn\/","name":"Kristdemokraterna i Nyn\u00e4shamn","description":"Nyn\u00e4shamn i v\u00e5rt hj\u00e4rta","inLanguage":"sv-SE"}]}},"_links":{"self":[{"href":"https:\/\/wp.kristdemokraterna.se\/nynashamn\/wp-json\/wp\/v2\/pages\/24","targetHints":{"allow":["GET"]}}],"collection":[{"href":"https:\/\/wp.kristdemokraterna.se\/nynashamn\/wp-json\/wp\/v2\/pages"}],"about":[{"href":"https:\/\/wp.kristdemokraterna.se\/nynashamn\/wp-json\/wp\/v2\/types\/page"}],"author":[{"embeddable":true,"href":"https:\/\/wp.kristdemokraterna.se\/nynashamn\/wp-json\/wp\/v2\/users\/53"}],"replies":[{"embeddable":true,"href":"https:\/\/wp.kristdemokraterna.se\/nynashamn\/wp-json\/wp\/v2\/comments?post=24"}],"version-history":[{"count":20,"href":"https:\/\/wp.kristdemokraterna.se\/nynashamn\/wp-json\/wp\/v2\/pages\/24\/revisions"}],"predecessor-version":[{"id":424,"href":"https:\/\/wp.kristdemokraterna.se\/nynashamn\/wp-json\/wp\/v2\/pages\/24\/revisions\/424"}],"up":[{"embeddable":true,"href":"https:\/\/wp.kristdemokraterna.se\/nynashamn\/wp-json\/wp\/v2\/pages\/391"}],"wp:attachment":[{"href":"https:\/\/wp.kristdemokraterna.se\/nynashamn\/wp-json\/wp\/v2\/media?parent=24"}],"curies":[{"name":"wp","href":"https:\/\/api.w.org\/{rel}","templated":true}]}}