{"id":391,"date":"2022-08-29T16:52:41","date_gmt":"2022-08-29T14:52:41","guid":{"rendered":"https:\/\/wp.kristdemokraterna.se\/nynashamn\/?page_id=391"},"modified":"2025-10-01T14:16:14","modified_gmt":"2025-10-01T12:16:14","slug":"vara-politiker","status":"publish","type":"page","link":"https:\/\/wp.kristdemokraterna.se\/nynashamn\/startsida\/vara-politiker\/","title":{"rendered":"V\u00e5ra Politiker"},"content":{"rendered":"<p><a href=\"http:\/\/wp.kristdemokraterna.se\/nynashamn\/files\/2022\/07\/lmp20220426_dsc2257-scaled-e1657715544815.jpg\"><img loading=\"lazy\" decoding=\"async\" class=\"alignnone size-thumbnail wp-image-313\" src=\"http:\/\/wp.kristdemokraterna.se\/nynashamn\/files\/2022\/07\/lmp20220426_dsc2257-scaled-e1657715544815-150x150.jpg\" alt=\"\" width=\"150\" height=\"150\" srcset=\"https:\/\/wp.kristdemokraterna.se\/nynashamn\/files\/2022\/07\/lmp20220426_dsc2257-scaled-e1657715544815-150x150.jpg 150w, https:\/\/wp.kristdemokraterna.se\/nynashamn\/files\/2022\/07\/lmp20220426_dsc2257-scaled-e1657715544815-90x90.jpg 90w\" sizes=\"auto, (max-width: 150px) 100vw, 150px\" \/><\/a><br \/>\nAntonella Pirrone, ledamot, gruppledare<\/p>\n<p>&nbsp;<\/p>\n<p><a href=\"http:\/\/wp.kristdemokraterna.se\/nynashamn\/files\/2022\/07\/img_7589-scaled-e1657715685543.jpg\"><img loading=\"lazy\" decoding=\"async\" class=\"alignnone size-thumbnail wp-image-314\" src=\"http:\/\/wp.kristdemokraterna.se\/nynashamn\/files\/2022\/07\/img_7589-scaled-e1657715685543-150x150.jpg\" alt=\"\" width=\"150\" height=\"150\" srcset=\"https:\/\/wp.kristdemokraterna.se\/nynashamn\/files\/2022\/07\/img_7589-scaled-e1657715685543-150x150.jpg 150w, https:\/\/wp.kristdemokraterna.se\/nynashamn\/files\/2022\/07\/img_7589-scaled-e1657715685543-90x90.jpg 90w\" sizes=\"auto, (max-width: 150px) 100vw, 150px\" \/><\/a><br \/>\nBengt-G\u00f6ran Pettersson, ers\u00e4ttare<\/p>\n<p>&nbsp;<\/p>\n<p><strong>Kommunalr\u00e5d<\/strong><br \/>\nAntonella Pirrone<\/p>\n<p><strong>Kommunstyrelsen<\/strong><br \/>\nBengt-G\u00f6ran Pettersson, ledamot<\/p>\n<p><strong>Socialn\u00e4mnden<\/strong><br \/>\nBengt-G\u00f6ran Pettersson, Vice ordf\u00f6rande<br \/>\nTouko Makkonen, ers\u00e4ttare<\/p>\n<p><strong>Barn- och utbildningsn\u00e4mnden<br \/>\n<\/strong>Kjell-\u00c5ke Ellstr\u00f6m, ers\u00e4ttare<\/p>\n<p><strong>N\u00e4ringslivs- och arbetsmarknadsn\u00e4mnden<\/strong><br \/>\nAntonella Pirrone, Ordf\u00f6rande<br \/>\nOscar Harrysson, ers\u00e4ttare<\/p>\n<p><strong>Kultur- och fritidsn\u00e4mnden<\/strong><br \/>\nLeif Kavander, ers\u00e4ttare<\/p>\n<p><strong>Samh\u00e4llsbyggn\u00e4mnden<\/strong><br \/>\nOscar Harrysson, ers\u00e4ttare<\/p>\n<p><strong>Kommunala r\u00e5det f\u00f6r funktionshinderfr\u00e5gor<\/strong><br \/>\nOscar Harrysson<\/p>\n<p><strong>Kommunala r\u00e5det f\u00f6r pension\u00e4rsfr\u00e5gor<\/strong><br \/>\nOscar Harrysson<\/p>\n<p><strong>Arvodesn\u00e4mnden<\/strong><br \/>\nOlov \u00c5kerman, ers\u00e4ttare<\/p>\n<p><strong>Valn\u00e4mnden<\/strong><br \/>\nClas Magnusson, ledamot<\/p>\n<p><strong>Nyn\u00e4shamnsbost\u00e4der<\/strong><br \/>\nBengt-G\u00f6ran Pettersson, ledamot<\/p>\n<p><strong>Valberedningen<br \/>\n<\/strong>Olov \u00c5kerman, ers\u00e4ttare<\/p>\n","protected":false},"excerpt":{"rendered":"<p>Antonella Pirrone, ledamot, gruppledare &nbsp; Bengt-G\u00f6ran Pettersson, ers\u00e4ttare &nbsp; Kommunalr\u00e5d Antonella Pirrone Kommunstyrelsen Bengt-G\u00f6ran Pettersson, ledamot Socialn\u00e4mnden Bengt-G\u00f6ran Pettersson, Vice ordf\u00f6rande Touko Makkonen, ers\u00e4ttare Barn- och utbildningsn\u00e4mnden Kjell-\u00c5ke Ellstr\u00f6m, ers\u00e4ttare N\u00e4ringslivs- och arbetsmarknadsn\u00e4mnden Antonella Pirrone, Ordf\u00f6rande Oscar Harrysson, ers\u00e4ttare Kultur- och fritidsn\u00e4mnden Leif Kavander, ers\u00e4ttare Samh\u00e4llsbyggn\u00e4mnden Oscar Harrysson, ers\u00e4ttare Kommunala r\u00e5det f\u00f6r funktionshinderfr\u00e5gor Oscar Harrysson <a class=\"read-more-link\" href=\"https:\/\/wp.kristdemokraterna.se\/nynashamn\/startsida\/vara-politiker\/\">Read More<\/a><\/p>\n","protected":false},"author":444,"featured_media":0,"parent":182,"menu_order":0,"comment_status":"closed","ping_status":"closed","template":"page.php","meta":{"_acf_changed":false,"footnotes":""},"class_list":["post-391","page","type-page","status-publish","hentry"],"acf":[],"yoast_head":"<!-- This site is optimized with the Yoast SEO plugin v27.4 - https:\/\/yoast.com\/product\/yoast-seo-wordpress\/ -->\n<title>V\u00e5ra Politiker - Kristdemokraterna i Nyn\u00e4shamn<\/title>\n<meta name=\"robots\" content=\"index, follow, max-snippet:-1, max-image-preview:large, max-video-preview:-1\" \/>\n<link rel=\"canonical\" href=\"https:\/\/wp.kristdemokraterna.se\/nynashamn\/startsida\/vara-politiker\/\" \/>\n<meta property=\"og:locale\" content=\"sv_SE\" \/>\n<meta property=\"og:type\" content=\"article\" \/>\n<meta property=\"og:title\" content=\"V\u00e5ra Politiker - Kristdemokraterna i Nyn\u00e4shamn\" \/>\n<meta property=\"og:description\" content=\"Antonella Pirrone, ledamot, gruppledare &nbsp; Bengt-G\u00f6ran Pettersson, ers\u00e4ttare &nbsp; Kommunalr\u00e5d Antonella Pirrone Kommunstyrelsen Bengt-G\u00f6ran Pettersson, ledamot Socialn\u00e4mnden Bengt-G\u00f6ran Pettersson, Vice ordf\u00f6rande Touko Makkonen, ers\u00e4ttare Barn- och utbildningsn\u00e4mnden Kjell-\u00c5ke Ellstr\u00f6m, ers\u00e4ttare N\u00e4ringslivs- och arbetsmarknadsn\u00e4mnden Antonella Pirrone, Ordf\u00f6rande Oscar Harrysson, ers\u00e4ttare Kultur- och fritidsn\u00e4mnden Leif Kavander, ers\u00e4ttare Samh\u00e4llsbyggn\u00e4mnden Oscar Harrysson, ers\u00e4ttare Kommunala r\u00e5det f\u00f6r funktionshinderfr\u00e5gor Oscar Harrysson Read More\" \/>\n<meta property=\"og:url\" content=\"https:\/\/wp.kristdemokraterna.se\/nynashamn\/startsida\/vara-politiker\/\" \/>\n<meta property=\"og:site_name\" content=\"Kristdemokraterna i Nyn\u00e4shamn\" \/>\n<meta property=\"article:modified_time\" content=\"2025-10-01T12:16:14+00:00\" \/>\n<meta property=\"og:image\" content=\"https:\/\/wp.kristdemokraterna.se\/nynashamn\/files\/2022\/07\/lmp20220426_dsc2257-scaled-e1657715544815.jpg\" \/>\n\t<meta property=\"og:image:width\" content=\"1228\" \/>\n\t<meta property=\"og:image:height\" content=\"1478\" \/>\n\t<meta property=\"og:image:type\" content=\"image\/jpeg\" \/>\n<meta name=\"twitter:card\" content=\"summary_large_image\" \/>\n<meta name=\"twitter:label1\" content=\"Ber\u00e4knad l\u00e4stid\" \/>\n\t<meta name=\"twitter:data1\" content=\"1 minut\" \/>\n<script type=\"application\/ld+json\" class=\"yoast-schema-graph\">{\"@context\":\"https:\\\/\\\/schema.org\",\"@graph\":[{\"@type\":\"WebPage\",\"@id\":\"https:\\\/\\\/wp.kristdemokraterna.se\\\/nynashamn\\\/startsida\\\/vara-politiker\\\/\",\"url\":\"https:\\\/\\\/wp.kristdemokraterna.se\\\/nynashamn\\\/startsida\\\/vara-politiker\\\/\",\"name\":\"V\u00e5ra Politiker - Kristdemokraterna i Nyn\u00e4shamn\",\"isPartOf\":{\"@id\":\"https:\\\/\\\/wp.kristdemokraterna.se\\\/nynashamn\\\/#website\"},\"primaryImageOfPage\":{\"@id\":\"https:\\\/\\\/wp.kristdemokraterna.se\\\/nynashamn\\\/startsida\\\/vara-politiker\\\/#primaryimage\"},\"image\":{\"@id\":\"https:\\\/\\\/wp.kristdemokraterna.se\\\/nynashamn\\\/startsida\\\/vara-politiker\\\/#primaryimage\"},\"thumbnailUrl\":\"http:\\\/\\\/wp.kristdemokraterna.se\\\/nynashamn\\\/files\\\/2022\\\/07\\\/lmp20220426_dsc2257-scaled-e1657715544815-150x150.jpg\",\"datePublished\":\"2022-08-29T14:52:41+00:00\",\"dateModified\":\"2025-10-01T12:16:14+00:00\",\"breadcrumb\":{\"@id\":\"https:\\\/\\\/wp.kristdemokraterna.se\\\/nynashamn\\\/startsida\\\/vara-politiker\\\/#breadcrumb\"},\"inLanguage\":\"sv-SE\",\"potentialAction\":[{\"@type\":\"ReadAction\",\"target\":[\"https:\\\/\\\/wp.kristdemokraterna.se\\\/nynashamn\\\/startsida\\\/vara-politiker\\\/\"]}]},{\"@type\":\"ImageObject\",\"inLanguage\":\"sv-SE\",\"@id\":\"https:\\\/\\\/wp.kristdemokraterna.se\\\/nynashamn\\\/startsida\\\/vara-politiker\\\/#primaryimage\",\"url\":\"http:\\\/\\\/wp.kristdemokraterna.se\\\/nynashamn\\\/files\\\/2022\\\/07\\\/lmp20220426_dsc2257-scaled-e1657715544815-150x150.jpg\",\"contentUrl\":\"http:\\\/\\\/wp.kristdemokraterna.se\\\/nynashamn\\\/files\\\/2022\\\/07\\\/lmp20220426_dsc2257-scaled-e1657715544815-150x150.jpg\"},{\"@type\":\"BreadcrumbList\",\"@id\":\"https:\\\/\\\/wp.kristdemokraterna.se\\\/nynashamn\\\/startsida\\\/vara-politiker\\\/#breadcrumb\",\"itemListElement\":[{\"@type\":\"ListItem\",\"position\":1,\"name\":\"Hem\",\"item\":\"https:\\\/\\\/wp.kristdemokraterna.se\\\/nynashamn\\\/\"},{\"@type\":\"ListItem\",\"position\":2,\"name\":\"Startsida\",\"item\":\"https:\\\/\\\/wp.kristdemokraterna.se\\\/nynashamn\\\/\"},{\"@type\":\"ListItem\",\"position\":3,\"name\":\"V\u00e5ra Politiker\"}]},{\"@type\":\"WebSite\",\"@id\":\"https:\\\/\\\/wp.kristdemokraterna.se\\\/nynashamn\\\/#website\",\"url\":\"https:\\\/\\\/wp.kristdemokraterna.se\\\/nynashamn\\\/\",\"name\":\"Kristdemokraterna i Nyn\u00e4shamn\",\"description\":\"Nyn\u00e4shamn i v\u00e5rt hj\u00e4rta\",\"inLanguage\":\"sv-SE\"}]}<\/script>\n<!-- \/ Yoast SEO plugin. -->","yoast_head_json":{"title":"V\u00e5ra Politiker - Kristdemokraterna i Nyn\u00e4shamn","robots":{"index":"index","follow":"follow","max-snippet":"max-snippet:-1","max-image-preview":"max-image-preview:large","max-video-preview":"max-video-preview:-1"},"canonical":"https:\/\/wp.kristdemokraterna.se\/nynashamn\/startsida\/vara-politiker\/","og_locale":"sv_SE","og_type":"article","og_title":"V\u00e5ra Politiker - Kristdemokraterna i Nyn\u00e4shamn","og_description":"Antonella Pirrone, ledamot, gruppledare &nbsp; Bengt-G\u00f6ran Pettersson, ers\u00e4ttare &nbsp; Kommunalr\u00e5d Antonella Pirrone Kommunstyrelsen Bengt-G\u00f6ran Pettersson, ledamot Socialn\u00e4mnden Bengt-G\u00f6ran Pettersson, Vice ordf\u00f6rande Touko Makkonen, ers\u00e4ttare Barn- och utbildningsn\u00e4mnden Kjell-\u00c5ke Ellstr\u00f6m, ers\u00e4ttare N\u00e4ringslivs- och arbetsmarknadsn\u00e4mnden Antonella Pirrone, Ordf\u00f6rande Oscar Harrysson, ers\u00e4ttare Kultur- och fritidsn\u00e4mnden Leif Kavander, ers\u00e4ttare Samh\u00e4llsbyggn\u00e4mnden Oscar Harrysson, ers\u00e4ttare Kommunala r\u00e5det f\u00f6r funktionshinderfr\u00e5gor Oscar Harrysson Read More","og_url":"https:\/\/wp.kristdemokraterna.se\/nynashamn\/startsida\/vara-politiker\/","og_site_name":"Kristdemokraterna i Nyn\u00e4shamn","article_modified_time":"2025-10-01T12:16:14+00:00","og_image":[{"width":1228,"height":1478,"url":"https:\/\/wp.kristdemokraterna.se\/nynashamn\/files\/2022\/07\/lmp20220426_dsc2257-scaled-e1657715544815.jpg","type":"image\/jpeg"}],"twitter_card":"summary_large_image","twitter_misc":{"Ber\u00e4knad l\u00e4stid":"1 minut"},"schema":{"@context":"https:\/\/schema.org","@graph":[{"@type":"WebPage","@id":"https:\/\/wp.kristdemokraterna.se\/nynashamn\/startsida\/vara-politiker\/","url":"https:\/\/wp.kristdemokraterna.se\/nynashamn\/startsida\/vara-politiker\/","name":"V\u00e5ra Politiker - Kristdemokraterna i Nyn\u00e4shamn","isPartOf":{"@id":"https:\/\/wp.kristdemokraterna.se\/nynashamn\/#website"},"primaryImageOfPage":{"@id":"https:\/\/wp.kristdemokraterna.se\/nynashamn\/startsida\/vara-politiker\/#primaryimage"},"image":{"@id":"https:\/\/wp.kristdemokraterna.se\/nynashamn\/startsida\/vara-politiker\/#primaryimage"},"thumbnailUrl":"http:\/\/wp.kristdemokraterna.se\/nynashamn\/files\/2022\/07\/lmp20220426_dsc2257-scaled-e1657715544815-150x150.jpg","datePublished":"2022-08-29T14:52:41+00:00","dateModified":"2025-10-01T12:16:14+00:00","breadcrumb":{"@id":"https:\/\/wp.kristdemokraterna.se\/nynashamn\/startsida\/vara-politiker\/#breadcrumb"},"inLanguage":"sv-SE","potentialAction":[{"@type":"ReadAction","target":["https:\/\/wp.kristdemokraterna.se\/nynashamn\/startsida\/vara-politiker\/"]}]},{"@type":"ImageObject","inLanguage":"sv-SE","@id":"https:\/\/wp.kristdemokraterna.se\/nynashamn\/startsida\/vara-politiker\/#primaryimage","url":"http:\/\/wp.kristdemokraterna.se\/nynashamn\/files\/2022\/07\/lmp20220426_dsc2257-scaled-e1657715544815-150x150.jpg","contentUrl":"http:\/\/wp.kristdemokraterna.se\/nynashamn\/files\/2022\/07\/lmp20220426_dsc2257-scaled-e1657715544815-150x150.jpg"},{"@type":"BreadcrumbList","@id":"https:\/\/wp.kristdemokraterna.se\/nynashamn\/startsida\/vara-politiker\/#breadcrumb","itemListElement":[{"@type":"ListItem","position":1,"name":"Hem","item":"https:\/\/wp.kristdemokraterna.se\/nynashamn\/"},{"@type":"ListItem","position":2,"name":"Startsida","item":"https:\/\/wp.kristdemokraterna.se\/nynashamn\/"},{"@type":"ListItem","position":3,"name":"V\u00e5ra Politiker"}]},{"@type":"WebSite","@id":"https:\/\/wp.kristdemokraterna.se\/nynashamn\/#website","url":"https:\/\/wp.kristdemokraterna.se\/nynashamn\/","name":"Kristdemokraterna i Nyn\u00e4shamn","description":"Nyn\u00e4shamn i v\u00e5rt hj\u00e4rta","inLanguage":"sv-SE"}]}},"_links":{"self":[{"href":"https:\/\/wp.kristdemokraterna.se\/nynashamn\/wp-json\/wp\/v2\/pages\/391","targetHints":{"allow":["GET"]}}],"collection":[{"href":"https:\/\/wp.kristdemokraterna.se\/nynashamn\/wp-json\/wp\/v2\/pages"}],"about":[{"href":"https:\/\/wp.kristdemokraterna.se\/nynashamn\/wp-json\/wp\/v2\/types\/page"}],"author":[{"embeddable":true,"href":"https:\/\/wp.kristdemokraterna.se\/nynashamn\/wp-json\/wp\/v2\/users\/444"}],"replies":[{"embeddable":true,"href":"https:\/\/wp.kristdemokraterna.se\/nynashamn\/wp-json\/wp\/v2\/comments?post=391"}],"version-history":[{"count":5,"href":"https:\/\/wp.kristdemokraterna.se\/nynashamn\/wp-json\/wp\/v2\/pages\/391\/revisions"}],"predecessor-version":[{"id":428,"href":"https:\/\/wp.kristdemokraterna.se\/nynashamn\/wp-json\/wp\/v2\/pages\/391\/revisions\/428"}],"up":[{"embeddable":true,"href":"https:\/\/wp.kristdemokraterna.se\/nynashamn\/wp-json\/wp\/v2\/pages\/182"}],"wp:attachment":[{"href":"https:\/\/wp.kristdemokraterna.se\/nynashamn\/wp-json\/wp\/v2\/media?parent=391"}],"curies":[{"name":"wp","href":"https:\/\/api.w.org\/{rel}","templated":true}]}}