{"id":6,"date":"2013-07-10T21:58:39","date_gmt":"2013-07-10T19:58:39","guid":{"rendered":"http:\/\/wp.kristdemokraterna.se\/nynashamn\/?page_id=6"},"modified":"2013-07-10T22:05:18","modified_gmt":"2013-07-10T20:05:18","slug":"kontakt","status":"publish","type":"page","link":"https:\/\/wp.kristdemokraterna.se\/nynashamn\/kontakt\/","title":{"rendered":"Kontakta oss"},"content":{"rendered":"","protected":false},"excerpt":{"rendered":"","protected":false},"author":53,"featured_media":0,"parent":0,"menu_order":1,"comment_status":"closed","ping_status":"open","template":"","meta":{"_acf_changed":false,"footnotes":""},"class_list":["post-6","page","type-page","status-publish","hentry"],"acf":[],"yoast_head":"<!-- This site is optimized with the Yoast SEO plugin v27.4 - https:\/\/yoast.com\/product\/yoast-seo-wordpress\/ -->\n<title>Kontakta oss - Kristdemokraterna i Nyn\u00e4shamn<\/title>\n<meta name=\"robots\" content=\"index, follow, max-snippet:-1, max-image-preview:large, max-video-preview:-1\" \/>\n<link rel=\"canonical\" href=\"https:\/\/wp.kristdemokraterna.se\/nynashamn\/kontakt\/\" \/>\n<meta property=\"og:locale\" content=\"sv_SE\" \/>\n<meta property=\"og:type\" content=\"article\" \/>\n<meta property=\"og:title\" content=\"Kontakta oss - Kristdemokraterna i Nyn\u00e4shamn\" \/>\n<meta property=\"og:url\" content=\"https:\/\/wp.kristdemokraterna.se\/nynashamn\/kontakt\/\" \/>\n<meta property=\"og:site_name\" content=\"Kristdemokraterna i Nyn\u00e4shamn\" \/>\n<meta property=\"article:modified_time\" content=\"2013-07-10T20:05:18+00:00\" \/>\n<meta name=\"twitter:card\" content=\"summary_large_image\" \/>\n<script type=\"application\/ld+json\" class=\"yoast-schema-graph\">{\"@context\":\"https:\\\/\\\/schema.org\",\"@graph\":[{\"@type\":\"WebPage\",\"@id\":\"https:\\\/\\\/wp.kristdemokraterna.se\\\/nynashamn\\\/kontakt\\\/\",\"url\":\"https:\\\/\\\/wp.kristdemokraterna.se\\\/nynashamn\\\/kontakt\\\/\",\"name\":\"Kontakta oss - Kristdemokraterna i Nyn\u00e4shamn\",\"isPartOf\":{\"@id\":\"https:\\\/\\\/wp.kristdemokraterna.se\\\/nynashamn\\\/#website\"},\"datePublished\":\"2013-07-10T19:58:39+00:00\",\"dateModified\":\"2013-07-10T20:05:18+00:00\",\"breadcrumb\":{\"@id\":\"https:\\\/\\\/wp.kristdemokraterna.se\\\/nynashamn\\\/kontakt\\\/#breadcrumb\"},\"inLanguage\":\"sv-SE\",\"potentialAction\":[{\"@type\":\"ReadAction\",\"target\":[\"https:\\\/\\\/wp.kristdemokraterna.se\\\/nynashamn\\\/kontakt\\\/\"]}]},{\"@type\":\"BreadcrumbList\",\"@id\":\"https:\\\/\\\/wp.kristdemokraterna.se\\\/nynashamn\\\/kontakt\\\/#breadcrumb\",\"itemListElement\":[{\"@type\":\"ListItem\",\"position\":1,\"name\":\"Hem\",\"item\":\"https:\\\/\\\/wp.kristdemokraterna.se\\\/nynashamn\\\/\"},{\"@type\":\"ListItem\",\"position\":2,\"name\":\"Kontakta oss\"}]},{\"@type\":\"WebSite\",\"@id\":\"https:\\\/\\\/wp.kristdemokraterna.se\\\/nynashamn\\\/#website\",\"url\":\"https:\\\/\\\/wp.kristdemokraterna.se\\\/nynashamn\\\/\",\"name\":\"Kristdemokraterna i Nyn\u00e4shamn\",\"description\":\"Nyn\u00e4shamn i v\u00e5rt hj\u00e4rta\",\"inLanguage\":\"sv-SE\"}]}<\/script>\n<!-- \/ Yoast SEO plugin. -->","yoast_head_json":{"title":"Kontakta oss - Kristdemokraterna i Nyn\u00e4shamn","robots":{"index":"index","follow":"follow","max-snippet":"max-snippet:-1","max-image-preview":"max-image-preview:large","max-video-preview":"max-video-preview:-1"},"canonical":"https:\/\/wp.kristdemokraterna.se\/nynashamn\/kontakt\/","og_locale":"sv_SE","og_type":"article","og_title":"Kontakta oss - Kristdemokraterna i Nyn\u00e4shamn","og_url":"https:\/\/wp.kristdemokraterna.se\/nynashamn\/kontakt\/","og_site_name":"Kristdemokraterna i Nyn\u00e4shamn","article_modified_time":"2013-07-10T20:05:18+00:00","twitter_card":"summary_large_image","schema":{"@context":"https:\/\/schema.org","@graph":[{"@type":"WebPage","@id":"https:\/\/wp.kristdemokraterna.se\/nynashamn\/kontakt\/","url":"https:\/\/wp.kristdemokraterna.se\/nynashamn\/kontakt\/","name":"Kontakta oss - Kristdemokraterna i Nyn\u00e4shamn","isPartOf":{"@id":"https:\/\/wp.kristdemokraterna.se\/nynashamn\/#website"},"datePublished":"2013-07-10T19:58:39+00:00","dateModified":"2013-07-10T20:05:18+00:00","breadcrumb":{"@id":"https:\/\/wp.kristdemokraterna.se\/nynashamn\/kontakt\/#breadcrumb"},"inLanguage":"sv-SE","potentialAction":[{"@type":"ReadAction","target":["https:\/\/wp.kristdemokraterna.se\/nynashamn\/kontakt\/"]}]},{"@type":"BreadcrumbList","@id":"https:\/\/wp.kristdemokraterna.se\/nynashamn\/kontakt\/#breadcrumb","itemListElement":[{"@type":"ListItem","position":1,"name":"Hem","item":"https:\/\/wp.kristdemokraterna.se\/nynashamn\/"},{"@type":"ListItem","position":2,"name":"Kontakta oss"}]},{"@type":"WebSite","@id":"https:\/\/wp.kristdemokraterna.se\/nynashamn\/#website","url":"https:\/\/wp.kristdemokraterna.se\/nynashamn\/","name":"Kristdemokraterna i Nyn\u00e4shamn","description":"Nyn\u00e4shamn i v\u00e5rt hj\u00e4rta","inLanguage":"sv-SE"}]}},"_links":{"self":[{"href":"https:\/\/wp.kristdemokraterna.se\/nynashamn\/wp-json\/wp\/v2\/pages\/6","targetHints":{"allow":["GET"]}}],"collection":[{"href":"https:\/\/wp.kristdemokraterna.se\/nynashamn\/wp-json\/wp\/v2\/pages"}],"about":[{"href":"https:\/\/wp.kristdemokraterna.se\/nynashamn\/wp-json\/wp\/v2\/types\/page"}],"author":[{"embeddable":true,"href":"https:\/\/wp.kristdemokraterna.se\/nynashamn\/wp-json\/wp\/v2\/users\/53"}],"replies":[{"embeddable":true,"href":"https:\/\/wp.kristdemokraterna.se\/nynashamn\/wp-json\/wp\/v2\/comments?post=6"}],"version-history":[{"count":3,"href":"https:\/\/wp.kristdemokraterna.se\/nynashamn\/wp-json\/wp\/v2\/pages\/6\/revisions"}],"predecessor-version":[{"id":15,"href":"https:\/\/wp.kristdemokraterna.se\/nynashamn\/wp-json\/wp\/v2\/pages\/6\/revisions\/15"}],"wp:attachment":[{"href":"https:\/\/wp.kristdemokraterna.se\/nynashamn\/wp-json\/wp\/v2\/media?parent=6"}],"curies":[{"name":"wp","href":"https:\/\/api.w.org\/{rel}","templated":true}]}}