{"id":269,"date":"2017-11-29T16:48:28","date_gmt":"2017-11-29T15:48:28","guid":{"rendered":"http:\/\/wp.kristdemokraterna.se\/ockelbo\/?page_id=269"},"modified":"2022-10-04T20:10:20","modified_gmt":"2022-10-04T18:10:20","slug":"textsida-med-vanster-sidebar","status":"publish","type":"page","link":"https:\/\/wp.kristdemokraterna.se\/ockelbo\/textsida-med-vanster-sidebar\/","title":{"rendered":"V\u00e5r partiavdelning"},"content":{"rendered":"<p><a href=\"http:\/\/wp.kristdemokraterna.se\/ockelbo\/files\/2017\/12\/halvfigur.png\"><img loading=\"lazy\" decoding=\"async\" class=\"alignnone size-thumbnail wp-image-366\" src=\"http:\/\/wp.kristdemokraterna.se\/ockelbo\/files\/2017\/12\/halvfigur-150x150.png\" alt=\"\" width=\"150\" height=\"150\" srcset=\"https:\/\/wp.kristdemokraterna.se\/ockelbo\/files\/2017\/12\/halvfigur-150x150.png 150w, https:\/\/wp.kristdemokraterna.se\/ockelbo\/files\/2017\/12\/halvfigur-90x90.png 90w\" sizes=\"auto, (max-width: 150px) 100vw, 150px\" \/><\/a><\/p>\n<p>Ordf\u00f6rande<\/p>\n<p>Sekreterare<\/p>\n<p>ledam\u00f6ter<\/p>\n<p>ers\u00e4ttare<\/p>\n<p>F\u00f6retr\u00e4dare<\/p>\n<p><a href=\"https:\/\/kristdemokraterna.se\/vart-parti\/foretradare\/kd-lokalt\/gavleborgs-lan\/ockelbo\">https:\/\/kristdemokraterna.se\/vart-parti\/foretradare\/kd-lokalt\/gavleborgs-lan\/ockelbo<\/a><\/p>\n<p>&nbsp;<\/p>\n<p>&nbsp;<\/p>\n","protected":false},"excerpt":{"rendered":"<p>Ordf\u00f6rande Sekreterare ledam\u00f6ter ers\u00e4ttare F\u00f6retr\u00e4dare https:\/\/kristdemokraterna.se\/vart-parti\/foretradare\/kd-lokalt\/gavleborgs-lan\/ockelbo &nbsp; &nbsp;<\/p>\n","protected":false},"author":796,"featured_media":0,"parent":0,"menu_order":0,"comment_status":"closed","ping_status":"closed","template":"page.php","meta":{"_acf_changed":false,"footnotes":""},"class_list":["post-269","page","type-page","status-publish","hentry"],"acf":[],"yoast_head":"<!-- This site is optimized with the Yoast SEO plugin v27.3 - https:\/\/yoast.com\/product\/yoast-seo-wordpress\/ -->\n<title>V\u00e5r partiavdelning - Kristdemokraterna Ockelbo<\/title>\n<meta name=\"robots\" content=\"index, follow, max-snippet:-1, max-image-preview:large, max-video-preview:-1\" \/>\n<link rel=\"canonical\" href=\"https:\/\/wp.kristdemokraterna.se\/ockelbo\/textsida-med-vanster-sidebar\/\" \/>\n<meta property=\"og:locale\" content=\"sv_SE\" \/>\n<meta property=\"og:type\" content=\"article\" \/>\n<meta property=\"og:title\" content=\"V\u00e5r partiavdelning - Kristdemokraterna Ockelbo\" \/>\n<meta property=\"og:description\" content=\"Ordf\u00f6rande Sekreterare ledam\u00f6ter ers\u00e4ttare F\u00f6retr\u00e4dare https:\/\/kristdemokraterna.se\/vart-parti\/foretradare\/kd-lokalt\/gavleborgs-lan\/ockelbo &nbsp; &nbsp;\" \/>\n<meta property=\"og:url\" content=\"https:\/\/wp.kristdemokraterna.se\/ockelbo\/textsida-med-vanster-sidebar\/\" \/>\n<meta property=\"og:site_name\" content=\"Kristdemokraterna Ockelbo\" \/>\n<meta property=\"article:modified_time\" content=\"2022-10-04T18:10:20+00:00\" \/>\n<meta property=\"og:image\" content=\"http:\/\/wp.kristdemokraterna.se\/ockelbo\/files\/2017\/12\/halvfigur-150x150.png\" \/>\n<meta name=\"twitter:card\" content=\"summary_large_image\" \/>\n<script type=\"application\/ld+json\" class=\"yoast-schema-graph\">{\"@context\":\"https:\\\/\\\/schema.org\",\"@graph\":[{\"@type\":\"WebPage\",\"@id\":\"https:\\\/\\\/wp.kristdemokraterna.se\\\/ockelbo\\\/textsida-med-vanster-sidebar\\\/\",\"url\":\"https:\\\/\\\/wp.kristdemokraterna.se\\\/ockelbo\\\/textsida-med-vanster-sidebar\\\/\",\"name\":\"V\u00e5r partiavdelning - Kristdemokraterna Ockelbo\",\"isPartOf\":{\"@id\":\"https:\\\/\\\/wp.kristdemokraterna.se\\\/ockelbo\\\/#website\"},\"primaryImageOfPage\":{\"@id\":\"https:\\\/\\\/wp.kristdemokraterna.se\\\/ockelbo\\\/textsida-med-vanster-sidebar\\\/#primaryimage\"},\"image\":{\"@id\":\"https:\\\/\\\/wp.kristdemokraterna.se\\\/ockelbo\\\/textsida-med-vanster-sidebar\\\/#primaryimage\"},\"thumbnailUrl\":\"http:\\\/\\\/wp.kristdemokraterna.se\\\/ockelbo\\\/files\\\/2017\\\/12\\\/halvfigur-150x150.png\",\"datePublished\":\"2017-11-29T15:48:28+00:00\",\"dateModified\":\"2022-10-04T18:10:20+00:00\",\"breadcrumb\":{\"@id\":\"https:\\\/\\\/wp.kristdemokraterna.se\\\/ockelbo\\\/textsida-med-vanster-sidebar\\\/#breadcrumb\"},\"inLanguage\":\"sv-SE\",\"potentialAction\":[{\"@type\":\"ReadAction\",\"target\":[\"https:\\\/\\\/wp.kristdemokraterna.se\\\/ockelbo\\\/textsida-med-vanster-sidebar\\\/\"]}]},{\"@type\":\"ImageObject\",\"inLanguage\":\"sv-SE\",\"@id\":\"https:\\\/\\\/wp.kristdemokraterna.se\\\/ockelbo\\\/textsida-med-vanster-sidebar\\\/#primaryimage\",\"url\":\"http:\\\/\\\/wp.kristdemokraterna.se\\\/ockelbo\\\/files\\\/2017\\\/12\\\/halvfigur-150x150.png\",\"contentUrl\":\"http:\\\/\\\/wp.kristdemokraterna.se\\\/ockelbo\\\/files\\\/2017\\\/12\\\/halvfigur-150x150.png\"},{\"@type\":\"BreadcrumbList\",\"@id\":\"https:\\\/\\\/wp.kristdemokraterna.se\\\/ockelbo\\\/textsida-med-vanster-sidebar\\\/#breadcrumb\",\"itemListElement\":[{\"@type\":\"ListItem\",\"position\":1,\"name\":\"Hem\",\"item\":\"https:\\\/\\\/wp.kristdemokraterna.se\\\/ockelbo\\\/\"},{\"@type\":\"ListItem\",\"position\":2,\"name\":\"V\u00e5r partiavdelning\"}]},{\"@type\":\"WebSite\",\"@id\":\"https:\\\/\\\/wp.kristdemokraterna.se\\\/ockelbo\\\/#website\",\"url\":\"https:\\\/\\\/wp.kristdemokraterna.se\\\/ockelbo\\\/\",\"name\":\"Kristdemokraterna Ockelbo\",\"description\":\"Ett tryggare Ockelbo\",\"inLanguage\":\"sv-SE\"}]}<\/script>\n<!-- \/ Yoast SEO plugin. -->","yoast_head_json":{"title":"V\u00e5r partiavdelning - Kristdemokraterna Ockelbo","robots":{"index":"index","follow":"follow","max-snippet":"max-snippet:-1","max-image-preview":"max-image-preview:large","max-video-preview":"max-video-preview:-1"},"canonical":"https:\/\/wp.kristdemokraterna.se\/ockelbo\/textsida-med-vanster-sidebar\/","og_locale":"sv_SE","og_type":"article","og_title":"V\u00e5r partiavdelning - Kristdemokraterna Ockelbo","og_description":"Ordf\u00f6rande Sekreterare ledam\u00f6ter ers\u00e4ttare F\u00f6retr\u00e4dare https:\/\/kristdemokraterna.se\/vart-parti\/foretradare\/kd-lokalt\/gavleborgs-lan\/ockelbo &nbsp; &nbsp;","og_url":"https:\/\/wp.kristdemokraterna.se\/ockelbo\/textsida-med-vanster-sidebar\/","og_site_name":"Kristdemokraterna Ockelbo","article_modified_time":"2022-10-04T18:10:20+00:00","og_image":[{"url":"http:\/\/wp.kristdemokraterna.se\/ockelbo\/files\/2017\/12\/halvfigur-150x150.png","type":"","width":"","height":""}],"twitter_card":"summary_large_image","schema":{"@context":"https:\/\/schema.org","@graph":[{"@type":"WebPage","@id":"https:\/\/wp.kristdemokraterna.se\/ockelbo\/textsida-med-vanster-sidebar\/","url":"https:\/\/wp.kristdemokraterna.se\/ockelbo\/textsida-med-vanster-sidebar\/","name":"V\u00e5r partiavdelning - Kristdemokraterna Ockelbo","isPartOf":{"@id":"https:\/\/wp.kristdemokraterna.se\/ockelbo\/#website"},"primaryImageOfPage":{"@id":"https:\/\/wp.kristdemokraterna.se\/ockelbo\/textsida-med-vanster-sidebar\/#primaryimage"},"image":{"@id":"https:\/\/wp.kristdemokraterna.se\/ockelbo\/textsida-med-vanster-sidebar\/#primaryimage"},"thumbnailUrl":"http:\/\/wp.kristdemokraterna.se\/ockelbo\/files\/2017\/12\/halvfigur-150x150.png","datePublished":"2017-11-29T15:48:28+00:00","dateModified":"2022-10-04T18:10:20+00:00","breadcrumb":{"@id":"https:\/\/wp.kristdemokraterna.se\/ockelbo\/textsida-med-vanster-sidebar\/#breadcrumb"},"inLanguage":"sv-SE","potentialAction":[{"@type":"ReadAction","target":["https:\/\/wp.kristdemokraterna.se\/ockelbo\/textsida-med-vanster-sidebar\/"]}]},{"@type":"ImageObject","inLanguage":"sv-SE","@id":"https:\/\/wp.kristdemokraterna.se\/ockelbo\/textsida-med-vanster-sidebar\/#primaryimage","url":"http:\/\/wp.kristdemokraterna.se\/ockelbo\/files\/2017\/12\/halvfigur-150x150.png","contentUrl":"http:\/\/wp.kristdemokraterna.se\/ockelbo\/files\/2017\/12\/halvfigur-150x150.png"},{"@type":"BreadcrumbList","@id":"https:\/\/wp.kristdemokraterna.se\/ockelbo\/textsida-med-vanster-sidebar\/#breadcrumb","itemListElement":[{"@type":"ListItem","position":1,"name":"Hem","item":"https:\/\/wp.kristdemokraterna.se\/ockelbo\/"},{"@type":"ListItem","position":2,"name":"V\u00e5r partiavdelning"}]},{"@type":"WebSite","@id":"https:\/\/wp.kristdemokraterna.se\/ockelbo\/#website","url":"https:\/\/wp.kristdemokraterna.se\/ockelbo\/","name":"Kristdemokraterna Ockelbo","description":"Ett tryggare Ockelbo","inLanguage":"sv-SE"}]}},"_links":{"self":[{"href":"https:\/\/wp.kristdemokraterna.se\/ockelbo\/wp-json\/wp\/v2\/pages\/269","targetHints":{"allow":["GET"]}}],"collection":[{"href":"https:\/\/wp.kristdemokraterna.se\/ockelbo\/wp-json\/wp\/v2\/pages"}],"about":[{"href":"https:\/\/wp.kristdemokraterna.se\/ockelbo\/wp-json\/wp\/v2\/types\/page"}],"author":[{"embeddable":true,"href":"https:\/\/wp.kristdemokraterna.se\/ockelbo\/wp-json\/wp\/v2\/users\/796"}],"replies":[{"embeddable":true,"href":"https:\/\/wp.kristdemokraterna.se\/ockelbo\/wp-json\/wp\/v2\/comments?post=269"}],"version-history":[{"count":13,"href":"https:\/\/wp.kristdemokraterna.se\/ockelbo\/wp-json\/wp\/v2\/pages\/269\/revisions"}],"predecessor-version":[{"id":515,"href":"https:\/\/wp.kristdemokraterna.se\/ockelbo\/wp-json\/wp\/v2\/pages\/269\/revisions\/515"}],"wp:attachment":[{"href":"https:\/\/wp.kristdemokraterna.se\/ockelbo\/wp-json\/wp\/v2\/media?parent=269"}],"curies":[{"name":"wp","href":"https:\/\/api.w.org\/{rel}","templated":true}]}}