{"id":352,"date":"2017-12-01T09:56:02","date_gmt":"2017-12-01T08:56:02","guid":{"rendered":"http:\/\/wp.kristdemokraterna.se\/ockero2\/?page_id=352"},"modified":"2025-12-19T17:30:04","modified_gmt":"2025-12-19T16:30:04","slug":"kontakta-oss","status":"publish","type":"page","link":"https:\/\/wp.kristdemokraterna.se\/ockero\/kontakta-oss\/","title":{"rendered":"Kontakta oss"},"content":{"rendered":"<p><strong>Postadress<\/strong><br \/>\nKristdemokraterna \u00d6cker\u00f6<br \/>\nBreviksh\u00f6jd 10<br \/>\n475 32 \u00d6cker\u00f6<\/p>\n<p><strong>Telefon<\/strong><br \/>\n070-483 81 88<\/p>\n<p><strong>E-post<\/strong><br \/>\njan.utbult@kristdemokraterna.se<\/p>\n<p><strong>Facebook<\/strong><br \/>\nwww.facebook.com\/kdockero\/<\/p>\n<p><strong>Websida<\/strong><br \/>\nwp.kristdemokraterna.se\/ockero\/<\/p>\n","protected":false},"excerpt":{"rendered":"<p>Postadress Kristdemokraterna \u00d6cker\u00f6 Breviksh\u00f6jd 10 475 32 \u00d6cker\u00f6 Telefon 070-483 81 88 E-post jan.utbult@kristdemokraterna.se Facebook www.facebook.com\/kdockero\/ Websida wp.kristdemokraterna.se\/ockero\/<\/p>\n","protected":false},"author":647,"featured_media":0,"parent":0,"menu_order":0,"comment_status":"closed","ping_status":"closed","template":"page-full.php","meta":{"_acf_changed":false,"footnotes":""},"class_list":["post-352","page","type-page","status-publish","hentry"],"acf":[],"yoast_head":"<!-- This site is optimized with the Yoast SEO plugin v27.3 - https:\/\/yoast.com\/product\/yoast-seo-wordpress\/ -->\n<title>Kontakta oss - Kristdemokraterna \u00d6cker\u00f6<\/title>\n<meta name=\"robots\" content=\"index, follow, max-snippet:-1, max-image-preview:large, max-video-preview:-1\" \/>\n<link rel=\"canonical\" href=\"https:\/\/wp.kristdemokraterna.se\/ockero\/kontakta-oss\/\" \/>\n<meta property=\"og:locale\" content=\"sv_SE\" \/>\n<meta property=\"og:type\" content=\"article\" \/>\n<meta property=\"og:title\" content=\"Kontakta oss - Kristdemokraterna \u00d6cker\u00f6\" \/>\n<meta property=\"og:description\" content=\"Postadress Kristdemokraterna \u00d6cker\u00f6 Breviksh\u00f6jd 10 475 32 \u00d6cker\u00f6 Telefon 070-483 81 88 E-post jan.utbult@kristdemokraterna.se Facebook www.facebook.com\/kdockero\/ Websida wp.kristdemokraterna.se\/ockero\/\" \/>\n<meta property=\"og:url\" content=\"https:\/\/wp.kristdemokraterna.se\/ockero\/kontakta-oss\/\" \/>\n<meta property=\"og:site_name\" content=\"Kristdemokraterna \u00d6cker\u00f6\" \/>\n<meta property=\"article:modified_time\" content=\"2025-12-19T16:30:04+00:00\" \/>\n<meta name=\"twitter:card\" content=\"summary_large_image\" \/>\n<meta name=\"twitter:label1\" content=\"Ber\u00e4knad l\u00e4stid\" \/>\n\t<meta name=\"twitter:data1\" content=\"1 minut\" \/>\n<script type=\"application\/ld+json\" class=\"yoast-schema-graph\">{\"@context\":\"https:\\\/\\\/schema.org\",\"@graph\":[{\"@type\":\"WebPage\",\"@id\":\"https:\\\/\\\/wp.kristdemokraterna.se\\\/ockero\\\/kontakta-oss\\\/\",\"url\":\"https:\\\/\\\/wp.kristdemokraterna.se\\\/ockero\\\/kontakta-oss\\\/\",\"name\":\"Kontakta oss - Kristdemokraterna \u00d6cker\u00f6\",\"isPartOf\":{\"@id\":\"https:\\\/\\\/wp.kristdemokraterna.se\\\/ockero\\\/#website\"},\"datePublished\":\"2017-12-01T08:56:02+00:00\",\"dateModified\":\"2025-12-19T16:30:04+00:00\",\"breadcrumb\":{\"@id\":\"https:\\\/\\\/wp.kristdemokraterna.se\\\/ockero\\\/kontakta-oss\\\/#breadcrumb\"},\"inLanguage\":\"sv-SE\",\"potentialAction\":[{\"@type\":\"ReadAction\",\"target\":[\"https:\\\/\\\/wp.kristdemokraterna.se\\\/ockero\\\/kontakta-oss\\\/\"]}]},{\"@type\":\"BreadcrumbList\",\"@id\":\"https:\\\/\\\/wp.kristdemokraterna.se\\\/ockero\\\/kontakta-oss\\\/#breadcrumb\",\"itemListElement\":[{\"@type\":\"ListItem\",\"position\":1,\"name\":\"Hem\",\"item\":\"https:\\\/\\\/wp.kristdemokraterna.se\\\/ockero\\\/\"},{\"@type\":\"ListItem\",\"position\":2,\"name\":\"Kontakta oss\"}]},{\"@type\":\"WebSite\",\"@id\":\"https:\\\/\\\/wp.kristdemokraterna.se\\\/ockero\\\/#website\",\"url\":\"https:\\\/\\\/wp.kristdemokraterna.se\\\/ockero\\\/\",\"name\":\"Kristdemokraterna \u00d6cker\u00f6\",\"description\":\"Tillsammans skapar vi Sveriges b\u00e4sta kommun\",\"inLanguage\":\"sv-SE\"}]}<\/script>\n<!-- \/ Yoast SEO plugin. -->","yoast_head_json":{"title":"Kontakta oss - Kristdemokraterna \u00d6cker\u00f6","robots":{"index":"index","follow":"follow","max-snippet":"max-snippet:-1","max-image-preview":"max-image-preview:large","max-video-preview":"max-video-preview:-1"},"canonical":"https:\/\/wp.kristdemokraterna.se\/ockero\/kontakta-oss\/","og_locale":"sv_SE","og_type":"article","og_title":"Kontakta oss - Kristdemokraterna \u00d6cker\u00f6","og_description":"Postadress Kristdemokraterna \u00d6cker\u00f6 Breviksh\u00f6jd 10 475 32 \u00d6cker\u00f6 Telefon 070-483 81 88 E-post jan.utbult@kristdemokraterna.se Facebook www.facebook.com\/kdockero\/ Websida wp.kristdemokraterna.se\/ockero\/","og_url":"https:\/\/wp.kristdemokraterna.se\/ockero\/kontakta-oss\/","og_site_name":"Kristdemokraterna \u00d6cker\u00f6","article_modified_time":"2025-12-19T16:30:04+00:00","twitter_card":"summary_large_image","twitter_misc":{"Ber\u00e4knad l\u00e4stid":"1 minut"},"schema":{"@context":"https:\/\/schema.org","@graph":[{"@type":"WebPage","@id":"https:\/\/wp.kristdemokraterna.se\/ockero\/kontakta-oss\/","url":"https:\/\/wp.kristdemokraterna.se\/ockero\/kontakta-oss\/","name":"Kontakta oss - Kristdemokraterna \u00d6cker\u00f6","isPartOf":{"@id":"https:\/\/wp.kristdemokraterna.se\/ockero\/#website"},"datePublished":"2017-12-01T08:56:02+00:00","dateModified":"2025-12-19T16:30:04+00:00","breadcrumb":{"@id":"https:\/\/wp.kristdemokraterna.se\/ockero\/kontakta-oss\/#breadcrumb"},"inLanguage":"sv-SE","potentialAction":[{"@type":"ReadAction","target":["https:\/\/wp.kristdemokraterna.se\/ockero\/kontakta-oss\/"]}]},{"@type":"BreadcrumbList","@id":"https:\/\/wp.kristdemokraterna.se\/ockero\/kontakta-oss\/#breadcrumb","itemListElement":[{"@type":"ListItem","position":1,"name":"Hem","item":"https:\/\/wp.kristdemokraterna.se\/ockero\/"},{"@type":"ListItem","position":2,"name":"Kontakta oss"}]},{"@type":"WebSite","@id":"https:\/\/wp.kristdemokraterna.se\/ockero\/#website","url":"https:\/\/wp.kristdemokraterna.se\/ockero\/","name":"Kristdemokraterna \u00d6cker\u00f6","description":"Tillsammans skapar vi Sveriges b\u00e4sta kommun","inLanguage":"sv-SE"}]}},"_links":{"self":[{"href":"https:\/\/wp.kristdemokraterna.se\/ockero\/wp-json\/wp\/v2\/pages\/352","targetHints":{"allow":["GET"]}}],"collection":[{"href":"https:\/\/wp.kristdemokraterna.se\/ockero\/wp-json\/wp\/v2\/pages"}],"about":[{"href":"https:\/\/wp.kristdemokraterna.se\/ockero\/wp-json\/wp\/v2\/types\/page"}],"author":[{"embeddable":true,"href":"https:\/\/wp.kristdemokraterna.se\/ockero\/wp-json\/wp\/v2\/users\/647"}],"replies":[{"embeddable":true,"href":"https:\/\/wp.kristdemokraterna.se\/ockero\/wp-json\/wp\/v2\/comments?post=352"}],"version-history":[{"count":5,"href":"https:\/\/wp.kristdemokraterna.se\/ockero\/wp-json\/wp\/v2\/pages\/352\/revisions"}],"predecessor-version":[{"id":814,"href":"https:\/\/wp.kristdemokraterna.se\/ockero\/wp-json\/wp\/v2\/pages\/352\/revisions\/814"}],"wp:attachment":[{"href":"https:\/\/wp.kristdemokraterna.se\/ockero\/wp-json\/wp\/v2\/media?parent=352"}],"curies":[{"name":"wp","href":"https:\/\/api.w.org\/{rel}","templated":true}]}}