{"id":415,"date":"2018-06-12T21:40:02","date_gmt":"2018-06-12T19:40:02","guid":{"rendered":"http:\/\/wp.kristdemokraterna.se\/ockero2\/?page_id=415"},"modified":"2025-12-19T17:31:31","modified_gmt":"2025-12-19T16:31:31","slug":"dina-politiker","status":"publish","type":"page","link":"https:\/\/wp.kristdemokraterna.se\/ockero\/dina-politiker\/","title":{"rendered":"Dina politiker"},"content":{"rendered":"<p>Nedan f\u00f6ljer namnen p\u00e5 v\u00e5ra representanter i kommunfullm\u00e4ktige och de olika n\u00e4mnderna under mandatperioden 2023-2026. Om du har fr\u00e5gor eller synpunkter \u00e4r du v\u00e4lkommen att kontakta v\u00e5ra f\u00f6rtroendevalda inom det omr\u00e5de som din fr\u00e5ga\/synpunkt g\u00e4ller.<\/p>\n<p><strong>Kommunfullm\u00e4ktige<br \/>\n<\/strong>Martina Lindqvist (1:e vice ordf\u00f6rande)<br \/>\nJan Utbult<br \/>\nHenrik Karlsson<br \/>\nEva Wallin<br \/>\nMaja \u00d6stling<br \/>\nHans Wickstrand<br \/>\nRobertho Settergren<br \/>\nAnnika Maul\u00e9on<br \/>\nDan Eliasson<br \/>\nCarina Wallhult Svensson<br \/>\nEmil Beijer (ers\u00e4ttare)<br \/>\nJan-Eric B\u00e4ck (ers\u00e4ttare)<br \/>\nMichael Sj\u00f6gren (ers\u00e4ttare)<br \/>\nAnna Bertrandsson (ers\u00e4ttare)<br \/>\nHenrik B\u00f6rjesson (ers\u00e4ttare)<\/p>\n<p><strong>Kommunstyrelsen<\/strong><br \/>\nJan Utbult (ordf\u00f6rande)<br \/>\nAnnika Maul\u00e9on<br \/>\nHenrik Karlsson<br \/>\nHans Wickstrand (ers\u00e4ttare)<br \/>\nRobertho Settergren (ers\u00e4ttare)<\/p>\n<p><strong>Utbildnings-, kultur och fritidsn\u00e4mnden<\/strong><br \/>\nRobertho Settergren (ordf\u00f6rande)<br \/>\nMichael Sj\u00f6gren<br \/>\nJessica Hellstrand (ers\u00e4ttare)<br \/>\nArvid Zackrisson (ers\u00e4ttare)<\/p>\n<p><strong>Socialn\u00e4mnden<\/strong><br \/>\nMartina Lindqvist (1:e vice ordf\u00f6rande)<br \/>\nCarina Wallhult<br \/>\nMaja \u00d6stling (ers\u00e4ttare)<br \/>\nDan Eliasson (ers\u00e4ttare)<\/p>\n<p><strong>Milj\u00f6- och samh\u00e4llsbyggnadsn\u00e4mnden<\/strong><br \/>\nHans Wickstrand<br \/>\nEva Wallin<br \/>\nEleonore Holmberg (ers\u00e4ttare)<br \/>\nHenrik B\u00f6rjesson (ers\u00e4ttare)<\/p>\n<p><strong>\u00d6verf\u00f6rmyndarn\u00e4mnden<\/strong><br \/>\nJan-Eric B\u00e4ck<\/p>\n<p><strong>\u00d6cker\u00f6 Fastighets AB<\/strong><br \/>\nDan Eliasson<br \/>\nJan Thorsson<\/p>\n<p><strong>\u00d6cker\u00f6 Rederi AB<\/strong><br \/>\nJohan Hamnebo (ordf\u00f6rande)<\/p>\n<p><strong>Revisionen<\/strong><br \/>\nAnne-Lie Sundling (vice ordf\u00f6rande)<\/p>\n<p><strong>Valn\u00e4mnden<\/strong><br \/>\nJohan Hamnebo (vice ordf\u00f6rande)<br \/>\nMartina Lindqvist (ers\u00e4ttare)<\/p>\n<p><strong>Arvodesberedningen<\/strong><br \/>\nJan-Eric B\u00e4ck (ordf\u00f6rande)<br \/>\nMichael Sj\u00f6gren (ers\u00e4ttare)<\/p>\n","protected":false},"excerpt":{"rendered":"<p>Nedan f\u00f6ljer namnen p\u00e5 v\u00e5ra representanter i kommunfullm\u00e4ktige och de olika n\u00e4mnderna under mandatperioden 2023-2026. Om du har fr\u00e5gor eller synpunkter \u00e4r du v\u00e4lkommen att kontakta v\u00e5ra f\u00f6rtroendevalda inom det omr\u00e5de som din fr\u00e5ga\/synpunkt g\u00e4ller. Kommunfullm\u00e4ktige Martina Lindqvist (1:e vice ordf\u00f6rande) Jan Utbult Henrik Karlsson Eva Wallin Maja \u00d6stling Hans Wickstrand Robertho Settergren Annika Maul\u00e9on <a class=\"read-more-link\" href=\"https:\/\/wp.kristdemokraterna.se\/ockero\/dina-politiker\/\">Read More<\/a><\/p>\n","protected":false},"author":647,"featured_media":0,"parent":0,"menu_order":0,"comment_status":"closed","ping_status":"closed","template":"","meta":{"_acf_changed":false,"footnotes":""},"class_list":["post-415","page","type-page","status-publish","hentry"],"acf":[],"yoast_head":"<!-- This site is optimized with the Yoast SEO plugin v27.4 - https:\/\/yoast.com\/product\/yoast-seo-wordpress\/ -->\n<title>Dina politiker - Kristdemokraterna \u00d6cker\u00f6<\/title>\n<meta name=\"robots\" content=\"index, follow, max-snippet:-1, max-image-preview:large, max-video-preview:-1\" \/>\n<link rel=\"canonical\" href=\"https:\/\/wp.kristdemokraterna.se\/ockero\/dina-politiker\/\" \/>\n<meta property=\"og:locale\" content=\"sv_SE\" \/>\n<meta property=\"og:type\" content=\"article\" \/>\n<meta property=\"og:title\" content=\"Dina politiker - Kristdemokraterna \u00d6cker\u00f6\" \/>\n<meta property=\"og:description\" content=\"Nedan f\u00f6ljer namnen p\u00e5 v\u00e5ra representanter i kommunfullm\u00e4ktige och de olika n\u00e4mnderna under mandatperioden 2023-2026. Om du har fr\u00e5gor eller synpunkter \u00e4r du v\u00e4lkommen att kontakta v\u00e5ra f\u00f6rtroendevalda inom det omr\u00e5de som din fr\u00e5ga\/synpunkt g\u00e4ller. Kommunfullm\u00e4ktige Martina Lindqvist (1:e vice ordf\u00f6rande) Jan Utbult Henrik Karlsson Eva Wallin Maja \u00d6stling Hans Wickstrand Robertho Settergren Annika Maul\u00e9on Read More\" \/>\n<meta property=\"og:url\" content=\"https:\/\/wp.kristdemokraterna.se\/ockero\/dina-politiker\/\" \/>\n<meta property=\"og:site_name\" content=\"Kristdemokraterna \u00d6cker\u00f6\" \/>\n<meta property=\"article:modified_time\" content=\"2025-12-19T16:31:31+00:00\" \/>\n<meta name=\"twitter:card\" content=\"summary_large_image\" \/>\n<meta name=\"twitter:label1\" content=\"Ber\u00e4knad l\u00e4stid\" \/>\n\t<meta name=\"twitter:data1\" content=\"1 minut\" \/>\n<script type=\"application\/ld+json\" class=\"yoast-schema-graph\">{\"@context\":\"https:\\\/\\\/schema.org\",\"@graph\":[{\"@type\":\"WebPage\",\"@id\":\"https:\\\/\\\/wp.kristdemokraterna.se\\\/ockero\\\/dina-politiker\\\/\",\"url\":\"https:\\\/\\\/wp.kristdemokraterna.se\\\/ockero\\\/dina-politiker\\\/\",\"name\":\"Dina politiker - Kristdemokraterna \u00d6cker\u00f6\",\"isPartOf\":{\"@id\":\"https:\\\/\\\/wp.kristdemokraterna.se\\\/ockero\\\/#website\"},\"datePublished\":\"2018-06-12T19:40:02+00:00\",\"dateModified\":\"2025-12-19T16:31:31+00:00\",\"breadcrumb\":{\"@id\":\"https:\\\/\\\/wp.kristdemokraterna.se\\\/ockero\\\/dina-politiker\\\/#breadcrumb\"},\"inLanguage\":\"sv-SE\",\"potentialAction\":[{\"@type\":\"ReadAction\",\"target\":[\"https:\\\/\\\/wp.kristdemokraterna.se\\\/ockero\\\/dina-politiker\\\/\"]}]},{\"@type\":\"BreadcrumbList\",\"@id\":\"https:\\\/\\\/wp.kristdemokraterna.se\\\/ockero\\\/dina-politiker\\\/#breadcrumb\",\"itemListElement\":[{\"@type\":\"ListItem\",\"position\":1,\"name\":\"Hem\",\"item\":\"https:\\\/\\\/wp.kristdemokraterna.se\\\/ockero\\\/\"},{\"@type\":\"ListItem\",\"position\":2,\"name\":\"Dina politiker\"}]},{\"@type\":\"WebSite\",\"@id\":\"https:\\\/\\\/wp.kristdemokraterna.se\\\/ockero\\\/#website\",\"url\":\"https:\\\/\\\/wp.kristdemokraterna.se\\\/ockero\\\/\",\"name\":\"Kristdemokraterna \u00d6cker\u00f6\",\"description\":\"Tillsammans skapar vi Sveriges b\u00e4sta kommun\",\"inLanguage\":\"sv-SE\"}]}<\/script>\n<!-- \/ Yoast SEO plugin. -->","yoast_head_json":{"title":"Dina politiker - Kristdemokraterna \u00d6cker\u00f6","robots":{"index":"index","follow":"follow","max-snippet":"max-snippet:-1","max-image-preview":"max-image-preview:large","max-video-preview":"max-video-preview:-1"},"canonical":"https:\/\/wp.kristdemokraterna.se\/ockero\/dina-politiker\/","og_locale":"sv_SE","og_type":"article","og_title":"Dina politiker - Kristdemokraterna \u00d6cker\u00f6","og_description":"Nedan f\u00f6ljer namnen p\u00e5 v\u00e5ra representanter i kommunfullm\u00e4ktige och de olika n\u00e4mnderna under mandatperioden 2023-2026. Om du har fr\u00e5gor eller synpunkter \u00e4r du v\u00e4lkommen att kontakta v\u00e5ra f\u00f6rtroendevalda inom det omr\u00e5de som din fr\u00e5ga\/synpunkt g\u00e4ller. Kommunfullm\u00e4ktige Martina Lindqvist (1:e vice ordf\u00f6rande) Jan Utbult Henrik Karlsson Eva Wallin Maja \u00d6stling Hans Wickstrand Robertho Settergren Annika Maul\u00e9on Read More","og_url":"https:\/\/wp.kristdemokraterna.se\/ockero\/dina-politiker\/","og_site_name":"Kristdemokraterna \u00d6cker\u00f6","article_modified_time":"2025-12-19T16:31:31+00:00","twitter_card":"summary_large_image","twitter_misc":{"Ber\u00e4knad l\u00e4stid":"1 minut"},"schema":{"@context":"https:\/\/schema.org","@graph":[{"@type":"WebPage","@id":"https:\/\/wp.kristdemokraterna.se\/ockero\/dina-politiker\/","url":"https:\/\/wp.kristdemokraterna.se\/ockero\/dina-politiker\/","name":"Dina politiker - Kristdemokraterna \u00d6cker\u00f6","isPartOf":{"@id":"https:\/\/wp.kristdemokraterna.se\/ockero\/#website"},"datePublished":"2018-06-12T19:40:02+00:00","dateModified":"2025-12-19T16:31:31+00:00","breadcrumb":{"@id":"https:\/\/wp.kristdemokraterna.se\/ockero\/dina-politiker\/#breadcrumb"},"inLanguage":"sv-SE","potentialAction":[{"@type":"ReadAction","target":["https:\/\/wp.kristdemokraterna.se\/ockero\/dina-politiker\/"]}]},{"@type":"BreadcrumbList","@id":"https:\/\/wp.kristdemokraterna.se\/ockero\/dina-politiker\/#breadcrumb","itemListElement":[{"@type":"ListItem","position":1,"name":"Hem","item":"https:\/\/wp.kristdemokraterna.se\/ockero\/"},{"@type":"ListItem","position":2,"name":"Dina politiker"}]},{"@type":"WebSite","@id":"https:\/\/wp.kristdemokraterna.se\/ockero\/#website","url":"https:\/\/wp.kristdemokraterna.se\/ockero\/","name":"Kristdemokraterna \u00d6cker\u00f6","description":"Tillsammans skapar vi Sveriges b\u00e4sta kommun","inLanguage":"sv-SE"}]}},"_links":{"self":[{"href":"https:\/\/wp.kristdemokraterna.se\/ockero\/wp-json\/wp\/v2\/pages\/415","targetHints":{"allow":["GET"]}}],"collection":[{"href":"https:\/\/wp.kristdemokraterna.se\/ockero\/wp-json\/wp\/v2\/pages"}],"about":[{"href":"https:\/\/wp.kristdemokraterna.se\/ockero\/wp-json\/wp\/v2\/types\/page"}],"author":[{"embeddable":true,"href":"https:\/\/wp.kristdemokraterna.se\/ockero\/wp-json\/wp\/v2\/users\/647"}],"replies":[{"embeddable":true,"href":"https:\/\/wp.kristdemokraterna.se\/ockero\/wp-json\/wp\/v2\/comments?post=415"}],"version-history":[{"count":11,"href":"https:\/\/wp.kristdemokraterna.se\/ockero\/wp-json\/wp\/v2\/pages\/415\/revisions"}],"predecessor-version":[{"id":815,"href":"https:\/\/wp.kristdemokraterna.se\/ockero\/wp-json\/wp\/v2\/pages\/415\/revisions\/815"}],"wp:attachment":[{"href":"https:\/\/wp.kristdemokraterna.se\/ockero\/wp-json\/wp\/v2\/media?parent=415"}],"curies":[{"name":"wp","href":"https:\/\/api.w.org\/{rel}","templated":true}]}}