{"id":421,"date":"2018-06-12T21:47:37","date_gmt":"2018-06-12T19:47:37","guid":{"rendered":"http:\/\/wp.kristdemokraterna.se\/ockero2\/?page_id=421"},"modified":"2025-12-19T17:28:54","modified_gmt":"2025-12-19T16:28:54","slug":"styrelsen","status":"publish","type":"page","link":"https:\/\/wp.kristdemokraterna.se\/ockero\/styrelsen\/","title":{"rendered":"Styrelsen"},"content":{"rendered":"<p>Styrelsen i partiavdelningen v\u00e4ljs av avdelningens \u00e5rsm\u00f6te, vanligtvis en g\u00e5ng per \u00e5r.<\/p>\n<h2>Styrelsens uppdrag<\/h2>\n<ul>\n<li>Leda lokalavdelningens verksamheter<\/li>\n<li>Sk\u00f6ta lokalavdelningens ekonomi och medlemsavgifter<\/li>\n<li>F\u00f6rbereda \u00e5rsm\u00f6tet<\/li>\n<li>Verkst\u00e4lla \u00e5rsm\u00f6tets beslut<\/li>\n<li>Verka f\u00f6r att fler blir medlemmar<\/li>\n<li>Driva valr\u00f6relser<\/li>\n<li>Nominera kandidater till kommunfullm\u00e4ktigeval<\/li>\n<\/ul>\n<h2>Styrelsens medlemmar 2025<\/h2>\n<p><strong>Martina Lindqvist<\/strong><br \/>\nOrdf\u00f6rande<br \/>\nTelefon: 077-708 11 21<br \/>\nE-post: <a href=\"mailto:martina.lindqvist@ockero.se\">martina.lindqvist@ockero.se<\/a><\/p>\n<p><strong>Robertho Settergren<\/strong><br \/>\nVice ordf\u00f6rande<br \/>\nTelefon: 076-347 54 80<br \/>\nE-post: <a href=\"mailto:robertho.settergren@ockero.se\">robertho.settergren@ockero.se<\/a><\/p>\n<p><strong>Jan Utbult<\/strong><br \/>\nKass\u00f6r<br \/>\nTelefon: 070-483 81 88<br \/>\nE-post:\u00a0<a href=\"mailto:jan.utbult@kristdemokraterna.se\">jan.utbult@kristdemokraterna.se<\/a><\/p>\n<p><strong>Henrik B\u00f6rjesson<\/strong><br \/>\nLedamot<\/p>\n<p><strong>Carina Wallhult Svensson<\/strong><br \/>\nLedamot<\/p>\n<p><strong>Dan Eliasson<\/strong><br \/>\nLedamot<\/p>\n<p><strong>Jessica Hellstrand<\/strong><br \/>\nLedamot<\/p>\n<p><strong>Henrik Karlsson<\/strong><br \/>\nLedamot<\/p>\n<p><strong>Annika Maul\u00e9on<\/strong><br \/>\nLedamot<\/p>\n<p><strong>Maja \u00d6stling<\/strong><br \/>\nErs\u00e4ttare<\/p>\n<p><strong>Arvid Zackrisson<\/strong><br \/>\nErs\u00e4ttare<\/p>\n<p><strong>Jan-Eric B\u00e4ck<\/strong><br \/>\nErs\u00e4ttare<\/p>\n<p><strong>Anne-Lie Sundling<\/strong><br \/>\nErs\u00e4ttare<\/p>\n<p><strong>Roland Utbult<\/strong><br \/>\nErs\u00e4ttare<\/p>\n<p><strong>Eleonore Holmberg<\/strong><br \/>\nErs\u00e4ttare<\/p>\n","protected":false},"excerpt":{"rendered":"<p>Styrelsen i partiavdelningen v\u00e4ljs av avdelningens \u00e5rsm\u00f6te, vanligtvis en g\u00e5ng per \u00e5r. Styrelsens uppdrag Leda lokalavdelningens verksamheter Sk\u00f6ta lokalavdelningens ekonomi och medlemsavgifter F\u00f6rbereda \u00e5rsm\u00f6tet Verkst\u00e4lla \u00e5rsm\u00f6tets beslut Verka f\u00f6r att fler blir medlemmar Driva valr\u00f6relser Nominera kandidater till kommunfullm\u00e4ktigeval Styrelsens medlemmar 2025 Martina Lindqvist Ordf\u00f6rande Telefon: 077-708 11 21 E-post: martina.lindqvist@ockero.se Robertho Settergren Vice ordf\u00f6rande <a class=\"read-more-link\" href=\"https:\/\/wp.kristdemokraterna.se\/ockero\/styrelsen\/\">Read More<\/a><\/p>\n","protected":false},"author":647,"featured_media":0,"parent":0,"menu_order":0,"comment_status":"closed","ping_status":"closed","template":"","meta":{"_acf_changed":false,"footnotes":""},"class_list":["post-421","page","type-page","status-publish","hentry"],"acf":[],"yoast_head":"<!-- This site is optimized with the Yoast SEO plugin v27.4 - https:\/\/yoast.com\/product\/yoast-seo-wordpress\/ -->\n<title>Styrelsen - Kristdemokraterna \u00d6cker\u00f6<\/title>\n<meta name=\"robots\" content=\"index, follow, max-snippet:-1, max-image-preview:large, max-video-preview:-1\" \/>\n<link rel=\"canonical\" href=\"https:\/\/wp.kristdemokraterna.se\/ockero\/styrelsen\/\" \/>\n<meta property=\"og:locale\" content=\"sv_SE\" \/>\n<meta property=\"og:type\" content=\"article\" \/>\n<meta property=\"og:title\" content=\"Styrelsen - Kristdemokraterna \u00d6cker\u00f6\" \/>\n<meta property=\"og:description\" content=\"Styrelsen i partiavdelningen v\u00e4ljs av avdelningens \u00e5rsm\u00f6te, vanligtvis en g\u00e5ng per \u00e5r. Styrelsens uppdrag Leda lokalavdelningens verksamheter Sk\u00f6ta lokalavdelningens ekonomi och medlemsavgifter F\u00f6rbereda \u00e5rsm\u00f6tet Verkst\u00e4lla \u00e5rsm\u00f6tets beslut Verka f\u00f6r att fler blir medlemmar Driva valr\u00f6relser Nominera kandidater till kommunfullm\u00e4ktigeval Styrelsens medlemmar 2025 Martina Lindqvist Ordf\u00f6rande Telefon: 077-708 11 21 E-post: martina.lindqvist@ockero.se Robertho Settergren Vice ordf\u00f6rande Read More\" \/>\n<meta property=\"og:url\" content=\"https:\/\/wp.kristdemokraterna.se\/ockero\/styrelsen\/\" \/>\n<meta property=\"og:site_name\" content=\"Kristdemokraterna \u00d6cker\u00f6\" \/>\n<meta property=\"article:modified_time\" content=\"2025-12-19T16:28:54+00:00\" \/>\n<meta name=\"twitter:card\" content=\"summary_large_image\" \/>\n<meta name=\"twitter:label1\" content=\"Ber\u00e4knad l\u00e4stid\" \/>\n\t<meta name=\"twitter:data1\" content=\"1 minut\" \/>\n<script type=\"application\/ld+json\" class=\"yoast-schema-graph\">{\"@context\":\"https:\\\/\\\/schema.org\",\"@graph\":[{\"@type\":\"WebPage\",\"@id\":\"https:\\\/\\\/wp.kristdemokraterna.se\\\/ockero\\\/styrelsen\\\/\",\"url\":\"https:\\\/\\\/wp.kristdemokraterna.se\\\/ockero\\\/styrelsen\\\/\",\"name\":\"Styrelsen - Kristdemokraterna \u00d6cker\u00f6\",\"isPartOf\":{\"@id\":\"https:\\\/\\\/wp.kristdemokraterna.se\\\/ockero\\\/#website\"},\"datePublished\":\"2018-06-12T19:47:37+00:00\",\"dateModified\":\"2025-12-19T16:28:54+00:00\",\"breadcrumb\":{\"@id\":\"https:\\\/\\\/wp.kristdemokraterna.se\\\/ockero\\\/styrelsen\\\/#breadcrumb\"},\"inLanguage\":\"sv-SE\",\"potentialAction\":[{\"@type\":\"ReadAction\",\"target\":[\"https:\\\/\\\/wp.kristdemokraterna.se\\\/ockero\\\/styrelsen\\\/\"]}]},{\"@type\":\"BreadcrumbList\",\"@id\":\"https:\\\/\\\/wp.kristdemokraterna.se\\\/ockero\\\/styrelsen\\\/#breadcrumb\",\"itemListElement\":[{\"@type\":\"ListItem\",\"position\":1,\"name\":\"Hem\",\"item\":\"https:\\\/\\\/wp.kristdemokraterna.se\\\/ockero\\\/\"},{\"@type\":\"ListItem\",\"position\":2,\"name\":\"Styrelsen\"}]},{\"@type\":\"WebSite\",\"@id\":\"https:\\\/\\\/wp.kristdemokraterna.se\\\/ockero\\\/#website\",\"url\":\"https:\\\/\\\/wp.kristdemokraterna.se\\\/ockero\\\/\",\"name\":\"Kristdemokraterna \u00d6cker\u00f6\",\"description\":\"Tillsammans skapar vi Sveriges b\u00e4sta kommun\",\"inLanguage\":\"sv-SE\"}]}<\/script>\n<!-- \/ Yoast SEO plugin. -->","yoast_head_json":{"title":"Styrelsen - Kristdemokraterna \u00d6cker\u00f6","robots":{"index":"index","follow":"follow","max-snippet":"max-snippet:-1","max-image-preview":"max-image-preview:large","max-video-preview":"max-video-preview:-1"},"canonical":"https:\/\/wp.kristdemokraterna.se\/ockero\/styrelsen\/","og_locale":"sv_SE","og_type":"article","og_title":"Styrelsen - Kristdemokraterna \u00d6cker\u00f6","og_description":"Styrelsen i partiavdelningen v\u00e4ljs av avdelningens \u00e5rsm\u00f6te, vanligtvis en g\u00e5ng per \u00e5r. Styrelsens uppdrag Leda lokalavdelningens verksamheter Sk\u00f6ta lokalavdelningens ekonomi och medlemsavgifter F\u00f6rbereda \u00e5rsm\u00f6tet Verkst\u00e4lla \u00e5rsm\u00f6tets beslut Verka f\u00f6r att fler blir medlemmar Driva valr\u00f6relser Nominera kandidater till kommunfullm\u00e4ktigeval Styrelsens medlemmar 2025 Martina Lindqvist Ordf\u00f6rande Telefon: 077-708 11 21 E-post: martina.lindqvist@ockero.se Robertho Settergren Vice ordf\u00f6rande Read More","og_url":"https:\/\/wp.kristdemokraterna.se\/ockero\/styrelsen\/","og_site_name":"Kristdemokraterna \u00d6cker\u00f6","article_modified_time":"2025-12-19T16:28:54+00:00","twitter_card":"summary_large_image","twitter_misc":{"Ber\u00e4knad l\u00e4stid":"1 minut"},"schema":{"@context":"https:\/\/schema.org","@graph":[{"@type":"WebPage","@id":"https:\/\/wp.kristdemokraterna.se\/ockero\/styrelsen\/","url":"https:\/\/wp.kristdemokraterna.se\/ockero\/styrelsen\/","name":"Styrelsen - Kristdemokraterna \u00d6cker\u00f6","isPartOf":{"@id":"https:\/\/wp.kristdemokraterna.se\/ockero\/#website"},"datePublished":"2018-06-12T19:47:37+00:00","dateModified":"2025-12-19T16:28:54+00:00","breadcrumb":{"@id":"https:\/\/wp.kristdemokraterna.se\/ockero\/styrelsen\/#breadcrumb"},"inLanguage":"sv-SE","potentialAction":[{"@type":"ReadAction","target":["https:\/\/wp.kristdemokraterna.se\/ockero\/styrelsen\/"]}]},{"@type":"BreadcrumbList","@id":"https:\/\/wp.kristdemokraterna.se\/ockero\/styrelsen\/#breadcrumb","itemListElement":[{"@type":"ListItem","position":1,"name":"Hem","item":"https:\/\/wp.kristdemokraterna.se\/ockero\/"},{"@type":"ListItem","position":2,"name":"Styrelsen"}]},{"@type":"WebSite","@id":"https:\/\/wp.kristdemokraterna.se\/ockero\/#website","url":"https:\/\/wp.kristdemokraterna.se\/ockero\/","name":"Kristdemokraterna \u00d6cker\u00f6","description":"Tillsammans skapar vi Sveriges b\u00e4sta kommun","inLanguage":"sv-SE"}]}},"_links":{"self":[{"href":"https:\/\/wp.kristdemokraterna.se\/ockero\/wp-json\/wp\/v2\/pages\/421","targetHints":{"allow":["GET"]}}],"collection":[{"href":"https:\/\/wp.kristdemokraterna.se\/ockero\/wp-json\/wp\/v2\/pages"}],"about":[{"href":"https:\/\/wp.kristdemokraterna.se\/ockero\/wp-json\/wp\/v2\/types\/page"}],"author":[{"embeddable":true,"href":"https:\/\/wp.kristdemokraterna.se\/ockero\/wp-json\/wp\/v2\/users\/647"}],"replies":[{"embeddable":true,"href":"https:\/\/wp.kristdemokraterna.se\/ockero\/wp-json\/wp\/v2\/comments?post=421"}],"version-history":[{"count":7,"href":"https:\/\/wp.kristdemokraterna.se\/ockero\/wp-json\/wp\/v2\/pages\/421\/revisions"}],"predecessor-version":[{"id":813,"href":"https:\/\/wp.kristdemokraterna.se\/ockero\/wp-json\/wp\/v2\/pages\/421\/revisions\/813"}],"wp:attachment":[{"href":"https:\/\/wp.kristdemokraterna.se\/ockero\/wp-json\/wp\/v2\/media?parent=421"}],"curies":[{"name":"wp","href":"https:\/\/api.w.org\/{rel}","templated":true}]}}