{"id":424,"date":"2018-06-12T21:49:32","date_gmt":"2018-06-12T19:49:32","guid":{"rendered":"http:\/\/wp.kristdemokraterna.se\/ockero2\/?page_id=424"},"modified":"2025-12-19T18:16:37","modified_gmt":"2025-12-19T17:16:37","slug":"kalender","status":"publish","type":"page","link":"https:\/\/wp.kristdemokraterna.se\/ockero\/kalender\/","title":{"rendered":"Kalender 2026"},"content":{"rendered":"<p>M\u00e5ndag 26\/1<br \/>\n18:00-20:00 Gruppm\u00f6te (Lejonet)<\/p>\n<p>M\u00e5ndag 23\/2<br \/>\n18:00-21:00 \u00c5rsm\u00f6te och gruppm\u00f6te (Lejonet)<\/p>\n<p>M\u00e5ndag 23\/3<br \/>\n18:00-20:00 Gruppm\u00f6te (Lejonet)<\/p>\n<p>L\u00f6rdag 28\/3<br \/>\nPartidistrikts\u00e5rsm\u00f6te KD V\u00e4stra G\u00f6taland<br \/>\nG\u00f6teborg<\/p>\n<p>Fredag-l\u00f6rdag 17-18\/4<br \/>\nKD-dagarna i J\u00f6nk\u00f6ping<\/p>\n<p>M\u00e5ndag 27\/4<br \/>\n18:00-20:00 Gruppm\u00f6te (Lejonet)<\/p>\n<p>M\u00e5ndag 25\/5<br \/>\n18:00-20:00 Gruppm\u00f6te (Lejonet)<\/p>\n<p>M\u00e5ndag 15\/6<br \/>\n18:00-20:00 Gruppm\u00f6te med sommaravslutning<\/p>\n<p>Fredag kv\u00e4ll 7\/8<br \/>\nKr\u00e4ftskiva (Nimbus)<\/p>\n<p>M\u00e5ndag 24\/8<br \/>\n18:00-20:00 Gruppm\u00f6te (Lejonet)<\/p>\n<p>S\u00f6ndag 13\/9<br \/>\nValdagen<\/p>\n<p>M\u00e5ndag 21\/9<br \/>\n18:00-20:00 Gruppm\u00f6te (Lejonet)<\/p>\n<p>M\u00e5ndag 19\/10<br \/>\n18:00-20:00 Gruppm\u00f6te (Lejonet)<\/p>\n<p>L\u00f6rdag 7\/11<br \/>\nH\u00f6stst\u00e4mma KD V\u00e4stra G\u00f6taland<\/p>\n<p>M\u00e5ndag 23\/11<br \/>\n18:00-20:00 Gruppm\u00f6te (Lejonet)<\/p>\n<p>M\u00e5ndag 14\/12<br \/>\n18:00-20:00 Gruppm\u00f6te med julavslutning<\/p>\n<p>* Gruppm\u00f6tena \u00e4r \u00f6ppna f\u00f6r alla medlemmar. D\u00e4r behandlar vi aktuella fr\u00e5gor inom kommunpolitiken och partiet.<\/p>\n","protected":false},"excerpt":{"rendered":"<p>M\u00e5ndag 26\/1 18:00-20:00 Gruppm\u00f6te (Lejonet) M\u00e5ndag 23\/2 18:00-21:00 \u00c5rsm\u00f6te och gruppm\u00f6te (Lejonet) M\u00e5ndag 23\/3 18:00-20:00 Gruppm\u00f6te (Lejonet) L\u00f6rdag 28\/3 Partidistrikts\u00e5rsm\u00f6te KD V\u00e4stra G\u00f6taland G\u00f6teborg Fredag-l\u00f6rdag 17-18\/4 KD-dagarna i J\u00f6nk\u00f6ping M\u00e5ndag 27\/4 18:00-20:00 Gruppm\u00f6te (Lejonet) M\u00e5ndag 25\/5 18:00-20:00 Gruppm\u00f6te (Lejonet) M\u00e5ndag 15\/6 18:00-20:00 Gruppm\u00f6te med sommaravslutning Fredag kv\u00e4ll 7\/8 Kr\u00e4ftskiva (Nimbus) M\u00e5ndag 24\/8 18:00-20:00 Gruppm\u00f6te (Lejonet) <a class=\"read-more-link\" href=\"https:\/\/wp.kristdemokraterna.se\/ockero\/kalender\/\">Read More<\/a><\/p>\n","protected":false},"author":647,"featured_media":0,"parent":0,"menu_order":0,"comment_status":"closed","ping_status":"closed","template":"","meta":{"_acf_changed":false,"footnotes":""},"class_list":["post-424","page","type-page","status-publish","hentry"],"acf":[],"yoast_head":"<!-- This site is optimized with the Yoast SEO plugin v27.3 - https:\/\/yoast.com\/product\/yoast-seo-wordpress\/ -->\n<title>Kalender 2026 - Kristdemokraterna \u00d6cker\u00f6<\/title>\n<meta name=\"robots\" content=\"index, follow, max-snippet:-1, max-image-preview:large, max-video-preview:-1\" \/>\n<link rel=\"canonical\" href=\"https:\/\/wp.kristdemokraterna.se\/ockero\/kalender\/\" \/>\n<meta property=\"og:locale\" content=\"sv_SE\" \/>\n<meta property=\"og:type\" content=\"article\" \/>\n<meta property=\"og:title\" content=\"Kalender 2026 - Kristdemokraterna \u00d6cker\u00f6\" \/>\n<meta property=\"og:description\" content=\"M\u00e5ndag 26\/1 18:00-20:00 Gruppm\u00f6te (Lejonet) M\u00e5ndag 23\/2 18:00-21:00 \u00c5rsm\u00f6te och gruppm\u00f6te (Lejonet) M\u00e5ndag 23\/3 18:00-20:00 Gruppm\u00f6te (Lejonet) L\u00f6rdag 28\/3 Partidistrikts\u00e5rsm\u00f6te KD V\u00e4stra G\u00f6taland G\u00f6teborg Fredag-l\u00f6rdag 17-18\/4 KD-dagarna i J\u00f6nk\u00f6ping M\u00e5ndag 27\/4 18:00-20:00 Gruppm\u00f6te (Lejonet) M\u00e5ndag 25\/5 18:00-20:00 Gruppm\u00f6te (Lejonet) M\u00e5ndag 15\/6 18:00-20:00 Gruppm\u00f6te med sommaravslutning Fredag kv\u00e4ll 7\/8 Kr\u00e4ftskiva (Nimbus) M\u00e5ndag 24\/8 18:00-20:00 Gruppm\u00f6te (Lejonet) Read More\" \/>\n<meta property=\"og:url\" content=\"https:\/\/wp.kristdemokraterna.se\/ockero\/kalender\/\" \/>\n<meta property=\"og:site_name\" content=\"Kristdemokraterna \u00d6cker\u00f6\" \/>\n<meta property=\"article:modified_time\" content=\"2025-12-19T17:16:37+00:00\" \/>\n<meta name=\"twitter:card\" content=\"summary_large_image\" \/>\n<meta name=\"twitter:label1\" content=\"Ber\u00e4knad l\u00e4stid\" \/>\n\t<meta name=\"twitter:data1\" content=\"1 minut\" \/>\n<script type=\"application\/ld+json\" class=\"yoast-schema-graph\">{\"@context\":\"https:\\\/\\\/schema.org\",\"@graph\":[{\"@type\":\"WebPage\",\"@id\":\"https:\\\/\\\/wp.kristdemokraterna.se\\\/ockero\\\/kalender\\\/\",\"url\":\"https:\\\/\\\/wp.kristdemokraterna.se\\\/ockero\\\/kalender\\\/\",\"name\":\"Kalender 2026 - Kristdemokraterna \u00d6cker\u00f6\",\"isPartOf\":{\"@id\":\"https:\\\/\\\/wp.kristdemokraterna.se\\\/ockero\\\/#website\"},\"datePublished\":\"2018-06-12T19:49:32+00:00\",\"dateModified\":\"2025-12-19T17:16:37+00:00\",\"breadcrumb\":{\"@id\":\"https:\\\/\\\/wp.kristdemokraterna.se\\\/ockero\\\/kalender\\\/#breadcrumb\"},\"inLanguage\":\"sv-SE\",\"potentialAction\":[{\"@type\":\"ReadAction\",\"target\":[\"https:\\\/\\\/wp.kristdemokraterna.se\\\/ockero\\\/kalender\\\/\"]}]},{\"@type\":\"BreadcrumbList\",\"@id\":\"https:\\\/\\\/wp.kristdemokraterna.se\\\/ockero\\\/kalender\\\/#breadcrumb\",\"itemListElement\":[{\"@type\":\"ListItem\",\"position\":1,\"name\":\"Hem\",\"item\":\"https:\\\/\\\/wp.kristdemokraterna.se\\\/ockero\\\/\"},{\"@type\":\"ListItem\",\"position\":2,\"name\":\"Kalender 2026\"}]},{\"@type\":\"WebSite\",\"@id\":\"https:\\\/\\\/wp.kristdemokraterna.se\\\/ockero\\\/#website\",\"url\":\"https:\\\/\\\/wp.kristdemokraterna.se\\\/ockero\\\/\",\"name\":\"Kristdemokraterna \u00d6cker\u00f6\",\"description\":\"Tillsammans skapar vi Sveriges b\u00e4sta kommun\",\"inLanguage\":\"sv-SE\"}]}<\/script>\n<!-- \/ Yoast SEO plugin. -->","yoast_head_json":{"title":"Kalender 2026 - Kristdemokraterna \u00d6cker\u00f6","robots":{"index":"index","follow":"follow","max-snippet":"max-snippet:-1","max-image-preview":"max-image-preview:large","max-video-preview":"max-video-preview:-1"},"canonical":"https:\/\/wp.kristdemokraterna.se\/ockero\/kalender\/","og_locale":"sv_SE","og_type":"article","og_title":"Kalender 2026 - Kristdemokraterna \u00d6cker\u00f6","og_description":"M\u00e5ndag 26\/1 18:00-20:00 Gruppm\u00f6te (Lejonet) M\u00e5ndag 23\/2 18:00-21:00 \u00c5rsm\u00f6te och gruppm\u00f6te (Lejonet) M\u00e5ndag 23\/3 18:00-20:00 Gruppm\u00f6te (Lejonet) L\u00f6rdag 28\/3 Partidistrikts\u00e5rsm\u00f6te KD V\u00e4stra G\u00f6taland G\u00f6teborg Fredag-l\u00f6rdag 17-18\/4 KD-dagarna i J\u00f6nk\u00f6ping M\u00e5ndag 27\/4 18:00-20:00 Gruppm\u00f6te (Lejonet) M\u00e5ndag 25\/5 18:00-20:00 Gruppm\u00f6te (Lejonet) M\u00e5ndag 15\/6 18:00-20:00 Gruppm\u00f6te med sommaravslutning Fredag kv\u00e4ll 7\/8 Kr\u00e4ftskiva (Nimbus) M\u00e5ndag 24\/8 18:00-20:00 Gruppm\u00f6te (Lejonet) Read More","og_url":"https:\/\/wp.kristdemokraterna.se\/ockero\/kalender\/","og_site_name":"Kristdemokraterna \u00d6cker\u00f6","article_modified_time":"2025-12-19T17:16:37+00:00","twitter_card":"summary_large_image","twitter_misc":{"Ber\u00e4knad l\u00e4stid":"1 minut"},"schema":{"@context":"https:\/\/schema.org","@graph":[{"@type":"WebPage","@id":"https:\/\/wp.kristdemokraterna.se\/ockero\/kalender\/","url":"https:\/\/wp.kristdemokraterna.se\/ockero\/kalender\/","name":"Kalender 2026 - Kristdemokraterna \u00d6cker\u00f6","isPartOf":{"@id":"https:\/\/wp.kristdemokraterna.se\/ockero\/#website"},"datePublished":"2018-06-12T19:49:32+00:00","dateModified":"2025-12-19T17:16:37+00:00","breadcrumb":{"@id":"https:\/\/wp.kristdemokraterna.se\/ockero\/kalender\/#breadcrumb"},"inLanguage":"sv-SE","potentialAction":[{"@type":"ReadAction","target":["https:\/\/wp.kristdemokraterna.se\/ockero\/kalender\/"]}]},{"@type":"BreadcrumbList","@id":"https:\/\/wp.kristdemokraterna.se\/ockero\/kalender\/#breadcrumb","itemListElement":[{"@type":"ListItem","position":1,"name":"Hem","item":"https:\/\/wp.kristdemokraterna.se\/ockero\/"},{"@type":"ListItem","position":2,"name":"Kalender 2026"}]},{"@type":"WebSite","@id":"https:\/\/wp.kristdemokraterna.se\/ockero\/#website","url":"https:\/\/wp.kristdemokraterna.se\/ockero\/","name":"Kristdemokraterna \u00d6cker\u00f6","description":"Tillsammans skapar vi Sveriges b\u00e4sta kommun","inLanguage":"sv-SE"}]}},"_links":{"self":[{"href":"https:\/\/wp.kristdemokraterna.se\/ockero\/wp-json\/wp\/v2\/pages\/424","targetHints":{"allow":["GET"]}}],"collection":[{"href":"https:\/\/wp.kristdemokraterna.se\/ockero\/wp-json\/wp\/v2\/pages"}],"about":[{"href":"https:\/\/wp.kristdemokraterna.se\/ockero\/wp-json\/wp\/v2\/types\/page"}],"author":[{"embeddable":true,"href":"https:\/\/wp.kristdemokraterna.se\/ockero\/wp-json\/wp\/v2\/users\/647"}],"replies":[{"embeddable":true,"href":"https:\/\/wp.kristdemokraterna.se\/ockero\/wp-json\/wp\/v2\/comments?post=424"}],"version-history":[{"count":30,"href":"https:\/\/wp.kristdemokraterna.se\/ockero\/wp-json\/wp\/v2\/pages\/424\/revisions"}],"predecessor-version":[{"id":818,"href":"https:\/\/wp.kristdemokraterna.se\/ockero\/wp-json\/wp\/v2\/pages\/424\/revisions\/818"}],"wp:attachment":[{"href":"https:\/\/wp.kristdemokraterna.se\/ockero\/wp-json\/wp\/v2\/media?parent=424"}],"curies":[{"name":"wp","href":"https:\/\/api.w.org\/{rel}","templated":true}]}}