{"id":601,"date":"2018-08-15T12:15:17","date_gmt":"2018-08-15T10:15:17","guid":{"rendered":"http:\/\/wp.kristdemokraterna.se\/ockero\/?page_id=601"},"modified":"2022-08-19T16:07:04","modified_gmt":"2022-08-19T14:07:04","slug":"kommunpolitiskt-valprogram-2022","status":"publish","type":"page","link":"https:\/\/wp.kristdemokraterna.se\/ockero\/kommunpolitiskt-valprogram-2022\/","title":{"rendered":"Kommunalt valprogram 2022"},"content":{"rendered":"<p><a href=\"http:\/\/wp.kristdemokraterna.se\/ockero\/files\/2022\/08\/kommunpolitiskt-valprogram-2022.pdf\"><img loading=\"lazy\" decoding=\"async\" class=\"size-large wp-image-769 aligncenter\" src=\"http:\/\/wp.kristdemokraterna.se\/ockero\/files\/2022\/08\/bild-pa-kommunpolitiska-handlingsprogrammet-724x1024.jpg\" alt=\"KD \u00d6cker\u00f6 - Kommunalt valprogram 2022\" width=\"724\" height=\"1024\" srcset=\"https:\/\/wp.kristdemokraterna.se\/ockero\/files\/2022\/08\/bild-pa-kommunpolitiska-handlingsprogrammet-724x1024.jpg 724w, https:\/\/wp.kristdemokraterna.se\/ockero\/files\/2022\/08\/bild-pa-kommunpolitiska-handlingsprogrammet-212x300.jpg 212w, https:\/\/wp.kristdemokraterna.se\/ockero\/files\/2022\/08\/bild-pa-kommunpolitiska-handlingsprogrammet-768x1086.jpg 768w, https:\/\/wp.kristdemokraterna.se\/ockero\/files\/2022\/08\/bild-pa-kommunpolitiska-handlingsprogrammet-141x200.jpg 141w, https:\/\/wp.kristdemokraterna.se\/ockero\/files\/2022\/08\/bild-pa-kommunpolitiska-handlingsprogrammet-370x523.jpg 370w, https:\/\/wp.kristdemokraterna.se\/ockero\/files\/2022\/08\/bild-pa-kommunpolitiska-handlingsprogrammet-770x1089.jpg 770w, https:\/\/wp.kristdemokraterna.se\/ockero\/files\/2022\/08\/bild-pa-kommunpolitiska-handlingsprogrammet-450x636.jpg 450w, https:\/\/wp.kristdemokraterna.se\/ockero\/files\/2022\/08\/bild-pa-kommunpolitiska-handlingsprogrammet-280x396.jpg 280w, https:\/\/wp.kristdemokraterna.se\/ockero\/files\/2022\/08\/bild-pa-kommunpolitiska-handlingsprogrammet-340x481.jpg 340w, https:\/\/wp.kristdemokraterna.se\/ockero\/files\/2022\/08\/bild-pa-kommunpolitiska-handlingsprogrammet-40x56.jpg 40w, https:\/\/wp.kristdemokraterna.se\/ockero\/files\/2022\/08\/bild-pa-kommunpolitiska-handlingsprogrammet.jpg 794w\" sizes=\"auto, (max-width: 724px) 100vw, 724px\" \/><\/a><\/p>\n<p>Detta dokument \u00e4r Kristdemokraternas kommunpolitiska valprogram f\u00f6r \u00d6cker\u00f6 kommun. H\u00e4r finns ett stort antal konkreta f\u00f6rslag som vi vill verka f\u00f6r under n\u00e4sta mandatperiod. Varje avsnitt inleds med ett kort citat i kursiv stil fr\u00e5n v\u00e5rt principprogram f\u00f6r att koppla ideologin till v\u00e5r politik p\u00e5 ett tydligt s\u00e4tt. Sedan f\u00f6ljer en br\u00f6dtext och som avslutande del kommer ett antal konkreta punkter som relaterar till respektive avsnitt.<\/p>\n<p><a href=\"http:\/\/wp.kristdemokraterna.se\/ockero\/files\/2022\/08\/kommunpolitiskt-valprogram-2022.pdf\">Klicka h\u00e4r f\u00f6r att l\u00e4sa programmet<\/a><\/p>\n","protected":false},"excerpt":{"rendered":"<p>Detta dokument \u00e4r Kristdemokraternas kommunpolitiska valprogram f\u00f6r \u00d6cker\u00f6 kommun. H\u00e4r finns ett stort antal konkreta f\u00f6rslag som vi vill verka f\u00f6r under n\u00e4sta mandatperiod. Varje avsnitt inleds med ett kort citat i kursiv stil fr\u00e5n v\u00e5rt principprogram f\u00f6r att koppla ideologin till v\u00e5r politik p\u00e5 ett tydligt s\u00e4tt. Sedan f\u00f6ljer en br\u00f6dtext och som avslutande <a class=\"read-more-link\" href=\"https:\/\/wp.kristdemokraterna.se\/ockero\/kommunpolitiskt-valprogram-2022\/\">Read More<\/a><\/p>\n","protected":false},"author":647,"featured_media":0,"parent":0,"menu_order":0,"comment_status":"closed","ping_status":"closed","template":"","meta":{"_acf_changed":false,"footnotes":""},"class_list":["post-601","page","type-page","status-publish","hentry"],"acf":[],"yoast_head":"<!-- This site is optimized with the Yoast SEO plugin v27.3 - https:\/\/yoast.com\/product\/yoast-seo-wordpress\/ -->\n<title>Kommunalt valprogram 2022 - Kristdemokraterna \u00d6cker\u00f6<\/title>\n<meta name=\"robots\" content=\"index, follow, max-snippet:-1, max-image-preview:large, max-video-preview:-1\" \/>\n<link rel=\"canonical\" href=\"https:\/\/wp.kristdemokraterna.se\/ockero\/kommunpolitiskt-valprogram-2022\/\" \/>\n<meta property=\"og:locale\" content=\"sv_SE\" \/>\n<meta property=\"og:type\" content=\"article\" \/>\n<meta property=\"og:title\" content=\"Kommunalt valprogram 2022 - Kristdemokraterna \u00d6cker\u00f6\" \/>\n<meta property=\"og:description\" content=\"Detta dokument \u00e4r Kristdemokraternas kommunpolitiska valprogram f\u00f6r \u00d6cker\u00f6 kommun. H\u00e4r finns ett stort antal konkreta f\u00f6rslag som vi vill verka f\u00f6r under n\u00e4sta mandatperiod. Varje avsnitt inleds med ett kort citat i kursiv stil fr\u00e5n v\u00e5rt principprogram f\u00f6r att koppla ideologin till v\u00e5r politik p\u00e5 ett tydligt s\u00e4tt. Sedan f\u00f6ljer en br\u00f6dtext och som avslutande Read More\" \/>\n<meta property=\"og:url\" content=\"https:\/\/wp.kristdemokraterna.se\/ockero\/kommunpolitiskt-valprogram-2022\/\" \/>\n<meta property=\"og:site_name\" content=\"Kristdemokraterna \u00d6cker\u00f6\" \/>\n<meta property=\"article:modified_time\" content=\"2022-08-19T14:07:04+00:00\" \/>\n<meta property=\"og:image\" content=\"http:\/\/wp.kristdemokraterna.se\/ockero\/files\/2022\/08\/bild-pa-kommunpolitiska-handlingsprogrammet-724x1024.jpg\" \/>\n<meta name=\"twitter:card\" content=\"summary_large_image\" \/>\n<meta name=\"twitter:label1\" content=\"Ber\u00e4knad l\u00e4stid\" \/>\n\t<meta name=\"twitter:data1\" content=\"1 minut\" \/>\n<script type=\"application\/ld+json\" class=\"yoast-schema-graph\">{\"@context\":\"https:\\\/\\\/schema.org\",\"@graph\":[{\"@type\":\"WebPage\",\"@id\":\"https:\\\/\\\/wp.kristdemokraterna.se\\\/ockero\\\/kommunpolitiskt-valprogram-2022\\\/\",\"url\":\"https:\\\/\\\/wp.kristdemokraterna.se\\\/ockero\\\/kommunpolitiskt-valprogram-2022\\\/\",\"name\":\"Kommunalt valprogram 2022 - Kristdemokraterna \u00d6cker\u00f6\",\"isPartOf\":{\"@id\":\"https:\\\/\\\/wp.kristdemokraterna.se\\\/ockero\\\/#website\"},\"primaryImageOfPage\":{\"@id\":\"https:\\\/\\\/wp.kristdemokraterna.se\\\/ockero\\\/kommunpolitiskt-valprogram-2022\\\/#primaryimage\"},\"image\":{\"@id\":\"https:\\\/\\\/wp.kristdemokraterna.se\\\/ockero\\\/kommunpolitiskt-valprogram-2022\\\/#primaryimage\"},\"thumbnailUrl\":\"http:\\\/\\\/wp.kristdemokraterna.se\\\/ockero\\\/files\\\/2022\\\/08\\\/bild-pa-kommunpolitiska-handlingsprogrammet-724x1024.jpg\",\"datePublished\":\"2018-08-15T10:15:17+00:00\",\"dateModified\":\"2022-08-19T14:07:04+00:00\",\"breadcrumb\":{\"@id\":\"https:\\\/\\\/wp.kristdemokraterna.se\\\/ockero\\\/kommunpolitiskt-valprogram-2022\\\/#breadcrumb\"},\"inLanguage\":\"sv-SE\",\"potentialAction\":[{\"@type\":\"ReadAction\",\"target\":[\"https:\\\/\\\/wp.kristdemokraterna.se\\\/ockero\\\/kommunpolitiskt-valprogram-2022\\\/\"]}]},{\"@type\":\"ImageObject\",\"inLanguage\":\"sv-SE\",\"@id\":\"https:\\\/\\\/wp.kristdemokraterna.se\\\/ockero\\\/kommunpolitiskt-valprogram-2022\\\/#primaryimage\",\"url\":\"http:\\\/\\\/wp.kristdemokraterna.se\\\/ockero\\\/files\\\/2022\\\/08\\\/bild-pa-kommunpolitiska-handlingsprogrammet-724x1024.jpg\",\"contentUrl\":\"http:\\\/\\\/wp.kristdemokraterna.se\\\/ockero\\\/files\\\/2022\\\/08\\\/bild-pa-kommunpolitiska-handlingsprogrammet-724x1024.jpg\"},{\"@type\":\"BreadcrumbList\",\"@id\":\"https:\\\/\\\/wp.kristdemokraterna.se\\\/ockero\\\/kommunpolitiskt-valprogram-2022\\\/#breadcrumb\",\"itemListElement\":[{\"@type\":\"ListItem\",\"position\":1,\"name\":\"Hem\",\"item\":\"https:\\\/\\\/wp.kristdemokraterna.se\\\/ockero\\\/\"},{\"@type\":\"ListItem\",\"position\":2,\"name\":\"Kommunalt valprogram 2022\"}]},{\"@type\":\"WebSite\",\"@id\":\"https:\\\/\\\/wp.kristdemokraterna.se\\\/ockero\\\/#website\",\"url\":\"https:\\\/\\\/wp.kristdemokraterna.se\\\/ockero\\\/\",\"name\":\"Kristdemokraterna \u00d6cker\u00f6\",\"description\":\"Tillsammans skapar vi Sveriges b\u00e4sta kommun\",\"inLanguage\":\"sv-SE\"}]}<\/script>\n<!-- \/ Yoast SEO plugin. -->","yoast_head_json":{"title":"Kommunalt valprogram 2022 - Kristdemokraterna \u00d6cker\u00f6","robots":{"index":"index","follow":"follow","max-snippet":"max-snippet:-1","max-image-preview":"max-image-preview:large","max-video-preview":"max-video-preview:-1"},"canonical":"https:\/\/wp.kristdemokraterna.se\/ockero\/kommunpolitiskt-valprogram-2022\/","og_locale":"sv_SE","og_type":"article","og_title":"Kommunalt valprogram 2022 - Kristdemokraterna \u00d6cker\u00f6","og_description":"Detta dokument \u00e4r Kristdemokraternas kommunpolitiska valprogram f\u00f6r \u00d6cker\u00f6 kommun. H\u00e4r finns ett stort antal konkreta f\u00f6rslag som vi vill verka f\u00f6r under n\u00e4sta mandatperiod. Varje avsnitt inleds med ett kort citat i kursiv stil fr\u00e5n v\u00e5rt principprogram f\u00f6r att koppla ideologin till v\u00e5r politik p\u00e5 ett tydligt s\u00e4tt. Sedan f\u00f6ljer en br\u00f6dtext och som avslutande Read More","og_url":"https:\/\/wp.kristdemokraterna.se\/ockero\/kommunpolitiskt-valprogram-2022\/","og_site_name":"Kristdemokraterna \u00d6cker\u00f6","article_modified_time":"2022-08-19T14:07:04+00:00","og_image":[{"url":"http:\/\/wp.kristdemokraterna.se\/ockero\/files\/2022\/08\/bild-pa-kommunpolitiska-handlingsprogrammet-724x1024.jpg","type":"","width":"","height":""}],"twitter_card":"summary_large_image","twitter_misc":{"Ber\u00e4knad l\u00e4stid":"1 minut"},"schema":{"@context":"https:\/\/schema.org","@graph":[{"@type":"WebPage","@id":"https:\/\/wp.kristdemokraterna.se\/ockero\/kommunpolitiskt-valprogram-2022\/","url":"https:\/\/wp.kristdemokraterna.se\/ockero\/kommunpolitiskt-valprogram-2022\/","name":"Kommunalt valprogram 2022 - Kristdemokraterna \u00d6cker\u00f6","isPartOf":{"@id":"https:\/\/wp.kristdemokraterna.se\/ockero\/#website"},"primaryImageOfPage":{"@id":"https:\/\/wp.kristdemokraterna.se\/ockero\/kommunpolitiskt-valprogram-2022\/#primaryimage"},"image":{"@id":"https:\/\/wp.kristdemokraterna.se\/ockero\/kommunpolitiskt-valprogram-2022\/#primaryimage"},"thumbnailUrl":"http:\/\/wp.kristdemokraterna.se\/ockero\/files\/2022\/08\/bild-pa-kommunpolitiska-handlingsprogrammet-724x1024.jpg","datePublished":"2018-08-15T10:15:17+00:00","dateModified":"2022-08-19T14:07:04+00:00","breadcrumb":{"@id":"https:\/\/wp.kristdemokraterna.se\/ockero\/kommunpolitiskt-valprogram-2022\/#breadcrumb"},"inLanguage":"sv-SE","potentialAction":[{"@type":"ReadAction","target":["https:\/\/wp.kristdemokraterna.se\/ockero\/kommunpolitiskt-valprogram-2022\/"]}]},{"@type":"ImageObject","inLanguage":"sv-SE","@id":"https:\/\/wp.kristdemokraterna.se\/ockero\/kommunpolitiskt-valprogram-2022\/#primaryimage","url":"http:\/\/wp.kristdemokraterna.se\/ockero\/files\/2022\/08\/bild-pa-kommunpolitiska-handlingsprogrammet-724x1024.jpg","contentUrl":"http:\/\/wp.kristdemokraterna.se\/ockero\/files\/2022\/08\/bild-pa-kommunpolitiska-handlingsprogrammet-724x1024.jpg"},{"@type":"BreadcrumbList","@id":"https:\/\/wp.kristdemokraterna.se\/ockero\/kommunpolitiskt-valprogram-2022\/#breadcrumb","itemListElement":[{"@type":"ListItem","position":1,"name":"Hem","item":"https:\/\/wp.kristdemokraterna.se\/ockero\/"},{"@type":"ListItem","position":2,"name":"Kommunalt valprogram 2022"}]},{"@type":"WebSite","@id":"https:\/\/wp.kristdemokraterna.se\/ockero\/#website","url":"https:\/\/wp.kristdemokraterna.se\/ockero\/","name":"Kristdemokraterna \u00d6cker\u00f6","description":"Tillsammans skapar vi Sveriges b\u00e4sta kommun","inLanguage":"sv-SE"}]}},"_links":{"self":[{"href":"https:\/\/wp.kristdemokraterna.se\/ockero\/wp-json\/wp\/v2\/pages\/601","targetHints":{"allow":["GET"]}}],"collection":[{"href":"https:\/\/wp.kristdemokraterna.se\/ockero\/wp-json\/wp\/v2\/pages"}],"about":[{"href":"https:\/\/wp.kristdemokraterna.se\/ockero\/wp-json\/wp\/v2\/types\/page"}],"author":[{"embeddable":true,"href":"https:\/\/wp.kristdemokraterna.se\/ockero\/wp-json\/wp\/v2\/users\/647"}],"replies":[{"embeddable":true,"href":"https:\/\/wp.kristdemokraterna.se\/ockero\/wp-json\/wp\/v2\/comments?post=601"}],"version-history":[{"count":8,"href":"https:\/\/wp.kristdemokraterna.se\/ockero\/wp-json\/wp\/v2\/pages\/601\/revisions"}],"predecessor-version":[{"id":776,"href":"https:\/\/wp.kristdemokraterna.se\/ockero\/wp-json\/wp\/v2\/pages\/601\/revisions\/776"}],"wp:attachment":[{"href":"https:\/\/wp.kristdemokraterna.se\/ockero\/wp-json\/wp\/v2\/media?parent=601"}],"curies":[{"name":"wp","href":"https:\/\/api.w.org\/{rel}","templated":true}]}}