{"id":1004,"date":"2022-07-24T21:36:03","date_gmt":"2022-07-24T19:36:03","guid":{"rendered":"https:\/\/wp.kristdemokraterna.se\/odeshog\/?page_id=1004"},"modified":"2022-08-30T18:38:25","modified_gmt":"2022-08-30T16:38:25","slug":"landsbygdsutveckling","status":"publish","type":"page","link":"https:\/\/wp.kristdemokraterna.se\/odeshog\/i-landstinget\/axplock-fran-det-regionala-valprogrammet\/landsbygdsutveckling\/","title":{"rendered":"Landsbygdsutveckling"},"content":{"rendered":"<p><a href=\"http:\/\/wp.kristdemokraterna.se\/odeshog\/files\/2022\/08\/img_1964.jpeg\"><img loading=\"lazy\" decoding=\"async\" class=\"alignnone  wp-image-1079\" src=\"http:\/\/wp.kristdemokraterna.se\/odeshog\/files\/2022\/08\/img_1964.jpeg\" alt=\"\" width=\"656\" height=\"400\" srcset=\"https:\/\/wp.kristdemokraterna.se\/odeshog\/files\/2022\/08\/img_1964.jpeg 901w, https:\/\/wp.kristdemokraterna.se\/odeshog\/files\/2022\/08\/img_1964-300x183.jpeg 300w, https:\/\/wp.kristdemokraterna.se\/odeshog\/files\/2022\/08\/img_1964-768x468.jpeg 768w, https:\/\/wp.kristdemokraterna.se\/odeshog\/files\/2022\/08\/img_1964-328x200.jpeg 328w, https:\/\/wp.kristdemokraterna.se\/odeshog\/files\/2022\/08\/img_1964-370x225.jpeg 370w, https:\/\/wp.kristdemokraterna.se\/odeshog\/files\/2022\/08\/img_1964-770x469.jpeg 770w, https:\/\/wp.kristdemokraterna.se\/odeshog\/files\/2022\/08\/img_1964-450x274.jpeg 450w, https:\/\/wp.kristdemokraterna.se\/odeshog\/files\/2022\/08\/img_1964-280x171.jpeg 280w, https:\/\/wp.kristdemokraterna.se\/odeshog\/files\/2022\/08\/img_1964-340x207.jpeg 340w, https:\/\/wp.kristdemokraterna.se\/odeshog\/files\/2022\/08\/img_1964-200x122.jpeg 200w, https:\/\/wp.kristdemokraterna.se\/odeshog\/files\/2022\/08\/img_1964-92x56.jpeg 92w\" sizes=\"auto, (max-width: 656px) 100vw, 656px\" \/><\/a><\/p>\n<p>Trots att \u00d6sterg\u00f6tland har tv\u00e5 av Sveriges tio st\u00f6rsta kommuner, \u00e4r regionen starkt pr\u00e4glad av landsbygd. D\u00e4rf\u00f6r beh\u00f6ver landsbygdsperspektivet bli starkare i Region \u00d6sterg\u00f6tlands arbete n\u00e4r det g\u00e4ller kommunikationer, digital infrastruktur, bostadsbyggande och f\u00f6retagsetablering.<\/p>\n<p>F\u00f6r att s\u00e4kerst\u00e4lla att v\u00e5r \u00f6stg\u00f6tska landsbygd finns kvar och forts\u00e4tter utvecklas som en central del av landets sj\u00e4lvf\u00f6rs\u00f6rjning beh\u00f6ver vi skydda v\u00e5r jordbruksmark, s\u00e4kra kompetensf\u00f6rs\u00f6rjningen och vara i framkant f\u00f6r utvecklingen av de gr\u00f6na n\u00e4ringarna.<\/p>\n<p>Vi vill d\u00e4rf\u00f6r bland annat satsa p\u00e5 f\u00f6ljande under kommande mandatperiod.<\/p>\n<h2>Nyttja \u00d6sterg\u00f6tlands \u00e5kermark p\u00e5 b\u00e4sta s\u00e4tt<\/h2>\n<p>Det \u00e4r n\u00f6dv\u00e4ndigt att olika akt\u00f6rer i \u00d6sterg\u00f6tland; regionen, kommunerna och statliga myndigheter, gemensamt hittar en framg\u00e5ngsrik hantering av den b\u00f6rdiga \u00f6stg\u00f6tska \u00e5kermarken. Genom att i st\u00f6rre utstr\u00e4ckning se \u00d6sterg\u00f6tland som en samlad region f\u00f6r boende och arbete, finns f\u00f6ruts\u00e4ttningarna f\u00f6r att bygga bost\u00e4der och industrier p\u00e5 l\u00e4mplig mark, och skapa goda m\u00f6jligheter f\u00f6r arbetspendling, ist\u00e4llet f\u00f6r att exempelvis ta v\u00e4rdefull \u00e5kermark i anspr\u00e5k f\u00f6r olika former av bebyggelse.<\/p>\n<h2>Mer innovation inom lantbrukssektorn<\/h2>\n<p>Lantbruksf\u00f6retagandet \u00e4r en av \u00d6sterg\u00f6tlands viktigaste n\u00e4ringar och \u00e4r en sektor som har stor betydelse f\u00f6r att kunna st\u00e4rka sj\u00e4lvf\u00f6rs\u00f6rjningsgraden b\u00e5de i v\u00e5r region och i landet. Vi vill st\u00e4rka h\u00e5llbarheten men ocks\u00e5 m\u00f6jligg\u00f6ra det starkt \u00f6kande intresset f\u00f6r natur- och friluftsturism.<\/p>\n<p>Region \u00d6sterg\u00f6tland har tillsammans med flera andra organisationer i l\u00e4net varit med och initierat projektet Initiativ Agtech 2030 vars syfte \u00e4r att skapa en inkluderande innovationsmilj\u00f6 som genererar betydande teknik-, aff\u00e4rs- och kompetensutveckling samt ny kunskap inom lantbruksteknik.<\/p>\n<p>Kristdemokraterna anser att detta initiativ \u00e4r mycket v\u00e4rdefullt ur flera perspektiv och vill att Region \u00d6sterg\u00f6tland p\u00e5 ett mycket aktivt s\u00e4tt fortsatt st\u00f6der detta initiativ. Vi vill \u00e4ven se att resultat fr\u00e5n utvecklingsarbetet inkluderas i utbildningen p\u00e5 Naturbruksgymnasiet i Vreta s\u00e5 att nya lantbrukare f\u00e5r del av ny kunskap.<\/p>\n<h2>Investera i ett nytt elevboende p\u00e5 Vreta utbildningscentrum<\/h2>\n<p>Vreta utbildningscentrum \u00e4r en av Region \u00d6sterg\u00f6tlands skolor. H\u00e4r bedrivs flera olika utbildningar inom lantbruk, skog, djur och h\u00e4st, b\u00e5de p\u00e5 gymnasieniv\u00e5 och som YH-utbildningar. Skolan har idag ett elevinternat p\u00e5 190 elever men har behov av betydligt fler platser. I dagsl\u00e4get \u00e4r det ett stort antal elever som nekas plats och d\u00e4rmed f\u00e5r pendla tv\u00e5 \u2013 fyra timmar om dagen. Det elevhem som idag finns \u00e4r \u00e4ven slitet och behov av renovering.<\/p>\n<p>D\u00e4rf\u00f6r vill vi investera i elevboendet (renovering\/nybyggnation) och en idrottshall s\u00e5 att fler kan utbilda sig inom detta viktiga omr\u00e5de.<\/p>\n","protected":false},"excerpt":{"rendered":"<p>Trots att \u00d6sterg\u00f6tland har tv\u00e5 av Sveriges tio st\u00f6rsta kommuner, \u00e4r regionen starkt pr\u00e4glad av landsbygd. D\u00e4rf\u00f6r beh\u00f6ver landsbygdsperspektivet bli starkare i Region \u00d6sterg\u00f6tlands arbete n\u00e4r det g\u00e4ller kommunikationer, digital infrastruktur, bostadsbyggande och f\u00f6retagsetablering. F\u00f6r att s\u00e4kerst\u00e4lla att v\u00e5r \u00f6stg\u00f6tska landsbygd finns kvar och forts\u00e4tter utvecklas som en central del av landets sj\u00e4lvf\u00f6rs\u00f6rjning beh\u00f6ver vi <a class=\"read-more-link\" href=\"https:\/\/wp.kristdemokraterna.se\/odeshog\/i-landstinget\/axplock-fran-det-regionala-valprogrammet\/landsbygdsutveckling\/\">Read More<\/a><\/p>\n","protected":false},"author":747,"featured_media":0,"parent":977,"menu_order":3,"comment_status":"closed","ping_status":"closed","template":"","meta":{"_acf_changed":false,"footnotes":""},"class_list":["post-1004","page","type-page","status-publish","hentry"],"acf":[],"yoast_head":"<!-- This site is optimized with the Yoast SEO plugin v27.3 - https:\/\/yoast.com\/product\/yoast-seo-wordpress\/ -->\n<title>Landsbygdsutveckling - \u00d6desh\u00f6g<\/title>\n<meta name=\"robots\" content=\"index, follow, max-snippet:-1, max-image-preview:large, max-video-preview:-1\" \/>\n<link rel=\"canonical\" href=\"https:\/\/wp.kristdemokraterna.se\/odeshog\/i-landstinget\/axplock-fran-det-regionala-valprogrammet\/landsbygdsutveckling\/\" \/>\n<meta property=\"og:locale\" content=\"sv_SE\" \/>\n<meta property=\"og:type\" content=\"article\" \/>\n<meta property=\"og:title\" content=\"Landsbygdsutveckling - \u00d6desh\u00f6g\" \/>\n<meta property=\"og:description\" content=\"Trots att \u00d6sterg\u00f6tland har tv\u00e5 av Sveriges tio st\u00f6rsta kommuner, \u00e4r regionen starkt pr\u00e4glad av landsbygd. D\u00e4rf\u00f6r beh\u00f6ver landsbygdsperspektivet bli starkare i Region \u00d6sterg\u00f6tlands arbete n\u00e4r det g\u00e4ller kommunikationer, digital infrastruktur, bostadsbyggande och f\u00f6retagsetablering. F\u00f6r att s\u00e4kerst\u00e4lla att v\u00e5r \u00f6stg\u00f6tska landsbygd finns kvar och forts\u00e4tter utvecklas som en central del av landets sj\u00e4lvf\u00f6rs\u00f6rjning beh\u00f6ver vi Read More\" \/>\n<meta property=\"og:url\" content=\"https:\/\/wp.kristdemokraterna.se\/odeshog\/i-landstinget\/axplock-fran-det-regionala-valprogrammet\/landsbygdsutveckling\/\" \/>\n<meta property=\"og:site_name\" content=\"\u00d6desh\u00f6g\" \/>\n<meta property=\"article:modified_time\" content=\"2022-08-30T16:38:25+00:00\" \/>\n<meta property=\"og:image\" content=\"http:\/\/wp.kristdemokraterna.se\/odeshog\/files\/2022\/08\/img_1964.jpeg\" \/>\n<meta name=\"twitter:card\" content=\"summary_large_image\" \/>\n<meta name=\"twitter:label1\" content=\"Ber\u00e4knad l\u00e4stid\" \/>\n\t<meta name=\"twitter:data1\" content=\"2 minuter\" \/>\n<script type=\"application\/ld+json\" class=\"yoast-schema-graph\">{\"@context\":\"https:\\\/\\\/schema.org\",\"@graph\":[{\"@type\":\"WebPage\",\"@id\":\"https:\\\/\\\/wp.kristdemokraterna.se\\\/odeshog\\\/i-landstinget\\\/axplock-fran-det-regionala-valprogrammet\\\/landsbygdsutveckling\\\/\",\"url\":\"https:\\\/\\\/wp.kristdemokraterna.se\\\/odeshog\\\/i-landstinget\\\/axplock-fran-det-regionala-valprogrammet\\\/landsbygdsutveckling\\\/\",\"name\":\"Landsbygdsutveckling - \u00d6desh\u00f6g\",\"isPartOf\":{\"@id\":\"https:\\\/\\\/wp.kristdemokraterna.se\\\/odeshog\\\/#website\"},\"primaryImageOfPage\":{\"@id\":\"https:\\\/\\\/wp.kristdemokraterna.se\\\/odeshog\\\/i-landstinget\\\/axplock-fran-det-regionala-valprogrammet\\\/landsbygdsutveckling\\\/#primaryimage\"},\"image\":{\"@id\":\"https:\\\/\\\/wp.kristdemokraterna.se\\\/odeshog\\\/i-landstinget\\\/axplock-fran-det-regionala-valprogrammet\\\/landsbygdsutveckling\\\/#primaryimage\"},\"thumbnailUrl\":\"http:\\\/\\\/wp.kristdemokraterna.se\\\/odeshog\\\/files\\\/2022\\\/08\\\/img_1964.jpeg\",\"datePublished\":\"2022-07-24T19:36:03+00:00\",\"dateModified\":\"2022-08-30T16:38:25+00:00\",\"breadcrumb\":{\"@id\":\"https:\\\/\\\/wp.kristdemokraterna.se\\\/odeshog\\\/i-landstinget\\\/axplock-fran-det-regionala-valprogrammet\\\/landsbygdsutveckling\\\/#breadcrumb\"},\"inLanguage\":\"sv-SE\",\"potentialAction\":[{\"@type\":\"ReadAction\",\"target\":[\"https:\\\/\\\/wp.kristdemokraterna.se\\\/odeshog\\\/i-landstinget\\\/axplock-fran-det-regionala-valprogrammet\\\/landsbygdsutveckling\\\/\"]}]},{\"@type\":\"ImageObject\",\"inLanguage\":\"sv-SE\",\"@id\":\"https:\\\/\\\/wp.kristdemokraterna.se\\\/odeshog\\\/i-landstinget\\\/axplock-fran-det-regionala-valprogrammet\\\/landsbygdsutveckling\\\/#primaryimage\",\"url\":\"http:\\\/\\\/wp.kristdemokraterna.se\\\/odeshog\\\/files\\\/2022\\\/08\\\/img_1964.jpeg\",\"contentUrl\":\"http:\\\/\\\/wp.kristdemokraterna.se\\\/odeshog\\\/files\\\/2022\\\/08\\\/img_1964.jpeg\"},{\"@type\":\"BreadcrumbList\",\"@id\":\"https:\\\/\\\/wp.kristdemokraterna.se\\\/odeshog\\\/i-landstinget\\\/axplock-fran-det-regionala-valprogrammet\\\/landsbygdsutveckling\\\/#breadcrumb\",\"itemListElement\":[{\"@type\":\"ListItem\",\"position\":1,\"name\":\"Hem\",\"item\":\"https:\\\/\\\/wp.kristdemokraterna.se\\\/odeshog\\\/\"},{\"@type\":\"ListItem\",\"position\":2,\"name\":\"I Regionen\",\"item\":\"https:\\\/\\\/wp.kristdemokraterna.se\\\/odeshog\\\/i-landstinget\\\/\"},{\"@type\":\"ListItem\",\"position\":3,\"name\":\"Axplock &#8211; Regionalt valprogram\",\"item\":\"https:\\\/\\\/wp.kristdemokraterna.se\\\/odeshog\\\/i-landstinget\\\/axplock-fran-det-regionala-valprogrammet\\\/\"},{\"@type\":\"ListItem\",\"position\":4,\"name\":\"Landsbygdsutveckling\"}]},{\"@type\":\"WebSite\",\"@id\":\"https:\\\/\\\/wp.kristdemokraterna.se\\\/odeshog\\\/#website\",\"url\":\"https:\\\/\\\/wp.kristdemokraterna.se\\\/odeshog\\\/\",\"name\":\"\u00d6desh\u00f6g\",\"description\":\"En till Kristdemokraterna webbplats\",\"inLanguage\":\"sv-SE\"}]}<\/script>\n<!-- \/ Yoast SEO plugin. -->","yoast_head_json":{"title":"Landsbygdsutveckling - \u00d6desh\u00f6g","robots":{"index":"index","follow":"follow","max-snippet":"max-snippet:-1","max-image-preview":"max-image-preview:large","max-video-preview":"max-video-preview:-1"},"canonical":"https:\/\/wp.kristdemokraterna.se\/odeshog\/i-landstinget\/axplock-fran-det-regionala-valprogrammet\/landsbygdsutveckling\/","og_locale":"sv_SE","og_type":"article","og_title":"Landsbygdsutveckling - \u00d6desh\u00f6g","og_description":"Trots att \u00d6sterg\u00f6tland har tv\u00e5 av Sveriges tio st\u00f6rsta kommuner, \u00e4r regionen starkt pr\u00e4glad av landsbygd. D\u00e4rf\u00f6r beh\u00f6ver landsbygdsperspektivet bli starkare i Region \u00d6sterg\u00f6tlands arbete n\u00e4r det g\u00e4ller kommunikationer, digital infrastruktur, bostadsbyggande och f\u00f6retagsetablering. F\u00f6r att s\u00e4kerst\u00e4lla att v\u00e5r \u00f6stg\u00f6tska landsbygd finns kvar och forts\u00e4tter utvecklas som en central del av landets sj\u00e4lvf\u00f6rs\u00f6rjning beh\u00f6ver vi Read More","og_url":"https:\/\/wp.kristdemokraterna.se\/odeshog\/i-landstinget\/axplock-fran-det-regionala-valprogrammet\/landsbygdsutveckling\/","og_site_name":"\u00d6desh\u00f6g","article_modified_time":"2022-08-30T16:38:25+00:00","og_image":[{"url":"http:\/\/wp.kristdemokraterna.se\/odeshog\/files\/2022\/08\/img_1964.jpeg","type":"","width":"","height":""}],"twitter_card":"summary_large_image","twitter_misc":{"Ber\u00e4knad l\u00e4stid":"2 minuter"},"schema":{"@context":"https:\/\/schema.org","@graph":[{"@type":"WebPage","@id":"https:\/\/wp.kristdemokraterna.se\/odeshog\/i-landstinget\/axplock-fran-det-regionala-valprogrammet\/landsbygdsutveckling\/","url":"https:\/\/wp.kristdemokraterna.se\/odeshog\/i-landstinget\/axplock-fran-det-regionala-valprogrammet\/landsbygdsutveckling\/","name":"Landsbygdsutveckling - \u00d6desh\u00f6g","isPartOf":{"@id":"https:\/\/wp.kristdemokraterna.se\/odeshog\/#website"},"primaryImageOfPage":{"@id":"https:\/\/wp.kristdemokraterna.se\/odeshog\/i-landstinget\/axplock-fran-det-regionala-valprogrammet\/landsbygdsutveckling\/#primaryimage"},"image":{"@id":"https:\/\/wp.kristdemokraterna.se\/odeshog\/i-landstinget\/axplock-fran-det-regionala-valprogrammet\/landsbygdsutveckling\/#primaryimage"},"thumbnailUrl":"http:\/\/wp.kristdemokraterna.se\/odeshog\/files\/2022\/08\/img_1964.jpeg","datePublished":"2022-07-24T19:36:03+00:00","dateModified":"2022-08-30T16:38:25+00:00","breadcrumb":{"@id":"https:\/\/wp.kristdemokraterna.se\/odeshog\/i-landstinget\/axplock-fran-det-regionala-valprogrammet\/landsbygdsutveckling\/#breadcrumb"},"inLanguage":"sv-SE","potentialAction":[{"@type":"ReadAction","target":["https:\/\/wp.kristdemokraterna.se\/odeshog\/i-landstinget\/axplock-fran-det-regionala-valprogrammet\/landsbygdsutveckling\/"]}]},{"@type":"ImageObject","inLanguage":"sv-SE","@id":"https:\/\/wp.kristdemokraterna.se\/odeshog\/i-landstinget\/axplock-fran-det-regionala-valprogrammet\/landsbygdsutveckling\/#primaryimage","url":"http:\/\/wp.kristdemokraterna.se\/odeshog\/files\/2022\/08\/img_1964.jpeg","contentUrl":"http:\/\/wp.kristdemokraterna.se\/odeshog\/files\/2022\/08\/img_1964.jpeg"},{"@type":"BreadcrumbList","@id":"https:\/\/wp.kristdemokraterna.se\/odeshog\/i-landstinget\/axplock-fran-det-regionala-valprogrammet\/landsbygdsutveckling\/#breadcrumb","itemListElement":[{"@type":"ListItem","position":1,"name":"Hem","item":"https:\/\/wp.kristdemokraterna.se\/odeshog\/"},{"@type":"ListItem","position":2,"name":"I Regionen","item":"https:\/\/wp.kristdemokraterna.se\/odeshog\/i-landstinget\/"},{"@type":"ListItem","position":3,"name":"Axplock &#8211; Regionalt valprogram","item":"https:\/\/wp.kristdemokraterna.se\/odeshog\/i-landstinget\/axplock-fran-det-regionala-valprogrammet\/"},{"@type":"ListItem","position":4,"name":"Landsbygdsutveckling"}]},{"@type":"WebSite","@id":"https:\/\/wp.kristdemokraterna.se\/odeshog\/#website","url":"https:\/\/wp.kristdemokraterna.se\/odeshog\/","name":"\u00d6desh\u00f6g","description":"En till Kristdemokraterna webbplats","inLanguage":"sv-SE"}]}},"_links":{"self":[{"href":"https:\/\/wp.kristdemokraterna.se\/odeshog\/wp-json\/wp\/v2\/pages\/1004","targetHints":{"allow":["GET"]}}],"collection":[{"href":"https:\/\/wp.kristdemokraterna.se\/odeshog\/wp-json\/wp\/v2\/pages"}],"about":[{"href":"https:\/\/wp.kristdemokraterna.se\/odeshog\/wp-json\/wp\/v2\/types\/page"}],"author":[{"embeddable":true,"href":"https:\/\/wp.kristdemokraterna.se\/odeshog\/wp-json\/wp\/v2\/users\/747"}],"replies":[{"embeddable":true,"href":"https:\/\/wp.kristdemokraterna.se\/odeshog\/wp-json\/wp\/v2\/comments?post=1004"}],"version-history":[{"count":17,"href":"https:\/\/wp.kristdemokraterna.se\/odeshog\/wp-json\/wp\/v2\/pages\/1004\/revisions"}],"predecessor-version":[{"id":1080,"href":"https:\/\/wp.kristdemokraterna.se\/odeshog\/wp-json\/wp\/v2\/pages\/1004\/revisions\/1080"}],"up":[{"embeddable":true,"href":"https:\/\/wp.kristdemokraterna.se\/odeshog\/wp-json\/wp\/v2\/pages\/977"}],"wp:attachment":[{"href":"https:\/\/wp.kristdemokraterna.se\/odeshog\/wp-json\/wp\/v2\/media?parent=1004"}],"curies":[{"name":"wp","href":"https:\/\/api.w.org\/{rel}","templated":true}]}}