{"id":1019,"date":"2022-07-24T22:05:12","date_gmt":"2022-07-24T20:05:12","guid":{"rendered":"https:\/\/wp.kristdemokraterna.se\/odeshog\/?page_id=1019"},"modified":"2022-07-28T21:26:10","modified_gmt":"2022-07-28T19:26:10","slug":"naringsliv","status":"publish","type":"page","link":"https:\/\/wp.kristdemokraterna.se\/odeshog\/i-landstinget\/axplock-fran-det-regionala-valprogrammet\/naringsliv\/","title":{"rendered":"N\u00e4ringsliv"},"content":{"rendered":"<p>Det g\u00e5r bra f\u00f6r m\u00e5nga av \u00a0f\u00f6retagen i \u00d6desh\u00f6g och det finns stor efterfr\u00e5gan p\u00e5 utbildad personal. F\u00f6r att m\u00f6te behoven hos b\u00e5de befintliga f\u00f6retag och potentiella nyetableringar beh\u00f6ver vi l\u00f6sa kompetensf\u00f6rs\u00f6rjningen. L\u00e5g oms\u00e4ttning p\u00e5 bostadsmarknaden och bristf\u00e4llig kollektivtrafik, f\u00f6rutom till Mj\u00f6lby, kr\u00e4vs det ofta att man pendlar med bil till \u00d6desh\u00f6g vilket h\u00e4mmar kommunens utveckling.<\/p>\n<p>Vi arbetar mycket aktivt med att f\u00e5 ut arbetsl\u00f6sa p\u00e5 arbetsmarknaden, men pga begr\u00e4nsad arbetsmarknad och begr\u00e4nsad kollektivtrafik s\u00e5 beh\u00f6ver vi samverka mer med andra regioner och kommuner. D\u00e4rf\u00f6r vill vi bland annat g\u00f6ra f\u00f6ljande kommande mandatperiod:<\/p>\n<h2>St\u00e4rk samverkan p\u00e5 tillv\u00e4xtomr\u00e5det med v\u00e5ra s\u00f6dra grannregioner<\/h2>\n<p>\u00d6sterg\u00f6tland har sedan flera \u00e5r en v\u00e4lfungerande samverkan p\u00e5 n\u00e4ringslivs- och tillv\u00e4xtomr\u00e5det med v\u00e5ra norra grannregioner. Med v\u00e5ra s\u00f6dra grannregioner; Region J\u00f6nk\u00f6pings l\u00e4n och Region Kalmar l\u00e4n, finns m\u00e5ng\u00e5rig samverkan inom h\u00e4lso- och sjukv\u00e5rden, men n\u00e4r det g\u00e4ller samarbete p\u00e5 tillv\u00e4xtomr\u00e5det finns helt klart utvecklingspotential. Det finns viss samverkan redan idag, men den kan bli starkare, inte minst inom arbetspendling.<\/p>\n<h2>Inr\u00e4tta Kompetensr\u00e5d f\u00f6r att skapa arbete f\u00f6r nya svenskar<\/h2>\n<p>M\u00e5nga m\u00e4nniskor p\u00e5 flykt fr\u00e5n kring, terror och f\u00f6rf\u00f6ljelse s\u00f6ker sig till Sverige f\u00f6r att skapa en ny framtid. F\u00f6r dem \u00e4r en av de viktigaste faktorerna att f\u00e5 ett arbete och en trygg tillvaro. Att snabbt skapa arbete f\u00f6r de personer som s\u00f6kt sig till Sverige \u00e4r d\u00e4rf\u00f6r en av samh\u00e4llets allra viktigaste uppgifter.<\/p>\n<p>I Region J\u00f6nk\u00f6pings l\u00e4n finns sedan ett par \u00e5r tillbaka ett kompetensr\u00e5d d\u00e4r f\u00f6retr\u00e4dare fr\u00e5n bl.a. regionen, l\u00e4nsstyrelsen och handelskammaren regelbundet tr\u00e4ffas med syftet att hitta arbetstillf\u00e4llen f\u00f6r nya svenskar. Arbetet \u00e4r framg\u00e5ngsrikt och Kristdemokraterna f\u00f6resl\u00e5r d\u00e4rf\u00f6r att Region \u00d6sterg\u00f6tland inr\u00e4ttar ett kompetensr\u00e5d enligt samma modell.<\/p>\n<h2>Skapa fler praoplatser\/praktikplatser f\u00f6r unga inom bristyrken<\/h2>\n<p>Ungdomsarbetsl\u00f6sheten \u00e4r alldeles f\u00f6r stor i \u00d6sterg\u00f6tland. Samtidigt har flera branscher brist p\u00e5 arbetskraft, d\u00e5 f\u00f6r f\u00e5 unga v\u00e4ljer att satsa p\u00e5 en yrkesbana inom dessa branscher. Ett s\u00e4tt att v\u00e4nda utvecklingen och f\u00e5 fler unga att v\u00e4lja bristyrken och d\u00e4rmed ocks\u00e5 minska ungdomsarbetsl\u00f6sheten, \u00e4r att tidigt introducera unga till de aktuella bristyrkena, genom praoplatser och praktikplatser. Vi f\u00f6resl\u00e5r d\u00e4rf\u00f6r att Region \u00d6sterg\u00f6tland initierar ett samverkansarbete f\u00f6r att skapa fler praoplatser\/praktikplatser inom bristyrken.<\/p>\n","protected":false},"excerpt":{"rendered":"<p>Det g\u00e5r bra f\u00f6r m\u00e5nga av \u00a0f\u00f6retagen i \u00d6desh\u00f6g och det finns stor efterfr\u00e5gan p\u00e5 utbildad personal. F\u00f6r att m\u00f6te behoven hos b\u00e5de befintliga f\u00f6retag och potentiella nyetableringar beh\u00f6ver vi l\u00f6sa kompetensf\u00f6rs\u00f6rjningen. L\u00e5g oms\u00e4ttning p\u00e5 bostadsmarknaden och bristf\u00e4llig kollektivtrafik, f\u00f6rutom till Mj\u00f6lby, kr\u00e4vs det ofta att man pendlar med bil till \u00d6desh\u00f6g vilket h\u00e4mmar kommunens <a class=\"read-more-link\" href=\"https:\/\/wp.kristdemokraterna.se\/odeshog\/i-landstinget\/axplock-fran-det-regionala-valprogrammet\/naringsliv\/\">Read More<\/a><\/p>\n","protected":false},"author":747,"featured_media":0,"parent":977,"menu_order":4,"comment_status":"closed","ping_status":"closed","template":"","meta":{"_acf_changed":false,"footnotes":""},"class_list":["post-1019","page","type-page","status-publish","hentry"],"acf":[],"yoast_head":"<!-- This site is optimized with the Yoast SEO plugin v27.3 - https:\/\/yoast.com\/product\/yoast-seo-wordpress\/ -->\n<title>N\u00e4ringsliv - \u00d6desh\u00f6g<\/title>\n<meta name=\"robots\" content=\"index, follow, max-snippet:-1, max-image-preview:large, max-video-preview:-1\" \/>\n<link rel=\"canonical\" href=\"https:\/\/wp.kristdemokraterna.se\/odeshog\/i-landstinget\/axplock-fran-det-regionala-valprogrammet\/naringsliv\/\" \/>\n<meta property=\"og:locale\" content=\"sv_SE\" \/>\n<meta property=\"og:type\" content=\"article\" \/>\n<meta property=\"og:title\" content=\"N\u00e4ringsliv - \u00d6desh\u00f6g\" \/>\n<meta property=\"og:description\" content=\"Det g\u00e5r bra f\u00f6r m\u00e5nga av \u00a0f\u00f6retagen i \u00d6desh\u00f6g och det finns stor efterfr\u00e5gan p\u00e5 utbildad personal. F\u00f6r att m\u00f6te behoven hos b\u00e5de befintliga f\u00f6retag och potentiella nyetableringar beh\u00f6ver vi l\u00f6sa kompetensf\u00f6rs\u00f6rjningen. L\u00e5g oms\u00e4ttning p\u00e5 bostadsmarknaden och bristf\u00e4llig kollektivtrafik, f\u00f6rutom till Mj\u00f6lby, kr\u00e4vs det ofta att man pendlar med bil till \u00d6desh\u00f6g vilket h\u00e4mmar kommunens Read More\" \/>\n<meta property=\"og:url\" content=\"https:\/\/wp.kristdemokraterna.se\/odeshog\/i-landstinget\/axplock-fran-det-regionala-valprogrammet\/naringsliv\/\" \/>\n<meta property=\"og:site_name\" content=\"\u00d6desh\u00f6g\" \/>\n<meta property=\"article:modified_time\" content=\"2022-07-28T19:26:10+00:00\" \/>\n<meta name=\"twitter:card\" content=\"summary_large_image\" \/>\n<meta name=\"twitter:label1\" content=\"Ber\u00e4knad l\u00e4stid\" \/>\n\t<meta name=\"twitter:data1\" content=\"2 minuter\" \/>\n<script type=\"application\/ld+json\" class=\"yoast-schema-graph\">{\"@context\":\"https:\\\/\\\/schema.org\",\"@graph\":[{\"@type\":\"WebPage\",\"@id\":\"https:\\\/\\\/wp.kristdemokraterna.se\\\/odeshog\\\/i-landstinget\\\/axplock-fran-det-regionala-valprogrammet\\\/naringsliv\\\/\",\"url\":\"https:\\\/\\\/wp.kristdemokraterna.se\\\/odeshog\\\/i-landstinget\\\/axplock-fran-det-regionala-valprogrammet\\\/naringsliv\\\/\",\"name\":\"N\u00e4ringsliv - \u00d6desh\u00f6g\",\"isPartOf\":{\"@id\":\"https:\\\/\\\/wp.kristdemokraterna.se\\\/odeshog\\\/#website\"},\"datePublished\":\"2022-07-24T20:05:12+00:00\",\"dateModified\":\"2022-07-28T19:26:10+00:00\",\"breadcrumb\":{\"@id\":\"https:\\\/\\\/wp.kristdemokraterna.se\\\/odeshog\\\/i-landstinget\\\/axplock-fran-det-regionala-valprogrammet\\\/naringsliv\\\/#breadcrumb\"},\"inLanguage\":\"sv-SE\",\"potentialAction\":[{\"@type\":\"ReadAction\",\"target\":[\"https:\\\/\\\/wp.kristdemokraterna.se\\\/odeshog\\\/i-landstinget\\\/axplock-fran-det-regionala-valprogrammet\\\/naringsliv\\\/\"]}]},{\"@type\":\"BreadcrumbList\",\"@id\":\"https:\\\/\\\/wp.kristdemokraterna.se\\\/odeshog\\\/i-landstinget\\\/axplock-fran-det-regionala-valprogrammet\\\/naringsliv\\\/#breadcrumb\",\"itemListElement\":[{\"@type\":\"ListItem\",\"position\":1,\"name\":\"Hem\",\"item\":\"https:\\\/\\\/wp.kristdemokraterna.se\\\/odeshog\\\/\"},{\"@type\":\"ListItem\",\"position\":2,\"name\":\"I Regionen\",\"item\":\"https:\\\/\\\/wp.kristdemokraterna.se\\\/odeshog\\\/i-landstinget\\\/\"},{\"@type\":\"ListItem\",\"position\":3,\"name\":\"Axplock &#8211; Regionalt valprogram\",\"item\":\"https:\\\/\\\/wp.kristdemokraterna.se\\\/odeshog\\\/i-landstinget\\\/axplock-fran-det-regionala-valprogrammet\\\/\"},{\"@type\":\"ListItem\",\"position\":4,\"name\":\"N\u00e4ringsliv\"}]},{\"@type\":\"WebSite\",\"@id\":\"https:\\\/\\\/wp.kristdemokraterna.se\\\/odeshog\\\/#website\",\"url\":\"https:\\\/\\\/wp.kristdemokraterna.se\\\/odeshog\\\/\",\"name\":\"\u00d6desh\u00f6g\",\"description\":\"En till Kristdemokraterna webbplats\",\"inLanguage\":\"sv-SE\"}]}<\/script>\n<!-- \/ Yoast SEO plugin. -->","yoast_head_json":{"title":"N\u00e4ringsliv - \u00d6desh\u00f6g","robots":{"index":"index","follow":"follow","max-snippet":"max-snippet:-1","max-image-preview":"max-image-preview:large","max-video-preview":"max-video-preview:-1"},"canonical":"https:\/\/wp.kristdemokraterna.se\/odeshog\/i-landstinget\/axplock-fran-det-regionala-valprogrammet\/naringsliv\/","og_locale":"sv_SE","og_type":"article","og_title":"N\u00e4ringsliv - \u00d6desh\u00f6g","og_description":"Det g\u00e5r bra f\u00f6r m\u00e5nga av \u00a0f\u00f6retagen i \u00d6desh\u00f6g och det finns stor efterfr\u00e5gan p\u00e5 utbildad personal. F\u00f6r att m\u00f6te behoven hos b\u00e5de befintliga f\u00f6retag och potentiella nyetableringar beh\u00f6ver vi l\u00f6sa kompetensf\u00f6rs\u00f6rjningen. L\u00e5g oms\u00e4ttning p\u00e5 bostadsmarknaden och bristf\u00e4llig kollektivtrafik, f\u00f6rutom till Mj\u00f6lby, kr\u00e4vs det ofta att man pendlar med bil till \u00d6desh\u00f6g vilket h\u00e4mmar kommunens Read More","og_url":"https:\/\/wp.kristdemokraterna.se\/odeshog\/i-landstinget\/axplock-fran-det-regionala-valprogrammet\/naringsliv\/","og_site_name":"\u00d6desh\u00f6g","article_modified_time":"2022-07-28T19:26:10+00:00","twitter_card":"summary_large_image","twitter_misc":{"Ber\u00e4knad l\u00e4stid":"2 minuter"},"schema":{"@context":"https:\/\/schema.org","@graph":[{"@type":"WebPage","@id":"https:\/\/wp.kristdemokraterna.se\/odeshog\/i-landstinget\/axplock-fran-det-regionala-valprogrammet\/naringsliv\/","url":"https:\/\/wp.kristdemokraterna.se\/odeshog\/i-landstinget\/axplock-fran-det-regionala-valprogrammet\/naringsliv\/","name":"N\u00e4ringsliv - \u00d6desh\u00f6g","isPartOf":{"@id":"https:\/\/wp.kristdemokraterna.se\/odeshog\/#website"},"datePublished":"2022-07-24T20:05:12+00:00","dateModified":"2022-07-28T19:26:10+00:00","breadcrumb":{"@id":"https:\/\/wp.kristdemokraterna.se\/odeshog\/i-landstinget\/axplock-fran-det-regionala-valprogrammet\/naringsliv\/#breadcrumb"},"inLanguage":"sv-SE","potentialAction":[{"@type":"ReadAction","target":["https:\/\/wp.kristdemokraterna.se\/odeshog\/i-landstinget\/axplock-fran-det-regionala-valprogrammet\/naringsliv\/"]}]},{"@type":"BreadcrumbList","@id":"https:\/\/wp.kristdemokraterna.se\/odeshog\/i-landstinget\/axplock-fran-det-regionala-valprogrammet\/naringsliv\/#breadcrumb","itemListElement":[{"@type":"ListItem","position":1,"name":"Hem","item":"https:\/\/wp.kristdemokraterna.se\/odeshog\/"},{"@type":"ListItem","position":2,"name":"I Regionen","item":"https:\/\/wp.kristdemokraterna.se\/odeshog\/i-landstinget\/"},{"@type":"ListItem","position":3,"name":"Axplock &#8211; Regionalt valprogram","item":"https:\/\/wp.kristdemokraterna.se\/odeshog\/i-landstinget\/axplock-fran-det-regionala-valprogrammet\/"},{"@type":"ListItem","position":4,"name":"N\u00e4ringsliv"}]},{"@type":"WebSite","@id":"https:\/\/wp.kristdemokraterna.se\/odeshog\/#website","url":"https:\/\/wp.kristdemokraterna.se\/odeshog\/","name":"\u00d6desh\u00f6g","description":"En till Kristdemokraterna webbplats","inLanguage":"sv-SE"}]}},"_links":{"self":[{"href":"https:\/\/wp.kristdemokraterna.se\/odeshog\/wp-json\/wp\/v2\/pages\/1019","targetHints":{"allow":["GET"]}}],"collection":[{"href":"https:\/\/wp.kristdemokraterna.se\/odeshog\/wp-json\/wp\/v2\/pages"}],"about":[{"href":"https:\/\/wp.kristdemokraterna.se\/odeshog\/wp-json\/wp\/v2\/types\/page"}],"author":[{"embeddable":true,"href":"https:\/\/wp.kristdemokraterna.se\/odeshog\/wp-json\/wp\/v2\/users\/747"}],"replies":[{"embeddable":true,"href":"https:\/\/wp.kristdemokraterna.se\/odeshog\/wp-json\/wp\/v2\/comments?post=1019"}],"version-history":[{"count":10,"href":"https:\/\/wp.kristdemokraterna.se\/odeshog\/wp-json\/wp\/v2\/pages\/1019\/revisions"}],"predecessor-version":[{"id":1044,"href":"https:\/\/wp.kristdemokraterna.se\/odeshog\/wp-json\/wp\/v2\/pages\/1019\/revisions\/1044"}],"up":[{"embeddable":true,"href":"https:\/\/wp.kristdemokraterna.se\/odeshog\/wp-json\/wp\/v2\/pages\/977"}],"wp:attachment":[{"href":"https:\/\/wp.kristdemokraterna.se\/odeshog\/wp-json\/wp\/v2\/media?parent=1019"}],"curies":[{"name":"wp","href":"https:\/\/api.w.org\/{rel}","templated":true}]}}