{"id":1023,"date":"2022-07-24T22:32:23","date_gmt":"2022-07-24T20:32:23","guid":{"rendered":"https:\/\/wp.kristdemokraterna.se\/odeshog\/?page_id=1023"},"modified":"2022-08-30T18:32:44","modified_gmt":"2022-08-30T16:32:44","slug":"kultur-och-besoksnaring","status":"publish","type":"page","link":"https:\/\/wp.kristdemokraterna.se\/odeshog\/i-landstinget\/axplock-fran-det-regionala-valprogrammet\/kultur-och-besoksnaring\/","title":{"rendered":"Kultur och bes\u00f6ksn\u00e4ring"},"content":{"rendered":"<p style=\"background: white\"><span style=\"font-family: 'Open Sans',sans-serif;color: #111111\"><a href=\"http:\/\/wp.kristdemokraterna.se\/odeshog\/files\/2022\/08\/alvastra.jpg\"><img loading=\"lazy\" decoding=\"async\" class=\"alignnone  wp-image-1075\" src=\"http:\/\/wp.kristdemokraterna.se\/odeshog\/files\/2022\/08\/alvastra-1024x768.jpg\" alt=\"\" width=\"533\" height=\"400\" srcset=\"https:\/\/wp.kristdemokraterna.se\/odeshog\/files\/2022\/08\/alvastra-1024x768.jpg 1024w, https:\/\/wp.kristdemokraterna.se\/odeshog\/files\/2022\/08\/alvastra-300x225.jpg 300w, https:\/\/wp.kristdemokraterna.se\/odeshog\/files\/2022\/08\/alvastra-768x576.jpg 768w, https:\/\/wp.kristdemokraterna.se\/odeshog\/files\/2022\/08\/alvastra-1536x1152.jpg 1536w, https:\/\/wp.kristdemokraterna.se\/odeshog\/files\/2022\/08\/alvastra-267x200.jpg 267w, https:\/\/wp.kristdemokraterna.se\/odeshog\/files\/2022\/08\/alvastra-370x278.jpg 370w, https:\/\/wp.kristdemokraterna.se\/odeshog\/files\/2022\/08\/alvastra-770x578.jpg 770w, https:\/\/wp.kristdemokraterna.se\/odeshog\/files\/2022\/08\/alvastra-450x338.jpg 450w, https:\/\/wp.kristdemokraterna.se\/odeshog\/files\/2022\/08\/alvastra-280x210.jpg 280w, https:\/\/wp.kristdemokraterna.se\/odeshog\/files\/2022\/08\/alvastra-340x255.jpg 340w, https:\/\/wp.kristdemokraterna.se\/odeshog\/files\/2022\/08\/alvastra-200x150.jpg 200w, https:\/\/wp.kristdemokraterna.se\/odeshog\/files\/2022\/08\/alvastra-75x56.jpg 75w, https:\/\/wp.kristdemokraterna.se\/odeshog\/files\/2022\/08\/alvastra.jpg 2016w\" sizes=\"auto, (max-width: 533px) 100vw, 533px\" \/><\/a><\/span><\/p>\n<p style=\"background: white\"><span style=\"font-family: 'Open Sans',sans-serif;color: #111111\">I \u00d6desh\u00f6g erbjuder vi ett rikt kulturliv i form av aktiva konstn\u00e4rer\/hantverkare, flera \u00e4ldre kulturupplevelser samt ett stort utbud av omr\u00e5den f\u00f6r naturupplevelser. \u00c4ven i \u00f6vriga l\u00e4net finns det mycket tillgodog\u00f6ra sig.<\/span><\/p>\n<p style=\"background: white\"><span style=\"font-family: 'Open Sans',sans-serif;color: #111111\">Om man inte har tillg\u00e5ng till bil \u00e4r det sv\u00e5rt att tillgodog\u00f6ra sig allt detta b\u00e5de f\u00f6r innev\u00e5narna i \u00d6desh\u00f6g och f\u00f6r andra. Kristdemokraterna kommer att arbeta f\u00f6r att kultur- och naturupplevelser blir mer tillg\u00e4ngliga.<\/span><\/p>\n<h2>Natur- och kulturbuss f\u00f6r unga<\/h2>\n<p>Det \u00e4r viktigt att barn och unga, oavsett om de bor i stad eller p\u00e5 landsbygd, ges m\u00f6jlighet att uppleva \u00d6sterg\u00f6tlands natur- och kulturutbud.<\/p>\n<p>F\u00f6r att underl\u00e4tta detta vill Kristdemokraterna arbeta f\u00f6r att kommunerna, i samarbete med \u00d6stg\u00f6tatrafiken, jobbar med konceptet \u201dNatur- och kulturbuss f\u00f6r unga\u201d. Klasser och grupper ska kunna boka resor med egen buss som k\u00f6r till och fr\u00e5n m\u00e5let enligt \u00f6nskade tider. Erbjudandet ska omfatta resor till kultur- och naturprogram i kommunal och regional regi, program som uppb\u00e4r st\u00f6d av kulturn\u00e4mnd eller liknande och till etablerade kulturinstitutioner. Att barn och unga f\u00e5r g\u00f6ra dessa resor i egen buss, utan andra resen\u00e4rer, ger en \u00f6kad trygghet och \u00f6kar den kulturella bildningen.<\/p>\n<h2>Utveckla \u00d6stg\u00f6taleden<\/h2>\n<p>\u00d6stg\u00f6taleden med sina 150 mils vandringsleder erbjuder en rik variation av natur- och kulturupplevelser. Leden \u00e4r en viktig resurs i ett rekreations- och folkh\u00e4lsoperspektiv och \u00e4r \u00e4ven en viktig del vad g\u00e4ller bes\u00f6ksn\u00e4ringen i regionen.<br \/>\nUnder pandemin som b\u00f6rjade 2020 fick friluftslivet ett ordentligt uppsving och m\u00e5nga uppt\u00e4ckte den fina natur som \u00d6sterg\u00f6tland har och denna trend ser ut att forts\u00e4tta. Det st\u00e4ller \u00f6kade krav p\u00e5 b\u00e5de tillg\u00e4nglighet, service och kvalitet kring \u00d6stg\u00f6taleden. Det \u00e4r ocks\u00e5 viktigt med ett samspel mellan privata akt\u00f6rer som erbjuder natur- och ledturism och Region \u00d6sterg\u00f6tland som offentlig akt\u00f6r med huvudansvar f\u00f6r leden.<br \/>\nKD vill forts\u00e4tta utveckla leden f\u00f6r att b\u00e4ttre matcha bes\u00f6karnas behov av service vad g\u00e4ller \u00f6vernattning, transport, mat och boende. Det skapar b\u00e5de arbetstillf\u00e4llen och skatteint\u00e4kter p\u00e5 landsbygden.<\/p>\n<h2>Tillg\u00e4ngligg\u00f6ra kulturutbudet f\u00f6r de \u00e4ldre<\/h2>\n<p>De \u00e4ldre har lika stort behov av, och r\u00e4tt till, kultur som \u00f6vriga, men de begr\u00e4nsas ofta av tillg\u00e4ngligheten.<\/p>\n<p>Kristdemokraterna vill att vissa regionala kulturevenemang som erbjuds i t ex Link\u00f6ping och Norrk\u00f6ping spelas in eller s\u00e4nds digitalt till i f\u00f6rsta hand kommunala och regionala inr\u00e4ttningar. Detta tillsammans med en satsning p\u00e5 teknisk utrustning i Solg\u00e5rden i \u00d6desh\u00f6gs kommun, skapar och erbjuder m\u00f6jligheter f\u00f6r v\u00e5ra \u00e4ldre att uppleva dessa evenemang p\u00e5 distans.<\/p>\n","protected":false},"excerpt":{"rendered":"<p>I \u00d6desh\u00f6g erbjuder vi ett rikt kulturliv i form av aktiva konstn\u00e4rer\/hantverkare, flera \u00e4ldre kulturupplevelser samt ett stort utbud av omr\u00e5den f\u00f6r naturupplevelser. \u00c4ven i \u00f6vriga l\u00e4net finns det mycket tillgodog\u00f6ra sig. Om man inte har tillg\u00e5ng till bil \u00e4r det sv\u00e5rt att tillgodog\u00f6ra sig allt detta b\u00e5de f\u00f6r innev\u00e5narna i \u00d6desh\u00f6g och f\u00f6r andra. <a class=\"read-more-link\" href=\"https:\/\/wp.kristdemokraterna.se\/odeshog\/i-landstinget\/axplock-fran-det-regionala-valprogrammet\/kultur-och-besoksnaring\/\">Read More<\/a><\/p>\n","protected":false},"author":747,"featured_media":0,"parent":977,"menu_order":5,"comment_status":"closed","ping_status":"closed","template":"","meta":{"_acf_changed":false,"footnotes":""},"class_list":["post-1023","page","type-page","status-publish","hentry"],"acf":[],"yoast_head":"<!-- This site is optimized with the Yoast SEO plugin v27.3 - https:\/\/yoast.com\/product\/yoast-seo-wordpress\/ -->\n<title>Kultur och bes\u00f6ksn\u00e4ring - \u00d6desh\u00f6g<\/title>\n<meta name=\"robots\" content=\"index, follow, max-snippet:-1, max-image-preview:large, max-video-preview:-1\" \/>\n<link rel=\"canonical\" href=\"https:\/\/wp.kristdemokraterna.se\/odeshog\/i-landstinget\/axplock-fran-det-regionala-valprogrammet\/kultur-och-besoksnaring\/\" \/>\n<meta property=\"og:locale\" content=\"sv_SE\" \/>\n<meta property=\"og:type\" content=\"article\" \/>\n<meta property=\"og:title\" content=\"Kultur och bes\u00f6ksn\u00e4ring - \u00d6desh\u00f6g\" \/>\n<meta property=\"og:description\" content=\"I \u00d6desh\u00f6g erbjuder vi ett rikt kulturliv i form av aktiva konstn\u00e4rer\/hantverkare, flera \u00e4ldre kulturupplevelser samt ett stort utbud av omr\u00e5den f\u00f6r naturupplevelser. \u00c4ven i \u00f6vriga l\u00e4net finns det mycket tillgodog\u00f6ra sig. Om man inte har tillg\u00e5ng till bil \u00e4r det sv\u00e5rt att tillgodog\u00f6ra sig allt detta b\u00e5de f\u00f6r innev\u00e5narna i \u00d6desh\u00f6g och f\u00f6r andra. Read More\" \/>\n<meta property=\"og:url\" content=\"https:\/\/wp.kristdemokraterna.se\/odeshog\/i-landstinget\/axplock-fran-det-regionala-valprogrammet\/kultur-och-besoksnaring\/\" \/>\n<meta property=\"og:site_name\" content=\"\u00d6desh\u00f6g\" \/>\n<meta property=\"article:modified_time\" content=\"2022-08-30T16:32:44+00:00\" \/>\n<meta property=\"og:image\" content=\"http:\/\/wp.kristdemokraterna.se\/odeshog\/files\/2022\/08\/alvastra-1024x768.jpg\" \/>\n<meta name=\"twitter:card\" content=\"summary_large_image\" \/>\n<meta name=\"twitter:label1\" content=\"Ber\u00e4knad l\u00e4stid\" \/>\n\t<meta name=\"twitter:data1\" content=\"2 minuter\" \/>\n<script type=\"application\/ld+json\" class=\"yoast-schema-graph\">{\"@context\":\"https:\\\/\\\/schema.org\",\"@graph\":[{\"@type\":\"WebPage\",\"@id\":\"https:\\\/\\\/wp.kristdemokraterna.se\\\/odeshog\\\/i-landstinget\\\/axplock-fran-det-regionala-valprogrammet\\\/kultur-och-besoksnaring\\\/\",\"url\":\"https:\\\/\\\/wp.kristdemokraterna.se\\\/odeshog\\\/i-landstinget\\\/axplock-fran-det-regionala-valprogrammet\\\/kultur-och-besoksnaring\\\/\",\"name\":\"Kultur och bes\u00f6ksn\u00e4ring - \u00d6desh\u00f6g\",\"isPartOf\":{\"@id\":\"https:\\\/\\\/wp.kristdemokraterna.se\\\/odeshog\\\/#website\"},\"primaryImageOfPage\":{\"@id\":\"https:\\\/\\\/wp.kristdemokraterna.se\\\/odeshog\\\/i-landstinget\\\/axplock-fran-det-regionala-valprogrammet\\\/kultur-och-besoksnaring\\\/#primaryimage\"},\"image\":{\"@id\":\"https:\\\/\\\/wp.kristdemokraterna.se\\\/odeshog\\\/i-landstinget\\\/axplock-fran-det-regionala-valprogrammet\\\/kultur-och-besoksnaring\\\/#primaryimage\"},\"thumbnailUrl\":\"http:\\\/\\\/wp.kristdemokraterna.se\\\/odeshog\\\/files\\\/2022\\\/08\\\/alvastra-1024x768.jpg\",\"datePublished\":\"2022-07-24T20:32:23+00:00\",\"dateModified\":\"2022-08-30T16:32:44+00:00\",\"breadcrumb\":{\"@id\":\"https:\\\/\\\/wp.kristdemokraterna.se\\\/odeshog\\\/i-landstinget\\\/axplock-fran-det-regionala-valprogrammet\\\/kultur-och-besoksnaring\\\/#breadcrumb\"},\"inLanguage\":\"sv-SE\",\"potentialAction\":[{\"@type\":\"ReadAction\",\"target\":[\"https:\\\/\\\/wp.kristdemokraterna.se\\\/odeshog\\\/i-landstinget\\\/axplock-fran-det-regionala-valprogrammet\\\/kultur-och-besoksnaring\\\/\"]}]},{\"@type\":\"ImageObject\",\"inLanguage\":\"sv-SE\",\"@id\":\"https:\\\/\\\/wp.kristdemokraterna.se\\\/odeshog\\\/i-landstinget\\\/axplock-fran-det-regionala-valprogrammet\\\/kultur-och-besoksnaring\\\/#primaryimage\",\"url\":\"http:\\\/\\\/wp.kristdemokraterna.se\\\/odeshog\\\/files\\\/2022\\\/08\\\/alvastra-1024x768.jpg\",\"contentUrl\":\"http:\\\/\\\/wp.kristdemokraterna.se\\\/odeshog\\\/files\\\/2022\\\/08\\\/alvastra-1024x768.jpg\"},{\"@type\":\"BreadcrumbList\",\"@id\":\"https:\\\/\\\/wp.kristdemokraterna.se\\\/odeshog\\\/i-landstinget\\\/axplock-fran-det-regionala-valprogrammet\\\/kultur-och-besoksnaring\\\/#breadcrumb\",\"itemListElement\":[{\"@type\":\"ListItem\",\"position\":1,\"name\":\"Hem\",\"item\":\"https:\\\/\\\/wp.kristdemokraterna.se\\\/odeshog\\\/\"},{\"@type\":\"ListItem\",\"position\":2,\"name\":\"I Regionen\",\"item\":\"https:\\\/\\\/wp.kristdemokraterna.se\\\/odeshog\\\/i-landstinget\\\/\"},{\"@type\":\"ListItem\",\"position\":3,\"name\":\"Axplock &#8211; Regionalt valprogram\",\"item\":\"https:\\\/\\\/wp.kristdemokraterna.se\\\/odeshog\\\/i-landstinget\\\/axplock-fran-det-regionala-valprogrammet\\\/\"},{\"@type\":\"ListItem\",\"position\":4,\"name\":\"Kultur och bes\u00f6ksn\u00e4ring\"}]},{\"@type\":\"WebSite\",\"@id\":\"https:\\\/\\\/wp.kristdemokraterna.se\\\/odeshog\\\/#website\",\"url\":\"https:\\\/\\\/wp.kristdemokraterna.se\\\/odeshog\\\/\",\"name\":\"\u00d6desh\u00f6g\",\"description\":\"En till Kristdemokraterna webbplats\",\"inLanguage\":\"sv-SE\"}]}<\/script>\n<!-- \/ Yoast SEO plugin. -->","yoast_head_json":{"title":"Kultur och bes\u00f6ksn\u00e4ring - \u00d6desh\u00f6g","robots":{"index":"index","follow":"follow","max-snippet":"max-snippet:-1","max-image-preview":"max-image-preview:large","max-video-preview":"max-video-preview:-1"},"canonical":"https:\/\/wp.kristdemokraterna.se\/odeshog\/i-landstinget\/axplock-fran-det-regionala-valprogrammet\/kultur-och-besoksnaring\/","og_locale":"sv_SE","og_type":"article","og_title":"Kultur och bes\u00f6ksn\u00e4ring - \u00d6desh\u00f6g","og_description":"I \u00d6desh\u00f6g erbjuder vi ett rikt kulturliv i form av aktiva konstn\u00e4rer\/hantverkare, flera \u00e4ldre kulturupplevelser samt ett stort utbud av omr\u00e5den f\u00f6r naturupplevelser. \u00c4ven i \u00f6vriga l\u00e4net finns det mycket tillgodog\u00f6ra sig. Om man inte har tillg\u00e5ng till bil \u00e4r det sv\u00e5rt att tillgodog\u00f6ra sig allt detta b\u00e5de f\u00f6r innev\u00e5narna i \u00d6desh\u00f6g och f\u00f6r andra. Read More","og_url":"https:\/\/wp.kristdemokraterna.se\/odeshog\/i-landstinget\/axplock-fran-det-regionala-valprogrammet\/kultur-och-besoksnaring\/","og_site_name":"\u00d6desh\u00f6g","article_modified_time":"2022-08-30T16:32:44+00:00","og_image":[{"url":"http:\/\/wp.kristdemokraterna.se\/odeshog\/files\/2022\/08\/alvastra-1024x768.jpg","type":"","width":"","height":""}],"twitter_card":"summary_large_image","twitter_misc":{"Ber\u00e4knad l\u00e4stid":"2 minuter"},"schema":{"@context":"https:\/\/schema.org","@graph":[{"@type":"WebPage","@id":"https:\/\/wp.kristdemokraterna.se\/odeshog\/i-landstinget\/axplock-fran-det-regionala-valprogrammet\/kultur-och-besoksnaring\/","url":"https:\/\/wp.kristdemokraterna.se\/odeshog\/i-landstinget\/axplock-fran-det-regionala-valprogrammet\/kultur-och-besoksnaring\/","name":"Kultur och bes\u00f6ksn\u00e4ring - \u00d6desh\u00f6g","isPartOf":{"@id":"https:\/\/wp.kristdemokraterna.se\/odeshog\/#website"},"primaryImageOfPage":{"@id":"https:\/\/wp.kristdemokraterna.se\/odeshog\/i-landstinget\/axplock-fran-det-regionala-valprogrammet\/kultur-och-besoksnaring\/#primaryimage"},"image":{"@id":"https:\/\/wp.kristdemokraterna.se\/odeshog\/i-landstinget\/axplock-fran-det-regionala-valprogrammet\/kultur-och-besoksnaring\/#primaryimage"},"thumbnailUrl":"http:\/\/wp.kristdemokraterna.se\/odeshog\/files\/2022\/08\/alvastra-1024x768.jpg","datePublished":"2022-07-24T20:32:23+00:00","dateModified":"2022-08-30T16:32:44+00:00","breadcrumb":{"@id":"https:\/\/wp.kristdemokraterna.se\/odeshog\/i-landstinget\/axplock-fran-det-regionala-valprogrammet\/kultur-och-besoksnaring\/#breadcrumb"},"inLanguage":"sv-SE","potentialAction":[{"@type":"ReadAction","target":["https:\/\/wp.kristdemokraterna.se\/odeshog\/i-landstinget\/axplock-fran-det-regionala-valprogrammet\/kultur-och-besoksnaring\/"]}]},{"@type":"ImageObject","inLanguage":"sv-SE","@id":"https:\/\/wp.kristdemokraterna.se\/odeshog\/i-landstinget\/axplock-fran-det-regionala-valprogrammet\/kultur-och-besoksnaring\/#primaryimage","url":"http:\/\/wp.kristdemokraterna.se\/odeshog\/files\/2022\/08\/alvastra-1024x768.jpg","contentUrl":"http:\/\/wp.kristdemokraterna.se\/odeshog\/files\/2022\/08\/alvastra-1024x768.jpg"},{"@type":"BreadcrumbList","@id":"https:\/\/wp.kristdemokraterna.se\/odeshog\/i-landstinget\/axplock-fran-det-regionala-valprogrammet\/kultur-och-besoksnaring\/#breadcrumb","itemListElement":[{"@type":"ListItem","position":1,"name":"Hem","item":"https:\/\/wp.kristdemokraterna.se\/odeshog\/"},{"@type":"ListItem","position":2,"name":"I Regionen","item":"https:\/\/wp.kristdemokraterna.se\/odeshog\/i-landstinget\/"},{"@type":"ListItem","position":3,"name":"Axplock &#8211; Regionalt valprogram","item":"https:\/\/wp.kristdemokraterna.se\/odeshog\/i-landstinget\/axplock-fran-det-regionala-valprogrammet\/"},{"@type":"ListItem","position":4,"name":"Kultur och bes\u00f6ksn\u00e4ring"}]},{"@type":"WebSite","@id":"https:\/\/wp.kristdemokraterna.se\/odeshog\/#website","url":"https:\/\/wp.kristdemokraterna.se\/odeshog\/","name":"\u00d6desh\u00f6g","description":"En till Kristdemokraterna webbplats","inLanguage":"sv-SE"}]}},"_links":{"self":[{"href":"https:\/\/wp.kristdemokraterna.se\/odeshog\/wp-json\/wp\/v2\/pages\/1023","targetHints":{"allow":["GET"]}}],"collection":[{"href":"https:\/\/wp.kristdemokraterna.se\/odeshog\/wp-json\/wp\/v2\/pages"}],"about":[{"href":"https:\/\/wp.kristdemokraterna.se\/odeshog\/wp-json\/wp\/v2\/types\/page"}],"author":[{"embeddable":true,"href":"https:\/\/wp.kristdemokraterna.se\/odeshog\/wp-json\/wp\/v2\/users\/747"}],"replies":[{"embeddable":true,"href":"https:\/\/wp.kristdemokraterna.se\/odeshog\/wp-json\/wp\/v2\/comments?post=1023"}],"version-history":[{"count":7,"href":"https:\/\/wp.kristdemokraterna.se\/odeshog\/wp-json\/wp\/v2\/pages\/1023\/revisions"}],"predecessor-version":[{"id":1076,"href":"https:\/\/wp.kristdemokraterna.se\/odeshog\/wp-json\/wp\/v2\/pages\/1023\/revisions\/1076"}],"up":[{"embeddable":true,"href":"https:\/\/wp.kristdemokraterna.se\/odeshog\/wp-json\/wp\/v2\/pages\/977"}],"wp:attachment":[{"href":"https:\/\/wp.kristdemokraterna.se\/odeshog\/wp-json\/wp\/v2\/media?parent=1023"}],"curies":[{"name":"wp","href":"https:\/\/api.w.org\/{rel}","templated":true}]}}