{"id":1025,"date":"2022-07-25T16:05:18","date_gmt":"2022-07-25T14:05:18","guid":{"rendered":"https:\/\/wp.kristdemokraterna.se\/odeshog\/?page_id=1025"},"modified":"2022-08-30T18:35:53","modified_gmt":"2022-08-30T16:35:53","slug":"halso-och-sjukvard","status":"publish","type":"page","link":"https:\/\/wp.kristdemokraterna.se\/odeshog\/i-landstinget\/axplock-fran-det-regionala-valprogrammet\/halso-och-sjukvard\/","title":{"rendered":"H\u00e4lso- och sjukv\u00e5rd"},"content":{"rendered":"<p><a href=\"http:\/\/wp.kristdemokraterna.se\/odeshog\/files\/2022\/08\/vardcentral-rotated.jpg\"><img loading=\"lazy\" decoding=\"async\" class=\"alignnone wp-image-1077\" src=\"http:\/\/wp.kristdemokraterna.se\/odeshog\/files\/2022\/08\/vardcentral-1024x768.jpg\" alt=\"\" width=\"534\" height=\"400\" srcset=\"https:\/\/wp.kristdemokraterna.se\/odeshog\/files\/2022\/08\/vardcentral-1024x768.jpg 1024w, https:\/\/wp.kristdemokraterna.se\/odeshog\/files\/2022\/08\/vardcentral-300x225.jpg 300w, https:\/\/wp.kristdemokraterna.se\/odeshog\/files\/2022\/08\/vardcentral-768x576.jpg 768w, https:\/\/wp.kristdemokraterna.se\/odeshog\/files\/2022\/08\/vardcentral-1536x1152.jpg 1536w, https:\/\/wp.kristdemokraterna.se\/odeshog\/files\/2022\/08\/vardcentral-267x200.jpg 267w, https:\/\/wp.kristdemokraterna.se\/odeshog\/files\/2022\/08\/vardcentral-370x278.jpg 370w, https:\/\/wp.kristdemokraterna.se\/odeshog\/files\/2022\/08\/vardcentral-770x578.jpg 770w, https:\/\/wp.kristdemokraterna.se\/odeshog\/files\/2022\/08\/vardcentral-450x338.jpg 450w, https:\/\/wp.kristdemokraterna.se\/odeshog\/files\/2022\/08\/vardcentral-280x210.jpg 280w, https:\/\/wp.kristdemokraterna.se\/odeshog\/files\/2022\/08\/vardcentral-340x255.jpg 340w, https:\/\/wp.kristdemokraterna.se\/odeshog\/files\/2022\/08\/vardcentral-200x150.jpg 200w, https:\/\/wp.kristdemokraterna.se\/odeshog\/files\/2022\/08\/vardcentral-75x56.jpg 75w, https:\/\/wp.kristdemokraterna.se\/odeshog\/files\/2022\/08\/vardcentral-rotated.jpg 2016w\" sizes=\"auto, (max-width: 534px) 100vw, 534px\" \/><\/a><\/p>\n<p>N\u00e4r vi blir sjuka och beh\u00f6ver f\u00e5 kontakt med h\u00e4lso- och sjukv\u00e5rden, vill vi f\u00e5 kontakt s\u00e5 snart som m\u00f6jligt, och helst komma i kontakt med en v\u00e5rdgivare s\u00e5 n\u00e4ra oss som m\u00f6jligt.<\/p>\n<p>N\u00e4r telefontiderna \u00e4r slut eller n\u00e4r v\u00e5rdcentralen har st\u00e4ngt kl. 17.00 p\u00e5 vardagar eller under helgen, v\u00e4nder sig m\u00e5nga till akuten i Motala. D\u00e4r har sv\u00e5rt sjuka eller olycksdrabbade h\u00f6gre prioritet \u00e4n en person som egentligen inte var mer sjuk \u00e4n att ett v\u00e5rdcentralsbes\u00f6k hade r\u00e4ckt. F\u00f6r att \u00f6ka tillg\u00e4ngligheten till n\u00e4ra v\u00e5rd vill vi bland annat g\u00f6ra f\u00f6ljande kommande mandatperiod.<\/p>\n<h2>St\u00e4rk och uppv\u00e4rdera den n\u00e4ra v\u00e5rden f\u00f6r mer tillg\u00e4nglig v\u00e5rd<\/h2>\n<p>F\u00f6r att det ska bli mer naturligt f\u00f6r oss medborgare att i f\u00f6rsta hand v\u00e4nda oss till v\u00e5r v\u00e5rdcentral, f\u00f6resl\u00e5r Kristdemokraterna att den n\u00e4ra v\u00e5rden st\u00e4rks och uppv\u00e4rderas ordentligt. Ekonomiska resurser beh\u00f6ver tillf\u00f6ras prim\u00e4rv\u00e5rden, bland annat f\u00f6r att klara ut\u00f6kade \u00f6ppettider. Vi vill redan f\u00f6rsta \u00e5ret p\u00e5 den nya mandatperioden lansera ett pilotprojekt, d\u00e4r sju v\u00e5rdcentraler i \u00d6sterg\u00f6tland under sjutton m\u00e5nader p\u00e5 f\u00f6rs\u00f6k ska ha \u00f6ppet sju dagar i veckan, fr\u00e5n sju p\u00e5 morgonen till sju p\u00e5 kv\u00e4llen. Om pilotprojektet blir framg\u00e5ngsrikt, b\u00f6r modellen implementeras brett i hela \u00d6sterg\u00f6tland.<\/p>\n<h2>Utveckla fler v\u00e5rdcentrum i \u00d6sterg\u00f6tland<\/h2>\n<p>Under mandatperioden 2010-2014 tog Kristdemokraterna tillsammans med \u00f6vriga partier i Alliansen och Vrinnevilistan, beslut om att bygga V\u00e5rdcentrum i Finsp\u00e5ng. H\u00f6sten 2017 togs det f\u00f6rsta spadtaget och v\u00e5ren 2021 skedde invigningen. V\u00e5rdcentrum inneh\u00e5ller ett antal verksamheter som v\u00e5rdcentral, barn- och ungdomsmottagning, kvinnoh\u00e4lsa och barnav\u00e5rdscentral, ett antal medicinska v\u00e5rdplatser och viss specialistrehabilitering, samt korttidsboende i kommunens regi. Det finns \u00e4ven viss m\u00f6jlighet att tr\u00e4ffa specialistl\u00e4kare fr\u00e5n sjukhusen i regionen. Denna v\u00e5rdform, som tydligt flyttar fokus till n\u00e4ra v\u00e5rd, b\u00f6r inf\u00f6ras i fler kommuner i \u00d6sterg\u00f6tland f\u00f6r att ytterligare f\u00f6rb\u00e4ttra m\u00f6jligheten att m\u00f6ta medborgarnas behov av v\u00e5rd p\u00e5 n\u00e4ra h\u00e5ll.<\/p>\n<h2>Mobila psykiatriteam i hela \u00d6sterg\u00f6tland<\/h2>\n<p>Den psykiska oh\u00e4lsan \u00f6kar i \u00d6sterg\u00f6tland\u00a0en oroande trend i \u00d6sterg\u00f6tland med \u00f6kad sj\u00e4lvmordsfrekvens. Att satsa p\u00e5 mobila team med kompetens kring psykisk oh\u00e4lsa kan i stor utstr\u00e4ckning f\u00f6rhindra inl\u00e4ggning p\u00e5 sjukhus och framf\u00f6rallt ge tillg\u00e5ng till v\u00e5rd i ett tidigt skede. Det akuta skedet \u00e4r oftast dramatiskt med ett stort behov av utbildad personal med kompetens inom psykiatri. Vi har mobila omv\u00e5rdnadsteam i den v\u00e4stra l\u00e4nsdelen av \u00d6sterg\u00f6tland. Ett mobilt psykiatriteam skulle komplettera de mobila omv\u00e5rdnadsteamen och avlasta prim\u00e4rv\u00e5rden, akutmottagningar och polis. Det inneb\u00e4r mer flexibla l\u00f6sningar i personens n\u00e4rmilj\u00f6, en snabbare \u00e5terh\u00e4mtning och en b\u00e4ttre prognos. Vi tror att en bredare satsning p\u00e5 mobila team beh\u00f6vs f\u00f6r att r\u00e4dda m\u00e4nniskors liv.<\/p>\n","protected":false},"excerpt":{"rendered":"<p>N\u00e4r vi blir sjuka och beh\u00f6ver f\u00e5 kontakt med h\u00e4lso- och sjukv\u00e5rden, vill vi f\u00e5 kontakt s\u00e5 snart som m\u00f6jligt, och helst komma i kontakt med en v\u00e5rdgivare s\u00e5 n\u00e4ra oss som m\u00f6jligt. N\u00e4r telefontiderna \u00e4r slut eller n\u00e4r v\u00e5rdcentralen har st\u00e4ngt kl. 17.00 p\u00e5 vardagar eller under helgen, v\u00e4nder sig m\u00e5nga till akuten i <a class=\"read-more-link\" href=\"https:\/\/wp.kristdemokraterna.se\/odeshog\/i-landstinget\/axplock-fran-det-regionala-valprogrammet\/halso-och-sjukvard\/\">Read More<\/a><\/p>\n","protected":false},"author":747,"featured_media":0,"parent":977,"menu_order":2,"comment_status":"closed","ping_status":"closed","template":"","meta":{"_acf_changed":false,"footnotes":""},"class_list":["post-1025","page","type-page","status-publish","hentry"],"acf":[],"yoast_head":"<!-- This site is optimized with the Yoast SEO plugin v27.3 - https:\/\/yoast.com\/product\/yoast-seo-wordpress\/ -->\n<title>H\u00e4lso- och sjukv\u00e5rd - \u00d6desh\u00f6g<\/title>\n<meta name=\"robots\" content=\"index, follow, max-snippet:-1, max-image-preview:large, max-video-preview:-1\" \/>\n<link rel=\"canonical\" href=\"https:\/\/wp.kristdemokraterna.se\/odeshog\/i-landstinget\/axplock-fran-det-regionala-valprogrammet\/halso-och-sjukvard\/\" \/>\n<meta property=\"og:locale\" content=\"sv_SE\" \/>\n<meta property=\"og:type\" content=\"article\" \/>\n<meta property=\"og:title\" content=\"H\u00e4lso- och sjukv\u00e5rd - \u00d6desh\u00f6g\" \/>\n<meta property=\"og:description\" content=\"N\u00e4r vi blir sjuka och beh\u00f6ver f\u00e5 kontakt med h\u00e4lso- och sjukv\u00e5rden, vill vi f\u00e5 kontakt s\u00e5 snart som m\u00f6jligt, och helst komma i kontakt med en v\u00e5rdgivare s\u00e5 n\u00e4ra oss som m\u00f6jligt. N\u00e4r telefontiderna \u00e4r slut eller n\u00e4r v\u00e5rdcentralen har st\u00e4ngt kl. 17.00 p\u00e5 vardagar eller under helgen, v\u00e4nder sig m\u00e5nga till akuten i Read More\" \/>\n<meta property=\"og:url\" content=\"https:\/\/wp.kristdemokraterna.se\/odeshog\/i-landstinget\/axplock-fran-det-regionala-valprogrammet\/halso-och-sjukvard\/\" \/>\n<meta property=\"og:site_name\" content=\"\u00d6desh\u00f6g\" \/>\n<meta property=\"article:modified_time\" content=\"2022-08-30T16:35:53+00:00\" \/>\n<meta property=\"og:image\" content=\"http:\/\/wp.kristdemokraterna.se\/odeshog\/files\/2022\/08\/vardcentral-1024x768.jpg\" \/>\n<meta name=\"twitter:card\" content=\"summary_large_image\" \/>\n<meta name=\"twitter:label1\" content=\"Ber\u00e4knad l\u00e4stid\" \/>\n\t<meta name=\"twitter:data1\" content=\"3 minuter\" \/>\n<script type=\"application\/ld+json\" class=\"yoast-schema-graph\">{\"@context\":\"https:\\\/\\\/schema.org\",\"@graph\":[{\"@type\":\"WebPage\",\"@id\":\"https:\\\/\\\/wp.kristdemokraterna.se\\\/odeshog\\\/i-landstinget\\\/axplock-fran-det-regionala-valprogrammet\\\/halso-och-sjukvard\\\/\",\"url\":\"https:\\\/\\\/wp.kristdemokraterna.se\\\/odeshog\\\/i-landstinget\\\/axplock-fran-det-regionala-valprogrammet\\\/halso-och-sjukvard\\\/\",\"name\":\"H\u00e4lso- och sjukv\u00e5rd - \u00d6desh\u00f6g\",\"isPartOf\":{\"@id\":\"https:\\\/\\\/wp.kristdemokraterna.se\\\/odeshog\\\/#website\"},\"primaryImageOfPage\":{\"@id\":\"https:\\\/\\\/wp.kristdemokraterna.se\\\/odeshog\\\/i-landstinget\\\/axplock-fran-det-regionala-valprogrammet\\\/halso-och-sjukvard\\\/#primaryimage\"},\"image\":{\"@id\":\"https:\\\/\\\/wp.kristdemokraterna.se\\\/odeshog\\\/i-landstinget\\\/axplock-fran-det-regionala-valprogrammet\\\/halso-och-sjukvard\\\/#primaryimage\"},\"thumbnailUrl\":\"http:\\\/\\\/wp.kristdemokraterna.se\\\/odeshog\\\/files\\\/2022\\\/08\\\/vardcentral-1024x768.jpg\",\"datePublished\":\"2022-07-25T14:05:18+00:00\",\"dateModified\":\"2022-08-30T16:35:53+00:00\",\"breadcrumb\":{\"@id\":\"https:\\\/\\\/wp.kristdemokraterna.se\\\/odeshog\\\/i-landstinget\\\/axplock-fran-det-regionala-valprogrammet\\\/halso-och-sjukvard\\\/#breadcrumb\"},\"inLanguage\":\"sv-SE\",\"potentialAction\":[{\"@type\":\"ReadAction\",\"target\":[\"https:\\\/\\\/wp.kristdemokraterna.se\\\/odeshog\\\/i-landstinget\\\/axplock-fran-det-regionala-valprogrammet\\\/halso-och-sjukvard\\\/\"]}]},{\"@type\":\"ImageObject\",\"inLanguage\":\"sv-SE\",\"@id\":\"https:\\\/\\\/wp.kristdemokraterna.se\\\/odeshog\\\/i-landstinget\\\/axplock-fran-det-regionala-valprogrammet\\\/halso-och-sjukvard\\\/#primaryimage\",\"url\":\"http:\\\/\\\/wp.kristdemokraterna.se\\\/odeshog\\\/files\\\/2022\\\/08\\\/vardcentral-1024x768.jpg\",\"contentUrl\":\"http:\\\/\\\/wp.kristdemokraterna.se\\\/odeshog\\\/files\\\/2022\\\/08\\\/vardcentral-1024x768.jpg\"},{\"@type\":\"BreadcrumbList\",\"@id\":\"https:\\\/\\\/wp.kristdemokraterna.se\\\/odeshog\\\/i-landstinget\\\/axplock-fran-det-regionala-valprogrammet\\\/halso-och-sjukvard\\\/#breadcrumb\",\"itemListElement\":[{\"@type\":\"ListItem\",\"position\":1,\"name\":\"Hem\",\"item\":\"https:\\\/\\\/wp.kristdemokraterna.se\\\/odeshog\\\/\"},{\"@type\":\"ListItem\",\"position\":2,\"name\":\"I Regionen\",\"item\":\"https:\\\/\\\/wp.kristdemokraterna.se\\\/odeshog\\\/i-landstinget\\\/\"},{\"@type\":\"ListItem\",\"position\":3,\"name\":\"Axplock &#8211; Regionalt valprogram\",\"item\":\"https:\\\/\\\/wp.kristdemokraterna.se\\\/odeshog\\\/i-landstinget\\\/axplock-fran-det-regionala-valprogrammet\\\/\"},{\"@type\":\"ListItem\",\"position\":4,\"name\":\"H\u00e4lso- och sjukv\u00e5rd\"}]},{\"@type\":\"WebSite\",\"@id\":\"https:\\\/\\\/wp.kristdemokraterna.se\\\/odeshog\\\/#website\",\"url\":\"https:\\\/\\\/wp.kristdemokraterna.se\\\/odeshog\\\/\",\"name\":\"\u00d6desh\u00f6g\",\"description\":\"En till Kristdemokraterna webbplats\",\"inLanguage\":\"sv-SE\"}]}<\/script>\n<!-- \/ Yoast SEO plugin. -->","yoast_head_json":{"title":"H\u00e4lso- och sjukv\u00e5rd - \u00d6desh\u00f6g","robots":{"index":"index","follow":"follow","max-snippet":"max-snippet:-1","max-image-preview":"max-image-preview:large","max-video-preview":"max-video-preview:-1"},"canonical":"https:\/\/wp.kristdemokraterna.se\/odeshog\/i-landstinget\/axplock-fran-det-regionala-valprogrammet\/halso-och-sjukvard\/","og_locale":"sv_SE","og_type":"article","og_title":"H\u00e4lso- och sjukv\u00e5rd - \u00d6desh\u00f6g","og_description":"N\u00e4r vi blir sjuka och beh\u00f6ver f\u00e5 kontakt med h\u00e4lso- och sjukv\u00e5rden, vill vi f\u00e5 kontakt s\u00e5 snart som m\u00f6jligt, och helst komma i kontakt med en v\u00e5rdgivare s\u00e5 n\u00e4ra oss som m\u00f6jligt. N\u00e4r telefontiderna \u00e4r slut eller n\u00e4r v\u00e5rdcentralen har st\u00e4ngt kl. 17.00 p\u00e5 vardagar eller under helgen, v\u00e4nder sig m\u00e5nga till akuten i Read More","og_url":"https:\/\/wp.kristdemokraterna.se\/odeshog\/i-landstinget\/axplock-fran-det-regionala-valprogrammet\/halso-och-sjukvard\/","og_site_name":"\u00d6desh\u00f6g","article_modified_time":"2022-08-30T16:35:53+00:00","og_image":[{"url":"http:\/\/wp.kristdemokraterna.se\/odeshog\/files\/2022\/08\/vardcentral-1024x768.jpg","type":"","width":"","height":""}],"twitter_card":"summary_large_image","twitter_misc":{"Ber\u00e4knad l\u00e4stid":"3 minuter"},"schema":{"@context":"https:\/\/schema.org","@graph":[{"@type":"WebPage","@id":"https:\/\/wp.kristdemokraterna.se\/odeshog\/i-landstinget\/axplock-fran-det-regionala-valprogrammet\/halso-och-sjukvard\/","url":"https:\/\/wp.kristdemokraterna.se\/odeshog\/i-landstinget\/axplock-fran-det-regionala-valprogrammet\/halso-och-sjukvard\/","name":"H\u00e4lso- och sjukv\u00e5rd - \u00d6desh\u00f6g","isPartOf":{"@id":"https:\/\/wp.kristdemokraterna.se\/odeshog\/#website"},"primaryImageOfPage":{"@id":"https:\/\/wp.kristdemokraterna.se\/odeshog\/i-landstinget\/axplock-fran-det-regionala-valprogrammet\/halso-och-sjukvard\/#primaryimage"},"image":{"@id":"https:\/\/wp.kristdemokraterna.se\/odeshog\/i-landstinget\/axplock-fran-det-regionala-valprogrammet\/halso-och-sjukvard\/#primaryimage"},"thumbnailUrl":"http:\/\/wp.kristdemokraterna.se\/odeshog\/files\/2022\/08\/vardcentral-1024x768.jpg","datePublished":"2022-07-25T14:05:18+00:00","dateModified":"2022-08-30T16:35:53+00:00","breadcrumb":{"@id":"https:\/\/wp.kristdemokraterna.se\/odeshog\/i-landstinget\/axplock-fran-det-regionala-valprogrammet\/halso-och-sjukvard\/#breadcrumb"},"inLanguage":"sv-SE","potentialAction":[{"@type":"ReadAction","target":["https:\/\/wp.kristdemokraterna.se\/odeshog\/i-landstinget\/axplock-fran-det-regionala-valprogrammet\/halso-och-sjukvard\/"]}]},{"@type":"ImageObject","inLanguage":"sv-SE","@id":"https:\/\/wp.kristdemokraterna.se\/odeshog\/i-landstinget\/axplock-fran-det-regionala-valprogrammet\/halso-och-sjukvard\/#primaryimage","url":"http:\/\/wp.kristdemokraterna.se\/odeshog\/files\/2022\/08\/vardcentral-1024x768.jpg","contentUrl":"http:\/\/wp.kristdemokraterna.se\/odeshog\/files\/2022\/08\/vardcentral-1024x768.jpg"},{"@type":"BreadcrumbList","@id":"https:\/\/wp.kristdemokraterna.se\/odeshog\/i-landstinget\/axplock-fran-det-regionala-valprogrammet\/halso-och-sjukvard\/#breadcrumb","itemListElement":[{"@type":"ListItem","position":1,"name":"Hem","item":"https:\/\/wp.kristdemokraterna.se\/odeshog\/"},{"@type":"ListItem","position":2,"name":"I Regionen","item":"https:\/\/wp.kristdemokraterna.se\/odeshog\/i-landstinget\/"},{"@type":"ListItem","position":3,"name":"Axplock &#8211; Regionalt valprogram","item":"https:\/\/wp.kristdemokraterna.se\/odeshog\/i-landstinget\/axplock-fran-det-regionala-valprogrammet\/"},{"@type":"ListItem","position":4,"name":"H\u00e4lso- och sjukv\u00e5rd"}]},{"@type":"WebSite","@id":"https:\/\/wp.kristdemokraterna.se\/odeshog\/#website","url":"https:\/\/wp.kristdemokraterna.se\/odeshog\/","name":"\u00d6desh\u00f6g","description":"En till Kristdemokraterna webbplats","inLanguage":"sv-SE"}]}},"_links":{"self":[{"href":"https:\/\/wp.kristdemokraterna.se\/odeshog\/wp-json\/wp\/v2\/pages\/1025","targetHints":{"allow":["GET"]}}],"collection":[{"href":"https:\/\/wp.kristdemokraterna.se\/odeshog\/wp-json\/wp\/v2\/pages"}],"about":[{"href":"https:\/\/wp.kristdemokraterna.se\/odeshog\/wp-json\/wp\/v2\/types\/page"}],"author":[{"embeddable":true,"href":"https:\/\/wp.kristdemokraterna.se\/odeshog\/wp-json\/wp\/v2\/users\/747"}],"replies":[{"embeddable":true,"href":"https:\/\/wp.kristdemokraterna.se\/odeshog\/wp-json\/wp\/v2\/comments?post=1025"}],"version-history":[{"count":7,"href":"https:\/\/wp.kristdemokraterna.se\/odeshog\/wp-json\/wp\/v2\/pages\/1025\/revisions"}],"predecessor-version":[{"id":1078,"href":"https:\/\/wp.kristdemokraterna.se\/odeshog\/wp-json\/wp\/v2\/pages\/1025\/revisions\/1078"}],"up":[{"embeddable":true,"href":"https:\/\/wp.kristdemokraterna.se\/odeshog\/wp-json\/wp\/v2\/pages\/977"}],"wp:attachment":[{"href":"https:\/\/wp.kristdemokraterna.se\/odeshog\/wp-json\/wp\/v2\/media?parent=1025"}],"curies":[{"name":"wp","href":"https:\/\/api.w.org\/{rel}","templated":true}]}}