{"id":1081,"date":"2022-09-02T18:38:26","date_gmt":"2022-09-02T16:38:26","guid":{"rendered":"https:\/\/wp.kristdemokraterna.se\/odeshog\/?page_id=1081"},"modified":"2022-09-02T19:08:28","modified_gmt":"2022-09-02T17:08:28","slug":"aktuella-fragor","status":"publish","type":"page","link":"https:\/\/wp.kristdemokraterna.se\/odeshog\/nationellt\/aktuella-fragor\/","title":{"rendered":"Aktuella fr\u00e5gor"},"content":{"rendered":"<p><a href=\"http:\/\/wp.kristdemokraterna.se\/odeshog\/files\/2022\/09\/valfragor_2022.jpg\"><img loading=\"lazy\" decoding=\"async\" class=\"alignnone wp-image-1085\" src=\"http:\/\/wp.kristdemokraterna.se\/odeshog\/files\/2022\/09\/valfragor_2022.jpg\" alt=\"\" width=\"350\" height=\"510\" srcset=\"https:\/\/wp.kristdemokraterna.se\/odeshog\/files\/2022\/09\/valfragor_2022.jpg 509w, https:\/\/wp.kristdemokraterna.se\/odeshog\/files\/2022\/09\/valfragor_2022-206x300.jpg 206w, https:\/\/wp.kristdemokraterna.se\/odeshog\/files\/2022\/09\/valfragor_2022-137x200.jpg 137w, https:\/\/wp.kristdemokraterna.se\/odeshog\/files\/2022\/09\/valfragor_2022-370x539.jpg 370w, https:\/\/wp.kristdemokraterna.se\/odeshog\/files\/2022\/09\/valfragor_2022-450x656.jpg 450w, https:\/\/wp.kristdemokraterna.se\/odeshog\/files\/2022\/09\/valfragor_2022-276x402.jpg 276w, https:\/\/wp.kristdemokraterna.se\/odeshog\/files\/2022\/09\/valfragor_2022-340x496.jpg 340w, https:\/\/wp.kristdemokraterna.se\/odeshog\/files\/2022\/09\/valfragor_2022-38x56.jpg 38w\" sizes=\"auto, (max-width: 350px) 100vw, 350px\" \/><\/a><\/p>\n<p>H\u00e4r \u00e4r n\u00e5gra av fr\u00e5gorna som ska hj\u00e4lpa oss att f\u00e5 en ny regering KD+M!<\/p>\n<p><a href=\"https:\/\/wp.kristdemokraterna.se\/odeshog\/nationellt\/aktuella-fragor\/billigare-el\/\">Billigare el!<\/a><\/p>\n<p><a href=\"https:\/\/wp.kristdemokraterna.se\/odeshog\/nationellt\/aktuella-fragor\/billigare-bransle\/\">Billigare br\u00e4nsle!<\/a><\/p>\n<p><a href=\"https:\/\/wp.kristdemokraterna.se\/odeshog\/nationellt\/aktuella-fragor\/kortare-vardkoer\/\">Kortare v\u00e5rdk\u00f6er!<\/a><\/p>\n<p><a href=\"https:\/\/wp.kristdemokraterna.se\/odeshog\/nationellt\/aktuella-fragor\/farre-brott\/\">F\u00e4rre brott!<\/a><\/p>\n<p>Gl\u00f6m inte att l\u00e4gga din r\u00f6st p\u00e5 KD den 11 september!<\/p>\n","protected":false},"excerpt":{"rendered":"<p>H\u00e4r \u00e4r n\u00e5gra av fr\u00e5gorna som ska hj\u00e4lpa oss att f\u00e5 en ny regering KD+M! Billigare el! Billigare br\u00e4nsle! Kortare v\u00e5rdk\u00f6er! F\u00e4rre brott! Gl\u00f6m inte att l\u00e4gga din r\u00f6st p\u00e5 KD den 11 september!<\/p>\n","protected":false},"author":747,"featured_media":0,"parent":819,"menu_order":0,"comment_status":"closed","ping_status":"closed","template":"","meta":{"_acf_changed":false,"footnotes":""},"class_list":["post-1081","page","type-page","status-publish","hentry"],"acf":[],"yoast_head":"<!-- This site is optimized with the Yoast SEO plugin v27.4 - https:\/\/yoast.com\/product\/yoast-seo-wordpress\/ -->\n<title>Aktuella fr\u00e5gor - \u00d6desh\u00f6g<\/title>\n<meta name=\"robots\" content=\"index, follow, max-snippet:-1, max-image-preview:large, max-video-preview:-1\" \/>\n<link rel=\"canonical\" href=\"https:\/\/wp.kristdemokraterna.se\/odeshog\/nationellt\/aktuella-fragor\/\" \/>\n<meta property=\"og:locale\" content=\"sv_SE\" \/>\n<meta property=\"og:type\" content=\"article\" \/>\n<meta property=\"og:title\" content=\"Aktuella fr\u00e5gor - \u00d6desh\u00f6g\" \/>\n<meta property=\"og:description\" content=\"H\u00e4r \u00e4r n\u00e5gra av fr\u00e5gorna som ska hj\u00e4lpa oss att f\u00e5 en ny regering KD+M! Billigare el! Billigare br\u00e4nsle! Kortare v\u00e5rdk\u00f6er! F\u00e4rre brott! Gl\u00f6m inte att l\u00e4gga din r\u00f6st p\u00e5 KD den 11 september!\" \/>\n<meta property=\"og:url\" content=\"https:\/\/wp.kristdemokraterna.se\/odeshog\/nationellt\/aktuella-fragor\/\" \/>\n<meta property=\"og:site_name\" content=\"\u00d6desh\u00f6g\" \/>\n<meta property=\"article:modified_time\" content=\"2022-09-02T17:08:28+00:00\" \/>\n<meta property=\"og:image\" content=\"http:\/\/wp.kristdemokraterna.se\/odeshog\/files\/2022\/09\/valfragor_2022.jpg\" \/>\n<meta name=\"twitter:card\" content=\"summary_large_image\" \/>\n<script type=\"application\/ld+json\" class=\"yoast-schema-graph\">{\"@context\":\"https:\\\/\\\/schema.org\",\"@graph\":[{\"@type\":\"WebPage\",\"@id\":\"https:\\\/\\\/wp.kristdemokraterna.se\\\/odeshog\\\/nationellt\\\/aktuella-fragor\\\/\",\"url\":\"https:\\\/\\\/wp.kristdemokraterna.se\\\/odeshog\\\/nationellt\\\/aktuella-fragor\\\/\",\"name\":\"Aktuella fr\u00e5gor - \u00d6desh\u00f6g\",\"isPartOf\":{\"@id\":\"https:\\\/\\\/wp.kristdemokraterna.se\\\/odeshog\\\/#website\"},\"primaryImageOfPage\":{\"@id\":\"https:\\\/\\\/wp.kristdemokraterna.se\\\/odeshog\\\/nationellt\\\/aktuella-fragor\\\/#primaryimage\"},\"image\":{\"@id\":\"https:\\\/\\\/wp.kristdemokraterna.se\\\/odeshog\\\/nationellt\\\/aktuella-fragor\\\/#primaryimage\"},\"thumbnailUrl\":\"http:\\\/\\\/wp.kristdemokraterna.se\\\/odeshog\\\/files\\\/2022\\\/09\\\/valfragor_2022.jpg\",\"datePublished\":\"2022-09-02T16:38:26+00:00\",\"dateModified\":\"2022-09-02T17:08:28+00:00\",\"breadcrumb\":{\"@id\":\"https:\\\/\\\/wp.kristdemokraterna.se\\\/odeshog\\\/nationellt\\\/aktuella-fragor\\\/#breadcrumb\"},\"inLanguage\":\"sv-SE\",\"potentialAction\":[{\"@type\":\"ReadAction\",\"target\":[\"https:\\\/\\\/wp.kristdemokraterna.se\\\/odeshog\\\/nationellt\\\/aktuella-fragor\\\/\"]}]},{\"@type\":\"ImageObject\",\"inLanguage\":\"sv-SE\",\"@id\":\"https:\\\/\\\/wp.kristdemokraterna.se\\\/odeshog\\\/nationellt\\\/aktuella-fragor\\\/#primaryimage\",\"url\":\"http:\\\/\\\/wp.kristdemokraterna.se\\\/odeshog\\\/files\\\/2022\\\/09\\\/valfragor_2022.jpg\",\"contentUrl\":\"http:\\\/\\\/wp.kristdemokraterna.se\\\/odeshog\\\/files\\\/2022\\\/09\\\/valfragor_2022.jpg\"},{\"@type\":\"BreadcrumbList\",\"@id\":\"https:\\\/\\\/wp.kristdemokraterna.se\\\/odeshog\\\/nationellt\\\/aktuella-fragor\\\/#breadcrumb\",\"itemListElement\":[{\"@type\":\"ListItem\",\"position\":1,\"name\":\"Hem\",\"item\":\"https:\\\/\\\/wp.kristdemokraterna.se\\\/odeshog\\\/\"},{\"@type\":\"ListItem\",\"position\":2,\"name\":\"Nationellt\",\"item\":\"https:\\\/\\\/wp.kristdemokraterna.se\\\/odeshog\\\/nationellt\\\/\"},{\"@type\":\"ListItem\",\"position\":3,\"name\":\"Aktuella fr\u00e5gor\"}]},{\"@type\":\"WebSite\",\"@id\":\"https:\\\/\\\/wp.kristdemokraterna.se\\\/odeshog\\\/#website\",\"url\":\"https:\\\/\\\/wp.kristdemokraterna.se\\\/odeshog\\\/\",\"name\":\"\u00d6desh\u00f6g\",\"description\":\"En till Kristdemokraterna webbplats\",\"inLanguage\":\"sv-SE\"}]}<\/script>\n<!-- \/ Yoast SEO plugin. -->","yoast_head_json":{"title":"Aktuella fr\u00e5gor - \u00d6desh\u00f6g","robots":{"index":"index","follow":"follow","max-snippet":"max-snippet:-1","max-image-preview":"max-image-preview:large","max-video-preview":"max-video-preview:-1"},"canonical":"https:\/\/wp.kristdemokraterna.se\/odeshog\/nationellt\/aktuella-fragor\/","og_locale":"sv_SE","og_type":"article","og_title":"Aktuella fr\u00e5gor - \u00d6desh\u00f6g","og_description":"H\u00e4r \u00e4r n\u00e5gra av fr\u00e5gorna som ska hj\u00e4lpa oss att f\u00e5 en ny regering KD+M! Billigare el! Billigare br\u00e4nsle! Kortare v\u00e5rdk\u00f6er! F\u00e4rre brott! Gl\u00f6m inte att l\u00e4gga din r\u00f6st p\u00e5 KD den 11 september!","og_url":"https:\/\/wp.kristdemokraterna.se\/odeshog\/nationellt\/aktuella-fragor\/","og_site_name":"\u00d6desh\u00f6g","article_modified_time":"2022-09-02T17:08:28+00:00","og_image":[{"url":"http:\/\/wp.kristdemokraterna.se\/odeshog\/files\/2022\/09\/valfragor_2022.jpg","type":"","width":"","height":""}],"twitter_card":"summary_large_image","schema":{"@context":"https:\/\/schema.org","@graph":[{"@type":"WebPage","@id":"https:\/\/wp.kristdemokraterna.se\/odeshog\/nationellt\/aktuella-fragor\/","url":"https:\/\/wp.kristdemokraterna.se\/odeshog\/nationellt\/aktuella-fragor\/","name":"Aktuella fr\u00e5gor - \u00d6desh\u00f6g","isPartOf":{"@id":"https:\/\/wp.kristdemokraterna.se\/odeshog\/#website"},"primaryImageOfPage":{"@id":"https:\/\/wp.kristdemokraterna.se\/odeshog\/nationellt\/aktuella-fragor\/#primaryimage"},"image":{"@id":"https:\/\/wp.kristdemokraterna.se\/odeshog\/nationellt\/aktuella-fragor\/#primaryimage"},"thumbnailUrl":"http:\/\/wp.kristdemokraterna.se\/odeshog\/files\/2022\/09\/valfragor_2022.jpg","datePublished":"2022-09-02T16:38:26+00:00","dateModified":"2022-09-02T17:08:28+00:00","breadcrumb":{"@id":"https:\/\/wp.kristdemokraterna.se\/odeshog\/nationellt\/aktuella-fragor\/#breadcrumb"},"inLanguage":"sv-SE","potentialAction":[{"@type":"ReadAction","target":["https:\/\/wp.kristdemokraterna.se\/odeshog\/nationellt\/aktuella-fragor\/"]}]},{"@type":"ImageObject","inLanguage":"sv-SE","@id":"https:\/\/wp.kristdemokraterna.se\/odeshog\/nationellt\/aktuella-fragor\/#primaryimage","url":"http:\/\/wp.kristdemokraterna.se\/odeshog\/files\/2022\/09\/valfragor_2022.jpg","contentUrl":"http:\/\/wp.kristdemokraterna.se\/odeshog\/files\/2022\/09\/valfragor_2022.jpg"},{"@type":"BreadcrumbList","@id":"https:\/\/wp.kristdemokraterna.se\/odeshog\/nationellt\/aktuella-fragor\/#breadcrumb","itemListElement":[{"@type":"ListItem","position":1,"name":"Hem","item":"https:\/\/wp.kristdemokraterna.se\/odeshog\/"},{"@type":"ListItem","position":2,"name":"Nationellt","item":"https:\/\/wp.kristdemokraterna.se\/odeshog\/nationellt\/"},{"@type":"ListItem","position":3,"name":"Aktuella fr\u00e5gor"}]},{"@type":"WebSite","@id":"https:\/\/wp.kristdemokraterna.se\/odeshog\/#website","url":"https:\/\/wp.kristdemokraterna.se\/odeshog\/","name":"\u00d6desh\u00f6g","description":"En till Kristdemokraterna webbplats","inLanguage":"sv-SE"}]}},"_links":{"self":[{"href":"https:\/\/wp.kristdemokraterna.se\/odeshog\/wp-json\/wp\/v2\/pages\/1081","targetHints":{"allow":["GET"]}}],"collection":[{"href":"https:\/\/wp.kristdemokraterna.se\/odeshog\/wp-json\/wp\/v2\/pages"}],"about":[{"href":"https:\/\/wp.kristdemokraterna.se\/odeshog\/wp-json\/wp\/v2\/types\/page"}],"author":[{"embeddable":true,"href":"https:\/\/wp.kristdemokraterna.se\/odeshog\/wp-json\/wp\/v2\/users\/747"}],"replies":[{"embeddable":true,"href":"https:\/\/wp.kristdemokraterna.se\/odeshog\/wp-json\/wp\/v2\/comments?post=1081"}],"version-history":[{"count":5,"href":"https:\/\/wp.kristdemokraterna.se\/odeshog\/wp-json\/wp\/v2\/pages\/1081\/revisions"}],"predecessor-version":[{"id":1103,"href":"https:\/\/wp.kristdemokraterna.se\/odeshog\/wp-json\/wp\/v2\/pages\/1081\/revisions\/1103"}],"up":[{"embeddable":true,"href":"https:\/\/wp.kristdemokraterna.se\/odeshog\/wp-json\/wp\/v2\/pages\/819"}],"wp:attachment":[{"href":"https:\/\/wp.kristdemokraterna.se\/odeshog\/wp-json\/wp\/v2\/media?parent=1081"}],"curies":[{"name":"wp","href":"https:\/\/api.w.org\/{rel}","templated":true}]}}