{"id":1097,"date":"2022-09-02T19:03:38","date_gmt":"2022-09-02T17:03:38","guid":{"rendered":"https:\/\/wp.kristdemokraterna.se\/odeshog\/?page_id=1097"},"modified":"2022-09-02T19:03:38","modified_gmt":"2022-09-02T17:03:38","slug":"kortare-vardkoer","status":"publish","type":"page","link":"https:\/\/wp.kristdemokraterna.se\/odeshog\/nationellt\/aktuella-fragor\/kortare-vardkoer\/","title":{"rendered":"Kortare V\u00e5rdk\u00f6er"},"content":{"rendered":"<p><a href=\"http:\/\/wp.kristdemokraterna.se\/odeshog\/files\/2022\/09\/kortare-vardkoer.jpg\"><img loading=\"lazy\" decoding=\"async\" class=\"alignnone  wp-image-1098\" src=\"http:\/\/wp.kristdemokraterna.se\/odeshog\/files\/2022\/09\/kortare-vardkoer.jpg\" alt=\"\" width=\"350\" height=\"510\" srcset=\"https:\/\/wp.kristdemokraterna.se\/odeshog\/files\/2022\/09\/kortare-vardkoer.jpg 507w, https:\/\/wp.kristdemokraterna.se\/odeshog\/files\/2022\/09\/kortare-vardkoer-206x300.jpg 206w, https:\/\/wp.kristdemokraterna.se\/odeshog\/files\/2022\/09\/kortare-vardkoer-137x200.jpg 137w, https:\/\/wp.kristdemokraterna.se\/odeshog\/files\/2022\/09\/kortare-vardkoer-370x539.jpg 370w, https:\/\/wp.kristdemokraterna.se\/odeshog\/files\/2022\/09\/kortare-vardkoer-450x656.jpg 450w, https:\/\/wp.kristdemokraterna.se\/odeshog\/files\/2022\/09\/kortare-vardkoer-276x402.jpg 276w, https:\/\/wp.kristdemokraterna.se\/odeshog\/files\/2022\/09\/kortare-vardkoer-340x496.jpg 340w, https:\/\/wp.kristdemokraterna.se\/odeshog\/files\/2022\/09\/kortare-vardkoer-38x56.jpg 38w\" sizes=\"auto, (max-width: 350px) 100vw, 350px\" \/><\/a><\/p>\n<div id=\"svid12_72c4495e17f44b64443b540\" class=\"sv-text-portlet sv-use-margins c904\">\n<div class=\"sv-text-portlet-content\">\n<p class=\"font-normal\">Var man bor i landet ska inte avg\u00f6ra vilken v\u00e5rd man f\u00e5r. S\u00e5 \u00e4r det inte idag. Nu \u00e4r det ist\u00e4llet ett postkodlotteri d\u00e4r postnumret avg\u00f6r hur l\u00e4nge du f\u00e5r v\u00e4nta p\u00e5 v\u00e5rd och vilken v\u00e5rd du f\u00e5r. Hundratusentals v\u00e4ntar olagligt l\u00e4nge p\u00e5 specialiserad v\u00e5rd eller operation, samtidigt som det finns lediga tider i andra delar av landet. V\u00e5rdk\u00f6er \u00e4r inte n\u00e5gon naturlag. Andra l\u00e4nder klarar av att ge v\u00e5rd utan l\u00e5nga k\u00f6er och Sverige kan ocks\u00e5 klara det. Men f\u00f6r det kr\u00e4vs att vi t\u00e4nker om.<\/p>\n<\/div>\n<\/div>\n<div id=\"svid12_72c4495e17f44b64443b542\" class=\"sv-text-portlet sv-use-margins\">\n<div class=\"sv-text-portlet-content\">\n<h2 id=\"Huvudforslag\" class=\"font-heading-2\">Huvudf\u00f6rslag<\/h2>\n<ul class=\" font-normal\">\n<li>Statligt huvudmannaskap f\u00f6r v\u00e5rden, att vi f\u00e5r en gemensam organisation ist\u00e4llet f\u00f6r 21 olika, s\u00e5 att en h\u00f6gkvalitativ, effektiv och j\u00e4mlik v\u00e5rd kan ges p\u00e5 lika villkor till hela befolkningen.<\/li>\n<li>I ett f\u00f6rsta steg vill vi inf\u00f6ra en nationell v\u00e5rdf\u00f6rmedling som matchar v\u00e5rdbehovet med den v\u00e5rdkapacitet som finns i landet \u2013 och inte bara i regionen d\u00e4r personen bor.<\/li>\n<li>Fler v\u00e5rdplatser m\u00e5ste till genom en prestationsbaserad ers\u00e4ttning n\u00e4r sjukhusen klarar h\u00e5lla maximalt 90 procents bel\u00e4ggning i genomsnitt.<\/li>\n<li>Fler v\u00e5rdcentraler p\u00e5 landsbygden och enklare f\u00f6r enskilda l\u00e4kare att starta egen verksamhet &#8211; s\u00e5 kan n\u00e4rheten till v\u00e5rdbeh\u00f6vande \u00f6ka.<\/li>\n<\/ul>\n<\/div>\n<\/div>\n<div id=\"svid12_72c4495e17f44b64443b544\" class=\"sv-text-portlet sv-use-margins c904\">\n<div class=\"sv-text-portlet-content\">\n<h2 id=\"Ovrigaviktigaforslag\" class=\"font-heading-2\">\u00d6vriga viktiga f\u00f6rslag<\/h2>\n<ul class=\" font-normal\">\n<li>Fast l\u00e4karkontakt p\u00e5 en namngiven l\u00e4kare och listtak f\u00f6r att m\u00f6jligg\u00f6ra relationsbyggande mellan patient och v\u00e5rd. Listtak m\u00f6jligg\u00f6r f\u00f6r v\u00e5rdteamet att utf\u00f6ra sitt uppdrag p\u00e5 h\u00e5llbart s\u00e4tt.<\/li>\n<li>\u00d6kad m\u00f6jlighet att v\u00e5rdas i egna hemmet, s\u00e4rskilt f\u00f6r multisjuka, genom f\u00f6rst\u00e4rkta m\u00f6jligheter till hemmonitorering och mobila sjukv\u00e5rdsenheter som kan ge v\u00e5rd i hemmet.<\/li>\n<li>F\u00f6rb\u00e4ttra f\u00f6rlossningsv\u00e5rden genom kompetenscentrum och nationella m\u00e5l, \u00f6kad bemanning och ett barnmorsketeam genom hela v\u00e5rdkedjan.<\/li>\n<li>Krafttag mot ungas oh\u00e4lsa genom en sammanh\u00e5llen barn- och ungdomsh\u00e4lsov\u00e5rd, st\u00e4rkt elevh\u00e4lsa och f\u00f6r\u00e4ldrast\u00f6dsprogram som erbjuds alla f\u00f6r\u00e4ldrar.<\/li>\n<\/ul>\n<\/div>\n<\/div>\n","protected":false},"excerpt":{"rendered":"<p>Var man bor i landet ska inte avg\u00f6ra vilken v\u00e5rd man f\u00e5r. S\u00e5 \u00e4r det inte idag. Nu \u00e4r det ist\u00e4llet ett postkodlotteri d\u00e4r postnumret avg\u00f6r hur l\u00e4nge du f\u00e5r v\u00e4nta p\u00e5 v\u00e5rd och vilken v\u00e5rd du f\u00e5r. Hundratusentals v\u00e4ntar olagligt l\u00e4nge p\u00e5 specialiserad v\u00e5rd eller operation, samtidigt som det finns lediga tider i andra <a class=\"read-more-link\" href=\"https:\/\/wp.kristdemokraterna.se\/odeshog\/nationellt\/aktuella-fragor\/kortare-vardkoer\/\">Read More<\/a><\/p>\n","protected":false},"author":747,"featured_media":0,"parent":1081,"menu_order":0,"comment_status":"closed","ping_status":"closed","template":"","meta":{"_acf_changed":false,"footnotes":""},"class_list":["post-1097","page","type-page","status-publish","hentry"],"acf":[],"yoast_head":"<!-- This site is optimized with the Yoast SEO plugin v27.4 - https:\/\/yoast.com\/product\/yoast-seo-wordpress\/ -->\n<title>Kortare V\u00e5rdk\u00f6er - \u00d6desh\u00f6g<\/title>\n<meta name=\"robots\" content=\"index, follow, max-snippet:-1, max-image-preview:large, max-video-preview:-1\" \/>\n<link rel=\"canonical\" href=\"https:\/\/wp.kristdemokraterna.se\/odeshog\/nationellt\/aktuella-fragor\/kortare-vardkoer\/\" \/>\n<meta property=\"og:locale\" content=\"sv_SE\" \/>\n<meta property=\"og:type\" content=\"article\" \/>\n<meta property=\"og:title\" content=\"Kortare V\u00e5rdk\u00f6er - \u00d6desh\u00f6g\" \/>\n<meta property=\"og:description\" content=\"Var man bor i landet ska inte avg\u00f6ra vilken v\u00e5rd man f\u00e5r. S\u00e5 \u00e4r det inte idag. Nu \u00e4r det ist\u00e4llet ett postkodlotteri d\u00e4r postnumret avg\u00f6r hur l\u00e4nge du f\u00e5r v\u00e4nta p\u00e5 v\u00e5rd och vilken v\u00e5rd du f\u00e5r. Hundratusentals v\u00e4ntar olagligt l\u00e4nge p\u00e5 specialiserad v\u00e5rd eller operation, samtidigt som det finns lediga tider i andra Read More\" \/>\n<meta property=\"og:url\" content=\"https:\/\/wp.kristdemokraterna.se\/odeshog\/nationellt\/aktuella-fragor\/kortare-vardkoer\/\" \/>\n<meta property=\"og:site_name\" content=\"\u00d6desh\u00f6g\" \/>\n<meta property=\"og:image\" content=\"http:\/\/wp.kristdemokraterna.se\/odeshog\/files\/2022\/09\/kortare-vardkoer.jpg\" \/>\n<meta name=\"twitter:card\" content=\"summary_large_image\" \/>\n<meta name=\"twitter:label1\" content=\"Ber\u00e4knad l\u00e4stid\" \/>\n\t<meta name=\"twitter:data1\" content=\"2 minuter\" \/>\n<script type=\"application\/ld+json\" class=\"yoast-schema-graph\">{\"@context\":\"https:\\\/\\\/schema.org\",\"@graph\":[{\"@type\":\"WebPage\",\"@id\":\"https:\\\/\\\/wp.kristdemokraterna.se\\\/odeshog\\\/nationellt\\\/aktuella-fragor\\\/kortare-vardkoer\\\/\",\"url\":\"https:\\\/\\\/wp.kristdemokraterna.se\\\/odeshog\\\/nationellt\\\/aktuella-fragor\\\/kortare-vardkoer\\\/\",\"name\":\"Kortare V\u00e5rdk\u00f6er - \u00d6desh\u00f6g\",\"isPartOf\":{\"@id\":\"https:\\\/\\\/wp.kristdemokraterna.se\\\/odeshog\\\/#website\"},\"primaryImageOfPage\":{\"@id\":\"https:\\\/\\\/wp.kristdemokraterna.se\\\/odeshog\\\/nationellt\\\/aktuella-fragor\\\/kortare-vardkoer\\\/#primaryimage\"},\"image\":{\"@id\":\"https:\\\/\\\/wp.kristdemokraterna.se\\\/odeshog\\\/nationellt\\\/aktuella-fragor\\\/kortare-vardkoer\\\/#primaryimage\"},\"thumbnailUrl\":\"http:\\\/\\\/wp.kristdemokraterna.se\\\/odeshog\\\/files\\\/2022\\\/09\\\/kortare-vardkoer.jpg\",\"datePublished\":\"2022-09-02T17:03:38+00:00\",\"breadcrumb\":{\"@id\":\"https:\\\/\\\/wp.kristdemokraterna.se\\\/odeshog\\\/nationellt\\\/aktuella-fragor\\\/kortare-vardkoer\\\/#breadcrumb\"},\"inLanguage\":\"sv-SE\",\"potentialAction\":[{\"@type\":\"ReadAction\",\"target\":[\"https:\\\/\\\/wp.kristdemokraterna.se\\\/odeshog\\\/nationellt\\\/aktuella-fragor\\\/kortare-vardkoer\\\/\"]}]},{\"@type\":\"ImageObject\",\"inLanguage\":\"sv-SE\",\"@id\":\"https:\\\/\\\/wp.kristdemokraterna.se\\\/odeshog\\\/nationellt\\\/aktuella-fragor\\\/kortare-vardkoer\\\/#primaryimage\",\"url\":\"http:\\\/\\\/wp.kristdemokraterna.se\\\/odeshog\\\/files\\\/2022\\\/09\\\/kortare-vardkoer.jpg\",\"contentUrl\":\"http:\\\/\\\/wp.kristdemokraterna.se\\\/odeshog\\\/files\\\/2022\\\/09\\\/kortare-vardkoer.jpg\"},{\"@type\":\"BreadcrumbList\",\"@id\":\"https:\\\/\\\/wp.kristdemokraterna.se\\\/odeshog\\\/nationellt\\\/aktuella-fragor\\\/kortare-vardkoer\\\/#breadcrumb\",\"itemListElement\":[{\"@type\":\"ListItem\",\"position\":1,\"name\":\"Hem\",\"item\":\"https:\\\/\\\/wp.kristdemokraterna.se\\\/odeshog\\\/\"},{\"@type\":\"ListItem\",\"position\":2,\"name\":\"Nationellt\",\"item\":\"https:\\\/\\\/wp.kristdemokraterna.se\\\/odeshog\\\/nationellt\\\/\"},{\"@type\":\"ListItem\",\"position\":3,\"name\":\"Aktuella fr\u00e5gor\",\"item\":\"https:\\\/\\\/wp.kristdemokraterna.se\\\/odeshog\\\/nationellt\\\/aktuella-fragor\\\/\"},{\"@type\":\"ListItem\",\"position\":4,\"name\":\"Kortare V\u00e5rdk\u00f6er\"}]},{\"@type\":\"WebSite\",\"@id\":\"https:\\\/\\\/wp.kristdemokraterna.se\\\/odeshog\\\/#website\",\"url\":\"https:\\\/\\\/wp.kristdemokraterna.se\\\/odeshog\\\/\",\"name\":\"\u00d6desh\u00f6g\",\"description\":\"En till Kristdemokraterna webbplats\",\"inLanguage\":\"sv-SE\"}]}<\/script>\n<!-- \/ Yoast SEO plugin. -->","yoast_head_json":{"title":"Kortare V\u00e5rdk\u00f6er - \u00d6desh\u00f6g","robots":{"index":"index","follow":"follow","max-snippet":"max-snippet:-1","max-image-preview":"max-image-preview:large","max-video-preview":"max-video-preview:-1"},"canonical":"https:\/\/wp.kristdemokraterna.se\/odeshog\/nationellt\/aktuella-fragor\/kortare-vardkoer\/","og_locale":"sv_SE","og_type":"article","og_title":"Kortare V\u00e5rdk\u00f6er - \u00d6desh\u00f6g","og_description":"Var man bor i landet ska inte avg\u00f6ra vilken v\u00e5rd man f\u00e5r. S\u00e5 \u00e4r det inte idag. Nu \u00e4r det ist\u00e4llet ett postkodlotteri d\u00e4r postnumret avg\u00f6r hur l\u00e4nge du f\u00e5r v\u00e4nta p\u00e5 v\u00e5rd och vilken v\u00e5rd du f\u00e5r. Hundratusentals v\u00e4ntar olagligt l\u00e4nge p\u00e5 specialiserad v\u00e5rd eller operation, samtidigt som det finns lediga tider i andra Read More","og_url":"https:\/\/wp.kristdemokraterna.se\/odeshog\/nationellt\/aktuella-fragor\/kortare-vardkoer\/","og_site_name":"\u00d6desh\u00f6g","og_image":[{"url":"http:\/\/wp.kristdemokraterna.se\/odeshog\/files\/2022\/09\/kortare-vardkoer.jpg","type":"","width":"","height":""}],"twitter_card":"summary_large_image","twitter_misc":{"Ber\u00e4knad l\u00e4stid":"2 minuter"},"schema":{"@context":"https:\/\/schema.org","@graph":[{"@type":"WebPage","@id":"https:\/\/wp.kristdemokraterna.se\/odeshog\/nationellt\/aktuella-fragor\/kortare-vardkoer\/","url":"https:\/\/wp.kristdemokraterna.se\/odeshog\/nationellt\/aktuella-fragor\/kortare-vardkoer\/","name":"Kortare V\u00e5rdk\u00f6er - \u00d6desh\u00f6g","isPartOf":{"@id":"https:\/\/wp.kristdemokraterna.se\/odeshog\/#website"},"primaryImageOfPage":{"@id":"https:\/\/wp.kristdemokraterna.se\/odeshog\/nationellt\/aktuella-fragor\/kortare-vardkoer\/#primaryimage"},"image":{"@id":"https:\/\/wp.kristdemokraterna.se\/odeshog\/nationellt\/aktuella-fragor\/kortare-vardkoer\/#primaryimage"},"thumbnailUrl":"http:\/\/wp.kristdemokraterna.se\/odeshog\/files\/2022\/09\/kortare-vardkoer.jpg","datePublished":"2022-09-02T17:03:38+00:00","breadcrumb":{"@id":"https:\/\/wp.kristdemokraterna.se\/odeshog\/nationellt\/aktuella-fragor\/kortare-vardkoer\/#breadcrumb"},"inLanguage":"sv-SE","potentialAction":[{"@type":"ReadAction","target":["https:\/\/wp.kristdemokraterna.se\/odeshog\/nationellt\/aktuella-fragor\/kortare-vardkoer\/"]}]},{"@type":"ImageObject","inLanguage":"sv-SE","@id":"https:\/\/wp.kristdemokraterna.se\/odeshog\/nationellt\/aktuella-fragor\/kortare-vardkoer\/#primaryimage","url":"http:\/\/wp.kristdemokraterna.se\/odeshog\/files\/2022\/09\/kortare-vardkoer.jpg","contentUrl":"http:\/\/wp.kristdemokraterna.se\/odeshog\/files\/2022\/09\/kortare-vardkoer.jpg"},{"@type":"BreadcrumbList","@id":"https:\/\/wp.kristdemokraterna.se\/odeshog\/nationellt\/aktuella-fragor\/kortare-vardkoer\/#breadcrumb","itemListElement":[{"@type":"ListItem","position":1,"name":"Hem","item":"https:\/\/wp.kristdemokraterna.se\/odeshog\/"},{"@type":"ListItem","position":2,"name":"Nationellt","item":"https:\/\/wp.kristdemokraterna.se\/odeshog\/nationellt\/"},{"@type":"ListItem","position":3,"name":"Aktuella fr\u00e5gor","item":"https:\/\/wp.kristdemokraterna.se\/odeshog\/nationellt\/aktuella-fragor\/"},{"@type":"ListItem","position":4,"name":"Kortare V\u00e5rdk\u00f6er"}]},{"@type":"WebSite","@id":"https:\/\/wp.kristdemokraterna.se\/odeshog\/#website","url":"https:\/\/wp.kristdemokraterna.se\/odeshog\/","name":"\u00d6desh\u00f6g","description":"En till Kristdemokraterna webbplats","inLanguage":"sv-SE"}]}},"_links":{"self":[{"href":"https:\/\/wp.kristdemokraterna.se\/odeshog\/wp-json\/wp\/v2\/pages\/1097","targetHints":{"allow":["GET"]}}],"collection":[{"href":"https:\/\/wp.kristdemokraterna.se\/odeshog\/wp-json\/wp\/v2\/pages"}],"about":[{"href":"https:\/\/wp.kristdemokraterna.se\/odeshog\/wp-json\/wp\/v2\/types\/page"}],"author":[{"embeddable":true,"href":"https:\/\/wp.kristdemokraterna.se\/odeshog\/wp-json\/wp\/v2\/users\/747"}],"replies":[{"embeddable":true,"href":"https:\/\/wp.kristdemokraterna.se\/odeshog\/wp-json\/wp\/v2\/comments?post=1097"}],"version-history":[{"count":1,"href":"https:\/\/wp.kristdemokraterna.se\/odeshog\/wp-json\/wp\/v2\/pages\/1097\/revisions"}],"predecessor-version":[{"id":1099,"href":"https:\/\/wp.kristdemokraterna.se\/odeshog\/wp-json\/wp\/v2\/pages\/1097\/revisions\/1099"}],"up":[{"embeddable":true,"href":"https:\/\/wp.kristdemokraterna.se\/odeshog\/wp-json\/wp\/v2\/pages\/1081"}],"wp:attachment":[{"href":"https:\/\/wp.kristdemokraterna.se\/odeshog\/wp-json\/wp\/v2\/media?parent=1097"}],"curies":[{"name":"wp","href":"https:\/\/api.w.org\/{rel}","templated":true}]}}