{"id":2,"date":"2014-04-04T11:34:08","date_gmt":"2014-04-04T11:34:08","guid":{"rendered":"http:\/\/wp.kristdemokraterna.se\/lokalavdelningsmall20140404\/?page_id=2"},"modified":"2022-05-16T15:04:17","modified_gmt":"2022-05-16T13:04:17","slug":"exempelsida","status":"publish","type":"page","link":"https:\/\/wp.kristdemokraterna.se\/odeshog\/exempelsida\/","title":{"rendered":"Kontakta oss"},"content":{"rendered":"<p><strong>I kommunhuset kan du tr\u00e4ffa Kristdemokraternas kommunalr\u00e5d &#8211; Annicki Oscarsson. Det \u00e4r b\u00e4st att kontakta henne per telefon eller e-post i f\u00f6rv\u00e4g f\u00f6r att best\u00e4mma tid f\u00f6r bes\u00f6k.<\/strong><\/p>\n<p><strong>Kommunalr\u00e5d<\/strong><br \/>\nAnnicki Oscarsson<br \/>\nTfn: 0144-350 17<br \/>\n<a href=\"mailto:annicki.oscarsson@odeshog.se\">e-post<\/a><\/p>\n","protected":false},"excerpt":{"rendered":"<p>I kommunhuset kan du tr\u00e4ffa Kristdemokraternas kommunalr\u00e5d &#8211; Annicki Oscarsson. Det \u00e4r b\u00e4st att kontakta henne per telefon eller e-post i f\u00f6rv\u00e4g f\u00f6r att best\u00e4mma tid f\u00f6r bes\u00f6k. Kommunalr\u00e5d Annicki Oscarsson Tfn: 0144-350 17 e-post<\/p>\n","protected":false},"author":747,"featured_media":0,"parent":0,"menu_order":9,"comment_status":"closed","ping_status":"closed","template":"","meta":{"_acf_changed":false,"footnotes":""},"class_list":["post-2","page","type-page","status-publish","hentry"],"acf":[],"yoast_head":"<!-- This site is optimized with the Yoast SEO plugin v27.3 - https:\/\/yoast.com\/product\/yoast-seo-wordpress\/ -->\n<title>Kontakta oss - \u00d6desh\u00f6g<\/title>\n<meta name=\"robots\" content=\"index, follow, max-snippet:-1, max-image-preview:large, max-video-preview:-1\" \/>\n<link rel=\"canonical\" href=\"https:\/\/wp.kristdemokraterna.se\/odeshog\/exempelsida\/\" \/>\n<meta property=\"og:locale\" content=\"sv_SE\" \/>\n<meta property=\"og:type\" content=\"article\" \/>\n<meta property=\"og:title\" content=\"Kontakta oss - \u00d6desh\u00f6g\" \/>\n<meta property=\"og:description\" content=\"I kommunhuset kan du tr\u00e4ffa Kristdemokraternas kommunalr\u00e5d &#8211; Annicki Oscarsson. Det \u00e4r b\u00e4st att kontakta henne per telefon eller e-post i f\u00f6rv\u00e4g f\u00f6r att best\u00e4mma tid f\u00f6r bes\u00f6k. Kommunalr\u00e5d Annicki Oscarsson Tfn: 0144-350 17 e-post\" \/>\n<meta property=\"og:url\" content=\"https:\/\/wp.kristdemokraterna.se\/odeshog\/exempelsida\/\" \/>\n<meta property=\"og:site_name\" content=\"\u00d6desh\u00f6g\" \/>\n<meta property=\"article:modified_time\" content=\"2022-05-16T13:04:17+00:00\" \/>\n<meta name=\"twitter:card\" content=\"summary_large_image\" \/>\n<script type=\"application\/ld+json\" class=\"yoast-schema-graph\">{\"@context\":\"https:\\\/\\\/schema.org\",\"@graph\":[{\"@type\":\"WebPage\",\"@id\":\"https:\\\/\\\/wp.kristdemokraterna.se\\\/odeshog\\\/exempelsida\\\/\",\"url\":\"https:\\\/\\\/wp.kristdemokraterna.se\\\/odeshog\\\/exempelsida\\\/\",\"name\":\"Kontakta oss - \u00d6desh\u00f6g\",\"isPartOf\":{\"@id\":\"https:\\\/\\\/wp.kristdemokraterna.se\\\/odeshog\\\/#website\"},\"datePublished\":\"2014-04-04T11:34:08+00:00\",\"dateModified\":\"2022-05-16T13:04:17+00:00\",\"breadcrumb\":{\"@id\":\"https:\\\/\\\/wp.kristdemokraterna.se\\\/odeshog\\\/exempelsida\\\/#breadcrumb\"},\"inLanguage\":\"sv-SE\",\"potentialAction\":[{\"@type\":\"ReadAction\",\"target\":[\"https:\\\/\\\/wp.kristdemokraterna.se\\\/odeshog\\\/exempelsida\\\/\"]}]},{\"@type\":\"BreadcrumbList\",\"@id\":\"https:\\\/\\\/wp.kristdemokraterna.se\\\/odeshog\\\/exempelsida\\\/#breadcrumb\",\"itemListElement\":[{\"@type\":\"ListItem\",\"position\":1,\"name\":\"Hem\",\"item\":\"https:\\\/\\\/wp.kristdemokraterna.se\\\/odeshog\\\/\"},{\"@type\":\"ListItem\",\"position\":2,\"name\":\"Kontakta oss\"}]},{\"@type\":\"WebSite\",\"@id\":\"https:\\\/\\\/wp.kristdemokraterna.se\\\/odeshog\\\/#website\",\"url\":\"https:\\\/\\\/wp.kristdemokraterna.se\\\/odeshog\\\/\",\"name\":\"\u00d6desh\u00f6g\",\"description\":\"En till Kristdemokraterna webbplats\",\"inLanguage\":\"sv-SE\"}]}<\/script>\n<!-- \/ Yoast SEO plugin. -->","yoast_head_json":{"title":"Kontakta oss - \u00d6desh\u00f6g","robots":{"index":"index","follow":"follow","max-snippet":"max-snippet:-1","max-image-preview":"max-image-preview:large","max-video-preview":"max-video-preview:-1"},"canonical":"https:\/\/wp.kristdemokraterna.se\/odeshog\/exempelsida\/","og_locale":"sv_SE","og_type":"article","og_title":"Kontakta oss - \u00d6desh\u00f6g","og_description":"I kommunhuset kan du tr\u00e4ffa Kristdemokraternas kommunalr\u00e5d &#8211; Annicki Oscarsson. Det \u00e4r b\u00e4st att kontakta henne per telefon eller e-post i f\u00f6rv\u00e4g f\u00f6r att best\u00e4mma tid f\u00f6r bes\u00f6k. Kommunalr\u00e5d Annicki Oscarsson Tfn: 0144-350 17 e-post","og_url":"https:\/\/wp.kristdemokraterna.se\/odeshog\/exempelsida\/","og_site_name":"\u00d6desh\u00f6g","article_modified_time":"2022-05-16T13:04:17+00:00","twitter_card":"summary_large_image","schema":{"@context":"https:\/\/schema.org","@graph":[{"@type":"WebPage","@id":"https:\/\/wp.kristdemokraterna.se\/odeshog\/exempelsida\/","url":"https:\/\/wp.kristdemokraterna.se\/odeshog\/exempelsida\/","name":"Kontakta oss - \u00d6desh\u00f6g","isPartOf":{"@id":"https:\/\/wp.kristdemokraterna.se\/odeshog\/#website"},"datePublished":"2014-04-04T11:34:08+00:00","dateModified":"2022-05-16T13:04:17+00:00","breadcrumb":{"@id":"https:\/\/wp.kristdemokraterna.se\/odeshog\/exempelsida\/#breadcrumb"},"inLanguage":"sv-SE","potentialAction":[{"@type":"ReadAction","target":["https:\/\/wp.kristdemokraterna.se\/odeshog\/exempelsida\/"]}]},{"@type":"BreadcrumbList","@id":"https:\/\/wp.kristdemokraterna.se\/odeshog\/exempelsida\/#breadcrumb","itemListElement":[{"@type":"ListItem","position":1,"name":"Hem","item":"https:\/\/wp.kristdemokraterna.se\/odeshog\/"},{"@type":"ListItem","position":2,"name":"Kontakta oss"}]},{"@type":"WebSite","@id":"https:\/\/wp.kristdemokraterna.se\/odeshog\/#website","url":"https:\/\/wp.kristdemokraterna.se\/odeshog\/","name":"\u00d6desh\u00f6g","description":"En till Kristdemokraterna webbplats","inLanguage":"sv-SE"}]}},"_links":{"self":[{"href":"https:\/\/wp.kristdemokraterna.se\/odeshog\/wp-json\/wp\/v2\/pages\/2","targetHints":{"allow":["GET"]}}],"collection":[{"href":"https:\/\/wp.kristdemokraterna.se\/odeshog\/wp-json\/wp\/v2\/pages"}],"about":[{"href":"https:\/\/wp.kristdemokraterna.se\/odeshog\/wp-json\/wp\/v2\/types\/page"}],"author":[{"embeddable":true,"href":"https:\/\/wp.kristdemokraterna.se\/odeshog\/wp-json\/wp\/v2\/users\/747"}],"replies":[{"embeddable":true,"href":"https:\/\/wp.kristdemokraterna.se\/odeshog\/wp-json\/wp\/v2\/comments?post=2"}],"version-history":[{"count":4,"href":"https:\/\/wp.kristdemokraterna.se\/odeshog\/wp-json\/wp\/v2\/pages\/2\/revisions"}],"predecessor-version":[{"id":926,"href":"https:\/\/wp.kristdemokraterna.se\/odeshog\/wp-json\/wp\/v2\/pages\/2\/revisions\/926"}],"wp:attachment":[{"href":"https:\/\/wp.kristdemokraterna.se\/odeshog\/wp-json\/wp\/v2\/media?parent=2"}],"curies":[{"name":"wp","href":"https:\/\/api.w.org\/{rel}","templated":true}]}}