{"id":654,"date":"2022-05-12T09:07:46","date_gmt":"2022-05-12T07:07:46","guid":{"rendered":"https:\/\/wp.kristdemokraterna.se\/odeshog\/?page_id=654"},"modified":"2022-07-08T07:04:36","modified_gmt":"2022-07-08T05:04:36","slug":"robert-wahlstrom-2","status":"publish","type":"page","link":"https:\/\/wp.kristdemokraterna.se\/odeshog\/robert-wahlstrom-2\/","title":{"rendered":"Robert Wahlstr\u00f6m"},"content":{"rendered":"<p><a href=\"http:\/\/wp.kristdemokraterna.se\/odeshog\/files\/2022\/07\/robert-wahlstrom-scaled.jpg\"><img loading=\"lazy\" decoding=\"async\" class=\"alignnone size-medium wp-image-960\" src=\"http:\/\/wp.kristdemokraterna.se\/odeshog\/files\/2022\/07\/robert-wahlstrom-273x300.jpg\" alt=\"\" width=\"273\" height=\"300\" srcset=\"https:\/\/wp.kristdemokraterna.se\/odeshog\/files\/2022\/07\/robert-wahlstrom-273x300.jpg 273w, https:\/\/wp.kristdemokraterna.se\/odeshog\/files\/2022\/07\/robert-wahlstrom-931x1024.jpg 931w, https:\/\/wp.kristdemokraterna.se\/odeshog\/files\/2022\/07\/robert-wahlstrom-768x845.jpg 768w, https:\/\/wp.kristdemokraterna.se\/odeshog\/files\/2022\/07\/robert-wahlstrom-1396x1536.jpg 1396w, https:\/\/wp.kristdemokraterna.se\/odeshog\/files\/2022\/07\/robert-wahlstrom-1862x2048.jpg 1862w, https:\/\/wp.kristdemokraterna.se\/odeshog\/files\/2022\/07\/robert-wahlstrom-182x200.jpg 182w, https:\/\/wp.kristdemokraterna.se\/odeshog\/files\/2022\/07\/robert-wahlstrom-370x407.jpg 370w, https:\/\/wp.kristdemokraterna.se\/odeshog\/files\/2022\/07\/robert-wahlstrom-770x847.jpg 770w, https:\/\/wp.kristdemokraterna.se\/odeshog\/files\/2022\/07\/robert-wahlstrom-450x495.jpg 450w, https:\/\/wp.kristdemokraterna.se\/odeshog\/files\/2022\/07\/robert-wahlstrom-280x308.jpg 280w, https:\/\/wp.kristdemokraterna.se\/odeshog\/files\/2022\/07\/robert-wahlstrom-340x374.jpg 340w, https:\/\/wp.kristdemokraterna.se\/odeshog\/files\/2022\/07\/robert-wahlstrom-51x56.jpg 51w\" sizes=\"auto, (max-width: 273px) 100vw, 273px\" \/><\/a><\/p>\n<p style=\"font-family: Arial\"><strong>Kommunala uppdrag<\/strong><\/p>\n<pre style=\"font-family: Arial\">Ordf\u00f6rande Barn- och Utbildningsn\u00e4mnden \r\nLedamot Kommunfullm\u00e4ktige \r\nErs\u00e4ttare \u00d6desh\u00f6gs Kommunhus AB<\/pre>\n","protected":false},"excerpt":{"rendered":"<p>Kommunala uppdrag Ordf\u00f6rande Barn- och Utbildningsn\u00e4mnden Ledamot Kommunfullm\u00e4ktige Ers\u00e4ttare \u00d6desh\u00f6gs Kommunhus AB<\/p>\n","protected":false},"author":747,"featured_media":0,"parent":0,"menu_order":0,"comment_status":"closed","ping_status":"closed","template":"","meta":{"_acf_changed":false,"footnotes":""},"class_list":["post-654","page","type-page","status-publish","hentry"],"acf":[],"yoast_head":"<!-- This site is optimized with the Yoast SEO plugin v27.5 - https:\/\/yoast.com\/product\/yoast-seo-wordpress\/ -->\n<title>Robert Wahlstr\u00f6m - \u00d6desh\u00f6g<\/title>\n<meta name=\"robots\" content=\"index, follow, max-snippet:-1, max-image-preview:large, max-video-preview:-1\" \/>\n<link rel=\"canonical\" href=\"https:\/\/wp.kristdemokraterna.se\/odeshog\/robert-wahlstrom-2\/\" \/>\n<meta property=\"og:locale\" content=\"sv_SE\" \/>\n<meta property=\"og:type\" content=\"article\" \/>\n<meta property=\"og:title\" content=\"Robert Wahlstr\u00f6m - \u00d6desh\u00f6g\" \/>\n<meta property=\"og:description\" content=\"Kommunala uppdrag Ordf\u00f6rande Barn- och Utbildningsn\u00e4mnden Ledamot Kommunfullm\u00e4ktige Ers\u00e4ttare \u00d6desh\u00f6gs Kommunhus AB\" \/>\n<meta property=\"og:url\" content=\"https:\/\/wp.kristdemokraterna.se\/odeshog\/robert-wahlstrom-2\/\" \/>\n<meta property=\"og:site_name\" content=\"\u00d6desh\u00f6g\" \/>\n<meta property=\"article:modified_time\" content=\"2022-07-08T05:04:36+00:00\" \/>\n<meta property=\"og:image\" content=\"http:\/\/wp.kristdemokraterna.se\/odeshog\/files\/2022\/07\/robert-wahlstrom-273x300.jpg\" \/>\n<meta name=\"twitter:card\" content=\"summary_large_image\" \/>\n<script type=\"application\/ld+json\" class=\"yoast-schema-graph\">{\"@context\":\"https:\\\/\\\/schema.org\",\"@graph\":[{\"@type\":\"WebPage\",\"@id\":\"https:\\\/\\\/wp.kristdemokraterna.se\\\/odeshog\\\/robert-wahlstrom-2\\\/\",\"url\":\"https:\\\/\\\/wp.kristdemokraterna.se\\\/odeshog\\\/robert-wahlstrom-2\\\/\",\"name\":\"Robert Wahlstr\u00f6m - \u00d6desh\u00f6g\",\"isPartOf\":{\"@id\":\"https:\\\/\\\/wp.kristdemokraterna.se\\\/odeshog\\\/#website\"},\"primaryImageOfPage\":{\"@id\":\"https:\\\/\\\/wp.kristdemokraterna.se\\\/odeshog\\\/robert-wahlstrom-2\\\/#primaryimage\"},\"image\":{\"@id\":\"https:\\\/\\\/wp.kristdemokraterna.se\\\/odeshog\\\/robert-wahlstrom-2\\\/#primaryimage\"},\"thumbnailUrl\":\"http:\\\/\\\/wp.kristdemokraterna.se\\\/odeshog\\\/files\\\/2022\\\/07\\\/robert-wahlstrom-273x300.jpg\",\"datePublished\":\"2022-05-12T07:07:46+00:00\",\"dateModified\":\"2022-07-08T05:04:36+00:00\",\"breadcrumb\":{\"@id\":\"https:\\\/\\\/wp.kristdemokraterna.se\\\/odeshog\\\/robert-wahlstrom-2\\\/#breadcrumb\"},\"inLanguage\":\"sv-SE\",\"potentialAction\":[{\"@type\":\"ReadAction\",\"target\":[\"https:\\\/\\\/wp.kristdemokraterna.se\\\/odeshog\\\/robert-wahlstrom-2\\\/\"]}]},{\"@type\":\"ImageObject\",\"inLanguage\":\"sv-SE\",\"@id\":\"https:\\\/\\\/wp.kristdemokraterna.se\\\/odeshog\\\/robert-wahlstrom-2\\\/#primaryimage\",\"url\":\"http:\\\/\\\/wp.kristdemokraterna.se\\\/odeshog\\\/files\\\/2022\\\/07\\\/robert-wahlstrom-273x300.jpg\",\"contentUrl\":\"http:\\\/\\\/wp.kristdemokraterna.se\\\/odeshog\\\/files\\\/2022\\\/07\\\/robert-wahlstrom-273x300.jpg\"},{\"@type\":\"BreadcrumbList\",\"@id\":\"https:\\\/\\\/wp.kristdemokraterna.se\\\/odeshog\\\/robert-wahlstrom-2\\\/#breadcrumb\",\"itemListElement\":[{\"@type\":\"ListItem\",\"position\":1,\"name\":\"Hem\",\"item\":\"https:\\\/\\\/wp.kristdemokraterna.se\\\/odeshog\\\/\"},{\"@type\":\"ListItem\",\"position\":2,\"name\":\"Robert Wahlstr\u00f6m\"}]},{\"@type\":\"WebSite\",\"@id\":\"https:\\\/\\\/wp.kristdemokraterna.se\\\/odeshog\\\/#website\",\"url\":\"https:\\\/\\\/wp.kristdemokraterna.se\\\/odeshog\\\/\",\"name\":\"\u00d6desh\u00f6g\",\"description\":\"En till Kristdemokraterna webbplats\",\"inLanguage\":\"sv-SE\"}]}<\/script>\n<!-- \/ Yoast SEO plugin. -->","yoast_head_json":{"title":"Robert Wahlstr\u00f6m - \u00d6desh\u00f6g","robots":{"index":"index","follow":"follow","max-snippet":"max-snippet:-1","max-image-preview":"max-image-preview:large","max-video-preview":"max-video-preview:-1"},"canonical":"https:\/\/wp.kristdemokraterna.se\/odeshog\/robert-wahlstrom-2\/","og_locale":"sv_SE","og_type":"article","og_title":"Robert Wahlstr\u00f6m - \u00d6desh\u00f6g","og_description":"Kommunala uppdrag Ordf\u00f6rande Barn- och Utbildningsn\u00e4mnden Ledamot Kommunfullm\u00e4ktige Ers\u00e4ttare \u00d6desh\u00f6gs Kommunhus AB","og_url":"https:\/\/wp.kristdemokraterna.se\/odeshog\/robert-wahlstrom-2\/","og_site_name":"\u00d6desh\u00f6g","article_modified_time":"2022-07-08T05:04:36+00:00","og_image":[{"url":"http:\/\/wp.kristdemokraterna.se\/odeshog\/files\/2022\/07\/robert-wahlstrom-273x300.jpg","type":"","width":"","height":""}],"twitter_card":"summary_large_image","schema":{"@context":"https:\/\/schema.org","@graph":[{"@type":"WebPage","@id":"https:\/\/wp.kristdemokraterna.se\/odeshog\/robert-wahlstrom-2\/","url":"https:\/\/wp.kristdemokraterna.se\/odeshog\/robert-wahlstrom-2\/","name":"Robert Wahlstr\u00f6m - \u00d6desh\u00f6g","isPartOf":{"@id":"https:\/\/wp.kristdemokraterna.se\/odeshog\/#website"},"primaryImageOfPage":{"@id":"https:\/\/wp.kristdemokraterna.se\/odeshog\/robert-wahlstrom-2\/#primaryimage"},"image":{"@id":"https:\/\/wp.kristdemokraterna.se\/odeshog\/robert-wahlstrom-2\/#primaryimage"},"thumbnailUrl":"http:\/\/wp.kristdemokraterna.se\/odeshog\/files\/2022\/07\/robert-wahlstrom-273x300.jpg","datePublished":"2022-05-12T07:07:46+00:00","dateModified":"2022-07-08T05:04:36+00:00","breadcrumb":{"@id":"https:\/\/wp.kristdemokraterna.se\/odeshog\/robert-wahlstrom-2\/#breadcrumb"},"inLanguage":"sv-SE","potentialAction":[{"@type":"ReadAction","target":["https:\/\/wp.kristdemokraterna.se\/odeshog\/robert-wahlstrom-2\/"]}]},{"@type":"ImageObject","inLanguage":"sv-SE","@id":"https:\/\/wp.kristdemokraterna.se\/odeshog\/robert-wahlstrom-2\/#primaryimage","url":"http:\/\/wp.kristdemokraterna.se\/odeshog\/files\/2022\/07\/robert-wahlstrom-273x300.jpg","contentUrl":"http:\/\/wp.kristdemokraterna.se\/odeshog\/files\/2022\/07\/robert-wahlstrom-273x300.jpg"},{"@type":"BreadcrumbList","@id":"https:\/\/wp.kristdemokraterna.se\/odeshog\/robert-wahlstrom-2\/#breadcrumb","itemListElement":[{"@type":"ListItem","position":1,"name":"Hem","item":"https:\/\/wp.kristdemokraterna.se\/odeshog\/"},{"@type":"ListItem","position":2,"name":"Robert Wahlstr\u00f6m"}]},{"@type":"WebSite","@id":"https:\/\/wp.kristdemokraterna.se\/odeshog\/#website","url":"https:\/\/wp.kristdemokraterna.se\/odeshog\/","name":"\u00d6desh\u00f6g","description":"En till Kristdemokraterna webbplats","inLanguage":"sv-SE"}]}},"_links":{"self":[{"href":"https:\/\/wp.kristdemokraterna.se\/odeshog\/wp-json\/wp\/v2\/pages\/654","targetHints":{"allow":["GET"]}}],"collection":[{"href":"https:\/\/wp.kristdemokraterna.se\/odeshog\/wp-json\/wp\/v2\/pages"}],"about":[{"href":"https:\/\/wp.kristdemokraterna.se\/odeshog\/wp-json\/wp\/v2\/types\/page"}],"author":[{"embeddable":true,"href":"https:\/\/wp.kristdemokraterna.se\/odeshog\/wp-json\/wp\/v2\/users\/747"}],"replies":[{"embeddable":true,"href":"https:\/\/wp.kristdemokraterna.se\/odeshog\/wp-json\/wp\/v2\/comments?post=654"}],"version-history":[{"count":5,"href":"https:\/\/wp.kristdemokraterna.se\/odeshog\/wp-json\/wp\/v2\/pages\/654\/revisions"}],"predecessor-version":[{"id":976,"href":"https:\/\/wp.kristdemokraterna.se\/odeshog\/wp-json\/wp\/v2\/pages\/654\/revisions\/976"}],"wp:attachment":[{"href":"https:\/\/wp.kristdemokraterna.se\/odeshog\/wp-json\/wp\/v2\/media?parent=654"}],"curies":[{"name":"wp","href":"https:\/\/api.w.org\/{rel}","templated":true}]}}