{"id":815,"date":"2022-05-14T09:39:31","date_gmt":"2022-05-14T07:39:31","guid":{"rendered":"https:\/\/wp.kristdemokraterna.se\/odeshog\/?page_id=815"},"modified":"2022-07-25T16:06:48","modified_gmt":"2022-07-25T14:06:48","slug":"regionlista-2022","status":"publish","type":"page","link":"https:\/\/wp.kristdemokraterna.se\/odeshog\/i-landstinget\/regionlista-2022\/","title":{"rendered":"Regionlista 2022"},"content":{"rendered":"<table width=\"650\">\n<tbody>\n<tr>\n<td width=\"40\"><span style=\"color: #808080\">1<\/span><\/td>\n<td width=\"200\"><span style=\"color: #808080\">Per Larsson<\/span><\/td>\n<td width=\"300\"><span style=\"color: #808080\">43, Regionr\u00e5d, Link\u00f6ping<\/span><\/td>\n<td width=\"70\"><\/td>\n<\/tr>\n<tr>\n<td><span style=\"color: #808080\">2<\/span><\/td>\n<td><span style=\"color: #808080\">Magnus Sj\u00f6berg<\/span><\/td>\n<td><span style=\"color: #808080\">45, Milj\u00f6- och kvalitetsansvarig, Sk\u00e4nninge<\/span><\/td>\n<td><\/td>\n<\/tr>\n<tr>\n<td><span style=\"color: #808080\">3<\/span><\/td>\n<td><span style=\"color: #808080\">Stefan Red\u00e9en<\/span><\/td>\n<td><span style=\"color: #808080\">61, L\u00e4kare, Link\u00f6ping<\/span><\/td>\n<td><\/td>\n<\/tr>\n<tr>\n<td>4<\/td>\n<td>Jonni Harrius<\/td>\n<td>59, F\u00f6retagare, V\u00e4derstad<\/td>\n<td><a href=\"https:\/\/wp.kristdemokraterna.se\/odeshog\/jonni-harrius\/\">L\u00e4s mer<\/a><\/td>\n<\/tr>\n<tr>\n<td><span style=\"color: #808080\">5<\/span><\/td>\n<td><span style=\"color: #808080\">Patrik Stenlund<\/span><\/td>\n<td><span style=\"color: #808080\">55, Drifttekniker, Vadstena<\/span><\/td>\n<td><\/td>\n<\/tr>\n<tr>\n<td><span style=\"color: #808080\">6<\/span><\/td>\n<td><span style=\"color: #808080\">Linda Masman<\/span><\/td>\n<td><span style=\"color: #808080\">45, Undersk\u00f6terska, Ydre<\/span><\/td>\n<td><\/td>\n<\/tr>\n<tr>\n<td>7<\/td>\n<td>Annicki Oscarsson<\/td>\n<td>49, Kommunstyrelseordf\u00f6rande, \u00d6desh\u00f6g<\/td>\n<td><a href=\"https:\/\/wp.kristdemokraterna.se\/odeshog\/annicki-oscarsson\/\">L\u00e4s mer<\/a><\/td>\n<\/tr>\n<tr>\n<td>8<\/td>\n<td>Hel\u00e9ne Thunberg<\/td>\n<td>42, Personlig assistent, V\u00e4derstad<\/td>\n<td><a href=\"https:\/\/wp.kristdemokraterna.se\/odeshog\/helene-thunberg\/\">L\u00e4s mer<\/a><\/td>\n<\/tr>\n<tr>\n<td><span style=\"color: #808080\">9<\/span><\/td>\n<td><span style=\"color: #808080\">Weine Timm<\/span><\/td>\n<td><span style=\"color: #808080\">61, Elevsamordnare, Motala<\/span><\/td>\n<td><\/td>\n<\/tr>\n<tr>\n<td><span style=\"color: #808080\">10<\/span><\/td>\n<td><span style=\"color: #808080\">Peter Gustavsson<\/span><\/td>\n<td><span style=\"color: #808080\">59, Ekonomiassistent, Ydre<\/span><\/td>\n<td><\/td>\n<\/tr>\n<tr>\n<td>11<\/td>\n<td>Robert Wahlstr\u00f6m<\/td>\n<td>43, Undersk\u00f6terska, \u00d6desh\u00f6g<\/td>\n<td><a href=\"https:\/\/wp.kristdemokraterna.se\/odeshog\/robert-wahlstrom-2\/\">L\u00e4s mer<\/a><\/td>\n<\/tr>\n<tr>\n<td><span style=\"color: #808080\">12<\/span><\/td>\n<td><span style=\"color: #808080\">Lena K\u00e4cker Johansson<\/span><\/td>\n<td><span style=\"color: #808080\">57, Distriktssk\u00f6terska, Rimforsa<\/span><\/td>\n<td><\/td>\n<\/tr>\n<tr>\n<td><span style=\"color: #808080\">13<\/span><\/td>\n<td><span style=\"color: #808080\">Staffan Danielsson<\/span><\/td>\n<td><span style=\"color: #808080\">75, Agronom, Link\u00f6ping<\/span><\/td>\n<td><\/td>\n<\/tr>\n<tr>\n<td><span style=\"color: #808080\">14<\/span><\/td>\n<td><span style=\"color: #808080\">Anders Eksmo<\/span><\/td>\n<td><span style=\"color: #808080\">60, Gymnasiel\u00e4rare, S\u00f6derk\u00f6ping<\/span><\/td>\n<td><\/td>\n<\/tr>\n<tr>\n<td><span style=\"color: #808080\">15<\/span><\/td>\n<td><span style=\"color: #808080\">Birger Hagstr\u00f6m<\/span><\/td>\n<td><span style=\"color: #808080\">75, Teknikinformat\u00f6r, Mantorp<\/span><\/td>\n<td><\/td>\n<\/tr>\n<tr>\n<td><span style=\"color: #808080\">16<\/span><\/td>\n<td><span style=\"color: #808080\">Monica Andersson<\/span><\/td>\n<td><span style=\"color: #808080\">70, Pension\u00e4r, Boxholm<\/span><\/td>\n<td><\/td>\n<\/tr>\n<tr>\n<td><span style=\"color: #808080\">17<\/span><\/td>\n<td><span style=\"color: #808080\">Agneta Bj\u00f6rling<\/span><\/td>\n<td><span style=\"color: #808080\">68, Leg. sjuksk\u00f6terska, Ydre<\/span><\/td>\n<td><\/td>\n<\/tr>\n<tr>\n<td><span style=\"color: #808080\">18<\/span><\/td>\n<td><span style=\"color: #808080\">Elin Boreson Stenlund<\/span><\/td>\n<td><span style=\"color: #808080\">44, Biomedicinsk analytiker, Vadstena<\/span><\/td>\n<td><\/td>\n<\/tr>\n<tr>\n<td><span style=\"color: #808080\">19<\/span><\/td>\n<td><span style=\"color: #808080\">Gunvor Grans\u00f6<\/span><\/td>\n<td><span style=\"color: #808080\">75, Volont\u00e4r, Mantorp<\/span><\/td>\n<td><\/td>\n<\/tr>\n<tr>\n<td><span style=\"color: #808080\">20<\/span><\/td>\n<td><span style=\"color: #808080\">Hans Sj\u00f6str\u00f6m<\/span><\/td>\n<td><span style=\"color: #808080\">69, Leg. sjuksk\u00f6tare, Ydre<\/span><\/td>\n<td><\/td>\n<\/tr>\n<tr>\n<td><span style=\"color: #808080\">21<\/span><\/td>\n<td><span style=\"color: #808080\">Magnus Engstr\u00f6m<\/span><\/td>\n<td><span style=\"color: #808080\">57, L\u00e4rare, Ljungsbro<\/span><\/td>\n<td><\/td>\n<\/tr>\n<tr>\n<td><span style=\"color: #808080\">22<\/span><\/td>\n<td><span style=\"color: #808080\">Liselotte Fager<\/span><\/td>\n<td><span style=\"color: #808080\">48, N\u00e4mndordf\u00f6rande, Link\u00f6ping<\/span><\/td>\n<td><\/td>\n<\/tr>\n<tr>\n<td><span style=\"color: #808080\">23<\/span><\/td>\n<td><span style=\"color: #808080\">Tommy Sennehed<\/span><\/td>\n<td><span style=\"color: #808080\">74, Pension\u00e4r, Linghem<\/span><\/td>\n<td><\/td>\n<\/tr>\n<tr>\n<td><span style=\"color: #808080\">24<\/span><\/td>\n<td><span style=\"color: #808080\">Martin Holmbom<\/span><\/td>\n<td><span style=\"color: #808080\">38, L\u00e4kare, Link\u00f6ping<\/span><\/td>\n<td><\/td>\n<\/tr>\n<tr>\n<td><span style=\"color: #808080\">25<\/span><\/td>\n<td><span style=\"color: #808080\">Nils-Ingvar Graan<\/span><\/td>\n<td><span style=\"color: #808080\">72, Mekaniker\/Cyklist, Borensberg<\/span><\/td>\n<td><\/td>\n<\/tr>\n<\/tbody>\n<\/table>\n","protected":false},"excerpt":{"rendered":"<p>1 Per Larsson 43, Regionr\u00e5d, Link\u00f6ping 2 Magnus Sj\u00f6berg 45, Milj\u00f6- och kvalitetsansvarig, Sk\u00e4nninge 3 Stefan Red\u00e9en 61, L\u00e4kare, Link\u00f6ping 4 Jonni Harrius 59, F\u00f6retagare, V\u00e4derstad L\u00e4s mer 5 Patrik Stenlund 55, Drifttekniker, Vadstena 6 Linda Masman 45, Undersk\u00f6terska, Ydre 7 Annicki Oscarsson 49, Kommunstyrelseordf\u00f6rande, \u00d6desh\u00f6g L\u00e4s mer 8 Hel\u00e9ne Thunberg 42, Personlig assistent, V\u00e4derstad <a class=\"read-more-link\" href=\"https:\/\/wp.kristdemokraterna.se\/odeshog\/i-landstinget\/regionlista-2022\/\">Read More<\/a><\/p>\n","protected":false},"author":747,"featured_media":0,"parent":43,"menu_order":1,"comment_status":"closed","ping_status":"closed","template":"","meta":{"_acf_changed":false,"footnotes":""},"class_list":["post-815","page","type-page","status-publish","hentry"],"acf":[],"yoast_head":"<!-- This site is optimized with the Yoast SEO plugin v27.3 - https:\/\/yoast.com\/product\/yoast-seo-wordpress\/ -->\n<title>Regionlista 2022 - \u00d6desh\u00f6g<\/title>\n<meta name=\"robots\" content=\"index, follow, max-snippet:-1, max-image-preview:large, max-video-preview:-1\" \/>\n<link rel=\"canonical\" href=\"https:\/\/wp.kristdemokraterna.se\/odeshog\/i-landstinget\/regionlista-2022\/\" \/>\n<meta property=\"og:locale\" content=\"sv_SE\" \/>\n<meta property=\"og:type\" content=\"article\" \/>\n<meta property=\"og:title\" content=\"Regionlista 2022 - \u00d6desh\u00f6g\" \/>\n<meta property=\"og:description\" content=\"1 Per Larsson 43, Regionr\u00e5d, Link\u00f6ping 2 Magnus Sj\u00f6berg 45, Milj\u00f6- och kvalitetsansvarig, Sk\u00e4nninge 3 Stefan Red\u00e9en 61, L\u00e4kare, Link\u00f6ping 4 Jonni Harrius 59, F\u00f6retagare, V\u00e4derstad L\u00e4s mer 5 Patrik Stenlund 55, Drifttekniker, Vadstena 6 Linda Masman 45, Undersk\u00f6terska, Ydre 7 Annicki Oscarsson 49, Kommunstyrelseordf\u00f6rande, \u00d6desh\u00f6g L\u00e4s mer 8 Hel\u00e9ne Thunberg 42, Personlig assistent, V\u00e4derstad Read More\" \/>\n<meta property=\"og:url\" content=\"https:\/\/wp.kristdemokraterna.se\/odeshog\/i-landstinget\/regionlista-2022\/\" \/>\n<meta property=\"og:site_name\" content=\"\u00d6desh\u00f6g\" \/>\n<meta property=\"article:modified_time\" content=\"2022-07-25T14:06:48+00:00\" \/>\n<meta name=\"twitter:card\" content=\"summary_large_image\" \/>\n<meta name=\"twitter:label1\" content=\"Ber\u00e4knad l\u00e4stid\" \/>\n\t<meta name=\"twitter:data1\" content=\"1 minut\" \/>\n<script type=\"application\/ld+json\" class=\"yoast-schema-graph\">{\"@context\":\"https:\\\/\\\/schema.org\",\"@graph\":[{\"@type\":\"WebPage\",\"@id\":\"https:\\\/\\\/wp.kristdemokraterna.se\\\/odeshog\\\/i-landstinget\\\/regionlista-2022\\\/\",\"url\":\"https:\\\/\\\/wp.kristdemokraterna.se\\\/odeshog\\\/i-landstinget\\\/regionlista-2022\\\/\",\"name\":\"Regionlista 2022 - \u00d6desh\u00f6g\",\"isPartOf\":{\"@id\":\"https:\\\/\\\/wp.kristdemokraterna.se\\\/odeshog\\\/#website\"},\"datePublished\":\"2022-05-14T07:39:31+00:00\",\"dateModified\":\"2022-07-25T14:06:48+00:00\",\"breadcrumb\":{\"@id\":\"https:\\\/\\\/wp.kristdemokraterna.se\\\/odeshog\\\/i-landstinget\\\/regionlista-2022\\\/#breadcrumb\"},\"inLanguage\":\"sv-SE\",\"potentialAction\":[{\"@type\":\"ReadAction\",\"target\":[\"https:\\\/\\\/wp.kristdemokraterna.se\\\/odeshog\\\/i-landstinget\\\/regionlista-2022\\\/\"]}]},{\"@type\":\"BreadcrumbList\",\"@id\":\"https:\\\/\\\/wp.kristdemokraterna.se\\\/odeshog\\\/i-landstinget\\\/regionlista-2022\\\/#breadcrumb\",\"itemListElement\":[{\"@type\":\"ListItem\",\"position\":1,\"name\":\"Hem\",\"item\":\"https:\\\/\\\/wp.kristdemokraterna.se\\\/odeshog\\\/\"},{\"@type\":\"ListItem\",\"position\":2,\"name\":\"I Regionen\",\"item\":\"https:\\\/\\\/wp.kristdemokraterna.se\\\/odeshog\\\/i-landstinget\\\/\"},{\"@type\":\"ListItem\",\"position\":3,\"name\":\"Regionlista 2022\"}]},{\"@type\":\"WebSite\",\"@id\":\"https:\\\/\\\/wp.kristdemokraterna.se\\\/odeshog\\\/#website\",\"url\":\"https:\\\/\\\/wp.kristdemokraterna.se\\\/odeshog\\\/\",\"name\":\"\u00d6desh\u00f6g\",\"description\":\"En till Kristdemokraterna webbplats\",\"inLanguage\":\"sv-SE\"}]}<\/script>\n<!-- \/ Yoast SEO plugin. -->","yoast_head_json":{"title":"Regionlista 2022 - \u00d6desh\u00f6g","robots":{"index":"index","follow":"follow","max-snippet":"max-snippet:-1","max-image-preview":"max-image-preview:large","max-video-preview":"max-video-preview:-1"},"canonical":"https:\/\/wp.kristdemokraterna.se\/odeshog\/i-landstinget\/regionlista-2022\/","og_locale":"sv_SE","og_type":"article","og_title":"Regionlista 2022 - \u00d6desh\u00f6g","og_description":"1 Per Larsson 43, Regionr\u00e5d, Link\u00f6ping 2 Magnus Sj\u00f6berg 45, Milj\u00f6- och kvalitetsansvarig, Sk\u00e4nninge 3 Stefan Red\u00e9en 61, L\u00e4kare, Link\u00f6ping 4 Jonni Harrius 59, F\u00f6retagare, V\u00e4derstad L\u00e4s mer 5 Patrik Stenlund 55, Drifttekniker, Vadstena 6 Linda Masman 45, Undersk\u00f6terska, Ydre 7 Annicki Oscarsson 49, Kommunstyrelseordf\u00f6rande, \u00d6desh\u00f6g L\u00e4s mer 8 Hel\u00e9ne Thunberg 42, Personlig assistent, V\u00e4derstad Read More","og_url":"https:\/\/wp.kristdemokraterna.se\/odeshog\/i-landstinget\/regionlista-2022\/","og_site_name":"\u00d6desh\u00f6g","article_modified_time":"2022-07-25T14:06:48+00:00","twitter_card":"summary_large_image","twitter_misc":{"Ber\u00e4knad l\u00e4stid":"1 minut"},"schema":{"@context":"https:\/\/schema.org","@graph":[{"@type":"WebPage","@id":"https:\/\/wp.kristdemokraterna.se\/odeshog\/i-landstinget\/regionlista-2022\/","url":"https:\/\/wp.kristdemokraterna.se\/odeshog\/i-landstinget\/regionlista-2022\/","name":"Regionlista 2022 - \u00d6desh\u00f6g","isPartOf":{"@id":"https:\/\/wp.kristdemokraterna.se\/odeshog\/#website"},"datePublished":"2022-05-14T07:39:31+00:00","dateModified":"2022-07-25T14:06:48+00:00","breadcrumb":{"@id":"https:\/\/wp.kristdemokraterna.se\/odeshog\/i-landstinget\/regionlista-2022\/#breadcrumb"},"inLanguage":"sv-SE","potentialAction":[{"@type":"ReadAction","target":["https:\/\/wp.kristdemokraterna.se\/odeshog\/i-landstinget\/regionlista-2022\/"]}]},{"@type":"BreadcrumbList","@id":"https:\/\/wp.kristdemokraterna.se\/odeshog\/i-landstinget\/regionlista-2022\/#breadcrumb","itemListElement":[{"@type":"ListItem","position":1,"name":"Hem","item":"https:\/\/wp.kristdemokraterna.se\/odeshog\/"},{"@type":"ListItem","position":2,"name":"I Regionen","item":"https:\/\/wp.kristdemokraterna.se\/odeshog\/i-landstinget\/"},{"@type":"ListItem","position":3,"name":"Regionlista 2022"}]},{"@type":"WebSite","@id":"https:\/\/wp.kristdemokraterna.se\/odeshog\/#website","url":"https:\/\/wp.kristdemokraterna.se\/odeshog\/","name":"\u00d6desh\u00f6g","description":"En till Kristdemokraterna webbplats","inLanguage":"sv-SE"}]}},"_links":{"self":[{"href":"https:\/\/wp.kristdemokraterna.se\/odeshog\/wp-json\/wp\/v2\/pages\/815","targetHints":{"allow":["GET"]}}],"collection":[{"href":"https:\/\/wp.kristdemokraterna.se\/odeshog\/wp-json\/wp\/v2\/pages"}],"about":[{"href":"https:\/\/wp.kristdemokraterna.se\/odeshog\/wp-json\/wp\/v2\/types\/page"}],"author":[{"embeddable":true,"href":"https:\/\/wp.kristdemokraterna.se\/odeshog\/wp-json\/wp\/v2\/users\/747"}],"replies":[{"embeddable":true,"href":"https:\/\/wp.kristdemokraterna.se\/odeshog\/wp-json\/wp\/v2\/comments?post=815"}],"version-history":[{"count":4,"href":"https:\/\/wp.kristdemokraterna.se\/odeshog\/wp-json\/wp\/v2\/pages\/815\/revisions"}],"predecessor-version":[{"id":829,"href":"https:\/\/wp.kristdemokraterna.se\/odeshog\/wp-json\/wp\/v2\/pages\/815\/revisions\/829"}],"up":[{"embeddable":true,"href":"https:\/\/wp.kristdemokraterna.se\/odeshog\/wp-json\/wp\/v2\/pages\/43"}],"wp:attachment":[{"href":"https:\/\/wp.kristdemokraterna.se\/odeshog\/wp-json\/wp\/v2\/media?parent=815"}],"curies":[{"name":"wp","href":"https:\/\/api.w.org\/{rel}","templated":true}]}}