{"id":817,"date":"2022-05-14T09:48:05","date_gmt":"2022-05-14T07:48:05","guid":{"rendered":"https:\/\/wp.kristdemokraterna.se\/odeshog\/?page_id=817"},"modified":"2022-05-14T10:00:51","modified_gmt":"2022-05-14T08:00:51","slug":"riksdagslistan-2022","status":"publish","type":"page","link":"https:\/\/wp.kristdemokraterna.se\/odeshog\/nationellt\/riksdagslistan-2022\/","title":{"rendered":"Riksdagslistan 2022"},"content":{"rendered":"<table width=\"650\">\n<tbody>\n<tr>\n<td width=\"40\"><span style=\"color: #999999\">1<\/span><\/td>\n<td width=\"200\"><span style=\"color: #999999\">Ebba Busch<\/span><\/td>\n<td width=\"300\"><span style=\"color: #999999\">35 \u00e5r, Partiledare, UPPSALA<\/span><\/td>\n<td width=\"70\"><\/td>\n<\/tr>\n<tr>\n<td>2<\/td>\n<td>Magnus Oscarsson<\/td>\n<td>52, Riksdagsledamot, \u00d6desh\u00f6g<\/td>\n<td><a href=\"https:\/\/wp.kristdemokraterna.se\/odeshog\/magnus-oscarsson\/\">L\u00e4s mer<\/a><\/td>\n<\/tr>\n<tr>\n<td><span style=\"color: #999999\">3<\/span><\/td>\n<td><span style=\"color: #999999\">Eva-Britt Sj\u00f6berg<\/span><\/td>\n<td><span style=\"color: #999999\">57, Kommunalr\u00e5d, Norrk\u00f6ping<\/span><\/td>\n<td><\/td>\n<\/tr>\n<tr>\n<td><span style=\"color: #999999\">4<\/span><\/td>\n<td><span style=\"color: #999999\">Anders Eksmo<\/span><\/td>\n<td><span style=\"color: #999999\">60, Gymnasiel\u00e4rare, S\u00f6derk\u00f6ping<\/span><\/td>\n<td><\/td>\n<\/tr>\n<tr>\n<td><span style=\"color: #999999\">5<\/span><\/td>\n<td><span style=\"color: #999999\">Jakob Forssmed<\/span><\/td>\n<td><span style=\"color: #999999\">47, Riksdagledamot, Sollentuna<\/span><\/td>\n<td><\/td>\n<\/tr>\n<tr>\n<td><span style=\"color: #999999\">6<\/span><\/td>\n<td><span style=\"color: #999999\">Acko Ankarberg Johansson<\/span><\/td>\n<td><span style=\"color: #999999\">57, Riksdagledamot, Huskvarna<\/span><\/td>\n<td><\/td>\n<\/tr>\n<tr>\n<td><span style=\"color: #999999\">7<\/span><\/td>\n<td><span style=\"color: #999999\">Andreas Carlson<\/span><\/td>\n<td><span style=\"color: #999999\">35, Riksdagledamot, Solna<\/span><\/td>\n<td><\/td>\n<\/tr>\n<tr>\n<td><span style=\"color: #999999\">8<\/span><\/td>\n<td><span style=\"color: #999999\">Liza-Maria Norlin<\/span><\/td>\n<td><span style=\"color: #999999\">42, Processledare, Sundsvall<\/span><\/td>\n<td><\/td>\n<\/tr>\n<tr>\n<td><span style=\"color: #999999\">9<\/span><\/td>\n<td><span style=\"color: #999999\">Peter Kullgren<\/span><\/td>\n<td><span style=\"color: #999999\">41, Partisekreterare, Karlstad<\/span><\/td>\n<td><\/td>\n<\/tr>\n<tr>\n<td><span style=\"color: #999999\">10<\/span><\/td>\n<td><span style=\"color: #999999\">Nike \u00d6rbrink<\/span><\/td>\n<td><span style=\"color: #999999\">25, Ordf\u00f6rande KDU, Stockholm<\/span><\/td>\n<td><\/td>\n<\/tr>\n<tr>\n<td><span style=\"color: #999999\">11<\/span><\/td>\n<td><span style=\"color: #999999\">Yusuf Aydin<\/span><\/td>\n<td><span style=\"color: #999999\">40, Gruppchef Riskmanagement, Norsborg<\/span><\/td>\n<td><\/td>\n<\/tr>\n<tr>\n<td><span style=\"color: #999999\">12<\/span><\/td>\n<td><span style=\"color: #999999\">Camilla Brodin<\/span><\/td>\n<td><span style=\"color: #999999\">43, Riksdagledamot, T\u00e4by<\/span><\/td>\n<td><\/td>\n<\/tr>\n<tr>\n<td><span style=\"color: #999999\">13<\/span><\/td>\n<td><span style=\"color: #999999\">Hans Eklind<\/span><\/td>\n<td><span style=\"color: #999999\">55, Riksdagledamot, \u00d6rebro<\/span><\/td>\n<td><\/td>\n<\/tr>\n<tr>\n<td><span style=\"color: #999999\">14<\/span><\/td>\n<td><span style=\"color: #999999\">Pia Steensland<\/span><\/td>\n<td><span style=\"color: #999999\">50, Forskare\/Riksdagsledamot, Str\u00e4ngn\u00e4s<\/span><\/td>\n<td><\/td>\n<\/tr>\n<tr>\n<td><span style=\"color: #999999\">15<\/span><\/td>\n<td><span style=\"color: #999999\">Denis\u00e9 Cassel<\/span><\/td>\n<td><span style=\"color: #999999\">31, Kommunalr\u00e5d, Link\u00f6ping<\/span><\/td>\n<td><\/td>\n<\/tr>\n<tr>\n<td><span style=\"color: #999999\">16<\/span><\/td>\n<td><span style=\"color: #999999\">Kristin Andersson<\/span><\/td>\n<td><span style=\"color: #999999\">44, Kommunalr\u00e5d, Finsp\u00e5ng<\/span><\/td>\n<td><\/td>\n<\/tr>\n<tr>\n<td><span style=\"color: #999999\">17<\/span><\/td>\n<td><span style=\"color: #999999\">Stefan Red\u00e9en<\/span><\/td>\n<td><span style=\"color: #999999\">61, L\u00e4kare, Link\u00f6ping<\/span><\/td>\n<td><\/td>\n<\/tr>\n<tr>\n<td><span style=\"color: #999999\">18<\/span><\/td>\n<td><span style=\"color: #999999\">Evelina Nilsson<\/span><\/td>\n<td><span style=\"color: #999999\">47, Organisationsutvecklare, \u00d6stra Ryd<\/span><\/td>\n<td><\/td>\n<\/tr>\n<tr>\n<td><span style=\"color: #999999\">19<\/span><\/td>\n<td><span style=\"color: #999999\">Staffan Danielsson<\/span><\/td>\n<td><span style=\"color: #999999\">75, Agronom, Link\u00f6ping<\/span><\/td>\n<td><\/td>\n<\/tr>\n<tr>\n<td><span style=\"color: #999999\">20<\/span><\/td>\n<td><span style=\"color: #999999\">Lena K\u00e4cker Johansson<\/span><\/td>\n<td><span style=\"color: #999999\">57, Distriktssk\u00f6terska, Rimforsa<\/span><\/td>\n<td><\/td>\n<\/tr>\n<tr>\n<td><span style=\"color: #999999\">21<\/span><\/td>\n<td><span style=\"color: #999999\">Erik Forslund<\/span><\/td>\n<td><span style=\"color: #999999\">57, Projektledare, Motala<\/span><\/td>\n<td><\/td>\n<\/tr>\n<tr>\n<td><span style=\"color: #999999\">22<\/span><\/td>\n<td><span style=\"color: #999999\">Kjell O Lejon<\/span><\/td>\n<td><span style=\"color: #999999\">64, Professor, Link\u00f6ping<\/span><\/td>\n<td><\/td>\n<\/tr>\n<tr>\n<td><span style=\"color: #999999\">23<\/span><\/td>\n<td><span style=\"color: #999999\">Mikael Joum\u00e9<\/span><\/td>\n<td><span style=\"color: #999999\">45, Direktor, Link\u00f6ping<\/span><\/td>\n<td><\/td>\n<\/tr>\n<tr>\n<td><span style=\"color: #999999\">24<\/span><\/td>\n<td><span style=\"color: #999999\">Jonathan Stillman<\/span><\/td>\n<td><span style=\"color: #999999\">38, Sakkunnig, Norrk\u00f6ping<\/span><\/td>\n<td><\/td>\n<\/tr>\n<tr>\n<td><span style=\"color: #999999\">25<\/span><\/td>\n<td><span style=\"color: #999999\">Tomas Tekmen<\/span><\/td>\n<td><span style=\"color: #999999\">42, Utredare, Norrk\u00f6ping<\/span><\/td>\n<td><\/td>\n<\/tr>\n<tr>\n<td><span style=\"color: #999999\">26<\/span><\/td>\n<td><span style=\"color: #999999\">Simon Posluk<\/span><\/td>\n<td><span style=\"color: #999999\">47, Civilekonom\/Enhetschef, Link\u00f6ping<\/span><\/td>\n<td><\/td>\n<\/tr>\n<tr>\n<td><span style=\"color: #999999\">27<\/span><\/td>\n<td><span style=\"color: #999999\">Karl-Erik Hagstr\u00f6m<\/span><\/td>\n<td><span style=\"color: #999999\">57, Projektledare, Ydre<\/span><\/td>\n<td><\/td>\n<\/tr>\n<tr>\n<td><span style=\"color: #999999\">28<\/span><\/td>\n<td><span style=\"color: #999999\">Petra Battel<\/span><\/td>\n<td><span style=\"color: #999999\">43, \u00c4ldrepedagog, Ringarum<\/span><\/td>\n<td><\/td>\n<\/tr>\n<tr>\n<td><span style=\"color: #999999\">29<\/span><\/td>\n<td><span style=\"color: #999999\">Elvira Wibeck<\/span><\/td>\n<td><span style=\"color: #999999\">32, Milj\u00f6vetare, Norrk\u00f6ping<\/span><\/td>\n<td><\/td>\n<\/tr>\n<tr>\n<td><span style=\"color: #999999\">30<\/span><\/td>\n<td><span style=\"color: #999999\">Magnus Sj\u00f6berg<\/span><\/td>\n<td><span style=\"color: #999999\">45, Milj\u00f6- och kvalitetsansvarig, Sk\u00e4nninge<\/span><\/td>\n<td><\/td>\n<\/tr>\n<tr>\n<td>31<\/td>\n<td>Jonni Harrius<\/td>\n<td>59, F\u00f6retagare, V\u00e4derstad<\/td>\n<td><a href=\"https:\/\/wp.kristdemokraterna.se\/odeshog\/jonni-harrius\/\">L\u00e4s mer<\/a><\/td>\n<\/tr>\n<tr>\n<td><span style=\"color: #999999\">32<\/span><\/td>\n<td><span style=\"color: #999999\">J\u00f6rgen Kalmendal<\/span><\/td>\n<td><span style=\"color: #999999\">67, Diakon, S\u00f6der\u00f6<\/span><\/td>\n<td><\/td>\n<\/tr>\n<tr>\n<td><span style=\"color: #999999\">33<\/span><\/td>\n<td><span style=\"color: #999999\">Agneta Bj\u00f6rling<\/span><\/td>\n<td><span style=\"color: #999999\">68, Leg. sjuksk\u00f6terska, Ydre<\/span><\/td>\n<td><\/td>\n<\/tr>\n<tr>\n<td><span style=\"color: #999999\">34<\/span><\/td>\n<td><span style=\"color: #999999\">Rihab Chahaf<\/span><\/td>\n<td><span style=\"color: #999999\">58, Apotekstekniker, Link\u00f6ping<\/span><\/td>\n<td><\/td>\n<\/tr>\n<tr>\n<td><span style=\"color: #999999\">35<\/span><\/td>\n<td><span style=\"color: #999999\">Simone \u00d6hrn<\/span><\/td>\n<td><span style=\"color: #999999\">22, Politisk sekreterare, Norrk\u00f6ping<\/span><\/td>\n<td><\/td>\n<\/tr>\n<tr>\n<td><span style=\"color: #999999\">36<\/span><\/td>\n<td><span style=\"color: #999999\">Johan H\u00e4ggblom<\/span><\/td>\n<td><span style=\"color: #999999\">28, Civilingenj\u00f6r, Link\u00f6ping<\/span><\/td>\n<td><\/td>\n<\/tr>\n<tr>\n<td><span style=\"color: #999999\">37<\/span><\/td>\n<td><span style=\"color: #999999\">Isak Wibeck<\/span><\/td>\n<td><span style=\"color: #999999\">19, Studerande, Ljungsbro<\/span><\/td>\n<td><\/td>\n<\/tr>\n<tr>\n<td><span style=\"color: #999999\">38<\/span><\/td>\n<td><span style=\"color: #999999\">Patrik Stenlund<\/span><\/td>\n<td><span style=\"color: #999999\">55, Drifttekniker, Vadstena<\/span><\/td>\n<td><\/td>\n<\/tr>\n<tr>\n<td><span style=\"color: #999999\">39<\/span><\/td>\n<td><span style=\"color: #999999\">Fredrik Hanstr\u00f6m<\/span><\/td>\n<td><span style=\"color: #999999\">28, CNC-operat\u00f6r, \u00c5tvidaberg<\/span><\/td>\n<td><\/td>\n<\/tr>\n<tr>\n<td><span style=\"color: #999999\">40<\/span><\/td>\n<td><span style=\"color: #999999\">Marie Johansson<\/span><\/td>\n<td><span style=\"color: #999999\">56, L\u00e4rare, Finsp\u00e5ng<\/span><\/td>\n<td><\/td>\n<\/tr>\n<tr>\n<td><span style=\"color: #999999\">41<\/span><\/td>\n<td><span style=\"color: #999999\">Torbj\u00f6rn Nibelius<\/span><\/td>\n<td><span style=\"color: #999999\">61, Fastighetschef, Ljungsbro<\/span><\/td>\n<td><\/td>\n<\/tr>\n<tr>\n<td><span style=\"color: #999999\">42<\/span><\/td>\n<td><span style=\"color: #999999\">Birre Waern<\/span><\/td>\n<td><span style=\"color: #999999\">57, Undersk\u00f6terska, Link\u00f6ping<\/span><\/td>\n<td><\/td>\n<\/tr>\n<tr>\n<td><span style=\"color: #999999\">43<\/span><\/td>\n<td><span style=\"color: #999999\">Evert Andersson<\/span><\/td>\n<td><span style=\"color: #999999\">74, Pension\u00e4r, Boxholm<\/span><\/td>\n<td><\/td>\n<\/tr>\n<tr>\n<td><span style=\"color: #999999\">44<\/span><\/td>\n<td><span style=\"color: #999999\">Therese Gustafsson<\/span><\/td>\n<td><span style=\"color: #999999\">44, Bad- och fritidsv\u00e4rd, Mj\u00f6lby<\/span><\/td>\n<td><\/td>\n<\/tr>\n<tr>\n<td><span style=\"color: #999999\">45<\/span><\/td>\n<td><span style=\"color: #999999\">Lars Rox\u00e5<\/span><\/td>\n<td><span style=\"color: #999999\">59, Civilekonom, Vikingstad<\/span><\/td>\n<td><\/td>\n<\/tr>\n<tr>\n<td><span style=\"color: #999999\">46<\/span><\/td>\n<td><span style=\"color: #999999\">Anna Karlsson<\/span><\/td>\n<td><span style=\"color: #999999\">62, Undersk\u00f6terska, Horn<\/span><\/td>\n<td><\/td>\n<\/tr>\n<tr>\n<td><span style=\"color: #999999\">47<\/span><\/td>\n<td><span style=\"color: #999999\">Lillemor Hejdegard<\/span><\/td>\n<td><span style=\"color: #999999\">67, F.d. l\u00f6nechef, Link\u00f6ping<\/span><\/td>\n<td><\/td>\n<\/tr>\n<tr>\n<td><span style=\"color: #999999\">48<\/span><\/td>\n<td><span style=\"color: #999999\">Elisabeth Evertsson<\/span><\/td>\n<td><span style=\"color: #999999\">54, Kostekonom\/Undersk\u00f6terska, Ringarum<\/span><\/td>\n<td><\/td>\n<\/tr>\n<tr>\n<td><span style=\"color: #999999\">49<\/span><\/td>\n<td><span style=\"color: #999999\">Linda Ahlgrimmer<\/span><\/td>\n<td><span style=\"color: #999999\">40, Regionombudsman, Norrk\u00f6ping<\/span><\/td>\n<td><\/td>\n<\/tr>\n<tr>\n<td><span style=\"color: #999999\">50<\/span><\/td>\n<td><span style=\"color: #999999\">Amanda Olsson<\/span><\/td>\n<td><span style=\"color: #999999\">23, Studerande, Vreta kloster<\/span><\/td>\n<td><\/td>\n<\/tr>\n<tr>\n<td><span style=\"color: #999999\">51<\/span><\/td>\n<td><span style=\"color: #999999\">Solveig Danielson<\/span><\/td>\n<td><span style=\"color: #999999\">74, Barnmorska, Link\u00f6ping<\/span><\/td>\n<td><\/td>\n<\/tr>\n<tr>\n<td><span style=\"color: #999999\">52<\/span><\/td>\n<td><span style=\"color: #999999\">Linda Masman<\/span><\/td>\n<td><span style=\"color: #999999\">45, Undersk\u00f6terska, Ydre<\/span><\/td>\n<td><\/td>\n<\/tr>\n<tr>\n<td><span style=\"color: #999999\">53<\/span><\/td>\n<td><span style=\"color: #999999\">Nils-Ingvar Graan<\/span><\/td>\n<td><span style=\"color: #999999\">72, Mekaniker\/Cyklist, Borensberg<\/span><\/td>\n<td><\/td>\n<\/tr>\n<tr>\n<td><span style=\"color: #999999\">54<\/span><\/td>\n<td><span style=\"color: #999999\">Anders Drottja<\/span><\/td>\n<td><span style=\"color: #999999\">53, Lantm\u00e4stare, Kolm\u00e5rden<\/span><\/td>\n<td><\/td>\n<\/tr>\n<tr>\n<td><span style=\"color: #999999\">55<\/span><\/td>\n<td><span style=\"color: #999999\">Martin Zetterlund<\/span><\/td>\n<td><span style=\"color: #999999\">44, Specialistsjuksk\u00f6terska, Link\u00f6ping<\/span><\/td>\n<td><\/td>\n<\/tr>\n<tr>\n<td><span style=\"color: #999999\">56<\/span><\/td>\n<td><span style=\"color: #999999\">Jenny Lisiderius<\/span><\/td>\n<td><span style=\"color: #999999\">48, Samh\u00e4llsvetare, Norrk\u00f6ping<\/span><\/td>\n<td><\/td>\n<\/tr>\n<tr>\n<td><span style=\"color: #999999\">57<\/span><\/td>\n<td><span style=\"color: #999999\">Martina Melb\u00e9us<\/span><\/td>\n<td><span style=\"color: #999999\">43, Kvalitetsansvarig, Link\u00f6ping<\/span><\/td>\n<td><\/td>\n<\/tr>\n<tr>\n<td><span style=\"color: #999999\">58<\/span><\/td>\n<td><span style=\"color: #999999\">Lars-G\u00f6ran Arvidsson<\/span><\/td>\n<td><span style=\"color: #999999\">74, Pension\u00e4r, Vikbolandet<\/span><\/td>\n<td><\/td>\n<\/tr>\n<tr>\n<td><span style=\"color: #999999\">59<\/span><\/td>\n<td><span style=\"color: #999999\">Claes Nilsson<\/span><\/td>\n<td><span style=\"color: #999999\">67, \u00d6verste, Norrk\u00f6ping<\/span><\/td>\n<td><\/td>\n<\/tr>\n<tr>\n<td><span style=\"color: #999999\">60<\/span><\/td>\n<td><span style=\"color: #999999\">Gunvor Grans\u00f6<\/span><\/td>\n<td><span style=\"color: #999999\">75, Volont\u00e4r, Mantorp<\/span><\/td>\n<td><\/td>\n<\/tr>\n<tr>\n<td><span style=\"color: #999999\">61<\/span><\/td>\n<td><span style=\"color: #999999\">Niclas Clar\u00e9n<\/span><\/td>\n<td><span style=\"color: #999999\">58, Fastighetschef, Norrk\u00f6ping<\/span><\/td>\n<td><\/td>\n<\/tr>\n<\/tbody>\n<\/table>\n","protected":false},"excerpt":{"rendered":"<p>1 Ebba Busch 35 \u00e5r, Partiledare, UPPSALA 2 Magnus Oscarsson 52, Riksdagsledamot, \u00d6desh\u00f6g L\u00e4s mer 3 Eva-Britt Sj\u00f6berg 57, Kommunalr\u00e5d, Norrk\u00f6ping 4 Anders Eksmo 60, Gymnasiel\u00e4rare, S\u00f6derk\u00f6ping 5 Jakob Forssmed 47, Riksdagledamot, Sollentuna 6 Acko Ankarberg Johansson 57, Riksdagledamot, Huskvarna 7 Andreas Carlson 35, Riksdagledamot, Solna 8 Liza-Maria Norlin 42, Processledare, Sundsvall 9 Peter Kullgren <a class=\"read-more-link\" href=\"https:\/\/wp.kristdemokraterna.se\/odeshog\/nationellt\/riksdagslistan-2022\/\">Read More<\/a><\/p>\n","protected":false},"author":747,"featured_media":0,"parent":819,"menu_order":0,"comment_status":"closed","ping_status":"closed","template":"","meta":{"_acf_changed":false,"footnotes":""},"class_list":["post-817","page","type-page","status-publish","hentry"],"acf":[],"yoast_head":"<!-- This site is optimized with the Yoast SEO plugin v27.4 - https:\/\/yoast.com\/product\/yoast-seo-wordpress\/ -->\n<title>Riksdagslistan 2022 - \u00d6desh\u00f6g<\/title>\n<meta name=\"robots\" content=\"index, follow, max-snippet:-1, max-image-preview:large, max-video-preview:-1\" \/>\n<link rel=\"canonical\" href=\"https:\/\/wp.kristdemokraterna.se\/odeshog\/nationellt\/riksdagslistan-2022\/\" \/>\n<meta property=\"og:locale\" content=\"sv_SE\" \/>\n<meta property=\"og:type\" content=\"article\" \/>\n<meta property=\"og:title\" content=\"Riksdagslistan 2022 - \u00d6desh\u00f6g\" \/>\n<meta property=\"og:description\" content=\"1 Ebba Busch 35 \u00e5r, Partiledare, UPPSALA 2 Magnus Oscarsson 52, Riksdagsledamot, \u00d6desh\u00f6g L\u00e4s mer 3 Eva-Britt Sj\u00f6berg 57, Kommunalr\u00e5d, Norrk\u00f6ping 4 Anders Eksmo 60, Gymnasiel\u00e4rare, S\u00f6derk\u00f6ping 5 Jakob Forssmed 47, Riksdagledamot, Sollentuna 6 Acko Ankarberg Johansson 57, Riksdagledamot, Huskvarna 7 Andreas Carlson 35, Riksdagledamot, Solna 8 Liza-Maria Norlin 42, Processledare, Sundsvall 9 Peter Kullgren Read More\" \/>\n<meta property=\"og:url\" content=\"https:\/\/wp.kristdemokraterna.se\/odeshog\/nationellt\/riksdagslistan-2022\/\" \/>\n<meta property=\"og:site_name\" content=\"\u00d6desh\u00f6g\" \/>\n<meta property=\"article:modified_time\" content=\"2022-05-14T08:00:51+00:00\" \/>\n<meta name=\"twitter:card\" content=\"summary_large_image\" \/>\n<meta name=\"twitter:label1\" content=\"Ber\u00e4knad l\u00e4stid\" \/>\n\t<meta name=\"twitter:data1\" content=\"2 minuter\" \/>\n<script type=\"application\/ld+json\" class=\"yoast-schema-graph\">{\"@context\":\"https:\\\/\\\/schema.org\",\"@graph\":[{\"@type\":\"WebPage\",\"@id\":\"https:\\\/\\\/wp.kristdemokraterna.se\\\/odeshog\\\/nationellt\\\/riksdagslistan-2022\\\/\",\"url\":\"https:\\\/\\\/wp.kristdemokraterna.se\\\/odeshog\\\/nationellt\\\/riksdagslistan-2022\\\/\",\"name\":\"Riksdagslistan 2022 - \u00d6desh\u00f6g\",\"isPartOf\":{\"@id\":\"https:\\\/\\\/wp.kristdemokraterna.se\\\/odeshog\\\/#website\"},\"datePublished\":\"2022-05-14T07:48:05+00:00\",\"dateModified\":\"2022-05-14T08:00:51+00:00\",\"breadcrumb\":{\"@id\":\"https:\\\/\\\/wp.kristdemokraterna.se\\\/odeshog\\\/nationellt\\\/riksdagslistan-2022\\\/#breadcrumb\"},\"inLanguage\":\"sv-SE\",\"potentialAction\":[{\"@type\":\"ReadAction\",\"target\":[\"https:\\\/\\\/wp.kristdemokraterna.se\\\/odeshog\\\/nationellt\\\/riksdagslistan-2022\\\/\"]}]},{\"@type\":\"BreadcrumbList\",\"@id\":\"https:\\\/\\\/wp.kristdemokraterna.se\\\/odeshog\\\/nationellt\\\/riksdagslistan-2022\\\/#breadcrumb\",\"itemListElement\":[{\"@type\":\"ListItem\",\"position\":1,\"name\":\"Hem\",\"item\":\"https:\\\/\\\/wp.kristdemokraterna.se\\\/odeshog\\\/\"},{\"@type\":\"ListItem\",\"position\":2,\"name\":\"Nationellt\",\"item\":\"https:\\\/\\\/wp.kristdemokraterna.se\\\/odeshog\\\/nationellt\\\/\"},{\"@type\":\"ListItem\",\"position\":3,\"name\":\"Riksdagslistan 2022\"}]},{\"@type\":\"WebSite\",\"@id\":\"https:\\\/\\\/wp.kristdemokraterna.se\\\/odeshog\\\/#website\",\"url\":\"https:\\\/\\\/wp.kristdemokraterna.se\\\/odeshog\\\/\",\"name\":\"\u00d6desh\u00f6g\",\"description\":\"En till Kristdemokraterna webbplats\",\"inLanguage\":\"sv-SE\"}]}<\/script>\n<!-- \/ Yoast SEO plugin. -->","yoast_head_json":{"title":"Riksdagslistan 2022 - \u00d6desh\u00f6g","robots":{"index":"index","follow":"follow","max-snippet":"max-snippet:-1","max-image-preview":"max-image-preview:large","max-video-preview":"max-video-preview:-1"},"canonical":"https:\/\/wp.kristdemokraterna.se\/odeshog\/nationellt\/riksdagslistan-2022\/","og_locale":"sv_SE","og_type":"article","og_title":"Riksdagslistan 2022 - \u00d6desh\u00f6g","og_description":"1 Ebba Busch 35 \u00e5r, Partiledare, UPPSALA 2 Magnus Oscarsson 52, Riksdagsledamot, \u00d6desh\u00f6g L\u00e4s mer 3 Eva-Britt Sj\u00f6berg 57, Kommunalr\u00e5d, Norrk\u00f6ping 4 Anders Eksmo 60, Gymnasiel\u00e4rare, S\u00f6derk\u00f6ping 5 Jakob Forssmed 47, Riksdagledamot, Sollentuna 6 Acko Ankarberg Johansson 57, Riksdagledamot, Huskvarna 7 Andreas Carlson 35, Riksdagledamot, Solna 8 Liza-Maria Norlin 42, Processledare, Sundsvall 9 Peter Kullgren Read More","og_url":"https:\/\/wp.kristdemokraterna.se\/odeshog\/nationellt\/riksdagslistan-2022\/","og_site_name":"\u00d6desh\u00f6g","article_modified_time":"2022-05-14T08:00:51+00:00","twitter_card":"summary_large_image","twitter_misc":{"Ber\u00e4knad l\u00e4stid":"2 minuter"},"schema":{"@context":"https:\/\/schema.org","@graph":[{"@type":"WebPage","@id":"https:\/\/wp.kristdemokraterna.se\/odeshog\/nationellt\/riksdagslistan-2022\/","url":"https:\/\/wp.kristdemokraterna.se\/odeshog\/nationellt\/riksdagslistan-2022\/","name":"Riksdagslistan 2022 - \u00d6desh\u00f6g","isPartOf":{"@id":"https:\/\/wp.kristdemokraterna.se\/odeshog\/#website"},"datePublished":"2022-05-14T07:48:05+00:00","dateModified":"2022-05-14T08:00:51+00:00","breadcrumb":{"@id":"https:\/\/wp.kristdemokraterna.se\/odeshog\/nationellt\/riksdagslistan-2022\/#breadcrumb"},"inLanguage":"sv-SE","potentialAction":[{"@type":"ReadAction","target":["https:\/\/wp.kristdemokraterna.se\/odeshog\/nationellt\/riksdagslistan-2022\/"]}]},{"@type":"BreadcrumbList","@id":"https:\/\/wp.kristdemokraterna.se\/odeshog\/nationellt\/riksdagslistan-2022\/#breadcrumb","itemListElement":[{"@type":"ListItem","position":1,"name":"Hem","item":"https:\/\/wp.kristdemokraterna.se\/odeshog\/"},{"@type":"ListItem","position":2,"name":"Nationellt","item":"https:\/\/wp.kristdemokraterna.se\/odeshog\/nationellt\/"},{"@type":"ListItem","position":3,"name":"Riksdagslistan 2022"}]},{"@type":"WebSite","@id":"https:\/\/wp.kristdemokraterna.se\/odeshog\/#website","url":"https:\/\/wp.kristdemokraterna.se\/odeshog\/","name":"\u00d6desh\u00f6g","description":"En till Kristdemokraterna webbplats","inLanguage":"sv-SE"}]}},"_links":{"self":[{"href":"https:\/\/wp.kristdemokraterna.se\/odeshog\/wp-json\/wp\/v2\/pages\/817","targetHints":{"allow":["GET"]}}],"collection":[{"href":"https:\/\/wp.kristdemokraterna.se\/odeshog\/wp-json\/wp\/v2\/pages"}],"about":[{"href":"https:\/\/wp.kristdemokraterna.se\/odeshog\/wp-json\/wp\/v2\/types\/page"}],"author":[{"embeddable":true,"href":"https:\/\/wp.kristdemokraterna.se\/odeshog\/wp-json\/wp\/v2\/users\/747"}],"replies":[{"embeddable":true,"href":"https:\/\/wp.kristdemokraterna.se\/odeshog\/wp-json\/wp\/v2\/comments?post=817"}],"version-history":[{"count":6,"href":"https:\/\/wp.kristdemokraterna.se\/odeshog\/wp-json\/wp\/v2\/pages\/817\/revisions"}],"predecessor-version":[{"id":826,"href":"https:\/\/wp.kristdemokraterna.se\/odeshog\/wp-json\/wp\/v2\/pages\/817\/revisions\/826"}],"up":[{"embeddable":true,"href":"https:\/\/wp.kristdemokraterna.se\/odeshog\/wp-json\/wp\/v2\/pages\/819"}],"wp:attachment":[{"href":"https:\/\/wp.kristdemokraterna.se\/odeshog\/wp-json\/wp\/v2\/media?parent=817"}],"curies":[{"name":"wp","href":"https:\/\/api.w.org\/{rel}","templated":true}]}}