{"id":830,"date":"2022-05-15T09:37:00","date_gmt":"2022-05-15T07:37:00","guid":{"rendered":"https:\/\/wp.kristdemokraterna.se\/odeshog\/?page_id=830"},"modified":"2022-08-30T18:27:50","modified_gmt":"2022-08-30T16:27:50","slug":"kd-gor-skillnad","status":"publish","type":"page","link":"https:\/\/wp.kristdemokraterna.se\/odeshog\/kd-gor-skillnad\/","title":{"rendered":"KD g\u00f6r skillnad"},"content":{"rendered":"<p><a href=\"http:\/\/wp.kristdemokraterna.se\/odeshog\/files\/2022\/08\/annicki-valet-2022-2.jpeg\"><img loading=\"lazy\" decoding=\"async\" class=\"alignnone wp-image-1070\" src=\"http:\/\/wp.kristdemokraterna.se\/odeshog\/files\/2022\/08\/annicki-valet-2022-2.jpeg\" alt=\"\" width=\"400\" height=\"400\" srcset=\"https:\/\/wp.kristdemokraterna.se\/odeshog\/files\/2022\/08\/annicki-valet-2022-2.jpeg 797w, https:\/\/wp.kristdemokraterna.se\/odeshog\/files\/2022\/08\/annicki-valet-2022-2-300x300.jpeg 300w, https:\/\/wp.kristdemokraterna.se\/odeshog\/files\/2022\/08\/annicki-valet-2022-2-150x150.jpeg 150w, https:\/\/wp.kristdemokraterna.se\/odeshog\/files\/2022\/08\/annicki-valet-2022-2-768x768.jpeg 768w, https:\/\/wp.kristdemokraterna.se\/odeshog\/files\/2022\/08\/annicki-valet-2022-2-200x200.jpeg 200w, https:\/\/wp.kristdemokraterna.se\/odeshog\/files\/2022\/08\/annicki-valet-2022-2-370x370.jpeg 370w, https:\/\/wp.kristdemokraterna.se\/odeshog\/files\/2022\/08\/annicki-valet-2022-2-90x90.jpeg 90w, https:\/\/wp.kristdemokraterna.se\/odeshog\/files\/2022\/08\/annicki-valet-2022-2-770x770.jpeg 770w, https:\/\/wp.kristdemokraterna.se\/odeshog\/files\/2022\/08\/annicki-valet-2022-2-450x450.jpeg 450w, https:\/\/wp.kristdemokraterna.se\/odeshog\/files\/2022\/08\/annicki-valet-2022-2-280x280.jpeg 280w, https:\/\/wp.kristdemokraterna.se\/odeshog\/files\/2022\/08\/annicki-valet-2022-2-340x340.jpeg 340w, https:\/\/wp.kristdemokraterna.se\/odeshog\/files\/2022\/08\/annicki-valet-2022-2-56x56.jpeg 56w\" sizes=\"auto, (max-width: 400px) 100vw, 400px\" \/><\/a><\/p>\n<p>Att ta ansvar f\u00f6r att \u00d6desh\u00f6g ska utvecklas f\u00f6r framtiden b\u00e5de i tider av medg\u00e5ng och tider av utmaning \u00e4r n\u00e5got vi i KD tagit fasta p\u00e5 s\u00e4ger Annicki Oscarsson, Kommunalr\u00e5d.<\/p>\n<p>Det \u00e4r sv\u00e5rt att skriva en text utan att n\u00e4mna kriget i <strong>Ukraina<\/strong> och <strong>covid-19<\/strong>.<\/p>\n<p>Pandemin har definierat st\u00f6rre delen av denna mandatperiod och kommunen har f\u00e5tt st\u00e4lla om hela sitt arbete. V\u00e5ra medarbetare har gjort en fantastisk insats! Nu kommer det ta tid att \u00e5terh\u00e4mta krafterna fullt ut och det har vi stor respekt f\u00f6r. Politiskt har vi ocks\u00e5 f\u00e5tt prioritera om men vi har h\u00e5llit fast vi v\u00e5ra l\u00e5ngsiktiga m\u00e5l och planer och i detta utskick har vi lyft fram en del av vad som h\u00e4nt trots.<\/p>\n<p>Vi vill ocks\u00e5 rikta stor tacksamhet till v\u00e5rt civilsamh\u00e4lle i form av f\u00f6reningar, byalag och kyrkor som gjort fantastiska insatser. Vi m\u00e5ste agera tillsammans i kris! Vi gjorde det \u00e4ven under flyktingkrisen 2015 och vi kommer att beh\u00f6va g\u00f6ra det fram\u00e5t i sp\u00e5ren av krig och oroligheter i v\u00e5r omv\u00e4rld, just nu n\u00e4ra oss i Ukraina.<\/p>\n<p>Vi vill v\u00e4xa rusta f\u00f6r framtiden och v\u00e4xa f\u00f6r motsatsen \u00e4r ot\u00e4nkbart.<\/p>\n<p>Med detta strategidokument har vi fokuserat p\u00e5 f\u00f6ljande omr\u00e5den <em>Barn och unga, Service samt Tillv\u00e4xt och utveckling.<\/em><\/p>\n<p><strong>Barn och unga<\/strong><\/p>\n<p>Vi har under flera \u00e5r gl\u00e4djande sett att barn och unga \u00f6kar i \u00d6desh\u00f6g och samtidigt har vi stora behov av att renovera och bygga om v\u00e5ra skollokaler. Nu forts\u00e4tter genomf\u00f6randeprocessen att ta fram nya f\u00f6rskole och skollokaler och d\u00e5 ska olika intressen tas tillvara som l\u00e4rar-, l\u00e4rande- och barnperspektivet samt andra medarbetargruppers perspektiv.\u00a0 Vi har under fler \u00e5r sett ett \u00f6kat behov av st\u00f6d till barn med s\u00e4rskilda behov och d\u00e4rf\u00f6r har skolans resurser st\u00e4rkts. <a href=\"https:\/\/wp.kristdemokraterna.se\/odeshog\/kd-gor-skillnad\/barn-och-unga\/\">L\u00e4s mer<\/a><\/p>\n<p><strong>Service<\/strong><\/p>\n<p>\u00c4nda sedan 2016 har vi p\u00e5 olika s\u00e4tt utvecklat och byggt om p\u00e5 Solg\u00e5rdens \u00e4ldrecentrum och vi vill forts\u00e4tta det arbetet. Just nu renoveras matsalen och vi hoppas att samarbetet med regionen g\u00e5r vidare s\u00e5 att vi kan f\u00e5 en \u00e4ldremottagning p\u00e5 Solg\u00e5rden. Det \u00e4r livsviktigt med god och n\u00e4ra v\u00e5rd till v\u00e5ra medborgare.\u00a0 Vi har tillsammans med Regionen startat arbetet f\u00f6r att bygga en ny v\u00e5rdcentral i centrala \u00d6desh\u00f6g som ska vara klar 2027. <a href=\"https:\/\/wp.kristdemokraterna.se\/odeshog\/kd-gor-skillnad\/service\/\">L\u00e4s mer<\/a><\/p>\n<p><strong>Tillv\u00e4xt och utveckling<\/strong><\/p>\n<p>Varf\u00f6r \u00e4r det viktigt med tillv\u00e4xt? Detta kommer att ha avg\u00f6rande betydelse f\u00f6r \u00d6desh\u00f6gs kommuns fortsatta sj\u00e4lvst\u00e4ndighet som kommun. Kugghjulen m\u00e5ste g\u00e5 i varandra; en \u00f6kad befolkning ger m\u00f6jlighet till \u00f6kad service i form av handel, det ger ocks\u00e5 v\u00e5ra f\u00f6retagare m\u00f6jlighet till arbetskraft och kompetensf\u00f6rs\u00f6rjning, det ger ocks\u00e5 v\u00e5ra f\u00f6reningar ett st\u00f6rre underlag f\u00f6r verksamhet och engagemang. Detta tillsammans ger \u00f6kade int\u00e4kter f\u00f6r framtida kommunal service. Vi har d\u00e4rf\u00f6r drivit en aktiv politik f\u00f6r att f\u00e5 nya bost\u00e4der vilket har givit resultat. Vi ser ocks\u00e5 att v\u00e5r politik har gett nya etableringar av f\u00f6retag b\u00e5de vid f\u00f6retagspark E4 och i v\u00e4stra industriomr\u00e5det, <a href=\"https:\/\/wp.kristdemokraterna.se\/odeshog\/kd-gor-skillnad\/tillvaxt-och-utveckling\/\">L\u00e4s mer<\/a><\/p>\n","protected":false},"excerpt":{"rendered":"<p>Att ta ansvar f\u00f6r att \u00d6desh\u00f6g ska utvecklas f\u00f6r framtiden b\u00e5de i tider av medg\u00e5ng och tider av utmaning \u00e4r n\u00e5got vi i KD tagit fasta p\u00e5 s\u00e4ger Annicki Oscarsson, Kommunalr\u00e5d. Det \u00e4r sv\u00e5rt att skriva en text utan att n\u00e4mna kriget i Ukraina och covid-19. Pandemin har definierat st\u00f6rre delen av denna mandatperiod och <a class=\"read-more-link\" href=\"https:\/\/wp.kristdemokraterna.se\/odeshog\/kd-gor-skillnad\/\">Read More<\/a><\/p>\n","protected":false},"author":747,"featured_media":0,"parent":0,"menu_order":0,"comment_status":"closed","ping_status":"closed","template":"","meta":{"_acf_changed":false,"footnotes":""},"class_list":["post-830","page","type-page","status-publish","hentry"],"acf":[],"yoast_head":"<!-- This site is optimized with the Yoast SEO plugin v27.4 - https:\/\/yoast.com\/product\/yoast-seo-wordpress\/ -->\n<title>KD g\u00f6r skillnad - \u00d6desh\u00f6g<\/title>\n<meta name=\"robots\" content=\"index, follow, max-snippet:-1, max-image-preview:large, max-video-preview:-1\" \/>\n<link rel=\"canonical\" href=\"https:\/\/wp.kristdemokraterna.se\/odeshog\/kd-gor-skillnad\/\" \/>\n<meta property=\"og:locale\" content=\"sv_SE\" \/>\n<meta property=\"og:type\" content=\"article\" \/>\n<meta property=\"og:title\" content=\"KD g\u00f6r skillnad - \u00d6desh\u00f6g\" \/>\n<meta property=\"og:description\" content=\"Att ta ansvar f\u00f6r att \u00d6desh\u00f6g ska utvecklas f\u00f6r framtiden b\u00e5de i tider av medg\u00e5ng och tider av utmaning \u00e4r n\u00e5got vi i KD tagit fasta p\u00e5 s\u00e4ger Annicki Oscarsson, Kommunalr\u00e5d. Det \u00e4r sv\u00e5rt att skriva en text utan att n\u00e4mna kriget i Ukraina och covid-19. Pandemin har definierat st\u00f6rre delen av denna mandatperiod och Read More\" \/>\n<meta property=\"og:url\" content=\"https:\/\/wp.kristdemokraterna.se\/odeshog\/kd-gor-skillnad\/\" \/>\n<meta property=\"og:site_name\" content=\"\u00d6desh\u00f6g\" \/>\n<meta property=\"article:modified_time\" content=\"2022-08-30T16:27:50+00:00\" \/>\n<meta property=\"og:image\" content=\"http:\/\/wp.kristdemokraterna.se\/odeshog\/files\/2022\/08\/annicki-valet-2022-2.jpeg\" \/>\n<meta name=\"twitter:card\" content=\"summary_large_image\" \/>\n<meta name=\"twitter:label1\" content=\"Ber\u00e4knad l\u00e4stid\" \/>\n\t<meta name=\"twitter:data1\" content=\"4 minuter\" \/>\n<script type=\"application\/ld+json\" class=\"yoast-schema-graph\">{\"@context\":\"https:\\\/\\\/schema.org\",\"@graph\":[{\"@type\":\"WebPage\",\"@id\":\"https:\\\/\\\/wp.kristdemokraterna.se\\\/odeshog\\\/kd-gor-skillnad\\\/\",\"url\":\"https:\\\/\\\/wp.kristdemokraterna.se\\\/odeshog\\\/kd-gor-skillnad\\\/\",\"name\":\"KD g\u00f6r skillnad - \u00d6desh\u00f6g\",\"isPartOf\":{\"@id\":\"https:\\\/\\\/wp.kristdemokraterna.se\\\/odeshog\\\/#website\"},\"primaryImageOfPage\":{\"@id\":\"https:\\\/\\\/wp.kristdemokraterna.se\\\/odeshog\\\/kd-gor-skillnad\\\/#primaryimage\"},\"image\":{\"@id\":\"https:\\\/\\\/wp.kristdemokraterna.se\\\/odeshog\\\/kd-gor-skillnad\\\/#primaryimage\"},\"thumbnailUrl\":\"http:\\\/\\\/wp.kristdemokraterna.se\\\/odeshog\\\/files\\\/2022\\\/08\\\/annicki-valet-2022-2.jpeg\",\"datePublished\":\"2022-05-15T07:37:00+00:00\",\"dateModified\":\"2022-08-30T16:27:50+00:00\",\"breadcrumb\":{\"@id\":\"https:\\\/\\\/wp.kristdemokraterna.se\\\/odeshog\\\/kd-gor-skillnad\\\/#breadcrumb\"},\"inLanguage\":\"sv-SE\",\"potentialAction\":[{\"@type\":\"ReadAction\",\"target\":[\"https:\\\/\\\/wp.kristdemokraterna.se\\\/odeshog\\\/kd-gor-skillnad\\\/\"]}]},{\"@type\":\"ImageObject\",\"inLanguage\":\"sv-SE\",\"@id\":\"https:\\\/\\\/wp.kristdemokraterna.se\\\/odeshog\\\/kd-gor-skillnad\\\/#primaryimage\",\"url\":\"http:\\\/\\\/wp.kristdemokraterna.se\\\/odeshog\\\/files\\\/2022\\\/08\\\/annicki-valet-2022-2.jpeg\",\"contentUrl\":\"http:\\\/\\\/wp.kristdemokraterna.se\\\/odeshog\\\/files\\\/2022\\\/08\\\/annicki-valet-2022-2.jpeg\"},{\"@type\":\"BreadcrumbList\",\"@id\":\"https:\\\/\\\/wp.kristdemokraterna.se\\\/odeshog\\\/kd-gor-skillnad\\\/#breadcrumb\",\"itemListElement\":[{\"@type\":\"ListItem\",\"position\":1,\"name\":\"Hem\",\"item\":\"https:\\\/\\\/wp.kristdemokraterna.se\\\/odeshog\\\/\"},{\"@type\":\"ListItem\",\"position\":2,\"name\":\"KD g\u00f6r skillnad\"}]},{\"@type\":\"WebSite\",\"@id\":\"https:\\\/\\\/wp.kristdemokraterna.se\\\/odeshog\\\/#website\",\"url\":\"https:\\\/\\\/wp.kristdemokraterna.se\\\/odeshog\\\/\",\"name\":\"\u00d6desh\u00f6g\",\"description\":\"En till Kristdemokraterna webbplats\",\"inLanguage\":\"sv-SE\"}]}<\/script>\n<!-- \/ Yoast SEO plugin. -->","yoast_head_json":{"title":"KD g\u00f6r skillnad - \u00d6desh\u00f6g","robots":{"index":"index","follow":"follow","max-snippet":"max-snippet:-1","max-image-preview":"max-image-preview:large","max-video-preview":"max-video-preview:-1"},"canonical":"https:\/\/wp.kristdemokraterna.se\/odeshog\/kd-gor-skillnad\/","og_locale":"sv_SE","og_type":"article","og_title":"KD g\u00f6r skillnad - \u00d6desh\u00f6g","og_description":"Att ta ansvar f\u00f6r att \u00d6desh\u00f6g ska utvecklas f\u00f6r framtiden b\u00e5de i tider av medg\u00e5ng och tider av utmaning \u00e4r n\u00e5got vi i KD tagit fasta p\u00e5 s\u00e4ger Annicki Oscarsson, Kommunalr\u00e5d. Det \u00e4r sv\u00e5rt att skriva en text utan att n\u00e4mna kriget i Ukraina och covid-19. Pandemin har definierat st\u00f6rre delen av denna mandatperiod och Read More","og_url":"https:\/\/wp.kristdemokraterna.se\/odeshog\/kd-gor-skillnad\/","og_site_name":"\u00d6desh\u00f6g","article_modified_time":"2022-08-30T16:27:50+00:00","og_image":[{"url":"http:\/\/wp.kristdemokraterna.se\/odeshog\/files\/2022\/08\/annicki-valet-2022-2.jpeg","type":"","width":"","height":""}],"twitter_card":"summary_large_image","twitter_misc":{"Ber\u00e4knad l\u00e4stid":"4 minuter"},"schema":{"@context":"https:\/\/schema.org","@graph":[{"@type":"WebPage","@id":"https:\/\/wp.kristdemokraterna.se\/odeshog\/kd-gor-skillnad\/","url":"https:\/\/wp.kristdemokraterna.se\/odeshog\/kd-gor-skillnad\/","name":"KD g\u00f6r skillnad - \u00d6desh\u00f6g","isPartOf":{"@id":"https:\/\/wp.kristdemokraterna.se\/odeshog\/#website"},"primaryImageOfPage":{"@id":"https:\/\/wp.kristdemokraterna.se\/odeshog\/kd-gor-skillnad\/#primaryimage"},"image":{"@id":"https:\/\/wp.kristdemokraterna.se\/odeshog\/kd-gor-skillnad\/#primaryimage"},"thumbnailUrl":"http:\/\/wp.kristdemokraterna.se\/odeshog\/files\/2022\/08\/annicki-valet-2022-2.jpeg","datePublished":"2022-05-15T07:37:00+00:00","dateModified":"2022-08-30T16:27:50+00:00","breadcrumb":{"@id":"https:\/\/wp.kristdemokraterna.se\/odeshog\/kd-gor-skillnad\/#breadcrumb"},"inLanguage":"sv-SE","potentialAction":[{"@type":"ReadAction","target":["https:\/\/wp.kristdemokraterna.se\/odeshog\/kd-gor-skillnad\/"]}]},{"@type":"ImageObject","inLanguage":"sv-SE","@id":"https:\/\/wp.kristdemokraterna.se\/odeshog\/kd-gor-skillnad\/#primaryimage","url":"http:\/\/wp.kristdemokraterna.se\/odeshog\/files\/2022\/08\/annicki-valet-2022-2.jpeg","contentUrl":"http:\/\/wp.kristdemokraterna.se\/odeshog\/files\/2022\/08\/annicki-valet-2022-2.jpeg"},{"@type":"BreadcrumbList","@id":"https:\/\/wp.kristdemokraterna.se\/odeshog\/kd-gor-skillnad\/#breadcrumb","itemListElement":[{"@type":"ListItem","position":1,"name":"Hem","item":"https:\/\/wp.kristdemokraterna.se\/odeshog\/"},{"@type":"ListItem","position":2,"name":"KD g\u00f6r skillnad"}]},{"@type":"WebSite","@id":"https:\/\/wp.kristdemokraterna.se\/odeshog\/#website","url":"https:\/\/wp.kristdemokraterna.se\/odeshog\/","name":"\u00d6desh\u00f6g","description":"En till Kristdemokraterna webbplats","inLanguage":"sv-SE"}]}},"_links":{"self":[{"href":"https:\/\/wp.kristdemokraterna.se\/odeshog\/wp-json\/wp\/v2\/pages\/830","targetHints":{"allow":["GET"]}}],"collection":[{"href":"https:\/\/wp.kristdemokraterna.se\/odeshog\/wp-json\/wp\/v2\/pages"}],"about":[{"href":"https:\/\/wp.kristdemokraterna.se\/odeshog\/wp-json\/wp\/v2\/types\/page"}],"author":[{"embeddable":true,"href":"https:\/\/wp.kristdemokraterna.se\/odeshog\/wp-json\/wp\/v2\/users\/747"}],"replies":[{"embeddable":true,"href":"https:\/\/wp.kristdemokraterna.se\/odeshog\/wp-json\/wp\/v2\/comments?post=830"}],"version-history":[{"count":20,"href":"https:\/\/wp.kristdemokraterna.se\/odeshog\/wp-json\/wp\/v2\/pages\/830\/revisions"}],"predecessor-version":[{"id":1073,"href":"https:\/\/wp.kristdemokraterna.se\/odeshog\/wp-json\/wp\/v2\/pages\/830\/revisions\/1073"}],"wp:attachment":[{"href":"https:\/\/wp.kristdemokraterna.se\/odeshog\/wp-json\/wp\/v2\/media?parent=830"}],"curies":[{"name":"wp","href":"https:\/\/api.w.org\/{rel}","templated":true}]}}