{"id":853,"date":"2022-05-15T11:22:40","date_gmt":"2022-05-15T09:22:40","guid":{"rendered":"https:\/\/wp.kristdemokraterna.se\/odeshog\/?page_id=853"},"modified":"2022-08-30T18:28:57","modified_gmt":"2022-08-30T16:28:57","slug":"barn-och-unga","status":"publish","type":"page","link":"https:\/\/wp.kristdemokraterna.se\/odeshog\/kd-gor-skillnad\/barn-och-unga\/","title":{"rendered":"Barn och Unga"},"content":{"rendered":"<p><a href=\"http:\/\/wp.kristdemokraterna.se\/odeshog\/files\/2022\/05\/img_0595.jpg\"><img loading=\"lazy\" decoding=\"async\" class=\"alignnone  wp-image-868\" src=\"http:\/\/wp.kristdemokraterna.se\/odeshog\/files\/2022\/05\/img_0595-300x225.jpg\" alt=\"\" width=\"400\" height=\"300\" srcset=\"https:\/\/wp.kristdemokraterna.se\/odeshog\/files\/2022\/05\/img_0595-300x225.jpg 300w, https:\/\/wp.kristdemokraterna.se\/odeshog\/files\/2022\/05\/img_0595-267x200.jpg 267w, https:\/\/wp.kristdemokraterna.se\/odeshog\/files\/2022\/05\/img_0595-370x278.jpg 370w, https:\/\/wp.kristdemokraterna.se\/odeshog\/files\/2022\/05\/img_0595-450x338.jpg 450w, https:\/\/wp.kristdemokraterna.se\/odeshog\/files\/2022\/05\/img_0595-280x210.jpg 280w, https:\/\/wp.kristdemokraterna.se\/odeshog\/files\/2022\/05\/img_0595-340x255.jpg 340w, https:\/\/wp.kristdemokraterna.se\/odeshog\/files\/2022\/05\/img_0595-200x150.jpg 200w, https:\/\/wp.kristdemokraterna.se\/odeshog\/files\/2022\/05\/img_0595-75x56.jpg 75w, https:\/\/wp.kristdemokraterna.se\/odeshog\/files\/2022\/05\/img_0595.jpg 640w\" sizes=\"auto, (max-width: 400px) 100vw, 400px\" \/><\/a><\/p>\n<p>Vi har under flera \u00e5r gl\u00e4djande sett att barn och unga \u00f6kar i \u00d6desh\u00f6g och samtidigt har vi stora behov av att renovera och bygga om v\u00e5ra skollokaler. Nu forts\u00e4tter genomf\u00f6randeprocessen att ta fram nya f\u00f6rskole och skollokaler och d\u00e5 ska olika intressen tas tillvara som l\u00e4rar-, l\u00e4rande- och barnperspektivet samt andra medarbetargruppers perspektiv.\u00a0 Vi har under fler \u00e5r sett ett \u00f6kat behov av st\u00f6d till barn med s\u00e4rskilda behov och d\u00e4rf\u00f6r har skolans resurser st\u00e4rkts.<\/p>\n","protected":false},"excerpt":{"rendered":"<p>Vi har under flera \u00e5r gl\u00e4djande sett att barn och unga \u00f6kar i \u00d6desh\u00f6g och samtidigt har vi stora behov av att renovera och bygga om v\u00e5ra skollokaler. Nu forts\u00e4tter genomf\u00f6randeprocessen att ta fram nya f\u00f6rskole och skollokaler och d\u00e5 ska olika intressen tas tillvara som l\u00e4rar-, l\u00e4rande- och barnperspektivet samt andra medarbetargruppers perspektiv.\u00a0 Vi <a class=\"read-more-link\" href=\"https:\/\/wp.kristdemokraterna.se\/odeshog\/kd-gor-skillnad\/barn-och-unga\/\">Read More<\/a><\/p>\n","protected":false},"author":747,"featured_media":0,"parent":830,"menu_order":0,"comment_status":"closed","ping_status":"closed","template":"","meta":{"_acf_changed":false,"footnotes":""},"class_list":["post-853","page","type-page","status-publish","hentry"],"acf":[],"yoast_head":"<!-- This site is optimized with the Yoast SEO plugin v27.4 - https:\/\/yoast.com\/product\/yoast-seo-wordpress\/ -->\n<title>Barn och Unga - \u00d6desh\u00f6g<\/title>\n<meta name=\"robots\" content=\"index, follow, max-snippet:-1, max-image-preview:large, max-video-preview:-1\" \/>\n<link rel=\"canonical\" href=\"https:\/\/wp.kristdemokraterna.se\/odeshog\/kd-gor-skillnad\/barn-och-unga\/\" \/>\n<meta property=\"og:locale\" content=\"sv_SE\" \/>\n<meta property=\"og:type\" content=\"article\" \/>\n<meta property=\"og:title\" content=\"Barn och Unga - \u00d6desh\u00f6g\" \/>\n<meta property=\"og:description\" content=\"Vi har under flera \u00e5r gl\u00e4djande sett att barn och unga \u00f6kar i \u00d6desh\u00f6g och samtidigt har vi stora behov av att renovera och bygga om v\u00e5ra skollokaler. Nu forts\u00e4tter genomf\u00f6randeprocessen att ta fram nya f\u00f6rskole och skollokaler och d\u00e5 ska olika intressen tas tillvara som l\u00e4rar-, l\u00e4rande- och barnperspektivet samt andra medarbetargruppers perspektiv.\u00a0 Vi Read More\" \/>\n<meta property=\"og:url\" content=\"https:\/\/wp.kristdemokraterna.se\/odeshog\/kd-gor-skillnad\/barn-och-unga\/\" \/>\n<meta property=\"og:site_name\" content=\"\u00d6desh\u00f6g\" \/>\n<meta property=\"article:modified_time\" content=\"2022-08-30T16:28:57+00:00\" \/>\n<meta property=\"og:image\" content=\"http:\/\/wp.kristdemokraterna.se\/odeshog\/files\/2022\/05\/img_0595-300x225.jpg\" \/>\n<meta name=\"twitter:card\" content=\"summary_large_image\" \/>\n<meta name=\"twitter:label1\" content=\"Ber\u00e4knad l\u00e4stid\" \/>\n\t<meta name=\"twitter:data1\" content=\"1 minut\" \/>\n<script type=\"application\/ld+json\" class=\"yoast-schema-graph\">{\"@context\":\"https:\\\/\\\/schema.org\",\"@graph\":[{\"@type\":\"WebPage\",\"@id\":\"https:\\\/\\\/wp.kristdemokraterna.se\\\/odeshog\\\/kd-gor-skillnad\\\/barn-och-unga\\\/\",\"url\":\"https:\\\/\\\/wp.kristdemokraterna.se\\\/odeshog\\\/kd-gor-skillnad\\\/barn-och-unga\\\/\",\"name\":\"Barn och Unga - \u00d6desh\u00f6g\",\"isPartOf\":{\"@id\":\"https:\\\/\\\/wp.kristdemokraterna.se\\\/odeshog\\\/#website\"},\"primaryImageOfPage\":{\"@id\":\"https:\\\/\\\/wp.kristdemokraterna.se\\\/odeshog\\\/kd-gor-skillnad\\\/barn-och-unga\\\/#primaryimage\"},\"image\":{\"@id\":\"https:\\\/\\\/wp.kristdemokraterna.se\\\/odeshog\\\/kd-gor-skillnad\\\/barn-och-unga\\\/#primaryimage\"},\"thumbnailUrl\":\"http:\\\/\\\/wp.kristdemokraterna.se\\\/odeshog\\\/files\\\/2022\\\/05\\\/img_0595-300x225.jpg\",\"datePublished\":\"2022-05-15T09:22:40+00:00\",\"dateModified\":\"2022-08-30T16:28:57+00:00\",\"breadcrumb\":{\"@id\":\"https:\\\/\\\/wp.kristdemokraterna.se\\\/odeshog\\\/kd-gor-skillnad\\\/barn-och-unga\\\/#breadcrumb\"},\"inLanguage\":\"sv-SE\",\"potentialAction\":[{\"@type\":\"ReadAction\",\"target\":[\"https:\\\/\\\/wp.kristdemokraterna.se\\\/odeshog\\\/kd-gor-skillnad\\\/barn-och-unga\\\/\"]}]},{\"@type\":\"ImageObject\",\"inLanguage\":\"sv-SE\",\"@id\":\"https:\\\/\\\/wp.kristdemokraterna.se\\\/odeshog\\\/kd-gor-skillnad\\\/barn-och-unga\\\/#primaryimage\",\"url\":\"http:\\\/\\\/wp.kristdemokraterna.se\\\/odeshog\\\/files\\\/2022\\\/05\\\/img_0595-300x225.jpg\",\"contentUrl\":\"http:\\\/\\\/wp.kristdemokraterna.se\\\/odeshog\\\/files\\\/2022\\\/05\\\/img_0595-300x225.jpg\"},{\"@type\":\"BreadcrumbList\",\"@id\":\"https:\\\/\\\/wp.kristdemokraterna.se\\\/odeshog\\\/kd-gor-skillnad\\\/barn-och-unga\\\/#breadcrumb\",\"itemListElement\":[{\"@type\":\"ListItem\",\"position\":1,\"name\":\"Hem\",\"item\":\"https:\\\/\\\/wp.kristdemokraterna.se\\\/odeshog\\\/\"},{\"@type\":\"ListItem\",\"position\":2,\"name\":\"KD g\u00f6r skillnad\",\"item\":\"https:\\\/\\\/wp.kristdemokraterna.se\\\/odeshog\\\/kd-gor-skillnad\\\/\"},{\"@type\":\"ListItem\",\"position\":3,\"name\":\"Barn och Unga\"}]},{\"@type\":\"WebSite\",\"@id\":\"https:\\\/\\\/wp.kristdemokraterna.se\\\/odeshog\\\/#website\",\"url\":\"https:\\\/\\\/wp.kristdemokraterna.se\\\/odeshog\\\/\",\"name\":\"\u00d6desh\u00f6g\",\"description\":\"En till Kristdemokraterna webbplats\",\"inLanguage\":\"sv-SE\"}]}<\/script>\n<!-- \/ Yoast SEO plugin. -->","yoast_head_json":{"title":"Barn och Unga - \u00d6desh\u00f6g","robots":{"index":"index","follow":"follow","max-snippet":"max-snippet:-1","max-image-preview":"max-image-preview:large","max-video-preview":"max-video-preview:-1"},"canonical":"https:\/\/wp.kristdemokraterna.se\/odeshog\/kd-gor-skillnad\/barn-och-unga\/","og_locale":"sv_SE","og_type":"article","og_title":"Barn och Unga - \u00d6desh\u00f6g","og_description":"Vi har under flera \u00e5r gl\u00e4djande sett att barn och unga \u00f6kar i \u00d6desh\u00f6g och samtidigt har vi stora behov av att renovera och bygga om v\u00e5ra skollokaler. Nu forts\u00e4tter genomf\u00f6randeprocessen att ta fram nya f\u00f6rskole och skollokaler och d\u00e5 ska olika intressen tas tillvara som l\u00e4rar-, l\u00e4rande- och barnperspektivet samt andra medarbetargruppers perspektiv.\u00a0 Vi Read More","og_url":"https:\/\/wp.kristdemokraterna.se\/odeshog\/kd-gor-skillnad\/barn-och-unga\/","og_site_name":"\u00d6desh\u00f6g","article_modified_time":"2022-08-30T16:28:57+00:00","og_image":[{"url":"http:\/\/wp.kristdemokraterna.se\/odeshog\/files\/2022\/05\/img_0595-300x225.jpg","type":"","width":"","height":""}],"twitter_card":"summary_large_image","twitter_misc":{"Ber\u00e4knad l\u00e4stid":"1 minut"},"schema":{"@context":"https:\/\/schema.org","@graph":[{"@type":"WebPage","@id":"https:\/\/wp.kristdemokraterna.se\/odeshog\/kd-gor-skillnad\/barn-och-unga\/","url":"https:\/\/wp.kristdemokraterna.se\/odeshog\/kd-gor-skillnad\/barn-och-unga\/","name":"Barn och Unga - \u00d6desh\u00f6g","isPartOf":{"@id":"https:\/\/wp.kristdemokraterna.se\/odeshog\/#website"},"primaryImageOfPage":{"@id":"https:\/\/wp.kristdemokraterna.se\/odeshog\/kd-gor-skillnad\/barn-och-unga\/#primaryimage"},"image":{"@id":"https:\/\/wp.kristdemokraterna.se\/odeshog\/kd-gor-skillnad\/barn-och-unga\/#primaryimage"},"thumbnailUrl":"http:\/\/wp.kristdemokraterna.se\/odeshog\/files\/2022\/05\/img_0595-300x225.jpg","datePublished":"2022-05-15T09:22:40+00:00","dateModified":"2022-08-30T16:28:57+00:00","breadcrumb":{"@id":"https:\/\/wp.kristdemokraterna.se\/odeshog\/kd-gor-skillnad\/barn-och-unga\/#breadcrumb"},"inLanguage":"sv-SE","potentialAction":[{"@type":"ReadAction","target":["https:\/\/wp.kristdemokraterna.se\/odeshog\/kd-gor-skillnad\/barn-och-unga\/"]}]},{"@type":"ImageObject","inLanguage":"sv-SE","@id":"https:\/\/wp.kristdemokraterna.se\/odeshog\/kd-gor-skillnad\/barn-och-unga\/#primaryimage","url":"http:\/\/wp.kristdemokraterna.se\/odeshog\/files\/2022\/05\/img_0595-300x225.jpg","contentUrl":"http:\/\/wp.kristdemokraterna.se\/odeshog\/files\/2022\/05\/img_0595-300x225.jpg"},{"@type":"BreadcrumbList","@id":"https:\/\/wp.kristdemokraterna.se\/odeshog\/kd-gor-skillnad\/barn-och-unga\/#breadcrumb","itemListElement":[{"@type":"ListItem","position":1,"name":"Hem","item":"https:\/\/wp.kristdemokraterna.se\/odeshog\/"},{"@type":"ListItem","position":2,"name":"KD g\u00f6r skillnad","item":"https:\/\/wp.kristdemokraterna.se\/odeshog\/kd-gor-skillnad\/"},{"@type":"ListItem","position":3,"name":"Barn och Unga"}]},{"@type":"WebSite","@id":"https:\/\/wp.kristdemokraterna.se\/odeshog\/#website","url":"https:\/\/wp.kristdemokraterna.se\/odeshog\/","name":"\u00d6desh\u00f6g","description":"En till Kristdemokraterna webbplats","inLanguage":"sv-SE"}]}},"_links":{"self":[{"href":"https:\/\/wp.kristdemokraterna.se\/odeshog\/wp-json\/wp\/v2\/pages\/853","targetHints":{"allow":["GET"]}}],"collection":[{"href":"https:\/\/wp.kristdemokraterna.se\/odeshog\/wp-json\/wp\/v2\/pages"}],"about":[{"href":"https:\/\/wp.kristdemokraterna.se\/odeshog\/wp-json\/wp\/v2\/types\/page"}],"author":[{"embeddable":true,"href":"https:\/\/wp.kristdemokraterna.se\/odeshog\/wp-json\/wp\/v2\/users\/747"}],"replies":[{"embeddable":true,"href":"https:\/\/wp.kristdemokraterna.se\/odeshog\/wp-json\/wp\/v2\/comments?post=853"}],"version-history":[{"count":5,"href":"https:\/\/wp.kristdemokraterna.se\/odeshog\/wp-json\/wp\/v2\/pages\/853\/revisions"}],"predecessor-version":[{"id":1074,"href":"https:\/\/wp.kristdemokraterna.se\/odeshog\/wp-json\/wp\/v2\/pages\/853\/revisions\/1074"}],"up":[{"embeddable":true,"href":"https:\/\/wp.kristdemokraterna.se\/odeshog\/wp-json\/wp\/v2\/pages\/830"}],"wp:attachment":[{"href":"https:\/\/wp.kristdemokraterna.se\/odeshog\/wp-json\/wp\/v2\/media?parent=853"}],"curies":[{"name":"wp","href":"https:\/\/api.w.org\/{rel}","templated":true}]}}