{"id":855,"date":"2022-05-15T11:23:19","date_gmt":"2022-05-15T09:23:19","guid":{"rendered":"https:\/\/wp.kristdemokraterna.se\/odeshog\/?page_id=855"},"modified":"2022-05-16T10:51:31","modified_gmt":"2022-05-16T08:51:31","slug":"service","status":"publish","type":"page","link":"https:\/\/wp.kristdemokraterna.se\/odeshog\/kd-gor-skillnad\/service\/","title":{"rendered":"Service"},"content":{"rendered":"<p><strong>Krisberedskap<\/strong><\/p>\n<p>Vi har under denna mandatperiod sett ett \u00f6kat arbete kring krisberedskap och \u00e5teruppbyggandet av totalf\u00f6rsvaret vi har d\u00e4rf\u00f6r inlett samarbeten med Mj\u00f6lby ang\u00e5ende Krisberedskap och s\u00e4kerhet, samt inom R\u00e4ddningstj\u00e4nsten. Vi tror att det arbetet kommer \u00f6ka mycket fram\u00f6ver som en f\u00f6ljd av det \u00e4ndrade s\u00e4kerhetspolitiska l\u00e4get i Europa. Vi st\u00e5r redo att ta ansvar f\u00f6r det arbetet fram\u00f6ver. Vi ska i n\u00e4rtid installera ett reservkraftverk p\u00e5 Solg\u00e5rden och Fyrv\u00e4pplingen. Vi vill att Solg\u00e5rden ska vara ett gott och tryggt boende!<\/p>\n<p><strong>Solg\u00e5rdens \u00e4ldrecentrum<\/strong><\/p>\n<p>\u00c4nda sedan 2016 har vi p\u00e5 olika s\u00e4tt utvecklat och byggt om p\u00e5 Solg\u00e5rdens \u00e4ldrecentrum och vi vill forts\u00e4tta det arbetet. Just nu renoveras matsalen och vi hoppas att samarbetet med regionen g\u00e5r vidare s\u00e5 att vi kan f\u00e5 en \u00e4ldremottagning p\u00e5 Solg\u00e5rden.<\/p>\n<p><strong>Ny v\u00e5rdcentral i \u00d6desh\u00f6g<\/strong><\/p>\n<p>Det \u00e4r livsviktigt med god och n\u00e4ra v\u00e5ra till v\u00e5ra medborgare och d\u00e4rf\u00f6r \u00e4r vi v\u00e4ldigt glada f\u00f6r att regionen i samarbete med kommunen startat arbetet f\u00f6r att bygga en ny v\u00e5rdcentral i centrala \u00d6desh\u00f6g. I oktober skrevs en avsiktsf\u00f6rklaring p\u00e5 mellan regionen och kommunen om att en ny v\u00e5rdcentral ska st\u00e5 f\u00e4rdig om fem \u00e5r, och i januari l\u00e4mnade regionen in ans\u00f6kan om ny detaljplan f\u00f6r att kunna bygga en ny v\u00e5rdcentral. Platsen som nu utreds \u00e4r den som kallas f\u00f6r Postenparkeringen med omr\u00e5det runt omkring. Folktandv\u00e5rden kommer att flytta med till den nya v\u00e5rdcentralen och \u00e4ven Apoteket kommer att flytta till n\u00e4rliggande lokaler. I konceptet n\u00e4ra v\u00e5rd finns ocks\u00e5 dialogen med om att komplettera med en \u00e4ldremottagning p\u00e5 Solg\u00e5rden. Regionen och kommunen har varit \u00f6verens om att det \u00e4r viktigt att v\u00e5rdcentralen har ett centralt l\u00e4ge och anledningarna \u00e4r flera. N\u00e4rheten till de \u00e4ldre medborgare som bor i de centrala delarna av \u00d6desh\u00f6g och n\u00e4rheten till servicen runt torget som skapar ett mer levande centrum.<\/p>\n","protected":false},"excerpt":{"rendered":"<p>Krisberedskap Vi har under denna mandatperiod sett ett \u00f6kat arbete kring krisberedskap och \u00e5teruppbyggandet av totalf\u00f6rsvaret vi har d\u00e4rf\u00f6r inlett samarbeten med Mj\u00f6lby ang\u00e5ende Krisberedskap och s\u00e4kerhet, samt inom R\u00e4ddningstj\u00e4nsten. Vi tror att det arbetet kommer \u00f6ka mycket fram\u00f6ver som en f\u00f6ljd av det \u00e4ndrade s\u00e4kerhetspolitiska l\u00e4get i Europa. Vi st\u00e5r redo att ta ansvar <a class=\"read-more-link\" href=\"https:\/\/wp.kristdemokraterna.se\/odeshog\/kd-gor-skillnad\/service\/\">Read More<\/a><\/p>\n","protected":false},"author":747,"featured_media":0,"parent":830,"menu_order":0,"comment_status":"closed","ping_status":"closed","template":"","meta":{"_acf_changed":false,"footnotes":""},"class_list":["post-855","page","type-page","status-publish","hentry"],"acf":[],"yoast_head":"<!-- This site is optimized with the Yoast SEO plugin v27.4 - https:\/\/yoast.com\/product\/yoast-seo-wordpress\/ -->\n<title>Service - \u00d6desh\u00f6g<\/title>\n<meta name=\"robots\" content=\"index, follow, max-snippet:-1, max-image-preview:large, max-video-preview:-1\" \/>\n<link rel=\"canonical\" href=\"https:\/\/wp.kristdemokraterna.se\/odeshog\/kd-gor-skillnad\/service\/\" \/>\n<meta property=\"og:locale\" content=\"sv_SE\" \/>\n<meta property=\"og:type\" content=\"article\" \/>\n<meta property=\"og:title\" content=\"Service - \u00d6desh\u00f6g\" \/>\n<meta property=\"og:description\" content=\"Krisberedskap Vi har under denna mandatperiod sett ett \u00f6kat arbete kring krisberedskap och \u00e5teruppbyggandet av totalf\u00f6rsvaret vi har d\u00e4rf\u00f6r inlett samarbeten med Mj\u00f6lby ang\u00e5ende Krisberedskap och s\u00e4kerhet, samt inom R\u00e4ddningstj\u00e4nsten. Vi tror att det arbetet kommer \u00f6ka mycket fram\u00f6ver som en f\u00f6ljd av det \u00e4ndrade s\u00e4kerhetspolitiska l\u00e4get i Europa. Vi st\u00e5r redo att ta ansvar Read More\" \/>\n<meta property=\"og:url\" content=\"https:\/\/wp.kristdemokraterna.se\/odeshog\/kd-gor-skillnad\/service\/\" \/>\n<meta property=\"og:site_name\" content=\"\u00d6desh\u00f6g\" \/>\n<meta property=\"article:modified_time\" content=\"2022-05-16T08:51:31+00:00\" \/>\n<meta name=\"twitter:card\" content=\"summary_large_image\" \/>\n<meta name=\"twitter:label1\" content=\"Ber\u00e4knad l\u00e4stid\" \/>\n\t<meta name=\"twitter:data1\" content=\"2 minuter\" \/>\n<script type=\"application\/ld+json\" class=\"yoast-schema-graph\">{\"@context\":\"https:\\\/\\\/schema.org\",\"@graph\":[{\"@type\":\"WebPage\",\"@id\":\"https:\\\/\\\/wp.kristdemokraterna.se\\\/odeshog\\\/kd-gor-skillnad\\\/service\\\/\",\"url\":\"https:\\\/\\\/wp.kristdemokraterna.se\\\/odeshog\\\/kd-gor-skillnad\\\/service\\\/\",\"name\":\"Service - \u00d6desh\u00f6g\",\"isPartOf\":{\"@id\":\"https:\\\/\\\/wp.kristdemokraterna.se\\\/odeshog\\\/#website\"},\"datePublished\":\"2022-05-15T09:23:19+00:00\",\"dateModified\":\"2022-05-16T08:51:31+00:00\",\"breadcrumb\":{\"@id\":\"https:\\\/\\\/wp.kristdemokraterna.se\\\/odeshog\\\/kd-gor-skillnad\\\/service\\\/#breadcrumb\"},\"inLanguage\":\"sv-SE\",\"potentialAction\":[{\"@type\":\"ReadAction\",\"target\":[\"https:\\\/\\\/wp.kristdemokraterna.se\\\/odeshog\\\/kd-gor-skillnad\\\/service\\\/\"]}]},{\"@type\":\"BreadcrumbList\",\"@id\":\"https:\\\/\\\/wp.kristdemokraterna.se\\\/odeshog\\\/kd-gor-skillnad\\\/service\\\/#breadcrumb\",\"itemListElement\":[{\"@type\":\"ListItem\",\"position\":1,\"name\":\"Hem\",\"item\":\"https:\\\/\\\/wp.kristdemokraterna.se\\\/odeshog\\\/\"},{\"@type\":\"ListItem\",\"position\":2,\"name\":\"KD g\u00f6r skillnad\",\"item\":\"https:\\\/\\\/wp.kristdemokraterna.se\\\/odeshog\\\/kd-gor-skillnad\\\/\"},{\"@type\":\"ListItem\",\"position\":3,\"name\":\"Service\"}]},{\"@type\":\"WebSite\",\"@id\":\"https:\\\/\\\/wp.kristdemokraterna.se\\\/odeshog\\\/#website\",\"url\":\"https:\\\/\\\/wp.kristdemokraterna.se\\\/odeshog\\\/\",\"name\":\"\u00d6desh\u00f6g\",\"description\":\"En till Kristdemokraterna webbplats\",\"inLanguage\":\"sv-SE\"}]}<\/script>\n<!-- \/ Yoast SEO plugin. -->","yoast_head_json":{"title":"Service - \u00d6desh\u00f6g","robots":{"index":"index","follow":"follow","max-snippet":"max-snippet:-1","max-image-preview":"max-image-preview:large","max-video-preview":"max-video-preview:-1"},"canonical":"https:\/\/wp.kristdemokraterna.se\/odeshog\/kd-gor-skillnad\/service\/","og_locale":"sv_SE","og_type":"article","og_title":"Service - \u00d6desh\u00f6g","og_description":"Krisberedskap Vi har under denna mandatperiod sett ett \u00f6kat arbete kring krisberedskap och \u00e5teruppbyggandet av totalf\u00f6rsvaret vi har d\u00e4rf\u00f6r inlett samarbeten med Mj\u00f6lby ang\u00e5ende Krisberedskap och s\u00e4kerhet, samt inom R\u00e4ddningstj\u00e4nsten. Vi tror att det arbetet kommer \u00f6ka mycket fram\u00f6ver som en f\u00f6ljd av det \u00e4ndrade s\u00e4kerhetspolitiska l\u00e4get i Europa. Vi st\u00e5r redo att ta ansvar Read More","og_url":"https:\/\/wp.kristdemokraterna.se\/odeshog\/kd-gor-skillnad\/service\/","og_site_name":"\u00d6desh\u00f6g","article_modified_time":"2022-05-16T08:51:31+00:00","twitter_card":"summary_large_image","twitter_misc":{"Ber\u00e4knad l\u00e4stid":"2 minuter"},"schema":{"@context":"https:\/\/schema.org","@graph":[{"@type":"WebPage","@id":"https:\/\/wp.kristdemokraterna.se\/odeshog\/kd-gor-skillnad\/service\/","url":"https:\/\/wp.kristdemokraterna.se\/odeshog\/kd-gor-skillnad\/service\/","name":"Service - \u00d6desh\u00f6g","isPartOf":{"@id":"https:\/\/wp.kristdemokraterna.se\/odeshog\/#website"},"datePublished":"2022-05-15T09:23:19+00:00","dateModified":"2022-05-16T08:51:31+00:00","breadcrumb":{"@id":"https:\/\/wp.kristdemokraterna.se\/odeshog\/kd-gor-skillnad\/service\/#breadcrumb"},"inLanguage":"sv-SE","potentialAction":[{"@type":"ReadAction","target":["https:\/\/wp.kristdemokraterna.se\/odeshog\/kd-gor-skillnad\/service\/"]}]},{"@type":"BreadcrumbList","@id":"https:\/\/wp.kristdemokraterna.se\/odeshog\/kd-gor-skillnad\/service\/#breadcrumb","itemListElement":[{"@type":"ListItem","position":1,"name":"Hem","item":"https:\/\/wp.kristdemokraterna.se\/odeshog\/"},{"@type":"ListItem","position":2,"name":"KD g\u00f6r skillnad","item":"https:\/\/wp.kristdemokraterna.se\/odeshog\/kd-gor-skillnad\/"},{"@type":"ListItem","position":3,"name":"Service"}]},{"@type":"WebSite","@id":"https:\/\/wp.kristdemokraterna.se\/odeshog\/#website","url":"https:\/\/wp.kristdemokraterna.se\/odeshog\/","name":"\u00d6desh\u00f6g","description":"En till Kristdemokraterna webbplats","inLanguage":"sv-SE"}]}},"_links":{"self":[{"href":"https:\/\/wp.kristdemokraterna.se\/odeshog\/wp-json\/wp\/v2\/pages\/855","targetHints":{"allow":["GET"]}}],"collection":[{"href":"https:\/\/wp.kristdemokraterna.se\/odeshog\/wp-json\/wp\/v2\/pages"}],"about":[{"href":"https:\/\/wp.kristdemokraterna.se\/odeshog\/wp-json\/wp\/v2\/types\/page"}],"author":[{"embeddable":true,"href":"https:\/\/wp.kristdemokraterna.se\/odeshog\/wp-json\/wp\/v2\/users\/747"}],"replies":[{"embeddable":true,"href":"https:\/\/wp.kristdemokraterna.se\/odeshog\/wp-json\/wp\/v2\/comments?post=855"}],"version-history":[{"count":4,"href":"https:\/\/wp.kristdemokraterna.se\/odeshog\/wp-json\/wp\/v2\/pages\/855\/revisions"}],"predecessor-version":[{"id":898,"href":"https:\/\/wp.kristdemokraterna.se\/odeshog\/wp-json\/wp\/v2\/pages\/855\/revisions\/898"}],"up":[{"embeddable":true,"href":"https:\/\/wp.kristdemokraterna.se\/odeshog\/wp-json\/wp\/v2\/pages\/830"}],"wp:attachment":[{"href":"https:\/\/wp.kristdemokraterna.se\/odeshog\/wp-json\/wp\/v2\/media?parent=855"}],"curies":[{"name":"wp","href":"https:\/\/api.w.org\/{rel}","templated":true}]}}