{"id":857,"date":"2022-05-15T11:23:52","date_gmt":"2022-05-15T09:23:52","guid":{"rendered":"https:\/\/wp.kristdemokraterna.se\/odeshog\/?page_id=857"},"modified":"2022-05-16T10:54:54","modified_gmt":"2022-05-16T08:54:54","slug":"tillvaxt-och-utveckling","status":"publish","type":"page","link":"https:\/\/wp.kristdemokraterna.se\/odeshog\/kd-gor-skillnad\/tillvaxt-och-utveckling\/","title":{"rendered":"Tillv\u00e4xt och utveckling"},"content":{"rendered":"<p>Varf\u00f6r \u00e4r det viktigt med tillv\u00e4xt? Detta kommer att ha betydelse f\u00f6r \u00d6desh\u00f6gs kommuns fortsatta sj\u00e4lvst\u00e4ndighet som kommun. Kugghjulen m\u00e5ste g\u00e5 i varandra; en \u00f6kad befolkning ger m\u00f6jlighet till \u00f6kad service i form av handel, det ger ocks\u00e5 v\u00e5ra f\u00f6retagare m\u00f6jlighet till arbetskraft och kompetensf\u00f6rs\u00f6rjning, det ger ocks\u00e5 v\u00e5ra f\u00f6reningar ett st\u00f6rre underlag f\u00f6r verksamhet och engagemang. Detta tillsammans ger \u00f6kade int\u00e4kter f\u00f6r framtida kommunal service. Det \u00e4r helt enkelt sj\u00e4lvklart f\u00f6r oss i KD att arbeta f\u00f6r tillv\u00e4xt och utveckling i \u00d6desh\u00f6g!<\/p>\n","protected":false},"excerpt":{"rendered":"<p>Varf\u00f6r \u00e4r det viktigt med tillv\u00e4xt? Detta kommer att ha betydelse f\u00f6r \u00d6desh\u00f6gs kommuns fortsatta sj\u00e4lvst\u00e4ndighet som kommun. Kugghjulen m\u00e5ste g\u00e5 i varandra; en \u00f6kad befolkning ger m\u00f6jlighet till \u00f6kad service i form av handel, det ger ocks\u00e5 v\u00e5ra f\u00f6retagare m\u00f6jlighet till arbetskraft och kompetensf\u00f6rs\u00f6rjning, det ger ocks\u00e5 v\u00e5ra f\u00f6reningar ett st\u00f6rre underlag f\u00f6r verksamhet <a class=\"read-more-link\" href=\"https:\/\/wp.kristdemokraterna.se\/odeshog\/kd-gor-skillnad\/tillvaxt-och-utveckling\/\">Read More<\/a><\/p>\n","protected":false},"author":747,"featured_media":0,"parent":830,"menu_order":0,"comment_status":"closed","ping_status":"closed","template":"","meta":{"_acf_changed":false,"footnotes":""},"class_list":["post-857","page","type-page","status-publish","hentry"],"acf":[],"yoast_head":"<!-- This site is optimized with the Yoast SEO plugin v27.4 - https:\/\/yoast.com\/product\/yoast-seo-wordpress\/ -->\n<title>Tillv\u00e4xt och utveckling - \u00d6desh\u00f6g<\/title>\n<meta name=\"robots\" content=\"index, follow, max-snippet:-1, max-image-preview:large, max-video-preview:-1\" \/>\n<link rel=\"canonical\" href=\"https:\/\/wp.kristdemokraterna.se\/odeshog\/kd-gor-skillnad\/tillvaxt-och-utveckling\/\" \/>\n<meta property=\"og:locale\" content=\"sv_SE\" \/>\n<meta property=\"og:type\" content=\"article\" \/>\n<meta property=\"og:title\" content=\"Tillv\u00e4xt och utveckling - \u00d6desh\u00f6g\" \/>\n<meta property=\"og:description\" content=\"Varf\u00f6r \u00e4r det viktigt med tillv\u00e4xt? Detta kommer att ha betydelse f\u00f6r \u00d6desh\u00f6gs kommuns fortsatta sj\u00e4lvst\u00e4ndighet som kommun. Kugghjulen m\u00e5ste g\u00e5 i varandra; en \u00f6kad befolkning ger m\u00f6jlighet till \u00f6kad service i form av handel, det ger ocks\u00e5 v\u00e5ra f\u00f6retagare m\u00f6jlighet till arbetskraft och kompetensf\u00f6rs\u00f6rjning, det ger ocks\u00e5 v\u00e5ra f\u00f6reningar ett st\u00f6rre underlag f\u00f6r verksamhet Read More\" \/>\n<meta property=\"og:url\" content=\"https:\/\/wp.kristdemokraterna.se\/odeshog\/kd-gor-skillnad\/tillvaxt-och-utveckling\/\" \/>\n<meta property=\"og:site_name\" content=\"\u00d6desh\u00f6g\" \/>\n<meta property=\"article:modified_time\" content=\"2022-05-16T08:54:54+00:00\" \/>\n<meta name=\"twitter:card\" content=\"summary_large_image\" \/>\n<meta name=\"twitter:label1\" content=\"Ber\u00e4knad l\u00e4stid\" \/>\n\t<meta name=\"twitter:data1\" content=\"1 minut\" \/>\n<script type=\"application\/ld+json\" class=\"yoast-schema-graph\">{\"@context\":\"https:\\\/\\\/schema.org\",\"@graph\":[{\"@type\":\"WebPage\",\"@id\":\"https:\\\/\\\/wp.kristdemokraterna.se\\\/odeshog\\\/kd-gor-skillnad\\\/tillvaxt-och-utveckling\\\/\",\"url\":\"https:\\\/\\\/wp.kristdemokraterna.se\\\/odeshog\\\/kd-gor-skillnad\\\/tillvaxt-och-utveckling\\\/\",\"name\":\"Tillv\u00e4xt och utveckling - \u00d6desh\u00f6g\",\"isPartOf\":{\"@id\":\"https:\\\/\\\/wp.kristdemokraterna.se\\\/odeshog\\\/#website\"},\"datePublished\":\"2022-05-15T09:23:52+00:00\",\"dateModified\":\"2022-05-16T08:54:54+00:00\",\"breadcrumb\":{\"@id\":\"https:\\\/\\\/wp.kristdemokraterna.se\\\/odeshog\\\/kd-gor-skillnad\\\/tillvaxt-och-utveckling\\\/#breadcrumb\"},\"inLanguage\":\"sv-SE\",\"potentialAction\":[{\"@type\":\"ReadAction\",\"target\":[\"https:\\\/\\\/wp.kristdemokraterna.se\\\/odeshog\\\/kd-gor-skillnad\\\/tillvaxt-och-utveckling\\\/\"]}]},{\"@type\":\"BreadcrumbList\",\"@id\":\"https:\\\/\\\/wp.kristdemokraterna.se\\\/odeshog\\\/kd-gor-skillnad\\\/tillvaxt-och-utveckling\\\/#breadcrumb\",\"itemListElement\":[{\"@type\":\"ListItem\",\"position\":1,\"name\":\"Hem\",\"item\":\"https:\\\/\\\/wp.kristdemokraterna.se\\\/odeshog\\\/\"},{\"@type\":\"ListItem\",\"position\":2,\"name\":\"KD g\u00f6r skillnad\",\"item\":\"https:\\\/\\\/wp.kristdemokraterna.se\\\/odeshog\\\/kd-gor-skillnad\\\/\"},{\"@type\":\"ListItem\",\"position\":3,\"name\":\"Tillv\u00e4xt och utveckling\"}]},{\"@type\":\"WebSite\",\"@id\":\"https:\\\/\\\/wp.kristdemokraterna.se\\\/odeshog\\\/#website\",\"url\":\"https:\\\/\\\/wp.kristdemokraterna.se\\\/odeshog\\\/\",\"name\":\"\u00d6desh\u00f6g\",\"description\":\"En till Kristdemokraterna webbplats\",\"inLanguage\":\"sv-SE\"}]}<\/script>\n<!-- \/ Yoast SEO plugin. -->","yoast_head_json":{"title":"Tillv\u00e4xt och utveckling - \u00d6desh\u00f6g","robots":{"index":"index","follow":"follow","max-snippet":"max-snippet:-1","max-image-preview":"max-image-preview:large","max-video-preview":"max-video-preview:-1"},"canonical":"https:\/\/wp.kristdemokraterna.se\/odeshog\/kd-gor-skillnad\/tillvaxt-och-utveckling\/","og_locale":"sv_SE","og_type":"article","og_title":"Tillv\u00e4xt och utveckling - \u00d6desh\u00f6g","og_description":"Varf\u00f6r \u00e4r det viktigt med tillv\u00e4xt? Detta kommer att ha betydelse f\u00f6r \u00d6desh\u00f6gs kommuns fortsatta sj\u00e4lvst\u00e4ndighet som kommun. Kugghjulen m\u00e5ste g\u00e5 i varandra; en \u00f6kad befolkning ger m\u00f6jlighet till \u00f6kad service i form av handel, det ger ocks\u00e5 v\u00e5ra f\u00f6retagare m\u00f6jlighet till arbetskraft och kompetensf\u00f6rs\u00f6rjning, det ger ocks\u00e5 v\u00e5ra f\u00f6reningar ett st\u00f6rre underlag f\u00f6r verksamhet Read More","og_url":"https:\/\/wp.kristdemokraterna.se\/odeshog\/kd-gor-skillnad\/tillvaxt-och-utveckling\/","og_site_name":"\u00d6desh\u00f6g","article_modified_time":"2022-05-16T08:54:54+00:00","twitter_card":"summary_large_image","twitter_misc":{"Ber\u00e4knad l\u00e4stid":"1 minut"},"schema":{"@context":"https:\/\/schema.org","@graph":[{"@type":"WebPage","@id":"https:\/\/wp.kristdemokraterna.se\/odeshog\/kd-gor-skillnad\/tillvaxt-och-utveckling\/","url":"https:\/\/wp.kristdemokraterna.se\/odeshog\/kd-gor-skillnad\/tillvaxt-och-utveckling\/","name":"Tillv\u00e4xt och utveckling - \u00d6desh\u00f6g","isPartOf":{"@id":"https:\/\/wp.kristdemokraterna.se\/odeshog\/#website"},"datePublished":"2022-05-15T09:23:52+00:00","dateModified":"2022-05-16T08:54:54+00:00","breadcrumb":{"@id":"https:\/\/wp.kristdemokraterna.se\/odeshog\/kd-gor-skillnad\/tillvaxt-och-utveckling\/#breadcrumb"},"inLanguage":"sv-SE","potentialAction":[{"@type":"ReadAction","target":["https:\/\/wp.kristdemokraterna.se\/odeshog\/kd-gor-skillnad\/tillvaxt-och-utveckling\/"]}]},{"@type":"BreadcrumbList","@id":"https:\/\/wp.kristdemokraterna.se\/odeshog\/kd-gor-skillnad\/tillvaxt-och-utveckling\/#breadcrumb","itemListElement":[{"@type":"ListItem","position":1,"name":"Hem","item":"https:\/\/wp.kristdemokraterna.se\/odeshog\/"},{"@type":"ListItem","position":2,"name":"KD g\u00f6r skillnad","item":"https:\/\/wp.kristdemokraterna.se\/odeshog\/kd-gor-skillnad\/"},{"@type":"ListItem","position":3,"name":"Tillv\u00e4xt och utveckling"}]},{"@type":"WebSite","@id":"https:\/\/wp.kristdemokraterna.se\/odeshog\/#website","url":"https:\/\/wp.kristdemokraterna.se\/odeshog\/","name":"\u00d6desh\u00f6g","description":"En till Kristdemokraterna webbplats","inLanguage":"sv-SE"}]}},"_links":{"self":[{"href":"https:\/\/wp.kristdemokraterna.se\/odeshog\/wp-json\/wp\/v2\/pages\/857","targetHints":{"allow":["GET"]}}],"collection":[{"href":"https:\/\/wp.kristdemokraterna.se\/odeshog\/wp-json\/wp\/v2\/pages"}],"about":[{"href":"https:\/\/wp.kristdemokraterna.se\/odeshog\/wp-json\/wp\/v2\/types\/page"}],"author":[{"embeddable":true,"href":"https:\/\/wp.kristdemokraterna.se\/odeshog\/wp-json\/wp\/v2\/users\/747"}],"replies":[{"embeddable":true,"href":"https:\/\/wp.kristdemokraterna.se\/odeshog\/wp-json\/wp\/v2\/comments?post=857"}],"version-history":[{"count":2,"href":"https:\/\/wp.kristdemokraterna.se\/odeshog\/wp-json\/wp\/v2\/pages\/857\/revisions"}],"predecessor-version":[{"id":900,"href":"https:\/\/wp.kristdemokraterna.se\/odeshog\/wp-json\/wp\/v2\/pages\/857\/revisions\/900"}],"up":[{"embeddable":true,"href":"https:\/\/wp.kristdemokraterna.se\/odeshog\/wp-json\/wp\/v2\/pages\/830"}],"wp:attachment":[{"href":"https:\/\/wp.kristdemokraterna.se\/odeshog\/wp-json\/wp\/v2\/media?parent=857"}],"curies":[{"name":"wp","href":"https:\/\/api.w.org\/{rel}","templated":true}]}}