{"id":870,"date":"2022-05-16T10:20:33","date_gmt":"2022-05-16T08:20:33","guid":{"rendered":"https:\/\/wp.kristdemokraterna.se\/odeshog\/?page_id=870"},"modified":"2022-05-16T14:31:37","modified_gmt":"2022-05-16T12:31:37","slug":"skola","status":"publish","type":"page","link":"https:\/\/wp.kristdemokraterna.se\/odeshog\/kd-gor-skillnad\/barn-och-unga\/skola\/","title":{"rendered":"Skola"},"content":{"rendered":"<p><b>F\u00f6rst\u00e4rkt budgetram till skolan<\/b><\/p>\n<p><span style=\"font-weight: 400\">Vi har under fler \u00e5r sett ett \u00f6kat behov av st\u00f6d till barn med s\u00e4rskilda behov och d\u00e4rf\u00f6r st\u00e4rktes barn- och utbildningsn\u00e4mndens budgetram i 2022 \u00e5rs budget med 2 milj. Ytterligare f\u00f6rst\u00e4rkningar f\u00f6resl\u00e5s att g\u00f6ras under \u00e5ret f\u00f6r att st\u00e4rka skolans arbete ytterligare och underl\u00e4tta under tid f\u00f6r ombyggnation. <\/span><\/p>\n","protected":false},"excerpt":{"rendered":"<p>F\u00f6rst\u00e4rkt budgetram till skolan Vi har under fler \u00e5r sett ett \u00f6kat behov av st\u00f6d till barn med s\u00e4rskilda behov och d\u00e4rf\u00f6r st\u00e4rktes barn- och utbildningsn\u00e4mndens budgetram i 2022 \u00e5rs budget med 2 milj. Ytterligare f\u00f6rst\u00e4rkningar f\u00f6resl\u00e5s att g\u00f6ras under \u00e5ret f\u00f6r att st\u00e4rka skolans arbete ytterligare och underl\u00e4tta under tid f\u00f6r ombyggnation.<\/p>\n","protected":false},"author":747,"featured_media":0,"parent":853,"menu_order":0,"comment_status":"closed","ping_status":"closed","template":"","meta":{"_acf_changed":false,"footnotes":""},"class_list":["post-870","page","type-page","status-publish","hentry"],"acf":[],"yoast_head":"<!-- This site is optimized with the Yoast SEO plugin v27.4 - https:\/\/yoast.com\/product\/yoast-seo-wordpress\/ -->\n<title>Skola - \u00d6desh\u00f6g<\/title>\n<meta name=\"robots\" content=\"index, follow, max-snippet:-1, max-image-preview:large, max-video-preview:-1\" \/>\n<link rel=\"canonical\" href=\"https:\/\/wp.kristdemokraterna.se\/odeshog\/kd-gor-skillnad\/barn-och-unga\/skola\/\" \/>\n<meta property=\"og:locale\" content=\"sv_SE\" \/>\n<meta property=\"og:type\" content=\"article\" \/>\n<meta property=\"og:title\" content=\"Skola - \u00d6desh\u00f6g\" \/>\n<meta property=\"og:description\" content=\"F\u00f6rst\u00e4rkt budgetram till skolan Vi har under fler \u00e5r sett ett \u00f6kat behov av st\u00f6d till barn med s\u00e4rskilda behov och d\u00e4rf\u00f6r st\u00e4rktes barn- och utbildningsn\u00e4mndens budgetram i 2022 \u00e5rs budget med 2 milj. Ytterligare f\u00f6rst\u00e4rkningar f\u00f6resl\u00e5s att g\u00f6ras under \u00e5ret f\u00f6r att st\u00e4rka skolans arbete ytterligare och underl\u00e4tta under tid f\u00f6r ombyggnation.\" \/>\n<meta property=\"og:url\" content=\"https:\/\/wp.kristdemokraterna.se\/odeshog\/kd-gor-skillnad\/barn-och-unga\/skola\/\" \/>\n<meta property=\"og:site_name\" content=\"\u00d6desh\u00f6g\" \/>\n<meta property=\"article:modified_time\" content=\"2022-05-16T12:31:37+00:00\" \/>\n<meta name=\"twitter:card\" content=\"summary_large_image\" \/>\n<script type=\"application\/ld+json\" class=\"yoast-schema-graph\">{\"@context\":\"https:\\\/\\\/schema.org\",\"@graph\":[{\"@type\":\"WebPage\",\"@id\":\"https:\\\/\\\/wp.kristdemokraterna.se\\\/odeshog\\\/kd-gor-skillnad\\\/barn-och-unga\\\/skola\\\/\",\"url\":\"https:\\\/\\\/wp.kristdemokraterna.se\\\/odeshog\\\/kd-gor-skillnad\\\/barn-och-unga\\\/skola\\\/\",\"name\":\"Skola - \u00d6desh\u00f6g\",\"isPartOf\":{\"@id\":\"https:\\\/\\\/wp.kristdemokraterna.se\\\/odeshog\\\/#website\"},\"datePublished\":\"2022-05-16T08:20:33+00:00\",\"dateModified\":\"2022-05-16T12:31:37+00:00\",\"breadcrumb\":{\"@id\":\"https:\\\/\\\/wp.kristdemokraterna.se\\\/odeshog\\\/kd-gor-skillnad\\\/barn-och-unga\\\/skola\\\/#breadcrumb\"},\"inLanguage\":\"sv-SE\",\"potentialAction\":[{\"@type\":\"ReadAction\",\"target\":[\"https:\\\/\\\/wp.kristdemokraterna.se\\\/odeshog\\\/kd-gor-skillnad\\\/barn-och-unga\\\/skola\\\/\"]}]},{\"@type\":\"BreadcrumbList\",\"@id\":\"https:\\\/\\\/wp.kristdemokraterna.se\\\/odeshog\\\/kd-gor-skillnad\\\/barn-och-unga\\\/skola\\\/#breadcrumb\",\"itemListElement\":[{\"@type\":\"ListItem\",\"position\":1,\"name\":\"Hem\",\"item\":\"https:\\\/\\\/wp.kristdemokraterna.se\\\/odeshog\\\/\"},{\"@type\":\"ListItem\",\"position\":2,\"name\":\"KD g\u00f6r skillnad\",\"item\":\"https:\\\/\\\/wp.kristdemokraterna.se\\\/odeshog\\\/kd-gor-skillnad\\\/\"},{\"@type\":\"ListItem\",\"position\":3,\"name\":\"Barn och Unga\",\"item\":\"https:\\\/\\\/wp.kristdemokraterna.se\\\/odeshog\\\/kd-gor-skillnad\\\/barn-och-unga\\\/\"},{\"@type\":\"ListItem\",\"position\":4,\"name\":\"Skola\"}]},{\"@type\":\"WebSite\",\"@id\":\"https:\\\/\\\/wp.kristdemokraterna.se\\\/odeshog\\\/#website\",\"url\":\"https:\\\/\\\/wp.kristdemokraterna.se\\\/odeshog\\\/\",\"name\":\"\u00d6desh\u00f6g\",\"description\":\"En till Kristdemokraterna webbplats\",\"inLanguage\":\"sv-SE\"}]}<\/script>\n<!-- \/ Yoast SEO plugin. -->","yoast_head_json":{"title":"Skola - \u00d6desh\u00f6g","robots":{"index":"index","follow":"follow","max-snippet":"max-snippet:-1","max-image-preview":"max-image-preview:large","max-video-preview":"max-video-preview:-1"},"canonical":"https:\/\/wp.kristdemokraterna.se\/odeshog\/kd-gor-skillnad\/barn-och-unga\/skola\/","og_locale":"sv_SE","og_type":"article","og_title":"Skola - \u00d6desh\u00f6g","og_description":"F\u00f6rst\u00e4rkt budgetram till skolan Vi har under fler \u00e5r sett ett \u00f6kat behov av st\u00f6d till barn med s\u00e4rskilda behov och d\u00e4rf\u00f6r st\u00e4rktes barn- och utbildningsn\u00e4mndens budgetram i 2022 \u00e5rs budget med 2 milj. Ytterligare f\u00f6rst\u00e4rkningar f\u00f6resl\u00e5s att g\u00f6ras under \u00e5ret f\u00f6r att st\u00e4rka skolans arbete ytterligare och underl\u00e4tta under tid f\u00f6r ombyggnation.","og_url":"https:\/\/wp.kristdemokraterna.se\/odeshog\/kd-gor-skillnad\/barn-och-unga\/skola\/","og_site_name":"\u00d6desh\u00f6g","article_modified_time":"2022-05-16T12:31:37+00:00","twitter_card":"summary_large_image","schema":{"@context":"https:\/\/schema.org","@graph":[{"@type":"WebPage","@id":"https:\/\/wp.kristdemokraterna.se\/odeshog\/kd-gor-skillnad\/barn-och-unga\/skola\/","url":"https:\/\/wp.kristdemokraterna.se\/odeshog\/kd-gor-skillnad\/barn-och-unga\/skola\/","name":"Skola - \u00d6desh\u00f6g","isPartOf":{"@id":"https:\/\/wp.kristdemokraterna.se\/odeshog\/#website"},"datePublished":"2022-05-16T08:20:33+00:00","dateModified":"2022-05-16T12:31:37+00:00","breadcrumb":{"@id":"https:\/\/wp.kristdemokraterna.se\/odeshog\/kd-gor-skillnad\/barn-och-unga\/skola\/#breadcrumb"},"inLanguage":"sv-SE","potentialAction":[{"@type":"ReadAction","target":["https:\/\/wp.kristdemokraterna.se\/odeshog\/kd-gor-skillnad\/barn-och-unga\/skola\/"]}]},{"@type":"BreadcrumbList","@id":"https:\/\/wp.kristdemokraterna.se\/odeshog\/kd-gor-skillnad\/barn-och-unga\/skola\/#breadcrumb","itemListElement":[{"@type":"ListItem","position":1,"name":"Hem","item":"https:\/\/wp.kristdemokraterna.se\/odeshog\/"},{"@type":"ListItem","position":2,"name":"KD g\u00f6r skillnad","item":"https:\/\/wp.kristdemokraterna.se\/odeshog\/kd-gor-skillnad\/"},{"@type":"ListItem","position":3,"name":"Barn och Unga","item":"https:\/\/wp.kristdemokraterna.se\/odeshog\/kd-gor-skillnad\/barn-och-unga\/"},{"@type":"ListItem","position":4,"name":"Skola"}]},{"@type":"WebSite","@id":"https:\/\/wp.kristdemokraterna.se\/odeshog\/#website","url":"https:\/\/wp.kristdemokraterna.se\/odeshog\/","name":"\u00d6desh\u00f6g","description":"En till Kristdemokraterna webbplats","inLanguage":"sv-SE"}]}},"_links":{"self":[{"href":"https:\/\/wp.kristdemokraterna.se\/odeshog\/wp-json\/wp\/v2\/pages\/870","targetHints":{"allow":["GET"]}}],"collection":[{"href":"https:\/\/wp.kristdemokraterna.se\/odeshog\/wp-json\/wp\/v2\/pages"}],"about":[{"href":"https:\/\/wp.kristdemokraterna.se\/odeshog\/wp-json\/wp\/v2\/types\/page"}],"author":[{"embeddable":true,"href":"https:\/\/wp.kristdemokraterna.se\/odeshog\/wp-json\/wp\/v2\/users\/747"}],"replies":[{"embeddable":true,"href":"https:\/\/wp.kristdemokraterna.se\/odeshog\/wp-json\/wp\/v2\/comments?post=870"}],"version-history":[{"count":3,"href":"https:\/\/wp.kristdemokraterna.se\/odeshog\/wp-json\/wp\/v2\/pages\/870\/revisions"}],"predecessor-version":[{"id":914,"href":"https:\/\/wp.kristdemokraterna.se\/odeshog\/wp-json\/wp\/v2\/pages\/870\/revisions\/914"}],"up":[{"embeddable":true,"href":"https:\/\/wp.kristdemokraterna.se\/odeshog\/wp-json\/wp\/v2\/pages\/853"}],"wp:attachment":[{"href":"https:\/\/wp.kristdemokraterna.se\/odeshog\/wp-json\/wp\/v2\/media?parent=870"}],"curies":[{"name":"wp","href":"https:\/\/api.w.org\/{rel}","templated":true}]}}