{"id":874,"date":"2022-05-16T10:22:02","date_gmt":"2022-05-16T08:22:02","guid":{"rendered":"https:\/\/wp.kristdemokraterna.se\/odeshog\/?page_id=874"},"modified":"2022-05-16T14:33:53","modified_gmt":"2022-05-16T12:33:53","slug":"foreningar","status":"publish","type":"page","link":"https:\/\/wp.kristdemokraterna.se\/odeshog\/kd-gor-skillnad\/barn-och-unga\/foreningar\/","title":{"rendered":"F\u00f6reningar"},"content":{"rendered":"<p><span style=\"font-weight: 400\">F\u00f6r v\u00e5ra barn och unga \u00e4r det viktigt med en aktiv och meningsfull fritid. Vi vet att m\u00e5nga engagerar sig och jobbar h\u00e5rt f\u00f6r att f\u00e5 v\u00e5ra f\u00f6reningar att fungera och d\u00e4rf\u00f6r tillsatte vi en utredning i b\u00f6rjan av mandatperioden f\u00f6r att ta reda p\u00e5 hur kommunen b\u00e4st kan st\u00f6tta v\u00e5ra f\u00f6reningar. Det landade i att vi \u00f6kade b\u00e5de verksamhets- och anl\u00e4ggningsbidrag till v\u00e5ra barn- och ungdomsf\u00f6reningar<\/span><span style=\"font-weight: 400\">. Vi har ocks\u00e5 st\u00e4rkt upp n\u00e4r det g\u00e4ller investeringsbidrag som f\u00f6reningarna kan s\u00f6ka till sina anl\u00e4ggningar. Under covid-19 har f\u00f6reningarna kunnat s\u00f6ka extra st\u00f6dbidrag fr\u00e5n kommunen.<\/span><\/p>\n","protected":false},"excerpt":{"rendered":"<p>F\u00f6r v\u00e5ra barn och unga \u00e4r det viktigt med en aktiv och meningsfull fritid. Vi vet att m\u00e5nga engagerar sig och jobbar h\u00e5rt f\u00f6r att f\u00e5 v\u00e5ra f\u00f6reningar att fungera och d\u00e4rf\u00f6r tillsatte vi en utredning i b\u00f6rjan av mandatperioden f\u00f6r att ta reda p\u00e5 hur kommunen b\u00e4st kan st\u00f6tta v\u00e5ra f\u00f6reningar. Det landade i <a class=\"read-more-link\" href=\"https:\/\/wp.kristdemokraterna.se\/odeshog\/kd-gor-skillnad\/barn-och-unga\/foreningar\/\">Read More<\/a><\/p>\n","protected":false},"author":747,"featured_media":0,"parent":853,"menu_order":0,"comment_status":"closed","ping_status":"closed","template":"","meta":{"_acf_changed":false,"footnotes":""},"class_list":["post-874","page","type-page","status-publish","hentry"],"acf":[],"yoast_head":"<!-- This site is optimized with the Yoast SEO plugin v27.4 - https:\/\/yoast.com\/product\/yoast-seo-wordpress\/ -->\n<title>F\u00f6reningar - \u00d6desh\u00f6g<\/title>\n<meta name=\"robots\" content=\"index, follow, max-snippet:-1, max-image-preview:large, max-video-preview:-1\" \/>\n<link rel=\"canonical\" href=\"https:\/\/wp.kristdemokraterna.se\/odeshog\/kd-gor-skillnad\/barn-och-unga\/foreningar\/\" \/>\n<meta property=\"og:locale\" content=\"sv_SE\" \/>\n<meta property=\"og:type\" content=\"article\" \/>\n<meta property=\"og:title\" content=\"F\u00f6reningar - \u00d6desh\u00f6g\" \/>\n<meta property=\"og:description\" content=\"F\u00f6r v\u00e5ra barn och unga \u00e4r det viktigt med en aktiv och meningsfull fritid. Vi vet att m\u00e5nga engagerar sig och jobbar h\u00e5rt f\u00f6r att f\u00e5 v\u00e5ra f\u00f6reningar att fungera och d\u00e4rf\u00f6r tillsatte vi en utredning i b\u00f6rjan av mandatperioden f\u00f6r att ta reda p\u00e5 hur kommunen b\u00e4st kan st\u00f6tta v\u00e5ra f\u00f6reningar. Det landade i Read More\" \/>\n<meta property=\"og:url\" content=\"https:\/\/wp.kristdemokraterna.se\/odeshog\/kd-gor-skillnad\/barn-och-unga\/foreningar\/\" \/>\n<meta property=\"og:site_name\" content=\"\u00d6desh\u00f6g\" \/>\n<meta property=\"article:modified_time\" content=\"2022-05-16T12:33:53+00:00\" \/>\n<meta name=\"twitter:card\" content=\"summary_large_image\" \/>\n<meta name=\"twitter:label1\" content=\"Ber\u00e4knad l\u00e4stid\" \/>\n\t<meta name=\"twitter:data1\" content=\"1 minut\" \/>\n<script type=\"application\/ld+json\" class=\"yoast-schema-graph\">{\"@context\":\"https:\\\/\\\/schema.org\",\"@graph\":[{\"@type\":\"WebPage\",\"@id\":\"https:\\\/\\\/wp.kristdemokraterna.se\\\/odeshog\\\/kd-gor-skillnad\\\/barn-och-unga\\\/foreningar\\\/\",\"url\":\"https:\\\/\\\/wp.kristdemokraterna.se\\\/odeshog\\\/kd-gor-skillnad\\\/barn-och-unga\\\/foreningar\\\/\",\"name\":\"F\u00f6reningar - \u00d6desh\u00f6g\",\"isPartOf\":{\"@id\":\"https:\\\/\\\/wp.kristdemokraterna.se\\\/odeshog\\\/#website\"},\"datePublished\":\"2022-05-16T08:22:02+00:00\",\"dateModified\":\"2022-05-16T12:33:53+00:00\",\"breadcrumb\":{\"@id\":\"https:\\\/\\\/wp.kristdemokraterna.se\\\/odeshog\\\/kd-gor-skillnad\\\/barn-och-unga\\\/foreningar\\\/#breadcrumb\"},\"inLanguage\":\"sv-SE\",\"potentialAction\":[{\"@type\":\"ReadAction\",\"target\":[\"https:\\\/\\\/wp.kristdemokraterna.se\\\/odeshog\\\/kd-gor-skillnad\\\/barn-och-unga\\\/foreningar\\\/\"]}]},{\"@type\":\"BreadcrumbList\",\"@id\":\"https:\\\/\\\/wp.kristdemokraterna.se\\\/odeshog\\\/kd-gor-skillnad\\\/barn-och-unga\\\/foreningar\\\/#breadcrumb\",\"itemListElement\":[{\"@type\":\"ListItem\",\"position\":1,\"name\":\"Hem\",\"item\":\"https:\\\/\\\/wp.kristdemokraterna.se\\\/odeshog\\\/\"},{\"@type\":\"ListItem\",\"position\":2,\"name\":\"KD g\u00f6r skillnad\",\"item\":\"https:\\\/\\\/wp.kristdemokraterna.se\\\/odeshog\\\/kd-gor-skillnad\\\/\"},{\"@type\":\"ListItem\",\"position\":3,\"name\":\"Barn och Unga\",\"item\":\"https:\\\/\\\/wp.kristdemokraterna.se\\\/odeshog\\\/kd-gor-skillnad\\\/barn-och-unga\\\/\"},{\"@type\":\"ListItem\",\"position\":4,\"name\":\"F\u00f6reningar\"}]},{\"@type\":\"WebSite\",\"@id\":\"https:\\\/\\\/wp.kristdemokraterna.se\\\/odeshog\\\/#website\",\"url\":\"https:\\\/\\\/wp.kristdemokraterna.se\\\/odeshog\\\/\",\"name\":\"\u00d6desh\u00f6g\",\"description\":\"En till Kristdemokraterna webbplats\",\"inLanguage\":\"sv-SE\"}]}<\/script>\n<!-- \/ Yoast SEO plugin. -->","yoast_head_json":{"title":"F\u00f6reningar - \u00d6desh\u00f6g","robots":{"index":"index","follow":"follow","max-snippet":"max-snippet:-1","max-image-preview":"max-image-preview:large","max-video-preview":"max-video-preview:-1"},"canonical":"https:\/\/wp.kristdemokraterna.se\/odeshog\/kd-gor-skillnad\/barn-och-unga\/foreningar\/","og_locale":"sv_SE","og_type":"article","og_title":"F\u00f6reningar - \u00d6desh\u00f6g","og_description":"F\u00f6r v\u00e5ra barn och unga \u00e4r det viktigt med en aktiv och meningsfull fritid. Vi vet att m\u00e5nga engagerar sig och jobbar h\u00e5rt f\u00f6r att f\u00e5 v\u00e5ra f\u00f6reningar att fungera och d\u00e4rf\u00f6r tillsatte vi en utredning i b\u00f6rjan av mandatperioden f\u00f6r att ta reda p\u00e5 hur kommunen b\u00e4st kan st\u00f6tta v\u00e5ra f\u00f6reningar. Det landade i Read More","og_url":"https:\/\/wp.kristdemokraterna.se\/odeshog\/kd-gor-skillnad\/barn-och-unga\/foreningar\/","og_site_name":"\u00d6desh\u00f6g","article_modified_time":"2022-05-16T12:33:53+00:00","twitter_card":"summary_large_image","twitter_misc":{"Ber\u00e4knad l\u00e4stid":"1 minut"},"schema":{"@context":"https:\/\/schema.org","@graph":[{"@type":"WebPage","@id":"https:\/\/wp.kristdemokraterna.se\/odeshog\/kd-gor-skillnad\/barn-och-unga\/foreningar\/","url":"https:\/\/wp.kristdemokraterna.se\/odeshog\/kd-gor-skillnad\/barn-och-unga\/foreningar\/","name":"F\u00f6reningar - \u00d6desh\u00f6g","isPartOf":{"@id":"https:\/\/wp.kristdemokraterna.se\/odeshog\/#website"},"datePublished":"2022-05-16T08:22:02+00:00","dateModified":"2022-05-16T12:33:53+00:00","breadcrumb":{"@id":"https:\/\/wp.kristdemokraterna.se\/odeshog\/kd-gor-skillnad\/barn-och-unga\/foreningar\/#breadcrumb"},"inLanguage":"sv-SE","potentialAction":[{"@type":"ReadAction","target":["https:\/\/wp.kristdemokraterna.se\/odeshog\/kd-gor-skillnad\/barn-och-unga\/foreningar\/"]}]},{"@type":"BreadcrumbList","@id":"https:\/\/wp.kristdemokraterna.se\/odeshog\/kd-gor-skillnad\/barn-och-unga\/foreningar\/#breadcrumb","itemListElement":[{"@type":"ListItem","position":1,"name":"Hem","item":"https:\/\/wp.kristdemokraterna.se\/odeshog\/"},{"@type":"ListItem","position":2,"name":"KD g\u00f6r skillnad","item":"https:\/\/wp.kristdemokraterna.se\/odeshog\/kd-gor-skillnad\/"},{"@type":"ListItem","position":3,"name":"Barn och Unga","item":"https:\/\/wp.kristdemokraterna.se\/odeshog\/kd-gor-skillnad\/barn-och-unga\/"},{"@type":"ListItem","position":4,"name":"F\u00f6reningar"}]},{"@type":"WebSite","@id":"https:\/\/wp.kristdemokraterna.se\/odeshog\/#website","url":"https:\/\/wp.kristdemokraterna.se\/odeshog\/","name":"\u00d6desh\u00f6g","description":"En till Kristdemokraterna webbplats","inLanguage":"sv-SE"}]}},"_links":{"self":[{"href":"https:\/\/wp.kristdemokraterna.se\/odeshog\/wp-json\/wp\/v2\/pages\/874","targetHints":{"allow":["GET"]}}],"collection":[{"href":"https:\/\/wp.kristdemokraterna.se\/odeshog\/wp-json\/wp\/v2\/pages"}],"about":[{"href":"https:\/\/wp.kristdemokraterna.se\/odeshog\/wp-json\/wp\/v2\/types\/page"}],"author":[{"embeddable":true,"href":"https:\/\/wp.kristdemokraterna.se\/odeshog\/wp-json\/wp\/v2\/users\/747"}],"replies":[{"embeddable":true,"href":"https:\/\/wp.kristdemokraterna.se\/odeshog\/wp-json\/wp\/v2\/comments?post=874"}],"version-history":[{"count":2,"href":"https:\/\/wp.kristdemokraterna.se\/odeshog\/wp-json\/wp\/v2\/pages\/874\/revisions"}],"predecessor-version":[{"id":916,"href":"https:\/\/wp.kristdemokraterna.se\/odeshog\/wp-json\/wp\/v2\/pages\/874\/revisions\/916"}],"up":[{"embeddable":true,"href":"https:\/\/wp.kristdemokraterna.se\/odeshog\/wp-json\/wp\/v2\/pages\/853"}],"wp:attachment":[{"href":"https:\/\/wp.kristdemokraterna.se\/odeshog\/wp-json\/wp\/v2\/media?parent=874"}],"curies":[{"name":"wp","href":"https:\/\/api.w.org\/{rel}","templated":true}]}}