{"id":876,"date":"2022-05-16T10:22:30","date_gmt":"2022-05-16T08:22:30","guid":{"rendered":"https:\/\/wp.kristdemokraterna.se\/odeshog\/?page_id=876"},"modified":"2022-05-16T14:38:36","modified_gmt":"2022-05-16T12:38:36","slug":"lekplatser","status":"publish","type":"page","link":"https:\/\/wp.kristdemokraterna.se\/odeshog\/kd-gor-skillnad\/barn-och-unga\/lekplatser\/","title":{"rendered":"Lekplatser"},"content":{"rendered":"<p><span style=\"font-weight: 400\">Under senare \u00e5r har fler fina lekplatser iordningst\u00e4llts i kommunen. I \u00d6desh\u00f6gs t\u00e4tort finns det 5 <a href=\"https:\/\/www.odeshog.se\/upplevagora\/naturochfriluftsliv\/lekplatser.4.78ae827d1605526e94b61724.html\">lekplatser<\/a><\/span><span style=\"font-weight: 400\">. <\/span><span style=\"font-weight: 400\">De finns ocks\u00e5 fina lekparker i Treh\u00f6rna och i H\u00e4stholmen. Det ger v\u00e5ra barn och familjer m\u00f6jlighet till en aktiv och s\u00e4ker utemilj\u00f6. Vi har \u00e4ven upprustat badplatsen i H\u00e4stholmen och fler upprustningar av badplatser \u00e4r p\u00e5 g\u00e5ng under v\u00e5ren.<\/span><\/p>\n","protected":false},"excerpt":{"rendered":"<p>Under senare \u00e5r har fler fina lekplatser iordningst\u00e4llts i kommunen. I \u00d6desh\u00f6gs t\u00e4tort finns det 5 lekplatser. De finns ocks\u00e5 fina lekparker i Treh\u00f6rna och i H\u00e4stholmen. Det ger v\u00e5ra barn och familjer m\u00f6jlighet till en aktiv och s\u00e4ker utemilj\u00f6. Vi har \u00e4ven upprustat badplatsen i H\u00e4stholmen och fler upprustningar av badplatser \u00e4r p\u00e5 g\u00e5ng <a class=\"read-more-link\" href=\"https:\/\/wp.kristdemokraterna.se\/odeshog\/kd-gor-skillnad\/barn-och-unga\/lekplatser\/\">Read More<\/a><\/p>\n","protected":false},"author":747,"featured_media":0,"parent":853,"menu_order":0,"comment_status":"closed","ping_status":"closed","template":"","meta":{"_acf_changed":false,"footnotes":""},"class_list":["post-876","page","type-page","status-publish","hentry"],"acf":[],"yoast_head":"<!-- This site is optimized with the Yoast SEO plugin v27.4 - https:\/\/yoast.com\/product\/yoast-seo-wordpress\/ -->\n<title>Lekplatser - \u00d6desh\u00f6g<\/title>\n<meta name=\"robots\" content=\"index, follow, max-snippet:-1, max-image-preview:large, max-video-preview:-1\" \/>\n<link rel=\"canonical\" href=\"https:\/\/wp.kristdemokraterna.se\/odeshog\/kd-gor-skillnad\/barn-och-unga\/lekplatser\/\" \/>\n<meta property=\"og:locale\" content=\"sv_SE\" \/>\n<meta property=\"og:type\" content=\"article\" \/>\n<meta property=\"og:title\" content=\"Lekplatser - \u00d6desh\u00f6g\" \/>\n<meta property=\"og:description\" content=\"Under senare \u00e5r har fler fina lekplatser iordningst\u00e4llts i kommunen. I \u00d6desh\u00f6gs t\u00e4tort finns det 5 lekplatser. De finns ocks\u00e5 fina lekparker i Treh\u00f6rna och i H\u00e4stholmen. Det ger v\u00e5ra barn och familjer m\u00f6jlighet till en aktiv och s\u00e4ker utemilj\u00f6. Vi har \u00e4ven upprustat badplatsen i H\u00e4stholmen och fler upprustningar av badplatser \u00e4r p\u00e5 g\u00e5ng Read More\" \/>\n<meta property=\"og:url\" content=\"https:\/\/wp.kristdemokraterna.se\/odeshog\/kd-gor-skillnad\/barn-och-unga\/lekplatser\/\" \/>\n<meta property=\"og:site_name\" content=\"\u00d6desh\u00f6g\" \/>\n<meta property=\"article:modified_time\" content=\"2022-05-16T12:38:36+00:00\" \/>\n<meta name=\"twitter:card\" content=\"summary_large_image\" \/>\n<script type=\"application\/ld+json\" class=\"yoast-schema-graph\">{\"@context\":\"https:\\\/\\\/schema.org\",\"@graph\":[{\"@type\":\"WebPage\",\"@id\":\"https:\\\/\\\/wp.kristdemokraterna.se\\\/odeshog\\\/kd-gor-skillnad\\\/barn-och-unga\\\/lekplatser\\\/\",\"url\":\"https:\\\/\\\/wp.kristdemokraterna.se\\\/odeshog\\\/kd-gor-skillnad\\\/barn-och-unga\\\/lekplatser\\\/\",\"name\":\"Lekplatser - \u00d6desh\u00f6g\",\"isPartOf\":{\"@id\":\"https:\\\/\\\/wp.kristdemokraterna.se\\\/odeshog\\\/#website\"},\"datePublished\":\"2022-05-16T08:22:30+00:00\",\"dateModified\":\"2022-05-16T12:38:36+00:00\",\"breadcrumb\":{\"@id\":\"https:\\\/\\\/wp.kristdemokraterna.se\\\/odeshog\\\/kd-gor-skillnad\\\/barn-och-unga\\\/lekplatser\\\/#breadcrumb\"},\"inLanguage\":\"sv-SE\",\"potentialAction\":[{\"@type\":\"ReadAction\",\"target\":[\"https:\\\/\\\/wp.kristdemokraterna.se\\\/odeshog\\\/kd-gor-skillnad\\\/barn-och-unga\\\/lekplatser\\\/\"]}]},{\"@type\":\"BreadcrumbList\",\"@id\":\"https:\\\/\\\/wp.kristdemokraterna.se\\\/odeshog\\\/kd-gor-skillnad\\\/barn-och-unga\\\/lekplatser\\\/#breadcrumb\",\"itemListElement\":[{\"@type\":\"ListItem\",\"position\":1,\"name\":\"Hem\",\"item\":\"https:\\\/\\\/wp.kristdemokraterna.se\\\/odeshog\\\/\"},{\"@type\":\"ListItem\",\"position\":2,\"name\":\"KD g\u00f6r skillnad\",\"item\":\"https:\\\/\\\/wp.kristdemokraterna.se\\\/odeshog\\\/kd-gor-skillnad\\\/\"},{\"@type\":\"ListItem\",\"position\":3,\"name\":\"Barn och Unga\",\"item\":\"https:\\\/\\\/wp.kristdemokraterna.se\\\/odeshog\\\/kd-gor-skillnad\\\/barn-och-unga\\\/\"},{\"@type\":\"ListItem\",\"position\":4,\"name\":\"Lekplatser\"}]},{\"@type\":\"WebSite\",\"@id\":\"https:\\\/\\\/wp.kristdemokraterna.se\\\/odeshog\\\/#website\",\"url\":\"https:\\\/\\\/wp.kristdemokraterna.se\\\/odeshog\\\/\",\"name\":\"\u00d6desh\u00f6g\",\"description\":\"En till Kristdemokraterna webbplats\",\"inLanguage\":\"sv-SE\"}]}<\/script>\n<!-- \/ Yoast SEO plugin. -->","yoast_head_json":{"title":"Lekplatser - \u00d6desh\u00f6g","robots":{"index":"index","follow":"follow","max-snippet":"max-snippet:-1","max-image-preview":"max-image-preview:large","max-video-preview":"max-video-preview:-1"},"canonical":"https:\/\/wp.kristdemokraterna.se\/odeshog\/kd-gor-skillnad\/barn-och-unga\/lekplatser\/","og_locale":"sv_SE","og_type":"article","og_title":"Lekplatser - \u00d6desh\u00f6g","og_description":"Under senare \u00e5r har fler fina lekplatser iordningst\u00e4llts i kommunen. I \u00d6desh\u00f6gs t\u00e4tort finns det 5 lekplatser. De finns ocks\u00e5 fina lekparker i Treh\u00f6rna och i H\u00e4stholmen. Det ger v\u00e5ra barn och familjer m\u00f6jlighet till en aktiv och s\u00e4ker utemilj\u00f6. Vi har \u00e4ven upprustat badplatsen i H\u00e4stholmen och fler upprustningar av badplatser \u00e4r p\u00e5 g\u00e5ng Read More","og_url":"https:\/\/wp.kristdemokraterna.se\/odeshog\/kd-gor-skillnad\/barn-och-unga\/lekplatser\/","og_site_name":"\u00d6desh\u00f6g","article_modified_time":"2022-05-16T12:38:36+00:00","twitter_card":"summary_large_image","schema":{"@context":"https:\/\/schema.org","@graph":[{"@type":"WebPage","@id":"https:\/\/wp.kristdemokraterna.se\/odeshog\/kd-gor-skillnad\/barn-och-unga\/lekplatser\/","url":"https:\/\/wp.kristdemokraterna.se\/odeshog\/kd-gor-skillnad\/barn-och-unga\/lekplatser\/","name":"Lekplatser - \u00d6desh\u00f6g","isPartOf":{"@id":"https:\/\/wp.kristdemokraterna.se\/odeshog\/#website"},"datePublished":"2022-05-16T08:22:30+00:00","dateModified":"2022-05-16T12:38:36+00:00","breadcrumb":{"@id":"https:\/\/wp.kristdemokraterna.se\/odeshog\/kd-gor-skillnad\/barn-och-unga\/lekplatser\/#breadcrumb"},"inLanguage":"sv-SE","potentialAction":[{"@type":"ReadAction","target":["https:\/\/wp.kristdemokraterna.se\/odeshog\/kd-gor-skillnad\/barn-och-unga\/lekplatser\/"]}]},{"@type":"BreadcrumbList","@id":"https:\/\/wp.kristdemokraterna.se\/odeshog\/kd-gor-skillnad\/barn-och-unga\/lekplatser\/#breadcrumb","itemListElement":[{"@type":"ListItem","position":1,"name":"Hem","item":"https:\/\/wp.kristdemokraterna.se\/odeshog\/"},{"@type":"ListItem","position":2,"name":"KD g\u00f6r skillnad","item":"https:\/\/wp.kristdemokraterna.se\/odeshog\/kd-gor-skillnad\/"},{"@type":"ListItem","position":3,"name":"Barn och Unga","item":"https:\/\/wp.kristdemokraterna.se\/odeshog\/kd-gor-skillnad\/barn-och-unga\/"},{"@type":"ListItem","position":4,"name":"Lekplatser"}]},{"@type":"WebSite","@id":"https:\/\/wp.kristdemokraterna.se\/odeshog\/#website","url":"https:\/\/wp.kristdemokraterna.se\/odeshog\/","name":"\u00d6desh\u00f6g","description":"En till Kristdemokraterna webbplats","inLanguage":"sv-SE"}]}},"_links":{"self":[{"href":"https:\/\/wp.kristdemokraterna.se\/odeshog\/wp-json\/wp\/v2\/pages\/876","targetHints":{"allow":["GET"]}}],"collection":[{"href":"https:\/\/wp.kristdemokraterna.se\/odeshog\/wp-json\/wp\/v2\/pages"}],"about":[{"href":"https:\/\/wp.kristdemokraterna.se\/odeshog\/wp-json\/wp\/v2\/types\/page"}],"author":[{"embeddable":true,"href":"https:\/\/wp.kristdemokraterna.se\/odeshog\/wp-json\/wp\/v2\/users\/747"}],"replies":[{"embeddable":true,"href":"https:\/\/wp.kristdemokraterna.se\/odeshog\/wp-json\/wp\/v2\/comments?post=876"}],"version-history":[{"count":3,"href":"https:\/\/wp.kristdemokraterna.se\/odeshog\/wp-json\/wp\/v2\/pages\/876\/revisions"}],"predecessor-version":[{"id":918,"href":"https:\/\/wp.kristdemokraterna.se\/odeshog\/wp-json\/wp\/v2\/pages\/876\/revisions\/918"}],"up":[{"embeddable":true,"href":"https:\/\/wp.kristdemokraterna.se\/odeshog\/wp-json\/wp\/v2\/pages\/853"}],"wp:attachment":[{"href":"https:\/\/wp.kristdemokraterna.se\/odeshog\/wp-json\/wp\/v2\/media?parent=876"}],"curies":[{"name":"wp","href":"https:\/\/api.w.org\/{rel}","templated":true}]}}