{"id":878,"date":"2022-05-16T10:22:57","date_gmt":"2022-05-16T08:22:57","guid":{"rendered":"https:\/\/wp.kristdemokraterna.se\/odeshog\/?page_id=878"},"modified":"2022-05-16T14:24:42","modified_gmt":"2022-05-16T12:24:42","slug":"bostader","status":"publish","type":"page","link":"https:\/\/wp.kristdemokraterna.se\/odeshog\/kd-gor-skillnad\/tillvaxt-och-utveckling\/bostader\/","title":{"rendered":"Bost\u00e4der"},"content":{"rendered":"<p><b>Vi bygger f\u00f6r 6000 inv\u00e5nare<\/b><\/p>\n<p><span style=\"font-weight: 400\">Sedan 2014 har \u00d6desh\u00f6g sett en positiv befolkningsutveckling. D\u00e5 br\u00f6ts en ned\u00e5tg\u00e5ende trend som p\u00e5g\u00e5tt under 20 \u00e5r. Vad h\u00e4nde 2014? Jo det var f\u00f6rsta g\u00e5ngen p\u00e5 20 \u00e5r som det byggdes l\u00e4genheter i \u00d6desh\u00f6gs t\u00e4tort. Det blev till genom att ett l\u00e5ngsiktigt och m\u00e5lmedvetet arbete f\u00f6r att ta fram bost\u00e4der hade startat. Det tar tid fr\u00e5n det att mark tas fram till dess att det st\u00e5r bost\u00e4der p\u00e5 plats. Det h\u00e4r visar hur viktigt det \u00e4r att h\u00e5lla fast vid de l\u00e5ngsiktiga planer vi tagit fram f\u00f6r bostadsbyggande och inte ge efter f\u00f6r de som vill stoppa dem. Det vi f\u00f6rbereder nu f\u00e5r vi sk\u00f6rd p\u00e5 l\u00e4ngre fram. Handlar vi inte nu s\u00e5 f\u00e5r vi inte heller n\u00e5gon inflyttning l\u00e4ngre fram, vi st\u00e5r inte redo. Vi \u00e4r glada att kunna s\u00e4ga att \u00d6desh\u00f6g \u00e4r med nu n\u00e4r bostadsmarknaden \u00e4r het. Vi har tomter p\u00e5 grund av att vi arbetat aktivt med det under m\u00e5nga \u00e5r. Vi har ocks\u00e5 duktiga privata akt\u00f6rer som jobbat under m\u00e5nga \u00e5r med sina tomter och nu f\u00e5r se hur de s\u00e4ljs. De \u00e4r j\u00e4tteviktiga f\u00f6r oss.\u00a0<\/span><\/p>\n<p><span style=\"font-weight: 400\">Fortsatt bostadsbyggande \u00e4r en prioriterad fr\u00e5ga f\u00f6r oss i KD och vi vill lyfta fram vad som gjorts under mandatperioden och vad som \u00e4r p\u00e5 g\u00e5ng.\u00a0<\/span><\/p>\n<p><b>L\u00e4genheter <\/b><span style=\"font-weight: 400\">har byggts i \u00d6desh\u00f6gs t\u00e4tort i form av 14 st +65 l\u00e4genheter p\u00e5 Ringv\u00e4gen och sju nya l\u00e4genheter i Johannahuset. I H\u00e4stholmen byggs just nu \u00e5tta markl\u00e4genheter p\u00e5 stationsomr\u00e5det. De byggs av G\u00f6ta Stenhus efter att kommunen g\u00e5tt ut med markanvisning. Dessa l\u00e4genheter \u00e4r redan tingade. Vi ser ocks\u00e5 \u00f6ver m\u00f6jligheten att tillskapa fler l\u00e4genheter i centrumhusen i \u00d6desh\u00f6g.<\/span><\/p>\n<p><b>Villatomter <\/b><span style=\"font-weight: 400\">har tagits fram i olika delar av kommunen och \u00e4r till stor del s\u00e5lda. Tomter i \u00d6desh\u00f6gs t\u00e4tort som inte s\u00e5lts p\u00e5 flera \u00e5r har s\u00e5lts under senare \u00e5r, i H\u00e4stholmen kommer sex villor att byggas p\u00e5 stationsomr\u00e5det och i Treh\u00f6rna har tomterna vid sj\u00f6n s\u00e5lts och bebyggs. I \u00d6desh\u00f6gs t\u00e4tort har vi p\u00e5b\u00f6rjat arbetet med att g\u00e5 ut p\u00e5 markanvisning f\u00f6r ytterligare bost\u00e4der vid Ringv\u00e4gen. Vi l\u00e4gger \u00e4ven ut de s.k. \u201clucktomter\u201d som finns att s\u00e4lja och f\u00f6rbereder ett omr\u00e5de vid Skrapeg\u00e5rden f\u00f6r att kunna s\u00e4lja tomter. <\/span><\/p>\n<p><b>Fram\u00e5t <\/b><span style=\"font-weight: 400\">ser vi nu att det \u00e4r mycket viktigt att vi forts\u00e4tter att arbeta efter de planer vi har tagit fram och att vi tar fram planer f\u00f6r nya bost\u00e4der. <\/span><span style=\"font-weight: 400\">I H\u00e4stholmen planerar vi en forts\u00e4ttning av stationsomr\u00e5det f\u00f6r ytterligare bost\u00e4der. <\/span><span style=\"font-weight: 400\">I Treh\u00f6rna vill vi titta p\u00e5 m\u00f6jligheten att ta fram ytterligare tomter vid <\/span><span style=\"font-weight: 400\">Treh\u00f6rnasj\u00f6n.<\/span><\/p>\n<p><span style=\"font-weight: 400\">I <strong>Sv\u00e4m<\/strong> planeras att starta utbyggnaden av infrastruktur under 2022 f\u00f6r att m\u00f6jligg\u00f6ra f\u00f6r upp till 47 tomter i omr\u00e5det. Vi vill lyfta Sv\u00e4m lite extra i detta utskick eftersom vi ser att v\u00e4ldigt mycket s\u00e4gs och skrivs om omr\u00e5det. Varf\u00f6r \u00e4r Sv\u00e4m viktigt f\u00f6r framtida utveckling? Vi m\u00e5ste ha planer b\u00e5de p\u00e5 kort och l\u00e5ng sikt. I Sv\u00e4m ser vi att s\u00e5 m\u00e5nga tomter ger oss m\u00f6jlighet att bygga ett omr\u00e5de under ett antal \u00e5r. Exempel p\u00e5 andra omr\u00e5den som byggts under l\u00e4ngre tid \u00e4r guldkusten i H\u00e4stholmen och omr\u00e5det vid Treh\u00f6rnasj\u00f6n. Vi har idag flera intressenter p\u00e5 omr\u00e5det som vill vara med och bygga n\u00e4r infrastrukturen \u00e4r p\u00e5 plats. Kostnaden f\u00f6r infrastrukturen kommer att tas ut i tomtpriset. Vi m\u00e5ste se att detta \u00e4r en strategisk investering d\u00e4r vi p\u00e5 sikt f\u00e5r tillbaka kostnaden f\u00f6r v\u00e5r investering och f\u00e5r nya medborgare till v\u00e5r kommun som \u00e4r med och skapar utveckling och ger m\u00f6jlighet f\u00f6r oss att beh\u00e5lla b\u00e5de v\u00e5r privata och offentliga service. Utan planer f\u00f6r ytterligare bost\u00e4der finns vi inte med som en utvecklingsort. <\/span>Sv\u00e4m \u00e4r fantastiskt med sitt sj\u00f6n\u00e4ra- och naturn\u00e4ra l\u00e4ge vid V\u00e4ttern men \u00e4nd\u00e5 bara 2 km fr\u00e5n t\u00e4tort och service och god anslutning till E4:an.<span style=\"font-weight: 400\"> En annan viktig parameter att ha med \u00e4r att vi inte g\u00f6r anspr\u00e5k p\u00e5 ny jordbruksmark i Sv\u00e4m, n\u00e5got som vi m\u00e5ste vara mycket restriktiva med i framtiden. L\u00e5t oss ta tillvara p\u00e5 omr\u00e5det och marknadsf\u00f6ra hela v\u00e5r kommun.\u00a0<\/span><\/p>\n<p><span style=\"font-weight: 400\">Det \u00e4r ocks\u00e5 viktigt att f\u00f6rst\u00e5 att planerna i Sv\u00e4m inte p\u00e5verkar investeringarna i skolan. D\u00e4r investerar vi i v\u00e5r v\u00e4lf\u00e4rd med mycket h\u00f6gre summor och d\u00e4r ser vi inte att vi kan f\u00e5 tillbaka medlen p\u00e5 det s\u00e4ttet, men att det \u00e4r v\u00e5rt viktigaste grunduppdrag att se till att vi har bra lokaler f\u00f6r v\u00e5ra barn- och unga. Som vi skrev tidigare s\u00e5 beh\u00f6ver kugghjulen g\u00e5 ihop. Allts\u00e5, om vi p\u00e5 sikt ska kunna klara v\u00e5ra investeringar och kostnader i v\u00e4lf\u00e4rden s\u00e5 beh\u00f6ver vi ocks\u00e5 satsa p\u00e5 utveckling i form av bost\u00e4der.<\/span><\/p>\n","protected":false},"excerpt":{"rendered":"<p>Vi bygger f\u00f6r 6000 inv\u00e5nare Sedan 2014 har \u00d6desh\u00f6g sett en positiv befolkningsutveckling. D\u00e5 br\u00f6ts en ned\u00e5tg\u00e5ende trend som p\u00e5g\u00e5tt under 20 \u00e5r. Vad h\u00e4nde 2014? Jo det var f\u00f6rsta g\u00e5ngen p\u00e5 20 \u00e5r som det byggdes l\u00e4genheter i \u00d6desh\u00f6gs t\u00e4tort. Det blev till genom att ett l\u00e5ngsiktigt och m\u00e5lmedvetet arbete f\u00f6r att ta fram <a class=\"read-more-link\" href=\"https:\/\/wp.kristdemokraterna.se\/odeshog\/kd-gor-skillnad\/tillvaxt-och-utveckling\/bostader\/\">Read More<\/a><\/p>\n","protected":false},"author":747,"featured_media":0,"parent":857,"menu_order":0,"comment_status":"closed","ping_status":"closed","template":"","meta":{"_acf_changed":false,"footnotes":""},"class_list":["post-878","page","type-page","status-publish","hentry"],"acf":[],"yoast_head":"<!-- This site is optimized with the Yoast SEO plugin v27.4 - https:\/\/yoast.com\/product\/yoast-seo-wordpress\/ -->\n<title>Bost\u00e4der - \u00d6desh\u00f6g<\/title>\n<meta name=\"robots\" content=\"index, follow, max-snippet:-1, max-image-preview:large, max-video-preview:-1\" \/>\n<link rel=\"canonical\" href=\"https:\/\/wp.kristdemokraterna.se\/odeshog\/kd-gor-skillnad\/tillvaxt-och-utveckling\/bostader\/\" \/>\n<meta property=\"og:locale\" content=\"sv_SE\" \/>\n<meta property=\"og:type\" content=\"article\" \/>\n<meta property=\"og:title\" content=\"Bost\u00e4der - \u00d6desh\u00f6g\" \/>\n<meta property=\"og:description\" content=\"Vi bygger f\u00f6r 6000 inv\u00e5nare Sedan 2014 har \u00d6desh\u00f6g sett en positiv befolkningsutveckling. D\u00e5 br\u00f6ts en ned\u00e5tg\u00e5ende trend som p\u00e5g\u00e5tt under 20 \u00e5r. Vad h\u00e4nde 2014? Jo det var f\u00f6rsta g\u00e5ngen p\u00e5 20 \u00e5r som det byggdes l\u00e4genheter i \u00d6desh\u00f6gs t\u00e4tort. Det blev till genom att ett l\u00e5ngsiktigt och m\u00e5lmedvetet arbete f\u00f6r att ta fram Read More\" \/>\n<meta property=\"og:url\" content=\"https:\/\/wp.kristdemokraterna.se\/odeshog\/kd-gor-skillnad\/tillvaxt-och-utveckling\/bostader\/\" \/>\n<meta property=\"og:site_name\" content=\"\u00d6desh\u00f6g\" \/>\n<meta property=\"article:modified_time\" content=\"2022-05-16T12:24:42+00:00\" \/>\n<meta name=\"twitter:card\" content=\"summary_large_image\" \/>\n<meta name=\"twitter:label1\" content=\"Ber\u00e4knad l\u00e4stid\" \/>\n\t<meta name=\"twitter:data1\" content=\"5 minuter\" \/>\n<script type=\"application\/ld+json\" class=\"yoast-schema-graph\">{\"@context\":\"https:\\\/\\\/schema.org\",\"@graph\":[{\"@type\":\"WebPage\",\"@id\":\"https:\\\/\\\/wp.kristdemokraterna.se\\\/odeshog\\\/kd-gor-skillnad\\\/tillvaxt-och-utveckling\\\/bostader\\\/\",\"url\":\"https:\\\/\\\/wp.kristdemokraterna.se\\\/odeshog\\\/kd-gor-skillnad\\\/tillvaxt-och-utveckling\\\/bostader\\\/\",\"name\":\"Bost\u00e4der - \u00d6desh\u00f6g\",\"isPartOf\":{\"@id\":\"https:\\\/\\\/wp.kristdemokraterna.se\\\/odeshog\\\/#website\"},\"datePublished\":\"2022-05-16T08:22:57+00:00\",\"dateModified\":\"2022-05-16T12:24:42+00:00\",\"breadcrumb\":{\"@id\":\"https:\\\/\\\/wp.kristdemokraterna.se\\\/odeshog\\\/kd-gor-skillnad\\\/tillvaxt-och-utveckling\\\/bostader\\\/#breadcrumb\"},\"inLanguage\":\"sv-SE\",\"potentialAction\":[{\"@type\":\"ReadAction\",\"target\":[\"https:\\\/\\\/wp.kristdemokraterna.se\\\/odeshog\\\/kd-gor-skillnad\\\/tillvaxt-och-utveckling\\\/bostader\\\/\"]}]},{\"@type\":\"BreadcrumbList\",\"@id\":\"https:\\\/\\\/wp.kristdemokraterna.se\\\/odeshog\\\/kd-gor-skillnad\\\/tillvaxt-och-utveckling\\\/bostader\\\/#breadcrumb\",\"itemListElement\":[{\"@type\":\"ListItem\",\"position\":1,\"name\":\"Hem\",\"item\":\"https:\\\/\\\/wp.kristdemokraterna.se\\\/odeshog\\\/\"},{\"@type\":\"ListItem\",\"position\":2,\"name\":\"KD g\u00f6r skillnad\",\"item\":\"https:\\\/\\\/wp.kristdemokraterna.se\\\/odeshog\\\/kd-gor-skillnad\\\/\"},{\"@type\":\"ListItem\",\"position\":3,\"name\":\"Tillv\u00e4xt och utveckling\",\"item\":\"https:\\\/\\\/wp.kristdemokraterna.se\\\/odeshog\\\/kd-gor-skillnad\\\/tillvaxt-och-utveckling\\\/\"},{\"@type\":\"ListItem\",\"position\":4,\"name\":\"Bost\u00e4der\"}]},{\"@type\":\"WebSite\",\"@id\":\"https:\\\/\\\/wp.kristdemokraterna.se\\\/odeshog\\\/#website\",\"url\":\"https:\\\/\\\/wp.kristdemokraterna.se\\\/odeshog\\\/\",\"name\":\"\u00d6desh\u00f6g\",\"description\":\"En till Kristdemokraterna webbplats\",\"inLanguage\":\"sv-SE\"}]}<\/script>\n<!-- \/ Yoast SEO plugin. -->","yoast_head_json":{"title":"Bost\u00e4der - \u00d6desh\u00f6g","robots":{"index":"index","follow":"follow","max-snippet":"max-snippet:-1","max-image-preview":"max-image-preview:large","max-video-preview":"max-video-preview:-1"},"canonical":"https:\/\/wp.kristdemokraterna.se\/odeshog\/kd-gor-skillnad\/tillvaxt-och-utveckling\/bostader\/","og_locale":"sv_SE","og_type":"article","og_title":"Bost\u00e4der - \u00d6desh\u00f6g","og_description":"Vi bygger f\u00f6r 6000 inv\u00e5nare Sedan 2014 har \u00d6desh\u00f6g sett en positiv befolkningsutveckling. D\u00e5 br\u00f6ts en ned\u00e5tg\u00e5ende trend som p\u00e5g\u00e5tt under 20 \u00e5r. Vad h\u00e4nde 2014? Jo det var f\u00f6rsta g\u00e5ngen p\u00e5 20 \u00e5r som det byggdes l\u00e4genheter i \u00d6desh\u00f6gs t\u00e4tort. Det blev till genom att ett l\u00e5ngsiktigt och m\u00e5lmedvetet arbete f\u00f6r att ta fram Read More","og_url":"https:\/\/wp.kristdemokraterna.se\/odeshog\/kd-gor-skillnad\/tillvaxt-och-utveckling\/bostader\/","og_site_name":"\u00d6desh\u00f6g","article_modified_time":"2022-05-16T12:24:42+00:00","twitter_card":"summary_large_image","twitter_misc":{"Ber\u00e4knad l\u00e4stid":"5 minuter"},"schema":{"@context":"https:\/\/schema.org","@graph":[{"@type":"WebPage","@id":"https:\/\/wp.kristdemokraterna.se\/odeshog\/kd-gor-skillnad\/tillvaxt-och-utveckling\/bostader\/","url":"https:\/\/wp.kristdemokraterna.se\/odeshog\/kd-gor-skillnad\/tillvaxt-och-utveckling\/bostader\/","name":"Bost\u00e4der - \u00d6desh\u00f6g","isPartOf":{"@id":"https:\/\/wp.kristdemokraterna.se\/odeshog\/#website"},"datePublished":"2022-05-16T08:22:57+00:00","dateModified":"2022-05-16T12:24:42+00:00","breadcrumb":{"@id":"https:\/\/wp.kristdemokraterna.se\/odeshog\/kd-gor-skillnad\/tillvaxt-och-utveckling\/bostader\/#breadcrumb"},"inLanguage":"sv-SE","potentialAction":[{"@type":"ReadAction","target":["https:\/\/wp.kristdemokraterna.se\/odeshog\/kd-gor-skillnad\/tillvaxt-och-utveckling\/bostader\/"]}]},{"@type":"BreadcrumbList","@id":"https:\/\/wp.kristdemokraterna.se\/odeshog\/kd-gor-skillnad\/tillvaxt-och-utveckling\/bostader\/#breadcrumb","itemListElement":[{"@type":"ListItem","position":1,"name":"Hem","item":"https:\/\/wp.kristdemokraterna.se\/odeshog\/"},{"@type":"ListItem","position":2,"name":"KD g\u00f6r skillnad","item":"https:\/\/wp.kristdemokraterna.se\/odeshog\/kd-gor-skillnad\/"},{"@type":"ListItem","position":3,"name":"Tillv\u00e4xt och utveckling","item":"https:\/\/wp.kristdemokraterna.se\/odeshog\/kd-gor-skillnad\/tillvaxt-och-utveckling\/"},{"@type":"ListItem","position":4,"name":"Bost\u00e4der"}]},{"@type":"WebSite","@id":"https:\/\/wp.kristdemokraterna.se\/odeshog\/#website","url":"https:\/\/wp.kristdemokraterna.se\/odeshog\/","name":"\u00d6desh\u00f6g","description":"En till Kristdemokraterna webbplats","inLanguage":"sv-SE"}]}},"_links":{"self":[{"href":"https:\/\/wp.kristdemokraterna.se\/odeshog\/wp-json\/wp\/v2\/pages\/878","targetHints":{"allow":["GET"]}}],"collection":[{"href":"https:\/\/wp.kristdemokraterna.se\/odeshog\/wp-json\/wp\/v2\/pages"}],"about":[{"href":"https:\/\/wp.kristdemokraterna.se\/odeshog\/wp-json\/wp\/v2\/types\/page"}],"author":[{"embeddable":true,"href":"https:\/\/wp.kristdemokraterna.se\/odeshog\/wp-json\/wp\/v2\/users\/747"}],"replies":[{"embeddable":true,"href":"https:\/\/wp.kristdemokraterna.se\/odeshog\/wp-json\/wp\/v2\/comments?post=878"}],"version-history":[{"count":3,"href":"https:\/\/wp.kristdemokraterna.se\/odeshog\/wp-json\/wp\/v2\/pages\/878\/revisions"}],"predecessor-version":[{"id":909,"href":"https:\/\/wp.kristdemokraterna.se\/odeshog\/wp-json\/wp\/v2\/pages\/878\/revisions\/909"}],"up":[{"embeddable":true,"href":"https:\/\/wp.kristdemokraterna.se\/odeshog\/wp-json\/wp\/v2\/pages\/857"}],"wp:attachment":[{"href":"https:\/\/wp.kristdemokraterna.se\/odeshog\/wp-json\/wp\/v2\/media?parent=878"}],"curies":[{"name":"wp","href":"https:\/\/api.w.org\/{rel}","templated":true}]}}