{"id":880,"date":"2022-05-16T10:23:28","date_gmt":"2022-05-16T08:23:28","guid":{"rendered":"https:\/\/wp.kristdemokraterna.se\/odeshog\/?page_id=880"},"modified":"2022-05-16T14:42:21","modified_gmt":"2022-05-16T12:42:21","slug":"naringsliv","status":"publish","type":"page","link":"https:\/\/wp.kristdemokraterna.se\/odeshog\/kd-gor-skillnad\/tillvaxt-och-utveckling\/naringsliv\/","title":{"rendered":"N\u00e4ringsliv"},"content":{"rendered":"<p><span style=\"font-weight: 400\">En avg\u00f6rande del f\u00f6r \u00d6desh\u00f6gs utveckling \u00e4r att vi satsar p\u00e5 och samarbetar med v\u00e5ra f\u00f6retagare. F\u00f6r oss i KD \u00e4r det prioriterat att de f\u00f6retag som finns i kommunen upplever att det \u00e4r ett gott klimat i kommunen att verka och utvecklas i. Det skapas genom att f\u00f6retagen m\u00f6ter ett gott bem\u00f6tande fr\u00e5n b\u00e5de politiker och tj\u00e4nstem\u00e4n i kommunen och f\u00f6rst\u00e5else f\u00f6r f\u00f6retagens f\u00f6ruts\u00e4ttningar och behov. <\/span>Vi vill jobba tillsammans med n\u00e4ringslivet.<span style=\"font-weight: 400\"> Under mandatperioden har vi st\u00e4rkt upp n\u00e4ringslivschefens roll till en heltid och \u00f6kat upp resurserna kring bes\u00f6ksn\u00e4ring och turism. Vi ser ett \u00f6kat bes\u00f6kstryck i kommunen och vi har tagit fram en ny webbsida under mandatperioden, <\/span><a href=\"https:\/\/www.visitodeshog.se\/\">visitodeshog.se<\/a><b> .<\/b><\/p>\n<p><span style=\"font-weight: 400\">F\u00f6rutom att satsa p\u00e5 v\u00e5rt befintliga n\u00e4ringsliv s\u00e5 ser vi ett \u00f6kat tryck p\u00e5 att fler f\u00f6retag vill etablera sig i v\u00e5r kommun. \u00c4ven h\u00e4r har vi arbetat strategiskt f\u00f6r att ta fram verksamhetsmark vid E4:an, som \u00e4r en stor m\u00f6jlighet till utveckling f\u00f6r \u00d6desh\u00f6g att ta tillvara p\u00e5. \u00d6stg\u00f6taporten \u00e4r en av de platser som s\u00e4ljer mest drivmedel i hela Sverige och i b\u00e5da dessa omr\u00e5den p\u00e5g\u00e5r just nu ett aktivt arbete med flera olika intressenter. \u00c4ven h\u00e4r g\u00e4ller det att h\u00e5lla i det l\u00e5ngsiktiga arbetet f\u00f6r att f\u00e5 till etableringar, det kan handla om l\u00e5nga processer innan en etablering \u00e4r p\u00e5 plats.\u00a0<\/span><\/p>\n<p>Lyssna p\u00e5 <strong>P4<\/strong> om guldl\u00e4get vid \u00d6stg\u00f6taporten <a href=\"https:\/\/sverigesradio.se\/artikel\/e4-guldlage-for-kommunen-fortsatt-stort-intresse-kring-ostgotaporten\">klicka h\u00e4r<\/a>.<\/p>\n","protected":false},"excerpt":{"rendered":"<p>En avg\u00f6rande del f\u00f6r \u00d6desh\u00f6gs utveckling \u00e4r att vi satsar p\u00e5 och samarbetar med v\u00e5ra f\u00f6retagare. F\u00f6r oss i KD \u00e4r det prioriterat att de f\u00f6retag som finns i kommunen upplever att det \u00e4r ett gott klimat i kommunen att verka och utvecklas i. Det skapas genom att f\u00f6retagen m\u00f6ter ett gott bem\u00f6tande fr\u00e5n b\u00e5de <a class=\"read-more-link\" href=\"https:\/\/wp.kristdemokraterna.se\/odeshog\/kd-gor-skillnad\/tillvaxt-och-utveckling\/naringsliv\/\">Read More<\/a><\/p>\n","protected":false},"author":747,"featured_media":0,"parent":857,"menu_order":0,"comment_status":"closed","ping_status":"closed","template":"","meta":{"_acf_changed":false,"footnotes":""},"class_list":["post-880","page","type-page","status-publish","hentry"],"acf":[],"yoast_head":"<!-- This site is optimized with the Yoast SEO plugin v27.4 - https:\/\/yoast.com\/product\/yoast-seo-wordpress\/ -->\n<title>N\u00e4ringsliv - \u00d6desh\u00f6g<\/title>\n<meta name=\"robots\" content=\"index, follow, max-snippet:-1, max-image-preview:large, max-video-preview:-1\" \/>\n<link rel=\"canonical\" href=\"https:\/\/wp.kristdemokraterna.se\/odeshog\/kd-gor-skillnad\/tillvaxt-och-utveckling\/naringsliv\/\" \/>\n<meta property=\"og:locale\" content=\"sv_SE\" \/>\n<meta property=\"og:type\" content=\"article\" \/>\n<meta property=\"og:title\" content=\"N\u00e4ringsliv - \u00d6desh\u00f6g\" \/>\n<meta property=\"og:description\" content=\"En avg\u00f6rande del f\u00f6r \u00d6desh\u00f6gs utveckling \u00e4r att vi satsar p\u00e5 och samarbetar med v\u00e5ra f\u00f6retagare. F\u00f6r oss i KD \u00e4r det prioriterat att de f\u00f6retag som finns i kommunen upplever att det \u00e4r ett gott klimat i kommunen att verka och utvecklas i. Det skapas genom att f\u00f6retagen m\u00f6ter ett gott bem\u00f6tande fr\u00e5n b\u00e5de Read More\" \/>\n<meta property=\"og:url\" content=\"https:\/\/wp.kristdemokraterna.se\/odeshog\/kd-gor-skillnad\/tillvaxt-och-utveckling\/naringsliv\/\" \/>\n<meta property=\"og:site_name\" content=\"\u00d6desh\u00f6g\" \/>\n<meta property=\"article:modified_time\" content=\"2022-05-16T12:42:21+00:00\" \/>\n<meta name=\"twitter:card\" content=\"summary_large_image\" \/>\n<meta name=\"twitter:label1\" content=\"Ber\u00e4knad l\u00e4stid\" \/>\n\t<meta name=\"twitter:data1\" content=\"1 minut\" \/>\n<script type=\"application\/ld+json\" class=\"yoast-schema-graph\">{\"@context\":\"https:\\\/\\\/schema.org\",\"@graph\":[{\"@type\":\"WebPage\",\"@id\":\"https:\\\/\\\/wp.kristdemokraterna.se\\\/odeshog\\\/kd-gor-skillnad\\\/tillvaxt-och-utveckling\\\/naringsliv\\\/\",\"url\":\"https:\\\/\\\/wp.kristdemokraterna.se\\\/odeshog\\\/kd-gor-skillnad\\\/tillvaxt-och-utveckling\\\/naringsliv\\\/\",\"name\":\"N\u00e4ringsliv - \u00d6desh\u00f6g\",\"isPartOf\":{\"@id\":\"https:\\\/\\\/wp.kristdemokraterna.se\\\/odeshog\\\/#website\"},\"datePublished\":\"2022-05-16T08:23:28+00:00\",\"dateModified\":\"2022-05-16T12:42:21+00:00\",\"breadcrumb\":{\"@id\":\"https:\\\/\\\/wp.kristdemokraterna.se\\\/odeshog\\\/kd-gor-skillnad\\\/tillvaxt-och-utveckling\\\/naringsliv\\\/#breadcrumb\"},\"inLanguage\":\"sv-SE\",\"potentialAction\":[{\"@type\":\"ReadAction\",\"target\":[\"https:\\\/\\\/wp.kristdemokraterna.se\\\/odeshog\\\/kd-gor-skillnad\\\/tillvaxt-och-utveckling\\\/naringsliv\\\/\"]}]},{\"@type\":\"BreadcrumbList\",\"@id\":\"https:\\\/\\\/wp.kristdemokraterna.se\\\/odeshog\\\/kd-gor-skillnad\\\/tillvaxt-och-utveckling\\\/naringsliv\\\/#breadcrumb\",\"itemListElement\":[{\"@type\":\"ListItem\",\"position\":1,\"name\":\"Hem\",\"item\":\"https:\\\/\\\/wp.kristdemokraterna.se\\\/odeshog\\\/\"},{\"@type\":\"ListItem\",\"position\":2,\"name\":\"KD g\u00f6r skillnad\",\"item\":\"https:\\\/\\\/wp.kristdemokraterna.se\\\/odeshog\\\/kd-gor-skillnad\\\/\"},{\"@type\":\"ListItem\",\"position\":3,\"name\":\"Tillv\u00e4xt och utveckling\",\"item\":\"https:\\\/\\\/wp.kristdemokraterna.se\\\/odeshog\\\/kd-gor-skillnad\\\/tillvaxt-och-utveckling\\\/\"},{\"@type\":\"ListItem\",\"position\":4,\"name\":\"N\u00e4ringsliv\"}]},{\"@type\":\"WebSite\",\"@id\":\"https:\\\/\\\/wp.kristdemokraterna.se\\\/odeshog\\\/#website\",\"url\":\"https:\\\/\\\/wp.kristdemokraterna.se\\\/odeshog\\\/\",\"name\":\"\u00d6desh\u00f6g\",\"description\":\"En till Kristdemokraterna webbplats\",\"inLanguage\":\"sv-SE\"}]}<\/script>\n<!-- \/ Yoast SEO plugin. -->","yoast_head_json":{"title":"N\u00e4ringsliv - \u00d6desh\u00f6g","robots":{"index":"index","follow":"follow","max-snippet":"max-snippet:-1","max-image-preview":"max-image-preview:large","max-video-preview":"max-video-preview:-1"},"canonical":"https:\/\/wp.kristdemokraterna.se\/odeshog\/kd-gor-skillnad\/tillvaxt-och-utveckling\/naringsliv\/","og_locale":"sv_SE","og_type":"article","og_title":"N\u00e4ringsliv - \u00d6desh\u00f6g","og_description":"En avg\u00f6rande del f\u00f6r \u00d6desh\u00f6gs utveckling \u00e4r att vi satsar p\u00e5 och samarbetar med v\u00e5ra f\u00f6retagare. F\u00f6r oss i KD \u00e4r det prioriterat att de f\u00f6retag som finns i kommunen upplever att det \u00e4r ett gott klimat i kommunen att verka och utvecklas i. Det skapas genom att f\u00f6retagen m\u00f6ter ett gott bem\u00f6tande fr\u00e5n b\u00e5de Read More","og_url":"https:\/\/wp.kristdemokraterna.se\/odeshog\/kd-gor-skillnad\/tillvaxt-och-utveckling\/naringsliv\/","og_site_name":"\u00d6desh\u00f6g","article_modified_time":"2022-05-16T12:42:21+00:00","twitter_card":"summary_large_image","twitter_misc":{"Ber\u00e4knad l\u00e4stid":"1 minut"},"schema":{"@context":"https:\/\/schema.org","@graph":[{"@type":"WebPage","@id":"https:\/\/wp.kristdemokraterna.se\/odeshog\/kd-gor-skillnad\/tillvaxt-och-utveckling\/naringsliv\/","url":"https:\/\/wp.kristdemokraterna.se\/odeshog\/kd-gor-skillnad\/tillvaxt-och-utveckling\/naringsliv\/","name":"N\u00e4ringsliv - \u00d6desh\u00f6g","isPartOf":{"@id":"https:\/\/wp.kristdemokraterna.se\/odeshog\/#website"},"datePublished":"2022-05-16T08:23:28+00:00","dateModified":"2022-05-16T12:42:21+00:00","breadcrumb":{"@id":"https:\/\/wp.kristdemokraterna.se\/odeshog\/kd-gor-skillnad\/tillvaxt-och-utveckling\/naringsliv\/#breadcrumb"},"inLanguage":"sv-SE","potentialAction":[{"@type":"ReadAction","target":["https:\/\/wp.kristdemokraterna.se\/odeshog\/kd-gor-skillnad\/tillvaxt-och-utveckling\/naringsliv\/"]}]},{"@type":"BreadcrumbList","@id":"https:\/\/wp.kristdemokraterna.se\/odeshog\/kd-gor-skillnad\/tillvaxt-och-utveckling\/naringsliv\/#breadcrumb","itemListElement":[{"@type":"ListItem","position":1,"name":"Hem","item":"https:\/\/wp.kristdemokraterna.se\/odeshog\/"},{"@type":"ListItem","position":2,"name":"KD g\u00f6r skillnad","item":"https:\/\/wp.kristdemokraterna.se\/odeshog\/kd-gor-skillnad\/"},{"@type":"ListItem","position":3,"name":"Tillv\u00e4xt och utveckling","item":"https:\/\/wp.kristdemokraterna.se\/odeshog\/kd-gor-skillnad\/tillvaxt-och-utveckling\/"},{"@type":"ListItem","position":4,"name":"N\u00e4ringsliv"}]},{"@type":"WebSite","@id":"https:\/\/wp.kristdemokraterna.se\/odeshog\/#website","url":"https:\/\/wp.kristdemokraterna.se\/odeshog\/","name":"\u00d6desh\u00f6g","description":"En till Kristdemokraterna webbplats","inLanguage":"sv-SE"}]}},"_links":{"self":[{"href":"https:\/\/wp.kristdemokraterna.se\/odeshog\/wp-json\/wp\/v2\/pages\/880","targetHints":{"allow":["GET"]}}],"collection":[{"href":"https:\/\/wp.kristdemokraterna.se\/odeshog\/wp-json\/wp\/v2\/pages"}],"about":[{"href":"https:\/\/wp.kristdemokraterna.se\/odeshog\/wp-json\/wp\/v2\/types\/page"}],"author":[{"embeddable":true,"href":"https:\/\/wp.kristdemokraterna.se\/odeshog\/wp-json\/wp\/v2\/users\/747"}],"replies":[{"embeddable":true,"href":"https:\/\/wp.kristdemokraterna.se\/odeshog\/wp-json\/wp\/v2\/comments?post=880"}],"version-history":[{"count":5,"href":"https:\/\/wp.kristdemokraterna.se\/odeshog\/wp-json\/wp\/v2\/pages\/880\/revisions"}],"predecessor-version":[{"id":919,"href":"https:\/\/wp.kristdemokraterna.se\/odeshog\/wp-json\/wp\/v2\/pages\/880\/revisions\/919"}],"up":[{"embeddable":true,"href":"https:\/\/wp.kristdemokraterna.se\/odeshog\/wp-json\/wp\/v2\/pages\/857"}],"wp:attachment":[{"href":"https:\/\/wp.kristdemokraterna.se\/odeshog\/wp-json\/wp\/v2\/media?parent=880"}],"curies":[{"name":"wp","href":"https:\/\/api.w.org\/{rel}","templated":true}]}}