{"id":882,"date":"2022-05-16T10:24:00","date_gmt":"2022-05-16T08:24:00","guid":{"rendered":"https:\/\/wp.kristdemokraterna.se\/odeshog\/?page_id=882"},"modified":"2022-05-16T11:18:34","modified_gmt":"2022-05-16T09:18:34","slug":"besoksnaring-och-turism","status":"publish","type":"page","link":"https:\/\/wp.kristdemokraterna.se\/odeshog\/kd-gor-skillnad\/tillvaxt-och-utveckling\/besoksnaring-och-turism\/","title":{"rendered":"Bes\u00f6ksn\u00e4ring, turism och kultur"},"content":{"rendered":"<p><span style=\"font-weight: 400\"><b>Bes\u00f6ksn\u00e4ring och turism<\/b><\/span><\/p>\n<p><span style=\"font-weight: 400\">Vi ser ett \u00f6kat bes\u00f6kstryck i kommunen och vi har anst\u00e4llt en person som arbetar med dessa fr\u00e5gor. Detta har lett till att vi har tagit fram en ny, webbsida under mandatperioden, bes\u00f6k <a href=\"https:\/\/www.visitodeshog.se\/\">Visit \u00d6desh\u00f6g<\/a>.<\/span><\/p>\n<p>Under mandatperioden har vi ocks\u00e5 p\u00e5b\u00f6rjat upprustningen av viktiga platser ur bes\u00f6ks\u00e4ndam\u00e5l. I H\u00e4stholmen har hamnen upprustats med ny parkering, ny badplats och nu h\u00e5ller V\u00e4tterrummet p\u00e5 att iordningsst\u00e4llas. I b\u00e5de H\u00e4stholmen och \u00d6desh\u00f6gs t\u00e4tort ses infarterna samt \u00d6desh\u00f6gs torg \u00f6ver som en del av v\u00e5rt gestaltningsprogram.<\/p>\n<p><span style=\"font-weight: 400\"><b>Kultur<\/b><\/span><\/p>\n<p>Inom kultur har vi sett till att kulturhuset Saga har f\u00e5tt ta \u00f6ver Sagabiografen, samt att de f\u00e5r st\u00f6d att bedriva verksamheten d\u00e4r. Kulturskolan har haft en ned\u00e5tg\u00e5ende trend under flera \u00e5r och Covid har inte f\u00f6rb\u00e4ttrat l\u00e4get. Vi har gjort en rad \u00e5tg\u00e4rder f\u00f6r att f\u00f6rb\u00e4ttra situationen genom \u00f6kat samarbete med Fridjuv Bergsskolan, p\u00e5b\u00f6rjat distansundervisning, inskaffat utrustning f\u00f6r digital produktion, samt inkluderat kulturskolan som en del i det nya skolbyggnadsprojektet. Vi har \u00e4ven gett st\u00f6d f\u00f6r kulturarrangemang.<\/p>\n<p>V\u00e5ra Bygdeg\u00e5rdar har st\u00e5tt inf\u00f6r ett renoveringsbehov och vi har st\u00f6ttat flera ombyggnadsprojekt och vi st\u00f6ttar nu H\u00e4stholmens bygdeg\u00e5rd i ans\u00f6kan f\u00f6r omfattande renoveringar till Bostadsverket.<\/p>\n","protected":false},"excerpt":{"rendered":"<p>Bes\u00f6ksn\u00e4ring och turism Vi ser ett \u00f6kat bes\u00f6kstryck i kommunen och vi har anst\u00e4llt en person som arbetar med dessa fr\u00e5gor. Detta har lett till att vi har tagit fram en ny, webbsida under mandatperioden, bes\u00f6k Visit \u00d6desh\u00f6g. Under mandatperioden har vi ocks\u00e5 p\u00e5b\u00f6rjat upprustningen av viktiga platser ur bes\u00f6ks\u00e4ndam\u00e5l. I H\u00e4stholmen har hamnen upprustats <a class=\"read-more-link\" href=\"https:\/\/wp.kristdemokraterna.se\/odeshog\/kd-gor-skillnad\/tillvaxt-och-utveckling\/besoksnaring-och-turism\/\">Read More<\/a><\/p>\n","protected":false},"author":747,"featured_media":0,"parent":857,"menu_order":0,"comment_status":"closed","ping_status":"closed","template":"","meta":{"_acf_changed":false,"footnotes":""},"class_list":["post-882","page","type-page","status-publish","hentry"],"acf":[],"yoast_head":"<!-- This site is optimized with the Yoast SEO plugin v27.4 - https:\/\/yoast.com\/product\/yoast-seo-wordpress\/ -->\n<title>Bes\u00f6ksn\u00e4ring, turism och kultur - \u00d6desh\u00f6g<\/title>\n<meta name=\"robots\" content=\"index, follow, max-snippet:-1, max-image-preview:large, max-video-preview:-1\" \/>\n<link rel=\"canonical\" href=\"https:\/\/wp.kristdemokraterna.se\/odeshog\/kd-gor-skillnad\/tillvaxt-och-utveckling\/besoksnaring-och-turism\/\" \/>\n<meta property=\"og:locale\" content=\"sv_SE\" \/>\n<meta property=\"og:type\" content=\"article\" \/>\n<meta property=\"og:title\" content=\"Bes\u00f6ksn\u00e4ring, turism och kultur - \u00d6desh\u00f6g\" \/>\n<meta property=\"og:description\" content=\"Bes\u00f6ksn\u00e4ring och turism Vi ser ett \u00f6kat bes\u00f6kstryck i kommunen och vi har anst\u00e4llt en person som arbetar med dessa fr\u00e5gor. Detta har lett till att vi har tagit fram en ny, webbsida under mandatperioden, bes\u00f6k Visit \u00d6desh\u00f6g. Under mandatperioden har vi ocks\u00e5 p\u00e5b\u00f6rjat upprustningen av viktiga platser ur bes\u00f6ks\u00e4ndam\u00e5l. I H\u00e4stholmen har hamnen upprustats Read More\" \/>\n<meta property=\"og:url\" content=\"https:\/\/wp.kristdemokraterna.se\/odeshog\/kd-gor-skillnad\/tillvaxt-och-utveckling\/besoksnaring-och-turism\/\" \/>\n<meta property=\"og:site_name\" content=\"\u00d6desh\u00f6g\" \/>\n<meta property=\"article:modified_time\" content=\"2022-05-16T09:18:34+00:00\" \/>\n<meta name=\"twitter:card\" content=\"summary_large_image\" \/>\n<meta name=\"twitter:label1\" content=\"Ber\u00e4knad l\u00e4stid\" \/>\n\t<meta name=\"twitter:data1\" content=\"1 minut\" \/>\n<script type=\"application\/ld+json\" class=\"yoast-schema-graph\">{\"@context\":\"https:\\\/\\\/schema.org\",\"@graph\":[{\"@type\":\"WebPage\",\"@id\":\"https:\\\/\\\/wp.kristdemokraterna.se\\\/odeshog\\\/kd-gor-skillnad\\\/tillvaxt-och-utveckling\\\/besoksnaring-och-turism\\\/\",\"url\":\"https:\\\/\\\/wp.kristdemokraterna.se\\\/odeshog\\\/kd-gor-skillnad\\\/tillvaxt-och-utveckling\\\/besoksnaring-och-turism\\\/\",\"name\":\"Bes\u00f6ksn\u00e4ring, turism och kultur - \u00d6desh\u00f6g\",\"isPartOf\":{\"@id\":\"https:\\\/\\\/wp.kristdemokraterna.se\\\/odeshog\\\/#website\"},\"datePublished\":\"2022-05-16T08:24:00+00:00\",\"dateModified\":\"2022-05-16T09:18:34+00:00\",\"breadcrumb\":{\"@id\":\"https:\\\/\\\/wp.kristdemokraterna.se\\\/odeshog\\\/kd-gor-skillnad\\\/tillvaxt-och-utveckling\\\/besoksnaring-och-turism\\\/#breadcrumb\"},\"inLanguage\":\"sv-SE\",\"potentialAction\":[{\"@type\":\"ReadAction\",\"target\":[\"https:\\\/\\\/wp.kristdemokraterna.se\\\/odeshog\\\/kd-gor-skillnad\\\/tillvaxt-och-utveckling\\\/besoksnaring-och-turism\\\/\"]}]},{\"@type\":\"BreadcrumbList\",\"@id\":\"https:\\\/\\\/wp.kristdemokraterna.se\\\/odeshog\\\/kd-gor-skillnad\\\/tillvaxt-och-utveckling\\\/besoksnaring-och-turism\\\/#breadcrumb\",\"itemListElement\":[{\"@type\":\"ListItem\",\"position\":1,\"name\":\"Hem\",\"item\":\"https:\\\/\\\/wp.kristdemokraterna.se\\\/odeshog\\\/\"},{\"@type\":\"ListItem\",\"position\":2,\"name\":\"KD g\u00f6r skillnad\",\"item\":\"https:\\\/\\\/wp.kristdemokraterna.se\\\/odeshog\\\/kd-gor-skillnad\\\/\"},{\"@type\":\"ListItem\",\"position\":3,\"name\":\"Tillv\u00e4xt och utveckling\",\"item\":\"https:\\\/\\\/wp.kristdemokraterna.se\\\/odeshog\\\/kd-gor-skillnad\\\/tillvaxt-och-utveckling\\\/\"},{\"@type\":\"ListItem\",\"position\":4,\"name\":\"Bes\u00f6ksn\u00e4ring, turism och kultur\"}]},{\"@type\":\"WebSite\",\"@id\":\"https:\\\/\\\/wp.kristdemokraterna.se\\\/odeshog\\\/#website\",\"url\":\"https:\\\/\\\/wp.kristdemokraterna.se\\\/odeshog\\\/\",\"name\":\"\u00d6desh\u00f6g\",\"description\":\"En till Kristdemokraterna webbplats\",\"inLanguage\":\"sv-SE\"}]}<\/script>\n<!-- \/ Yoast SEO plugin. -->","yoast_head_json":{"title":"Bes\u00f6ksn\u00e4ring, turism och kultur - \u00d6desh\u00f6g","robots":{"index":"index","follow":"follow","max-snippet":"max-snippet:-1","max-image-preview":"max-image-preview:large","max-video-preview":"max-video-preview:-1"},"canonical":"https:\/\/wp.kristdemokraterna.se\/odeshog\/kd-gor-skillnad\/tillvaxt-och-utveckling\/besoksnaring-och-turism\/","og_locale":"sv_SE","og_type":"article","og_title":"Bes\u00f6ksn\u00e4ring, turism och kultur - \u00d6desh\u00f6g","og_description":"Bes\u00f6ksn\u00e4ring och turism Vi ser ett \u00f6kat bes\u00f6kstryck i kommunen och vi har anst\u00e4llt en person som arbetar med dessa fr\u00e5gor. Detta har lett till att vi har tagit fram en ny, webbsida under mandatperioden, bes\u00f6k Visit \u00d6desh\u00f6g. Under mandatperioden har vi ocks\u00e5 p\u00e5b\u00f6rjat upprustningen av viktiga platser ur bes\u00f6ks\u00e4ndam\u00e5l. I H\u00e4stholmen har hamnen upprustats Read More","og_url":"https:\/\/wp.kristdemokraterna.se\/odeshog\/kd-gor-skillnad\/tillvaxt-och-utveckling\/besoksnaring-och-turism\/","og_site_name":"\u00d6desh\u00f6g","article_modified_time":"2022-05-16T09:18:34+00:00","twitter_card":"summary_large_image","twitter_misc":{"Ber\u00e4knad l\u00e4stid":"1 minut"},"schema":{"@context":"https:\/\/schema.org","@graph":[{"@type":"WebPage","@id":"https:\/\/wp.kristdemokraterna.se\/odeshog\/kd-gor-skillnad\/tillvaxt-och-utveckling\/besoksnaring-och-turism\/","url":"https:\/\/wp.kristdemokraterna.se\/odeshog\/kd-gor-skillnad\/tillvaxt-och-utveckling\/besoksnaring-och-turism\/","name":"Bes\u00f6ksn\u00e4ring, turism och kultur - \u00d6desh\u00f6g","isPartOf":{"@id":"https:\/\/wp.kristdemokraterna.se\/odeshog\/#website"},"datePublished":"2022-05-16T08:24:00+00:00","dateModified":"2022-05-16T09:18:34+00:00","breadcrumb":{"@id":"https:\/\/wp.kristdemokraterna.se\/odeshog\/kd-gor-skillnad\/tillvaxt-och-utveckling\/besoksnaring-och-turism\/#breadcrumb"},"inLanguage":"sv-SE","potentialAction":[{"@type":"ReadAction","target":["https:\/\/wp.kristdemokraterna.se\/odeshog\/kd-gor-skillnad\/tillvaxt-och-utveckling\/besoksnaring-och-turism\/"]}]},{"@type":"BreadcrumbList","@id":"https:\/\/wp.kristdemokraterna.se\/odeshog\/kd-gor-skillnad\/tillvaxt-och-utveckling\/besoksnaring-och-turism\/#breadcrumb","itemListElement":[{"@type":"ListItem","position":1,"name":"Hem","item":"https:\/\/wp.kristdemokraterna.se\/odeshog\/"},{"@type":"ListItem","position":2,"name":"KD g\u00f6r skillnad","item":"https:\/\/wp.kristdemokraterna.se\/odeshog\/kd-gor-skillnad\/"},{"@type":"ListItem","position":3,"name":"Tillv\u00e4xt och utveckling","item":"https:\/\/wp.kristdemokraterna.se\/odeshog\/kd-gor-skillnad\/tillvaxt-och-utveckling\/"},{"@type":"ListItem","position":4,"name":"Bes\u00f6ksn\u00e4ring, turism och kultur"}]},{"@type":"WebSite","@id":"https:\/\/wp.kristdemokraterna.se\/odeshog\/#website","url":"https:\/\/wp.kristdemokraterna.se\/odeshog\/","name":"\u00d6desh\u00f6g","description":"En till Kristdemokraterna webbplats","inLanguage":"sv-SE"}]}},"_links":{"self":[{"href":"https:\/\/wp.kristdemokraterna.se\/odeshog\/wp-json\/wp\/v2\/pages\/882","targetHints":{"allow":["GET"]}}],"collection":[{"href":"https:\/\/wp.kristdemokraterna.se\/odeshog\/wp-json\/wp\/v2\/pages"}],"about":[{"href":"https:\/\/wp.kristdemokraterna.se\/odeshog\/wp-json\/wp\/v2\/types\/page"}],"author":[{"embeddable":true,"href":"https:\/\/wp.kristdemokraterna.se\/odeshog\/wp-json\/wp\/v2\/users\/747"}],"replies":[{"embeddable":true,"href":"https:\/\/wp.kristdemokraterna.se\/odeshog\/wp-json\/wp\/v2\/comments?post=882"}],"version-history":[{"count":3,"href":"https:\/\/wp.kristdemokraterna.se\/odeshog\/wp-json\/wp\/v2\/pages\/882\/revisions"}],"predecessor-version":[{"id":904,"href":"https:\/\/wp.kristdemokraterna.se\/odeshog\/wp-json\/wp\/v2\/pages\/882\/revisions\/904"}],"up":[{"embeddable":true,"href":"https:\/\/wp.kristdemokraterna.se\/odeshog\/wp-json\/wp\/v2\/pages\/857"}],"wp:attachment":[{"href":"https:\/\/wp.kristdemokraterna.se\/odeshog\/wp-json\/wp\/v2\/media?parent=882"}],"curies":[{"name":"wp","href":"https:\/\/api.w.org\/{rel}","templated":true}]}}