{"id":884,"date":"2022-05-16T10:24:44","date_gmt":"2022-05-16T08:24:44","guid":{"rendered":"https:\/\/wp.kristdemokraterna.se\/odeshog\/?page_id=884"},"modified":"2022-05-16T10:45:00","modified_gmt":"2022-05-16T08:45:00","slug":"attraktiva-centrum","status":"publish","type":"page","link":"https:\/\/wp.kristdemokraterna.se\/odeshog\/kd-gor-skillnad\/tillvaxt-och-utveckling\/attraktiva-centrum\/","title":{"rendered":"Attraktiva centrum"},"content":{"rendered":"<p><a href=\"http:\/\/wp.kristdemokraterna.se\/odeshog\/files\/2022\/05\/vision_odeshogs_tatort.jpg\"><img loading=\"lazy\" decoding=\"async\" class=\"alignnone wp-image-888\" src=\"http:\/\/wp.kristdemokraterna.se\/odeshog\/files\/2022\/05\/vision_odeshogs_tatort-273x300.jpg\" alt=\"\" width=\"273\" height=\"300\" srcset=\"https:\/\/wp.kristdemokraterna.se\/odeshog\/files\/2022\/05\/vision_odeshogs_tatort-273x300.jpg 273w, https:\/\/wp.kristdemokraterna.se\/odeshog\/files\/2022\/05\/vision_odeshogs_tatort-182x200.jpg 182w, https:\/\/wp.kristdemokraterna.se\/odeshog\/files\/2022\/05\/vision_odeshogs_tatort-370x407.jpg 370w, https:\/\/wp.kristdemokraterna.se\/odeshog\/files\/2022\/05\/vision_odeshogs_tatort-450x494.jpg 450w, https:\/\/wp.kristdemokraterna.se\/odeshog\/files\/2022\/05\/vision_odeshogs_tatort-280x308.jpg 280w, https:\/\/wp.kristdemokraterna.se\/odeshog\/files\/2022\/05\/vision_odeshogs_tatort-340x374.jpg 340w, https:\/\/wp.kristdemokraterna.se\/odeshog\/files\/2022\/05\/vision_odeshogs_tatort-51x56.jpg 51w, https:\/\/wp.kristdemokraterna.se\/odeshog\/files\/2022\/05\/vision_odeshogs_tatort.jpg 638w\" sizes=\"auto, (max-width: 273px) 100vw, 273px\" \/><\/a><a href=\"http:\/\/wp.kristdemokraterna.se\/odeshog\/files\/2022\/05\/visionsskiss_hastholmen.jpg\"><img loading=\"lazy\" decoding=\"async\" class=\"size-medium wp-image-890 alignnone\" src=\"http:\/\/wp.kristdemokraterna.se\/odeshog\/files\/2022\/05\/visionsskiss_hastholmen-279x300.jpg\" alt=\"\" width=\"279\" height=\"300\" srcset=\"https:\/\/wp.kristdemokraterna.se\/odeshog\/files\/2022\/05\/visionsskiss_hastholmen-279x300.jpg 279w, https:\/\/wp.kristdemokraterna.se\/odeshog\/files\/2022\/05\/visionsskiss_hastholmen-186x200.jpg 186w, https:\/\/wp.kristdemokraterna.se\/odeshog\/files\/2022\/05\/visionsskiss_hastholmen-370x397.jpg 370w, https:\/\/wp.kristdemokraterna.se\/odeshog\/files\/2022\/05\/visionsskiss_hastholmen-450x483.jpg 450w, https:\/\/wp.kristdemokraterna.se\/odeshog\/files\/2022\/05\/visionsskiss_hastholmen-280x301.jpg 280w, https:\/\/wp.kristdemokraterna.se\/odeshog\/files\/2022\/05\/visionsskiss_hastholmen-340x365.jpg 340w, https:\/\/wp.kristdemokraterna.se\/odeshog\/files\/2022\/05\/visionsskiss_hastholmen-52x56.jpg 52w, https:\/\/wp.kristdemokraterna.se\/odeshog\/files\/2022\/05\/visionsskiss_hastholmen.jpg 649w\" sizes=\"auto, (max-width: 279px) 100vw, 279px\" \/><\/a><\/p>\n<p>Vi vill v\u00e4xa rusta f\u00f6r framtiden och v\u00e4xa f\u00f6r motsatsen \u00e4r ot\u00e4nkbart, s\u00e4ger Annicki Oscarsson.<\/p>\n<p>Det viktigaste strategiska dokumentet f\u00f6r detta \u00e4r v\u00e5r nya <em>\u00d6versiktsplanen 6000 inv\u00e5nare<\/em> Som antogs i september 2020 antog vi v\u00e5r nya \u00f6versiktsplan i politisk enighet i fullm\u00e4ktige. \u00d6versiktsplanen ligger till grund f\u00f6r andra viktiga dokument som tagits fram under mandatperioden som bostadsf\u00f6rs\u00f6rjningsprogram, plan f\u00f6r vatten och avlopp, strategi f\u00f6r IT infrastruktur, digitaliseringsstrategi, n\u00e4ringslivsstrategi och gestaltningsprogram.<\/p>\n<p>F\u00f6r att skapa attraktiva t\u00e4torter beh\u00f6vs planer f\u00f6r centrumutveckling. Att beh\u00e5lla ett levande centrum \u00e4r idag en utmaning f\u00f6r b\u00e5de stora och sm\u00e5 kommuner.\u00a0 Vi har sett vikten av att ha ett levande torg och kunna p\u00e5verka utvecklingen i \u00d6desh\u00f6gs centrum. D\u00e4rf\u00f6r k\u00f6ptes fastigheterna runt centrum in av \u00d6desh\u00f6gsbost\u00e4der. Det g\u00f6r att vi kan fr\u00e4mja f\u00f6retagsetableringar och p\u00e5 sikt skapa nya l\u00e4genheter. Vi \u00e4r glada att vi p\u00e5 grund av detta kunnat se nyetableringar runt torget. \u00a0Vi satsar nu p\u00e5 ny belysning i centrum som kommer att finnas p\u00e5 plats under v\u00e5r\/sommar. Vi har ocks\u00e5 st\u00e4rkt julbelysningen f\u00f6r att \u00f6ka trygghet och trivsel under den m\u00f6rkaste tiden.<\/p>\n<p>H\u00e4stholmens t\u00e4tort med H\u00e4stholmens hamn \u00e4r en viktig bes\u00f6ksanledning i v\u00e5r kommun och h\u00e4r har under mandatperioden utveckling skett i hamnen i form av ny badplats med lekplats f\u00f6r de allra yngsta och ny gatuutformning f\u00f6r \u00f6kad s\u00e4kerhet. I hamnen finns stor potential f\u00f6r fortsatt utveckling och till sommaren kommer V\u00e4tternrummet st\u00e5 f\u00e4rdigt i magasinsbyggnaden.<\/p>\n","protected":false},"excerpt":{"rendered":"<p>Vi vill v\u00e4xa rusta f\u00f6r framtiden och v\u00e4xa f\u00f6r motsatsen \u00e4r ot\u00e4nkbart, s\u00e4ger Annicki Oscarsson. Det viktigaste strategiska dokumentet f\u00f6r detta \u00e4r v\u00e5r nya \u00d6versiktsplanen 6000 inv\u00e5nare Som antogs i september 2020 antog vi v\u00e5r nya \u00f6versiktsplan i politisk enighet i fullm\u00e4ktige. \u00d6versiktsplanen ligger till grund f\u00f6r andra viktiga dokument som tagits fram under mandatperioden <a class=\"read-more-link\" href=\"https:\/\/wp.kristdemokraterna.se\/odeshog\/kd-gor-skillnad\/tillvaxt-och-utveckling\/attraktiva-centrum\/\">Read More<\/a><\/p>\n","protected":false},"author":747,"featured_media":0,"parent":857,"menu_order":0,"comment_status":"closed","ping_status":"closed","template":"","meta":{"_acf_changed":false,"footnotes":""},"class_list":["post-884","page","type-page","status-publish","hentry"],"acf":[],"yoast_head":"<!-- This site is optimized with the Yoast SEO plugin v27.4 - https:\/\/yoast.com\/product\/yoast-seo-wordpress\/ -->\n<title>Attraktiva centrum - \u00d6desh\u00f6g<\/title>\n<meta name=\"robots\" content=\"index, follow, max-snippet:-1, max-image-preview:large, max-video-preview:-1\" \/>\n<link rel=\"canonical\" href=\"https:\/\/wp.kristdemokraterna.se\/odeshog\/kd-gor-skillnad\/tillvaxt-och-utveckling\/attraktiva-centrum\/\" \/>\n<meta property=\"og:locale\" content=\"sv_SE\" \/>\n<meta property=\"og:type\" content=\"article\" \/>\n<meta property=\"og:title\" content=\"Attraktiva centrum - \u00d6desh\u00f6g\" \/>\n<meta property=\"og:description\" content=\"Vi vill v\u00e4xa rusta f\u00f6r framtiden och v\u00e4xa f\u00f6r motsatsen \u00e4r ot\u00e4nkbart, s\u00e4ger Annicki Oscarsson. Det viktigaste strategiska dokumentet f\u00f6r detta \u00e4r v\u00e5r nya \u00d6versiktsplanen 6000 inv\u00e5nare Som antogs i september 2020 antog vi v\u00e5r nya \u00f6versiktsplan i politisk enighet i fullm\u00e4ktige. \u00d6versiktsplanen ligger till grund f\u00f6r andra viktiga dokument som tagits fram under mandatperioden Read More\" \/>\n<meta property=\"og:url\" content=\"https:\/\/wp.kristdemokraterna.se\/odeshog\/kd-gor-skillnad\/tillvaxt-och-utveckling\/attraktiva-centrum\/\" \/>\n<meta property=\"og:site_name\" content=\"\u00d6desh\u00f6g\" \/>\n<meta property=\"article:modified_time\" content=\"2022-05-16T08:45:00+00:00\" \/>\n<meta property=\"og:image\" content=\"http:\/\/wp.kristdemokraterna.se\/odeshog\/files\/2022\/05\/vision_odeshogs_tatort-273x300.jpg\" \/>\n<meta name=\"twitter:card\" content=\"summary_large_image\" \/>\n<meta name=\"twitter:label1\" content=\"Ber\u00e4knad l\u00e4stid\" \/>\n\t<meta name=\"twitter:data1\" content=\"1 minut\" \/>\n<script type=\"application\/ld+json\" class=\"yoast-schema-graph\">{\"@context\":\"https:\\\/\\\/schema.org\",\"@graph\":[{\"@type\":\"WebPage\",\"@id\":\"https:\\\/\\\/wp.kristdemokraterna.se\\\/odeshog\\\/kd-gor-skillnad\\\/tillvaxt-och-utveckling\\\/attraktiva-centrum\\\/\",\"url\":\"https:\\\/\\\/wp.kristdemokraterna.se\\\/odeshog\\\/kd-gor-skillnad\\\/tillvaxt-och-utveckling\\\/attraktiva-centrum\\\/\",\"name\":\"Attraktiva centrum - \u00d6desh\u00f6g\",\"isPartOf\":{\"@id\":\"https:\\\/\\\/wp.kristdemokraterna.se\\\/odeshog\\\/#website\"},\"primaryImageOfPage\":{\"@id\":\"https:\\\/\\\/wp.kristdemokraterna.se\\\/odeshog\\\/kd-gor-skillnad\\\/tillvaxt-och-utveckling\\\/attraktiva-centrum\\\/#primaryimage\"},\"image\":{\"@id\":\"https:\\\/\\\/wp.kristdemokraterna.se\\\/odeshog\\\/kd-gor-skillnad\\\/tillvaxt-och-utveckling\\\/attraktiva-centrum\\\/#primaryimage\"},\"thumbnailUrl\":\"http:\\\/\\\/wp.kristdemokraterna.se\\\/odeshog\\\/files\\\/2022\\\/05\\\/vision_odeshogs_tatort-273x300.jpg\",\"datePublished\":\"2022-05-16T08:24:44+00:00\",\"dateModified\":\"2022-05-16T08:45:00+00:00\",\"breadcrumb\":{\"@id\":\"https:\\\/\\\/wp.kristdemokraterna.se\\\/odeshog\\\/kd-gor-skillnad\\\/tillvaxt-och-utveckling\\\/attraktiva-centrum\\\/#breadcrumb\"},\"inLanguage\":\"sv-SE\",\"potentialAction\":[{\"@type\":\"ReadAction\",\"target\":[\"https:\\\/\\\/wp.kristdemokraterna.se\\\/odeshog\\\/kd-gor-skillnad\\\/tillvaxt-och-utveckling\\\/attraktiva-centrum\\\/\"]}]},{\"@type\":\"ImageObject\",\"inLanguage\":\"sv-SE\",\"@id\":\"https:\\\/\\\/wp.kristdemokraterna.se\\\/odeshog\\\/kd-gor-skillnad\\\/tillvaxt-och-utveckling\\\/attraktiva-centrum\\\/#primaryimage\",\"url\":\"http:\\\/\\\/wp.kristdemokraterna.se\\\/odeshog\\\/files\\\/2022\\\/05\\\/vision_odeshogs_tatort-273x300.jpg\",\"contentUrl\":\"http:\\\/\\\/wp.kristdemokraterna.se\\\/odeshog\\\/files\\\/2022\\\/05\\\/vision_odeshogs_tatort-273x300.jpg\"},{\"@type\":\"BreadcrumbList\",\"@id\":\"https:\\\/\\\/wp.kristdemokraterna.se\\\/odeshog\\\/kd-gor-skillnad\\\/tillvaxt-och-utveckling\\\/attraktiva-centrum\\\/#breadcrumb\",\"itemListElement\":[{\"@type\":\"ListItem\",\"position\":1,\"name\":\"Hem\",\"item\":\"https:\\\/\\\/wp.kristdemokraterna.se\\\/odeshog\\\/\"},{\"@type\":\"ListItem\",\"position\":2,\"name\":\"KD g\u00f6r skillnad\",\"item\":\"https:\\\/\\\/wp.kristdemokraterna.se\\\/odeshog\\\/kd-gor-skillnad\\\/\"},{\"@type\":\"ListItem\",\"position\":3,\"name\":\"Tillv\u00e4xt och utveckling\",\"item\":\"https:\\\/\\\/wp.kristdemokraterna.se\\\/odeshog\\\/kd-gor-skillnad\\\/tillvaxt-och-utveckling\\\/\"},{\"@type\":\"ListItem\",\"position\":4,\"name\":\"Attraktiva centrum\"}]},{\"@type\":\"WebSite\",\"@id\":\"https:\\\/\\\/wp.kristdemokraterna.se\\\/odeshog\\\/#website\",\"url\":\"https:\\\/\\\/wp.kristdemokraterna.se\\\/odeshog\\\/\",\"name\":\"\u00d6desh\u00f6g\",\"description\":\"En till Kristdemokraterna webbplats\",\"inLanguage\":\"sv-SE\"}]}<\/script>\n<!-- \/ Yoast SEO plugin. -->","yoast_head_json":{"title":"Attraktiva centrum - \u00d6desh\u00f6g","robots":{"index":"index","follow":"follow","max-snippet":"max-snippet:-1","max-image-preview":"max-image-preview:large","max-video-preview":"max-video-preview:-1"},"canonical":"https:\/\/wp.kristdemokraterna.se\/odeshog\/kd-gor-skillnad\/tillvaxt-och-utveckling\/attraktiva-centrum\/","og_locale":"sv_SE","og_type":"article","og_title":"Attraktiva centrum - \u00d6desh\u00f6g","og_description":"Vi vill v\u00e4xa rusta f\u00f6r framtiden och v\u00e4xa f\u00f6r motsatsen \u00e4r ot\u00e4nkbart, s\u00e4ger Annicki Oscarsson. Det viktigaste strategiska dokumentet f\u00f6r detta \u00e4r v\u00e5r nya \u00d6versiktsplanen 6000 inv\u00e5nare Som antogs i september 2020 antog vi v\u00e5r nya \u00f6versiktsplan i politisk enighet i fullm\u00e4ktige. \u00d6versiktsplanen ligger till grund f\u00f6r andra viktiga dokument som tagits fram under mandatperioden Read More","og_url":"https:\/\/wp.kristdemokraterna.se\/odeshog\/kd-gor-skillnad\/tillvaxt-och-utveckling\/attraktiva-centrum\/","og_site_name":"\u00d6desh\u00f6g","article_modified_time":"2022-05-16T08:45:00+00:00","og_image":[{"url":"http:\/\/wp.kristdemokraterna.se\/odeshog\/files\/2022\/05\/vision_odeshogs_tatort-273x300.jpg","type":"","width":"","height":""}],"twitter_card":"summary_large_image","twitter_misc":{"Ber\u00e4knad l\u00e4stid":"1 minut"},"schema":{"@context":"https:\/\/schema.org","@graph":[{"@type":"WebPage","@id":"https:\/\/wp.kristdemokraterna.se\/odeshog\/kd-gor-skillnad\/tillvaxt-och-utveckling\/attraktiva-centrum\/","url":"https:\/\/wp.kristdemokraterna.se\/odeshog\/kd-gor-skillnad\/tillvaxt-och-utveckling\/attraktiva-centrum\/","name":"Attraktiva centrum - \u00d6desh\u00f6g","isPartOf":{"@id":"https:\/\/wp.kristdemokraterna.se\/odeshog\/#website"},"primaryImageOfPage":{"@id":"https:\/\/wp.kristdemokraterna.se\/odeshog\/kd-gor-skillnad\/tillvaxt-och-utveckling\/attraktiva-centrum\/#primaryimage"},"image":{"@id":"https:\/\/wp.kristdemokraterna.se\/odeshog\/kd-gor-skillnad\/tillvaxt-och-utveckling\/attraktiva-centrum\/#primaryimage"},"thumbnailUrl":"http:\/\/wp.kristdemokraterna.se\/odeshog\/files\/2022\/05\/vision_odeshogs_tatort-273x300.jpg","datePublished":"2022-05-16T08:24:44+00:00","dateModified":"2022-05-16T08:45:00+00:00","breadcrumb":{"@id":"https:\/\/wp.kristdemokraterna.se\/odeshog\/kd-gor-skillnad\/tillvaxt-och-utveckling\/attraktiva-centrum\/#breadcrumb"},"inLanguage":"sv-SE","potentialAction":[{"@type":"ReadAction","target":["https:\/\/wp.kristdemokraterna.se\/odeshog\/kd-gor-skillnad\/tillvaxt-och-utveckling\/attraktiva-centrum\/"]}]},{"@type":"ImageObject","inLanguage":"sv-SE","@id":"https:\/\/wp.kristdemokraterna.se\/odeshog\/kd-gor-skillnad\/tillvaxt-och-utveckling\/attraktiva-centrum\/#primaryimage","url":"http:\/\/wp.kristdemokraterna.se\/odeshog\/files\/2022\/05\/vision_odeshogs_tatort-273x300.jpg","contentUrl":"http:\/\/wp.kristdemokraterna.se\/odeshog\/files\/2022\/05\/vision_odeshogs_tatort-273x300.jpg"},{"@type":"BreadcrumbList","@id":"https:\/\/wp.kristdemokraterna.se\/odeshog\/kd-gor-skillnad\/tillvaxt-och-utveckling\/attraktiva-centrum\/#breadcrumb","itemListElement":[{"@type":"ListItem","position":1,"name":"Hem","item":"https:\/\/wp.kristdemokraterna.se\/odeshog\/"},{"@type":"ListItem","position":2,"name":"KD g\u00f6r skillnad","item":"https:\/\/wp.kristdemokraterna.se\/odeshog\/kd-gor-skillnad\/"},{"@type":"ListItem","position":3,"name":"Tillv\u00e4xt och utveckling","item":"https:\/\/wp.kristdemokraterna.se\/odeshog\/kd-gor-skillnad\/tillvaxt-och-utveckling\/"},{"@type":"ListItem","position":4,"name":"Attraktiva centrum"}]},{"@type":"WebSite","@id":"https:\/\/wp.kristdemokraterna.se\/odeshog\/#website","url":"https:\/\/wp.kristdemokraterna.se\/odeshog\/","name":"\u00d6desh\u00f6g","description":"En till Kristdemokraterna webbplats","inLanguage":"sv-SE"}]}},"_links":{"self":[{"href":"https:\/\/wp.kristdemokraterna.se\/odeshog\/wp-json\/wp\/v2\/pages\/884","targetHints":{"allow":["GET"]}}],"collection":[{"href":"https:\/\/wp.kristdemokraterna.se\/odeshog\/wp-json\/wp\/v2\/pages"}],"about":[{"href":"https:\/\/wp.kristdemokraterna.se\/odeshog\/wp-json\/wp\/v2\/types\/page"}],"author":[{"embeddable":true,"href":"https:\/\/wp.kristdemokraterna.se\/odeshog\/wp-json\/wp\/v2\/users\/747"}],"replies":[{"embeddable":true,"href":"https:\/\/wp.kristdemokraterna.se\/odeshog\/wp-json\/wp\/v2\/comments?post=884"}],"version-history":[{"count":6,"href":"https:\/\/wp.kristdemokraterna.se\/odeshog\/wp-json\/wp\/v2\/pages\/884\/revisions"}],"predecessor-version":[{"id":894,"href":"https:\/\/wp.kristdemokraterna.se\/odeshog\/wp-json\/wp\/v2\/pages\/884\/revisions\/894"}],"up":[{"embeddable":true,"href":"https:\/\/wp.kristdemokraterna.se\/odeshog\/wp-json\/wp\/v2\/pages\/857"}],"wp:attachment":[{"href":"https:\/\/wp.kristdemokraterna.se\/odeshog\/wp-json\/wp\/v2\/media?parent=884"}],"curies":[{"name":"wp","href":"https:\/\/api.w.org\/{rel}","templated":true}]}}