{"id":886,"date":"2022-05-16T10:25:29","date_gmt":"2022-05-16T08:25:29","guid":{"rendered":"https:\/\/wp.kristdemokraterna.se\/odeshog\/?page_id=886"},"modified":"2022-05-16T10:59:51","modified_gmt":"2022-05-16T08:59:51","slug":"bredband-infrastruktur-och-kollektivtrafik","status":"publish","type":"page","link":"https:\/\/wp.kristdemokraterna.se\/odeshog\/kd-gor-skillnad\/tillvaxt-och-utveckling\/bredband-infrastruktur-och-kollektivtrafik\/","title":{"rendered":"Bredband, infrastruktur och kollektivtrafik"},"content":{"rendered":"<p><b>Bredband<\/b><\/p>\n<p><span style=\"font-weight: 400\">I v\u00e5r alltmer digitala v\u00e4rld \u00e4r det viktigt att vi forts\u00e4tter att bygga ut fiber i kommunen. Vi har under mandatperioden tagit fram ett IT infrastrukturprogram och ett av v\u00e5ra m\u00e5l \u00e4r att 98% ska ha tillg\u00e5ng till snabbt fiber 2025, vilket inneb\u00e4r 1Gbit\/s. Det \u00e4r ett tufft satt m\u00e5l och vi jobbar med insatser f\u00f6r att n\u00e5 m\u00e5let. Idag \u00e4r det <\/span><span style=\"font-weight: 400\">ca 90%<\/span><span style=\"font-weight: 400\"> som har tillg\u00e5ng till bredband i sin n\u00e4rhet men bara ca <\/span><span style=\"font-weight: 400\">75%<\/span><span style=\"font-weight: 400\"> som anslutit sig. De omr\u00e5den som kommunen har kvar att bygga \u00e4r vidstr\u00e4ckta omr\u00e5den p\u00e5 landsbygden d\u00e4r det kr\u00e4vs statsbidrag f\u00f6r att kommunen ska kunna bygga. Vi \u00e4r aktiva kring att s\u00f6ka bidrag och har beviljats bidrag f\u00f6r ett stort omr\u00e5de med ca 170 hush\u00e5ll i st \u00c5by som planeras att vara f\u00e4rdigbyggt 2022. Vi forts\u00e4tter att s\u00f6ka och har 2022 f\u00e5tt ett bidrag f\u00f6r att bygga ut i omr\u00e5det kring Dagsmosse. Vi kommer inf\u00f6r 2023 att s\u00f6ka f\u00f6r ytterligare omr\u00e5den som \u00e4r kvar p\u00e5 landsbygden. I \u00d6desh\u00f6gs t\u00e4tort p\u00e5g\u00e5r ett projekt tillsammans med V\u00f6kby f\u00f6r att bygga ut det som finns kvar och f\u00f6r att f\u00e5 fler att ansluta sig. <\/span>Digitaliseringen handlar om m\u00f6jligheter till utveckling och trygghet<b>.<\/b><span style=\"font-weight: 400\"> Covid-19 har skyndat p\u00e5 digitaliseringen d\u00e4r hemarbete blivit en m\u00f6jlighet f\u00f6r m\u00e5nga och den m\u00f6jligheten vill vi ta tillvara p\u00e5. Samtidigt handlar det ocks\u00e5 om trygghet f\u00f6r de \u00e4ldre som vill bo kvar i sina hus och beh\u00f6ver service som t.ex hemlarm.\u00a0<\/span><\/p>\n<p><b>Infrastruktur<\/b><\/p>\n<p><span style=\"font-weight: 400\">Infrastruktur i form av gator och cykelv\u00e4gar \u00e4r investeringar som ligger med i den 10-\u00e5riga investeringsplan som vi tagit fram. H\u00e4r finns flera planerade \u00e5tg\u00e4rder som p\u00e5g\u00e5r och som planeras att starta inom en n\u00e4rtid. Det handlar om <\/span><span style=\"font-weight: 400\">insatser i H\u00e4stholmen<\/span><span style=\"font-weight: 400\">, belysning av cykelv\u00e4gen till H\u00e4stholmen f\u00f6r att kunna anv\u00e4nda den \u00e4ven under den m\u00f6rka \u00e5rstiden. I \u00d6desh\u00f6gs t\u00e4tort planeras f\u00f6r g\u00e5ng- och cykelv\u00e4g utmed Mj\u00f6lbyv\u00e4gen\/Storgatan och i b\u00e5de H\u00e4stholmens och \u00d6desh\u00f6gs t\u00e4tort utreds nya bussh\u00e5llplatsl\u00e4gen. Parkeringar i \u00d6desh\u00f6gs t\u00e4tort kommer ocks\u00e5 att ses \u00f6ver i samband med planerna f\u00f6r den nya v\u00e5rdcentralen. Vi vet att parkeringar \u00e4r en viktig fr\u00e5ga f\u00f6r v\u00e5ra medborgare.\u00a0<\/span><\/p>\n<p><span style=\"font-weight: 400\"><b>Kollektivtrafik<\/b><\/span><\/p>\n<p><span style=\"font-weight: 400\">Kollektivtrafiken engagerar oss mycket och den styr vi inte \u00f6ver eftersom det \u00e4r regionen som har ansvaret f\u00f6r den och har lagt den i bolaget \u00d6stg\u00f6tatrafiken. Ett stort engagemang har lagts ned politiskt f\u00f6r att f\u00e5 st\u00e4rkt trafik till \u00d6desh\u00f6g. En fr\u00e5ga som vi drivit \u00e4r en expressbuss utmed E4:an som trafikerar Link\u00f6ping &#8211; J\u00f6nk\u00f6ping och g\u00f6r stopp vid \u00d6stg\u00f6taporten. I dagsl\u00e4get finns ingen trafik ner mot J\u00f6nk\u00f6ping och inte heller direkttrafik till Link\u00f6ping. I januari 2021 kom trafikutredning \u00d6desh\u00f6g fr\u00e5n \u00d6stg\u00f6tatrafiken som f\u00f6reslog att fyra av v\u00e5ra sex linjer ska l\u00e4ggas ned 2024, samtidigt ska de linjer som blir kvar mot Mj\u00f6lby f\u00e5 t\u00e4tare avg\u00e5ngar. D\u00e5 startade ett intensivt arbete f\u00f6r att f\u00e5 beh\u00e5lla v\u00e5ra linjer p\u00e5 landsbygden. Det vi tillslut lyckades med var att vi kom fram till att regionen tillsammans med kommunen ska hitta l\u00f6sningar f\u00f6r framf\u00f6r allt v\u00e5ra gymnasieelever utmed Tran\u00e5slinjen som ska l\u00e4ggas ned 2024. Denna trafik ska ocks\u00e5 kunna anv\u00e4ndas av andra resen\u00e4rer. Regionen kommer ocks\u00e5 att inf\u00f6ra n\u00e4rtrafik \u00f6ver l\u00e4nsgr\u00e4ns till Tran\u00e5s 2024. <\/span><\/p>\n<p>Vi forts\u00e4tter verka f\u00f6r en st\u00e4rkt kollektivtrafik till \u00d6desh\u00f6g.<\/p>\n","protected":false},"excerpt":{"rendered":"<p>Bredband I v\u00e5r alltmer digitala v\u00e4rld \u00e4r det viktigt att vi forts\u00e4tter att bygga ut fiber i kommunen. Vi har under mandatperioden tagit fram ett IT infrastrukturprogram och ett av v\u00e5ra m\u00e5l \u00e4r att 98% ska ha tillg\u00e5ng till snabbt fiber 2025, vilket inneb\u00e4r 1Gbit\/s. Det \u00e4r ett tufft satt m\u00e5l och vi jobbar med <a class=\"read-more-link\" href=\"https:\/\/wp.kristdemokraterna.se\/odeshog\/kd-gor-skillnad\/tillvaxt-och-utveckling\/bredband-infrastruktur-och-kollektivtrafik\/\">Read More<\/a><\/p>\n","protected":false},"author":747,"featured_media":0,"parent":857,"menu_order":0,"comment_status":"closed","ping_status":"closed","template":"","meta":{"_acf_changed":false,"footnotes":""},"class_list":["post-886","page","type-page","status-publish","hentry"],"acf":[],"yoast_head":"<!-- This site is optimized with the Yoast SEO plugin v27.4 - https:\/\/yoast.com\/product\/yoast-seo-wordpress\/ -->\n<title>Bredband, infrastruktur och kollektivtrafik - \u00d6desh\u00f6g<\/title>\n<meta name=\"robots\" content=\"index, follow, max-snippet:-1, max-image-preview:large, max-video-preview:-1\" \/>\n<link rel=\"canonical\" href=\"https:\/\/wp.kristdemokraterna.se\/odeshog\/kd-gor-skillnad\/tillvaxt-och-utveckling\/bredband-infrastruktur-och-kollektivtrafik\/\" \/>\n<meta property=\"og:locale\" content=\"sv_SE\" \/>\n<meta property=\"og:type\" content=\"article\" \/>\n<meta property=\"og:title\" content=\"Bredband, infrastruktur och kollektivtrafik - \u00d6desh\u00f6g\" \/>\n<meta property=\"og:description\" content=\"Bredband I v\u00e5r alltmer digitala v\u00e4rld \u00e4r det viktigt att vi forts\u00e4tter att bygga ut fiber i kommunen. Vi har under mandatperioden tagit fram ett IT infrastrukturprogram och ett av v\u00e5ra m\u00e5l \u00e4r att 98% ska ha tillg\u00e5ng till snabbt fiber 2025, vilket inneb\u00e4r 1Gbit\/s. Det \u00e4r ett tufft satt m\u00e5l och vi jobbar med Read More\" \/>\n<meta property=\"og:url\" content=\"https:\/\/wp.kristdemokraterna.se\/odeshog\/kd-gor-skillnad\/tillvaxt-och-utveckling\/bredband-infrastruktur-och-kollektivtrafik\/\" \/>\n<meta property=\"og:site_name\" content=\"\u00d6desh\u00f6g\" \/>\n<meta property=\"article:modified_time\" content=\"2022-05-16T08:59:51+00:00\" \/>\n<meta name=\"twitter:card\" content=\"summary_large_image\" \/>\n<meta name=\"twitter:label1\" content=\"Ber\u00e4knad l\u00e4stid\" \/>\n\t<meta name=\"twitter:data1\" content=\"3 minuter\" \/>\n<script type=\"application\/ld+json\" class=\"yoast-schema-graph\">{\"@context\":\"https:\\\/\\\/schema.org\",\"@graph\":[{\"@type\":\"WebPage\",\"@id\":\"https:\\\/\\\/wp.kristdemokraterna.se\\\/odeshog\\\/kd-gor-skillnad\\\/tillvaxt-och-utveckling\\\/bredband-infrastruktur-och-kollektivtrafik\\\/\",\"url\":\"https:\\\/\\\/wp.kristdemokraterna.se\\\/odeshog\\\/kd-gor-skillnad\\\/tillvaxt-och-utveckling\\\/bredband-infrastruktur-och-kollektivtrafik\\\/\",\"name\":\"Bredband, infrastruktur och kollektivtrafik - \u00d6desh\u00f6g\",\"isPartOf\":{\"@id\":\"https:\\\/\\\/wp.kristdemokraterna.se\\\/odeshog\\\/#website\"},\"datePublished\":\"2022-05-16T08:25:29+00:00\",\"dateModified\":\"2022-05-16T08:59:51+00:00\",\"breadcrumb\":{\"@id\":\"https:\\\/\\\/wp.kristdemokraterna.se\\\/odeshog\\\/kd-gor-skillnad\\\/tillvaxt-och-utveckling\\\/bredband-infrastruktur-och-kollektivtrafik\\\/#breadcrumb\"},\"inLanguage\":\"sv-SE\",\"potentialAction\":[{\"@type\":\"ReadAction\",\"target\":[\"https:\\\/\\\/wp.kristdemokraterna.se\\\/odeshog\\\/kd-gor-skillnad\\\/tillvaxt-och-utveckling\\\/bredband-infrastruktur-och-kollektivtrafik\\\/\"]}]},{\"@type\":\"BreadcrumbList\",\"@id\":\"https:\\\/\\\/wp.kristdemokraterna.se\\\/odeshog\\\/kd-gor-skillnad\\\/tillvaxt-och-utveckling\\\/bredband-infrastruktur-och-kollektivtrafik\\\/#breadcrumb\",\"itemListElement\":[{\"@type\":\"ListItem\",\"position\":1,\"name\":\"Hem\",\"item\":\"https:\\\/\\\/wp.kristdemokraterna.se\\\/odeshog\\\/\"},{\"@type\":\"ListItem\",\"position\":2,\"name\":\"KD g\u00f6r skillnad\",\"item\":\"https:\\\/\\\/wp.kristdemokraterna.se\\\/odeshog\\\/kd-gor-skillnad\\\/\"},{\"@type\":\"ListItem\",\"position\":3,\"name\":\"Tillv\u00e4xt och utveckling\",\"item\":\"https:\\\/\\\/wp.kristdemokraterna.se\\\/odeshog\\\/kd-gor-skillnad\\\/tillvaxt-och-utveckling\\\/\"},{\"@type\":\"ListItem\",\"position\":4,\"name\":\"Bredband, infrastruktur och kollektivtrafik\"}]},{\"@type\":\"WebSite\",\"@id\":\"https:\\\/\\\/wp.kristdemokraterna.se\\\/odeshog\\\/#website\",\"url\":\"https:\\\/\\\/wp.kristdemokraterna.se\\\/odeshog\\\/\",\"name\":\"\u00d6desh\u00f6g\",\"description\":\"En till Kristdemokraterna webbplats\",\"inLanguage\":\"sv-SE\"}]}<\/script>\n<!-- \/ Yoast SEO plugin. -->","yoast_head_json":{"title":"Bredband, infrastruktur och kollektivtrafik - \u00d6desh\u00f6g","robots":{"index":"index","follow":"follow","max-snippet":"max-snippet:-1","max-image-preview":"max-image-preview:large","max-video-preview":"max-video-preview:-1"},"canonical":"https:\/\/wp.kristdemokraterna.se\/odeshog\/kd-gor-skillnad\/tillvaxt-och-utveckling\/bredband-infrastruktur-och-kollektivtrafik\/","og_locale":"sv_SE","og_type":"article","og_title":"Bredband, infrastruktur och kollektivtrafik - \u00d6desh\u00f6g","og_description":"Bredband I v\u00e5r alltmer digitala v\u00e4rld \u00e4r det viktigt att vi forts\u00e4tter att bygga ut fiber i kommunen. Vi har under mandatperioden tagit fram ett IT infrastrukturprogram och ett av v\u00e5ra m\u00e5l \u00e4r att 98% ska ha tillg\u00e5ng till snabbt fiber 2025, vilket inneb\u00e4r 1Gbit\/s. Det \u00e4r ett tufft satt m\u00e5l och vi jobbar med Read More","og_url":"https:\/\/wp.kristdemokraterna.se\/odeshog\/kd-gor-skillnad\/tillvaxt-och-utveckling\/bredband-infrastruktur-och-kollektivtrafik\/","og_site_name":"\u00d6desh\u00f6g","article_modified_time":"2022-05-16T08:59:51+00:00","twitter_card":"summary_large_image","twitter_misc":{"Ber\u00e4knad l\u00e4stid":"3 minuter"},"schema":{"@context":"https:\/\/schema.org","@graph":[{"@type":"WebPage","@id":"https:\/\/wp.kristdemokraterna.se\/odeshog\/kd-gor-skillnad\/tillvaxt-och-utveckling\/bredband-infrastruktur-och-kollektivtrafik\/","url":"https:\/\/wp.kristdemokraterna.se\/odeshog\/kd-gor-skillnad\/tillvaxt-och-utveckling\/bredband-infrastruktur-och-kollektivtrafik\/","name":"Bredband, infrastruktur och kollektivtrafik - \u00d6desh\u00f6g","isPartOf":{"@id":"https:\/\/wp.kristdemokraterna.se\/odeshog\/#website"},"datePublished":"2022-05-16T08:25:29+00:00","dateModified":"2022-05-16T08:59:51+00:00","breadcrumb":{"@id":"https:\/\/wp.kristdemokraterna.se\/odeshog\/kd-gor-skillnad\/tillvaxt-och-utveckling\/bredband-infrastruktur-och-kollektivtrafik\/#breadcrumb"},"inLanguage":"sv-SE","potentialAction":[{"@type":"ReadAction","target":["https:\/\/wp.kristdemokraterna.se\/odeshog\/kd-gor-skillnad\/tillvaxt-och-utveckling\/bredband-infrastruktur-och-kollektivtrafik\/"]}]},{"@type":"BreadcrumbList","@id":"https:\/\/wp.kristdemokraterna.se\/odeshog\/kd-gor-skillnad\/tillvaxt-och-utveckling\/bredband-infrastruktur-och-kollektivtrafik\/#breadcrumb","itemListElement":[{"@type":"ListItem","position":1,"name":"Hem","item":"https:\/\/wp.kristdemokraterna.se\/odeshog\/"},{"@type":"ListItem","position":2,"name":"KD g\u00f6r skillnad","item":"https:\/\/wp.kristdemokraterna.se\/odeshog\/kd-gor-skillnad\/"},{"@type":"ListItem","position":3,"name":"Tillv\u00e4xt och utveckling","item":"https:\/\/wp.kristdemokraterna.se\/odeshog\/kd-gor-skillnad\/tillvaxt-och-utveckling\/"},{"@type":"ListItem","position":4,"name":"Bredband, infrastruktur och kollektivtrafik"}]},{"@type":"WebSite","@id":"https:\/\/wp.kristdemokraterna.se\/odeshog\/#website","url":"https:\/\/wp.kristdemokraterna.se\/odeshog\/","name":"\u00d6desh\u00f6g","description":"En till Kristdemokraterna webbplats","inLanguage":"sv-SE"}]}},"_links":{"self":[{"href":"https:\/\/wp.kristdemokraterna.se\/odeshog\/wp-json\/wp\/v2\/pages\/886","targetHints":{"allow":["GET"]}}],"collection":[{"href":"https:\/\/wp.kristdemokraterna.se\/odeshog\/wp-json\/wp\/v2\/pages"}],"about":[{"href":"https:\/\/wp.kristdemokraterna.se\/odeshog\/wp-json\/wp\/v2\/types\/page"}],"author":[{"embeddable":true,"href":"https:\/\/wp.kristdemokraterna.se\/odeshog\/wp-json\/wp\/v2\/users\/747"}],"replies":[{"embeddable":true,"href":"https:\/\/wp.kristdemokraterna.se\/odeshog\/wp-json\/wp\/v2\/comments?post=886"}],"version-history":[{"count":3,"href":"https:\/\/wp.kristdemokraterna.se\/odeshog\/wp-json\/wp\/v2\/pages\/886\/revisions"}],"predecessor-version":[{"id":902,"href":"https:\/\/wp.kristdemokraterna.se\/odeshog\/wp-json\/wp\/v2\/pages\/886\/revisions\/902"}],"up":[{"embeddable":true,"href":"https:\/\/wp.kristdemokraterna.se\/odeshog\/wp-json\/wp\/v2\/pages\/857"}],"wp:attachment":[{"href":"https:\/\/wp.kristdemokraterna.se\/odeshog\/wp-json\/wp\/v2\/media?parent=886"}],"curies":[{"name":"wp","href":"https:\/\/api.w.org\/{rel}","templated":true}]}}