{"id":977,"date":"2022-07-08T07:12:01","date_gmt":"2022-07-08T05:12:01","guid":{"rendered":"https:\/\/wp.kristdemokraterna.se\/odeshog\/?page_id=977"},"modified":"2022-07-25T16:06:48","modified_gmt":"2022-07-25T14:06:48","slug":"axplock-fran-det-regionala-valprogrammet","status":"publish","type":"page","link":"https:\/\/wp.kristdemokraterna.se\/odeshog\/i-landstinget\/axplock-fran-det-regionala-valprogrammet\/","title":{"rendered":"Axplock &#8211; Regionalt valprogram"},"content":{"rendered":"<p><strong>KRISTDEMOKRATERNA \u00c4R REDO ATT STYRA REGION \u00d6STERG\u00d6TLAND<\/strong><\/p>\n<p>H\u00e4r kan du l\u00e4sa ett axplock av de konkreta f\u00f6rslagen som finns i Kristdemokraternas regionala valprogram 2022-2026. Vill du l\u00e4sa hela valprogrammet s\u00e5 finns det nedan!<\/p>\n<p><a href=\"http:\/\/wp.kristdemokraterna.se\/regionostergotland\/files\/2022\/04\/valprogram2022-2026.pdf\" target=\"_blank\" rel=\"noopener\"><img loading=\"lazy\" decoding=\"async\" class=\"alignnone size-medium wp-image-1840\" src=\"http:\/\/wp.kristdemokraterna.se\/regionostergotland\/files\/2022\/04\/omslag-redo-att-styra-ro-1-212x300.jpg\" alt=\"\" width=\"212\" height=\"300\" \/><\/a><\/p>\n<p><a href=\"http:\/\/wp.kristdemokraterna.se\/regionostergotland\/files\/2022\/04\/valprogram2022-2026.pdf\" target=\"_blank\" rel=\"noopener\">Valprogram2022-2026<\/a><\/p>\n","protected":false},"excerpt":{"rendered":"<p>KRISTDEMOKRATERNA \u00c4R REDO ATT STYRA REGION \u00d6STERG\u00d6TLAND H\u00e4r kan du l\u00e4sa ett axplock av de konkreta f\u00f6rslagen som finns i Kristdemokraternas regionala valprogram 2022-2026. Vill du l\u00e4sa hela valprogrammet s\u00e5 finns det nedan! Valprogram2022-2026<\/p>\n","protected":false},"author":747,"featured_media":0,"parent":43,"menu_order":2,"comment_status":"closed","ping_status":"closed","template":"","meta":{"_acf_changed":false,"footnotes":""},"class_list":["post-977","page","type-page","status-publish","hentry"],"acf":[],"yoast_head":"<!-- This site is optimized with the Yoast SEO plugin v27.3 - https:\/\/yoast.com\/product\/yoast-seo-wordpress\/ -->\n<title>Axplock - Regionalt valprogram - \u00d6desh\u00f6g<\/title>\n<meta name=\"robots\" content=\"index, follow, max-snippet:-1, max-image-preview:large, max-video-preview:-1\" \/>\n<link rel=\"canonical\" href=\"https:\/\/wp.kristdemokraterna.se\/odeshog\/i-landstinget\/axplock-fran-det-regionala-valprogrammet\/\" \/>\n<meta property=\"og:locale\" content=\"sv_SE\" \/>\n<meta property=\"og:type\" content=\"article\" \/>\n<meta property=\"og:title\" content=\"Axplock - Regionalt valprogram - \u00d6desh\u00f6g\" \/>\n<meta property=\"og:description\" content=\"KRISTDEMOKRATERNA \u00c4R REDO ATT STYRA REGION \u00d6STERG\u00d6TLAND H\u00e4r kan du l\u00e4sa ett axplock av de konkreta f\u00f6rslagen som finns i Kristdemokraternas regionala valprogram 2022-2026. Vill du l\u00e4sa hela valprogrammet s\u00e5 finns det nedan! Valprogram2022-2026\" \/>\n<meta property=\"og:url\" content=\"https:\/\/wp.kristdemokraterna.se\/odeshog\/i-landstinget\/axplock-fran-det-regionala-valprogrammet\/\" \/>\n<meta property=\"og:site_name\" content=\"\u00d6desh\u00f6g\" \/>\n<meta property=\"article:modified_time\" content=\"2022-07-25T14:06:48+00:00\" \/>\n<meta property=\"og:image\" content=\"http:\/\/wp.kristdemokraterna.se\/regionostergotland\/files\/2022\/04\/omslag-redo-att-styra-ro-1-212x300.jpg\" \/>\n<meta name=\"twitter:card\" content=\"summary_large_image\" \/>\n<script type=\"application\/ld+json\" class=\"yoast-schema-graph\">{\"@context\":\"https:\\\/\\\/schema.org\",\"@graph\":[{\"@type\":\"WebPage\",\"@id\":\"https:\\\/\\\/wp.kristdemokraterna.se\\\/odeshog\\\/i-landstinget\\\/axplock-fran-det-regionala-valprogrammet\\\/\",\"url\":\"https:\\\/\\\/wp.kristdemokraterna.se\\\/odeshog\\\/i-landstinget\\\/axplock-fran-det-regionala-valprogrammet\\\/\",\"name\":\"Axplock - Regionalt valprogram - \u00d6desh\u00f6g\",\"isPartOf\":{\"@id\":\"https:\\\/\\\/wp.kristdemokraterna.se\\\/odeshog\\\/#website\"},\"primaryImageOfPage\":{\"@id\":\"https:\\\/\\\/wp.kristdemokraterna.se\\\/odeshog\\\/i-landstinget\\\/axplock-fran-det-regionala-valprogrammet\\\/#primaryimage\"},\"image\":{\"@id\":\"https:\\\/\\\/wp.kristdemokraterna.se\\\/odeshog\\\/i-landstinget\\\/axplock-fran-det-regionala-valprogrammet\\\/#primaryimage\"},\"thumbnailUrl\":\"http:\\\/\\\/wp.kristdemokraterna.se\\\/regionostergotland\\\/files\\\/2022\\\/04\\\/omslag-redo-att-styra-ro-1-212x300.jpg\",\"datePublished\":\"2022-07-08T05:12:01+00:00\",\"dateModified\":\"2022-07-25T14:06:48+00:00\",\"breadcrumb\":{\"@id\":\"https:\\\/\\\/wp.kristdemokraterna.se\\\/odeshog\\\/i-landstinget\\\/axplock-fran-det-regionala-valprogrammet\\\/#breadcrumb\"},\"inLanguage\":\"sv-SE\",\"potentialAction\":[{\"@type\":\"ReadAction\",\"target\":[\"https:\\\/\\\/wp.kristdemokraterna.se\\\/odeshog\\\/i-landstinget\\\/axplock-fran-det-regionala-valprogrammet\\\/\"]}]},{\"@type\":\"ImageObject\",\"inLanguage\":\"sv-SE\",\"@id\":\"https:\\\/\\\/wp.kristdemokraterna.se\\\/odeshog\\\/i-landstinget\\\/axplock-fran-det-regionala-valprogrammet\\\/#primaryimage\",\"url\":\"http:\\\/\\\/wp.kristdemokraterna.se\\\/regionostergotland\\\/files\\\/2022\\\/04\\\/omslag-redo-att-styra-ro-1-212x300.jpg\",\"contentUrl\":\"http:\\\/\\\/wp.kristdemokraterna.se\\\/regionostergotland\\\/files\\\/2022\\\/04\\\/omslag-redo-att-styra-ro-1-212x300.jpg\"},{\"@type\":\"BreadcrumbList\",\"@id\":\"https:\\\/\\\/wp.kristdemokraterna.se\\\/odeshog\\\/i-landstinget\\\/axplock-fran-det-regionala-valprogrammet\\\/#breadcrumb\",\"itemListElement\":[{\"@type\":\"ListItem\",\"position\":1,\"name\":\"Hem\",\"item\":\"https:\\\/\\\/wp.kristdemokraterna.se\\\/odeshog\\\/\"},{\"@type\":\"ListItem\",\"position\":2,\"name\":\"I Regionen\",\"item\":\"https:\\\/\\\/wp.kristdemokraterna.se\\\/odeshog\\\/i-landstinget\\\/\"},{\"@type\":\"ListItem\",\"position\":3,\"name\":\"Axplock &#8211; Regionalt valprogram\"}]},{\"@type\":\"WebSite\",\"@id\":\"https:\\\/\\\/wp.kristdemokraterna.se\\\/odeshog\\\/#website\",\"url\":\"https:\\\/\\\/wp.kristdemokraterna.se\\\/odeshog\\\/\",\"name\":\"\u00d6desh\u00f6g\",\"description\":\"En till Kristdemokraterna webbplats\",\"inLanguage\":\"sv-SE\"}]}<\/script>\n<!-- \/ Yoast SEO plugin. -->","yoast_head_json":{"title":"Axplock - Regionalt valprogram - \u00d6desh\u00f6g","robots":{"index":"index","follow":"follow","max-snippet":"max-snippet:-1","max-image-preview":"max-image-preview:large","max-video-preview":"max-video-preview:-1"},"canonical":"https:\/\/wp.kristdemokraterna.se\/odeshog\/i-landstinget\/axplock-fran-det-regionala-valprogrammet\/","og_locale":"sv_SE","og_type":"article","og_title":"Axplock - Regionalt valprogram - \u00d6desh\u00f6g","og_description":"KRISTDEMOKRATERNA \u00c4R REDO ATT STYRA REGION \u00d6STERG\u00d6TLAND H\u00e4r kan du l\u00e4sa ett axplock av de konkreta f\u00f6rslagen som finns i Kristdemokraternas regionala valprogram 2022-2026. Vill du l\u00e4sa hela valprogrammet s\u00e5 finns det nedan! Valprogram2022-2026","og_url":"https:\/\/wp.kristdemokraterna.se\/odeshog\/i-landstinget\/axplock-fran-det-regionala-valprogrammet\/","og_site_name":"\u00d6desh\u00f6g","article_modified_time":"2022-07-25T14:06:48+00:00","og_image":[{"url":"http:\/\/wp.kristdemokraterna.se\/regionostergotland\/files\/2022\/04\/omslag-redo-att-styra-ro-1-212x300.jpg","type":"","width":"","height":""}],"twitter_card":"summary_large_image","schema":{"@context":"https:\/\/schema.org","@graph":[{"@type":"WebPage","@id":"https:\/\/wp.kristdemokraterna.se\/odeshog\/i-landstinget\/axplock-fran-det-regionala-valprogrammet\/","url":"https:\/\/wp.kristdemokraterna.se\/odeshog\/i-landstinget\/axplock-fran-det-regionala-valprogrammet\/","name":"Axplock - Regionalt valprogram - \u00d6desh\u00f6g","isPartOf":{"@id":"https:\/\/wp.kristdemokraterna.se\/odeshog\/#website"},"primaryImageOfPage":{"@id":"https:\/\/wp.kristdemokraterna.se\/odeshog\/i-landstinget\/axplock-fran-det-regionala-valprogrammet\/#primaryimage"},"image":{"@id":"https:\/\/wp.kristdemokraterna.se\/odeshog\/i-landstinget\/axplock-fran-det-regionala-valprogrammet\/#primaryimage"},"thumbnailUrl":"http:\/\/wp.kristdemokraterna.se\/regionostergotland\/files\/2022\/04\/omslag-redo-att-styra-ro-1-212x300.jpg","datePublished":"2022-07-08T05:12:01+00:00","dateModified":"2022-07-25T14:06:48+00:00","breadcrumb":{"@id":"https:\/\/wp.kristdemokraterna.se\/odeshog\/i-landstinget\/axplock-fran-det-regionala-valprogrammet\/#breadcrumb"},"inLanguage":"sv-SE","potentialAction":[{"@type":"ReadAction","target":["https:\/\/wp.kristdemokraterna.se\/odeshog\/i-landstinget\/axplock-fran-det-regionala-valprogrammet\/"]}]},{"@type":"ImageObject","inLanguage":"sv-SE","@id":"https:\/\/wp.kristdemokraterna.se\/odeshog\/i-landstinget\/axplock-fran-det-regionala-valprogrammet\/#primaryimage","url":"http:\/\/wp.kristdemokraterna.se\/regionostergotland\/files\/2022\/04\/omslag-redo-att-styra-ro-1-212x300.jpg","contentUrl":"http:\/\/wp.kristdemokraterna.se\/regionostergotland\/files\/2022\/04\/omslag-redo-att-styra-ro-1-212x300.jpg"},{"@type":"BreadcrumbList","@id":"https:\/\/wp.kristdemokraterna.se\/odeshog\/i-landstinget\/axplock-fran-det-regionala-valprogrammet\/#breadcrumb","itemListElement":[{"@type":"ListItem","position":1,"name":"Hem","item":"https:\/\/wp.kristdemokraterna.se\/odeshog\/"},{"@type":"ListItem","position":2,"name":"I Regionen","item":"https:\/\/wp.kristdemokraterna.se\/odeshog\/i-landstinget\/"},{"@type":"ListItem","position":3,"name":"Axplock &#8211; Regionalt valprogram"}]},{"@type":"WebSite","@id":"https:\/\/wp.kristdemokraterna.se\/odeshog\/#website","url":"https:\/\/wp.kristdemokraterna.se\/odeshog\/","name":"\u00d6desh\u00f6g","description":"En till Kristdemokraterna webbplats","inLanguage":"sv-SE"}]}},"_links":{"self":[{"href":"https:\/\/wp.kristdemokraterna.se\/odeshog\/wp-json\/wp\/v2\/pages\/977","targetHints":{"allow":["GET"]}}],"collection":[{"href":"https:\/\/wp.kristdemokraterna.se\/odeshog\/wp-json\/wp\/v2\/pages"}],"about":[{"href":"https:\/\/wp.kristdemokraterna.se\/odeshog\/wp-json\/wp\/v2\/types\/page"}],"author":[{"embeddable":true,"href":"https:\/\/wp.kristdemokraterna.se\/odeshog\/wp-json\/wp\/v2\/users\/747"}],"replies":[{"embeddable":true,"href":"https:\/\/wp.kristdemokraterna.se\/odeshog\/wp-json\/wp\/v2\/comments?post=977"}],"version-history":[{"count":4,"href":"https:\/\/wp.kristdemokraterna.se\/odeshog\/wp-json\/wp\/v2\/pages\/977\/revisions"}],"predecessor-version":[{"id":986,"href":"https:\/\/wp.kristdemokraterna.se\/odeshog\/wp-json\/wp\/v2\/pages\/977\/revisions\/986"}],"up":[{"embeddable":true,"href":"https:\/\/wp.kristdemokraterna.se\/odeshog\/wp-json\/wp\/v2\/pages\/43"}],"wp:attachment":[{"href":"https:\/\/wp.kristdemokraterna.se\/odeshog\/wp-json\/wp\/v2\/media?parent=977"}],"curies":[{"name":"wp","href":"https:\/\/api.w.org\/{rel}","templated":true}]}}