{"id":987,"date":"2022-07-08T07:50:14","date_gmt":"2022-07-08T05:50:14","guid":{"rendered":"https:\/\/wp.kristdemokraterna.se\/odeshog\/?page_id=987"},"modified":"2022-07-08T08:03:21","modified_gmt":"2022-07-08T06:03:21","slug":"redo-att-gora-hjartlandet-starkt","status":"publish","type":"page","link":"https:\/\/wp.kristdemokraterna.se\/odeshog\/nationellt\/redo-att-gora-hjartlandet-starkt\/","title":{"rendered":"Redo att g\u00f6ra hj\u00e4rtlandet starkt"},"content":{"rendered":"<h3 id=\"h-Forattforbattrahjartlandetvillvi\" class=\"font-heading-2\">F\u00f6r att f\u00f6rb\u00e4ttra hj\u00e4rtlandet vill vi:<\/h3>\n<ul>\n<li>S\u00e4nk skatten och minska iblandningen av biodrivmedel s\u00e5 att br\u00e4nslepriserna sjunker rej\u00e4lt.<\/li>\n<li>Sverige beh\u00f6ver sina jordbruk och sina gr\u00f6na n\u00e4ringar f\u00f6r att \u00f6ka sj\u00e4lvf\u00f6rs\u00f6rjningsgraden.<\/li>\n<li>Polisen m\u00e5ste f\u00e5 m\u00f6jlighet att stoppa st\u00f6ldligorna. Sk\u00e4rp straffen f\u00f6r inbrott till minst ett \u00e5rs f\u00e4ngelse.<\/li>\n<li>Vi vill se fler poliser p\u00e5 landsbygden f\u00f6r att motverka l\u00e5nga utryckningstider.<\/li>\n<li>Fixa svenska v\u00e4gar, inte minst f\u00f6r att kunna undvika hastighetss\u00e4nkningar.<\/li>\n<li>Sverige ska ha ett starkt f\u00f6rsvar och hela Sverige ska kunna f\u00f6rsvaras.<\/li>\n<li>\u00d6ka tillg\u00e4ngligheten till v\u00e5rd p\u00e5 landsbygden genom exempelvis ambulerande v\u00e5rdcentraler.<\/li>\n<\/ul>\n","protected":false},"excerpt":{"rendered":"<p>F\u00f6r att f\u00f6rb\u00e4ttra hj\u00e4rtlandet vill vi: S\u00e4nk skatten och minska iblandningen av biodrivmedel s\u00e5 att br\u00e4nslepriserna sjunker rej\u00e4lt. Sverige beh\u00f6ver sina jordbruk och sina gr\u00f6na n\u00e4ringar f\u00f6r att \u00f6ka sj\u00e4lvf\u00f6rs\u00f6rjningsgraden. Polisen m\u00e5ste f\u00e5 m\u00f6jlighet att stoppa st\u00f6ldligorna. Sk\u00e4rp straffen f\u00f6r inbrott till minst ett \u00e5rs f\u00e4ngelse. Vi vill se fler poliser p\u00e5 landsbygden f\u00f6r att <a class=\"read-more-link\" href=\"https:\/\/wp.kristdemokraterna.se\/odeshog\/nationellt\/redo-att-gora-hjartlandet-starkt\/\">Read More<\/a><\/p>\n","protected":false},"author":747,"featured_media":0,"parent":819,"menu_order":0,"comment_status":"closed","ping_status":"closed","template":"","meta":{"_acf_changed":false,"footnotes":""},"class_list":["post-987","page","type-page","status-publish","hentry"],"acf":[],"yoast_head":"<!-- This site is optimized with the Yoast SEO plugin v27.4 - https:\/\/yoast.com\/product\/yoast-seo-wordpress\/ -->\n<title>Redo att g\u00f6ra hj\u00e4rtlandet starkt - \u00d6desh\u00f6g<\/title>\n<meta name=\"robots\" content=\"index, follow, max-snippet:-1, max-image-preview:large, max-video-preview:-1\" \/>\n<link rel=\"canonical\" href=\"https:\/\/wp.kristdemokraterna.se\/odeshog\/nationellt\/redo-att-gora-hjartlandet-starkt\/\" \/>\n<meta property=\"og:locale\" content=\"sv_SE\" \/>\n<meta property=\"og:type\" content=\"article\" \/>\n<meta property=\"og:title\" content=\"Redo att g\u00f6ra hj\u00e4rtlandet starkt - \u00d6desh\u00f6g\" \/>\n<meta property=\"og:description\" content=\"F\u00f6r att f\u00f6rb\u00e4ttra hj\u00e4rtlandet vill vi: S\u00e4nk skatten och minska iblandningen av biodrivmedel s\u00e5 att br\u00e4nslepriserna sjunker rej\u00e4lt. Sverige beh\u00f6ver sina jordbruk och sina gr\u00f6na n\u00e4ringar f\u00f6r att \u00f6ka sj\u00e4lvf\u00f6rs\u00f6rjningsgraden. Polisen m\u00e5ste f\u00e5 m\u00f6jlighet att stoppa st\u00f6ldligorna. Sk\u00e4rp straffen f\u00f6r inbrott till minst ett \u00e5rs f\u00e4ngelse. Vi vill se fler poliser p\u00e5 landsbygden f\u00f6r att Read More\" \/>\n<meta property=\"og:url\" content=\"https:\/\/wp.kristdemokraterna.se\/odeshog\/nationellt\/redo-att-gora-hjartlandet-starkt\/\" \/>\n<meta property=\"og:site_name\" content=\"\u00d6desh\u00f6g\" \/>\n<meta property=\"article:modified_time\" content=\"2022-07-08T06:03:21+00:00\" \/>\n<meta name=\"twitter:card\" content=\"summary_large_image\" \/>\n<meta name=\"twitter:label1\" content=\"Ber\u00e4knad l\u00e4stid\" \/>\n\t<meta name=\"twitter:data1\" content=\"1 minut\" \/>\n<script type=\"application\/ld+json\" class=\"yoast-schema-graph\">{\"@context\":\"https:\\\/\\\/schema.org\",\"@graph\":[{\"@type\":\"WebPage\",\"@id\":\"https:\\\/\\\/wp.kristdemokraterna.se\\\/odeshog\\\/nationellt\\\/redo-att-gora-hjartlandet-starkt\\\/\",\"url\":\"https:\\\/\\\/wp.kristdemokraterna.se\\\/odeshog\\\/nationellt\\\/redo-att-gora-hjartlandet-starkt\\\/\",\"name\":\"Redo att g\u00f6ra hj\u00e4rtlandet starkt - \u00d6desh\u00f6g\",\"isPartOf\":{\"@id\":\"https:\\\/\\\/wp.kristdemokraterna.se\\\/odeshog\\\/#website\"},\"datePublished\":\"2022-07-08T05:50:14+00:00\",\"dateModified\":\"2022-07-08T06:03:21+00:00\",\"breadcrumb\":{\"@id\":\"https:\\\/\\\/wp.kristdemokraterna.se\\\/odeshog\\\/nationellt\\\/redo-att-gora-hjartlandet-starkt\\\/#breadcrumb\"},\"inLanguage\":\"sv-SE\",\"potentialAction\":[{\"@type\":\"ReadAction\",\"target\":[\"https:\\\/\\\/wp.kristdemokraterna.se\\\/odeshog\\\/nationellt\\\/redo-att-gora-hjartlandet-starkt\\\/\"]}]},{\"@type\":\"BreadcrumbList\",\"@id\":\"https:\\\/\\\/wp.kristdemokraterna.se\\\/odeshog\\\/nationellt\\\/redo-att-gora-hjartlandet-starkt\\\/#breadcrumb\",\"itemListElement\":[{\"@type\":\"ListItem\",\"position\":1,\"name\":\"Hem\",\"item\":\"https:\\\/\\\/wp.kristdemokraterna.se\\\/odeshog\\\/\"},{\"@type\":\"ListItem\",\"position\":2,\"name\":\"Nationellt\",\"item\":\"https:\\\/\\\/wp.kristdemokraterna.se\\\/odeshog\\\/nationellt\\\/\"},{\"@type\":\"ListItem\",\"position\":3,\"name\":\"Redo att g\u00f6ra hj\u00e4rtlandet starkt\"}]},{\"@type\":\"WebSite\",\"@id\":\"https:\\\/\\\/wp.kristdemokraterna.se\\\/odeshog\\\/#website\",\"url\":\"https:\\\/\\\/wp.kristdemokraterna.se\\\/odeshog\\\/\",\"name\":\"\u00d6desh\u00f6g\",\"description\":\"En till Kristdemokraterna webbplats\",\"inLanguage\":\"sv-SE\"}]}<\/script>\n<!-- \/ Yoast SEO plugin. -->","yoast_head_json":{"title":"Redo att g\u00f6ra hj\u00e4rtlandet starkt - \u00d6desh\u00f6g","robots":{"index":"index","follow":"follow","max-snippet":"max-snippet:-1","max-image-preview":"max-image-preview:large","max-video-preview":"max-video-preview:-1"},"canonical":"https:\/\/wp.kristdemokraterna.se\/odeshog\/nationellt\/redo-att-gora-hjartlandet-starkt\/","og_locale":"sv_SE","og_type":"article","og_title":"Redo att g\u00f6ra hj\u00e4rtlandet starkt - \u00d6desh\u00f6g","og_description":"F\u00f6r att f\u00f6rb\u00e4ttra hj\u00e4rtlandet vill vi: S\u00e4nk skatten och minska iblandningen av biodrivmedel s\u00e5 att br\u00e4nslepriserna sjunker rej\u00e4lt. Sverige beh\u00f6ver sina jordbruk och sina gr\u00f6na n\u00e4ringar f\u00f6r att \u00f6ka sj\u00e4lvf\u00f6rs\u00f6rjningsgraden. Polisen m\u00e5ste f\u00e5 m\u00f6jlighet att stoppa st\u00f6ldligorna. Sk\u00e4rp straffen f\u00f6r inbrott till minst ett \u00e5rs f\u00e4ngelse. Vi vill se fler poliser p\u00e5 landsbygden f\u00f6r att Read More","og_url":"https:\/\/wp.kristdemokraterna.se\/odeshog\/nationellt\/redo-att-gora-hjartlandet-starkt\/","og_site_name":"\u00d6desh\u00f6g","article_modified_time":"2022-07-08T06:03:21+00:00","twitter_card":"summary_large_image","twitter_misc":{"Ber\u00e4knad l\u00e4stid":"1 minut"},"schema":{"@context":"https:\/\/schema.org","@graph":[{"@type":"WebPage","@id":"https:\/\/wp.kristdemokraterna.se\/odeshog\/nationellt\/redo-att-gora-hjartlandet-starkt\/","url":"https:\/\/wp.kristdemokraterna.se\/odeshog\/nationellt\/redo-att-gora-hjartlandet-starkt\/","name":"Redo att g\u00f6ra hj\u00e4rtlandet starkt - \u00d6desh\u00f6g","isPartOf":{"@id":"https:\/\/wp.kristdemokraterna.se\/odeshog\/#website"},"datePublished":"2022-07-08T05:50:14+00:00","dateModified":"2022-07-08T06:03:21+00:00","breadcrumb":{"@id":"https:\/\/wp.kristdemokraterna.se\/odeshog\/nationellt\/redo-att-gora-hjartlandet-starkt\/#breadcrumb"},"inLanguage":"sv-SE","potentialAction":[{"@type":"ReadAction","target":["https:\/\/wp.kristdemokraterna.se\/odeshog\/nationellt\/redo-att-gora-hjartlandet-starkt\/"]}]},{"@type":"BreadcrumbList","@id":"https:\/\/wp.kristdemokraterna.se\/odeshog\/nationellt\/redo-att-gora-hjartlandet-starkt\/#breadcrumb","itemListElement":[{"@type":"ListItem","position":1,"name":"Hem","item":"https:\/\/wp.kristdemokraterna.se\/odeshog\/"},{"@type":"ListItem","position":2,"name":"Nationellt","item":"https:\/\/wp.kristdemokraterna.se\/odeshog\/nationellt\/"},{"@type":"ListItem","position":3,"name":"Redo att g\u00f6ra hj\u00e4rtlandet starkt"}]},{"@type":"WebSite","@id":"https:\/\/wp.kristdemokraterna.se\/odeshog\/#website","url":"https:\/\/wp.kristdemokraterna.se\/odeshog\/","name":"\u00d6desh\u00f6g","description":"En till Kristdemokraterna webbplats","inLanguage":"sv-SE"}]}},"_links":{"self":[{"href":"https:\/\/wp.kristdemokraterna.se\/odeshog\/wp-json\/wp\/v2\/pages\/987","targetHints":{"allow":["GET"]}}],"collection":[{"href":"https:\/\/wp.kristdemokraterna.se\/odeshog\/wp-json\/wp\/v2\/pages"}],"about":[{"href":"https:\/\/wp.kristdemokraterna.se\/odeshog\/wp-json\/wp\/v2\/types\/page"}],"author":[{"embeddable":true,"href":"https:\/\/wp.kristdemokraterna.se\/odeshog\/wp-json\/wp\/v2\/users\/747"}],"replies":[{"embeddable":true,"href":"https:\/\/wp.kristdemokraterna.se\/odeshog\/wp-json\/wp\/v2\/comments?post=987"}],"version-history":[{"count":3,"href":"https:\/\/wp.kristdemokraterna.se\/odeshog\/wp-json\/wp\/v2\/pages\/987\/revisions"}],"predecessor-version":[{"id":991,"href":"https:\/\/wp.kristdemokraterna.se\/odeshog\/wp-json\/wp\/v2\/pages\/987\/revisions\/991"}],"up":[{"embeddable":true,"href":"https:\/\/wp.kristdemokraterna.se\/odeshog\/wp-json\/wp\/v2\/pages\/819"}],"wp:attachment":[{"href":"https:\/\/wp.kristdemokraterna.se\/odeshog\/wp-json\/wp\/v2\/media?parent=987"}],"curies":[{"name":"wp","href":"https:\/\/api.w.org\/{rel}","templated":true}]}}