{"id":269,"date":"2017-11-29T16:48:28","date_gmt":"2017-11-29T15:48:28","guid":{"rendered":"http:\/\/wp.kristdemokraterna.se\/oland\/?page_id=269"},"modified":"2025-02-21T10:42:01","modified_gmt":"2025-02-21T09:42:01","slug":"textsida-med-vanster-sidebar","status":"publish","type":"page","link":"https:\/\/wp.kristdemokraterna.se\/oland\/textsida-med-vanster-sidebar\/","title":{"rendered":"V\u00e5r partiavdelning"},"content":{"rendered":"<p><a href=\"http:\/\/wp.kristdemokraterna.se\/oland\/files\/2025\/02\/styrelse-kd-2025-scaled.jpg\"><img loading=\"lazy\" decoding=\"async\" class=\"alignnone size-medium wp-image-503\" src=\"http:\/\/wp.kristdemokraterna.se\/oland\/files\/2025\/02\/styrelse-kd-2025-300x169.jpg\" alt=\"\" width=\"300\" height=\"169\" srcset=\"https:\/\/wp.kristdemokraterna.se\/oland\/files\/2025\/02\/styrelse-kd-2025-300x169.jpg 300w, https:\/\/wp.kristdemokraterna.se\/oland\/files\/2025\/02\/styrelse-kd-2025-1024x576.jpg 1024w, https:\/\/wp.kristdemokraterna.se\/oland\/files\/2025\/02\/styrelse-kd-2025-768x432.jpg 768w, https:\/\/wp.kristdemokraterna.se\/oland\/files\/2025\/02\/styrelse-kd-2025-1536x864.jpg 1536w, https:\/\/wp.kristdemokraterna.se\/oland\/files\/2025\/02\/styrelse-kd-2025-2048x1152.jpg 2048w, https:\/\/wp.kristdemokraterna.se\/oland\/files\/2025\/02\/styrelse-kd-2025-356x200.jpg 356w, https:\/\/wp.kristdemokraterna.se\/oland\/files\/2025\/02\/styrelse-kd-2025-370x208.jpg 370w, https:\/\/wp.kristdemokraterna.se\/oland\/files\/2025\/02\/styrelse-kd-2025-770x433.jpg 770w, https:\/\/wp.kristdemokraterna.se\/oland\/files\/2025\/02\/styrelse-kd-2025-450x253.jpg 450w, https:\/\/wp.kristdemokraterna.se\/oland\/files\/2025\/02\/styrelse-kd-2025-280x158.jpg 280w, https:\/\/wp.kristdemokraterna.se\/oland\/files\/2025\/02\/styrelse-kd-2025-340x191.jpg 340w, https:\/\/wp.kristdemokraterna.se\/oland\/files\/2025\/02\/styrelse-kd-2025-200x113.jpg 200w, https:\/\/wp.kristdemokraterna.se\/oland\/files\/2025\/02\/styrelse-kd-2025-100x56.jpg 100w\" sizes=\"auto, (max-width: 300px) 100vw, 300px\" \/><\/a><\/p>\n<p>Ordf\u00f6rande: Marwin Johansson<\/p>\n<p>Vice ordf\u00f6rande: Samuel Sigvardsson<\/p>\n<p>Sekreterare<\/p>\n<p>Ledam\u00f6ter:\u00a0 Bo Sj\u00f6din, Jonas Wulff, Madeleine Karlstr\u00f6m<\/p>\n<p>Ers\u00e4ttare: Erik Carlsson, Helene Erlandsson, Denise Fransson, Sebastian Hall\u00e9n, Jeanette Lindh<\/p>\n<p>&nbsp;<\/p>\n<p>&nbsp;<\/p>\n<p>&nbsp;<\/p>\n","protected":false},"excerpt":{"rendered":"<p>Ordf\u00f6rande: Marwin Johansson Vice ordf\u00f6rande: Samuel Sigvardsson Sekreterare Ledam\u00f6ter:\u00a0 Bo Sj\u00f6din, Jonas Wulff, Madeleine Karlstr\u00f6m Ers\u00e4ttare: Erik Carlsson, Helene Erlandsson, Denise Fransson, Sebastian Hall\u00e9n, Jeanette Lindh &nbsp; &nbsp; &nbsp;<\/p>\n","protected":false},"author":480,"featured_media":0,"parent":0,"menu_order":0,"comment_status":"closed","ping_status":"closed","template":"page.php","meta":{"_acf_changed":false,"footnotes":""},"class_list":["post-269","page","type-page","status-publish","hentry"],"acf":[],"yoast_head":"<!-- This site is optimized with the Yoast SEO plugin v27.3 - https:\/\/yoast.com\/product\/yoast-seo-wordpress\/ -->\n<title>V\u00e5r partiavdelning - Kristdemokraterna p\u00e5 \u00d6land<\/title>\n<meta name=\"robots\" content=\"index, follow, max-snippet:-1, max-image-preview:large, max-video-preview:-1\" \/>\n<link rel=\"canonical\" href=\"https:\/\/wp.kristdemokraterna.se\/oland\/textsida-med-vanster-sidebar\/\" \/>\n<meta property=\"og:locale\" content=\"sv_SE\" \/>\n<meta property=\"og:type\" content=\"article\" \/>\n<meta property=\"og:title\" content=\"V\u00e5r partiavdelning - Kristdemokraterna p\u00e5 \u00d6land\" \/>\n<meta property=\"og:description\" content=\"Ordf\u00f6rande: Marwin Johansson Vice ordf\u00f6rande: Samuel Sigvardsson Sekreterare Ledam\u00f6ter:\u00a0 Bo Sj\u00f6din, Jonas Wulff, Madeleine Karlstr\u00f6m Ers\u00e4ttare: Erik Carlsson, Helene Erlandsson, Denise Fransson, Sebastian Hall\u00e9n, Jeanette Lindh &nbsp; &nbsp; &nbsp;\" \/>\n<meta property=\"og:url\" content=\"https:\/\/wp.kristdemokraterna.se\/oland\/textsida-med-vanster-sidebar\/\" \/>\n<meta property=\"og:site_name\" content=\"Kristdemokraterna p\u00e5 \u00d6land\" \/>\n<meta property=\"article:modified_time\" content=\"2025-02-21T09:42:01+00:00\" \/>\n<meta property=\"og:image\" content=\"https:\/\/wp.kristdemokraterna.se\/oland\/files\/2025\/02\/styrelse-kd-2025-1024x576.jpg\" \/>\n\t<meta property=\"og:image:width\" content=\"1024\" \/>\n\t<meta property=\"og:image:height\" content=\"576\" \/>\n\t<meta property=\"og:image:type\" content=\"image\/jpeg\" \/>\n<meta name=\"twitter:card\" content=\"summary_large_image\" \/>\n<meta name=\"twitter:label1\" content=\"Ber\u00e4knad l\u00e4stid\" \/>\n\t<meta name=\"twitter:data1\" content=\"1 minut\" \/>\n<script type=\"application\/ld+json\" class=\"yoast-schema-graph\">{\"@context\":\"https:\\\/\\\/schema.org\",\"@graph\":[{\"@type\":\"WebPage\",\"@id\":\"https:\\\/\\\/wp.kristdemokraterna.se\\\/oland\\\/textsida-med-vanster-sidebar\\\/\",\"url\":\"https:\\\/\\\/wp.kristdemokraterna.se\\\/oland\\\/textsida-med-vanster-sidebar\\\/\",\"name\":\"V\u00e5r partiavdelning - Kristdemokraterna p\u00e5 \u00d6land\",\"isPartOf\":{\"@id\":\"https:\\\/\\\/wp.kristdemokraterna.se\\\/oland\\\/#website\"},\"primaryImageOfPage\":{\"@id\":\"https:\\\/\\\/wp.kristdemokraterna.se\\\/oland\\\/textsida-med-vanster-sidebar\\\/#primaryimage\"},\"image\":{\"@id\":\"https:\\\/\\\/wp.kristdemokraterna.se\\\/oland\\\/textsida-med-vanster-sidebar\\\/#primaryimage\"},\"thumbnailUrl\":\"http:\\\/\\\/wp.kristdemokraterna.se\\\/oland\\\/files\\\/2025\\\/02\\\/styrelse-kd-2025-300x169.jpg\",\"datePublished\":\"2017-11-29T15:48:28+00:00\",\"dateModified\":\"2025-02-21T09:42:01+00:00\",\"breadcrumb\":{\"@id\":\"https:\\\/\\\/wp.kristdemokraterna.se\\\/oland\\\/textsida-med-vanster-sidebar\\\/#breadcrumb\"},\"inLanguage\":\"sv-SE\",\"potentialAction\":[{\"@type\":\"ReadAction\",\"target\":[\"https:\\\/\\\/wp.kristdemokraterna.se\\\/oland\\\/textsida-med-vanster-sidebar\\\/\"]}]},{\"@type\":\"ImageObject\",\"inLanguage\":\"sv-SE\",\"@id\":\"https:\\\/\\\/wp.kristdemokraterna.se\\\/oland\\\/textsida-med-vanster-sidebar\\\/#primaryimage\",\"url\":\"https:\\\/\\\/wp.kristdemokraterna.se\\\/oland\\\/files\\\/2025\\\/02\\\/styrelse-kd-2025-scaled.jpg\",\"contentUrl\":\"https:\\\/\\\/wp.kristdemokraterna.se\\\/oland\\\/files\\\/2025\\\/02\\\/styrelse-kd-2025-scaled.jpg\",\"width\":2560,\"height\":1440},{\"@type\":\"BreadcrumbList\",\"@id\":\"https:\\\/\\\/wp.kristdemokraterna.se\\\/oland\\\/textsida-med-vanster-sidebar\\\/#breadcrumb\",\"itemListElement\":[{\"@type\":\"ListItem\",\"position\":1,\"name\":\"Hem\",\"item\":\"https:\\\/\\\/wp.kristdemokraterna.se\\\/oland\\\/\"},{\"@type\":\"ListItem\",\"position\":2,\"name\":\"V\u00e5r partiavdelning\"}]},{\"@type\":\"WebSite\",\"@id\":\"https:\\\/\\\/wp.kristdemokraterna.se\\\/oland\\\/#website\",\"url\":\"https:\\\/\\\/wp.kristdemokraterna.se\\\/oland\\\/\",\"name\":\"Kristdemokraterna p\u00e5 \u00d6land\",\"description\":\"En till Kristdemokraterna webbplats\",\"inLanguage\":\"sv-SE\"}]}<\/script>\n<!-- \/ Yoast SEO plugin. -->","yoast_head_json":{"title":"V\u00e5r partiavdelning - Kristdemokraterna p\u00e5 \u00d6land","robots":{"index":"index","follow":"follow","max-snippet":"max-snippet:-1","max-image-preview":"max-image-preview:large","max-video-preview":"max-video-preview:-1"},"canonical":"https:\/\/wp.kristdemokraterna.se\/oland\/textsida-med-vanster-sidebar\/","og_locale":"sv_SE","og_type":"article","og_title":"V\u00e5r partiavdelning - Kristdemokraterna p\u00e5 \u00d6land","og_description":"Ordf\u00f6rande: Marwin Johansson Vice ordf\u00f6rande: Samuel Sigvardsson Sekreterare Ledam\u00f6ter:\u00a0 Bo Sj\u00f6din, Jonas Wulff, Madeleine Karlstr\u00f6m Ers\u00e4ttare: Erik Carlsson, Helene Erlandsson, Denise Fransson, Sebastian Hall\u00e9n, Jeanette Lindh &nbsp; &nbsp; &nbsp;","og_url":"https:\/\/wp.kristdemokraterna.se\/oland\/textsida-med-vanster-sidebar\/","og_site_name":"Kristdemokraterna p\u00e5 \u00d6land","article_modified_time":"2025-02-21T09:42:01+00:00","og_image":[{"width":1024,"height":576,"url":"https:\/\/wp.kristdemokraterna.se\/oland\/files\/2025\/02\/styrelse-kd-2025-1024x576.jpg","type":"image\/jpeg"}],"twitter_card":"summary_large_image","twitter_misc":{"Ber\u00e4knad l\u00e4stid":"1 minut"},"schema":{"@context":"https:\/\/schema.org","@graph":[{"@type":"WebPage","@id":"https:\/\/wp.kristdemokraterna.se\/oland\/textsida-med-vanster-sidebar\/","url":"https:\/\/wp.kristdemokraterna.se\/oland\/textsida-med-vanster-sidebar\/","name":"V\u00e5r partiavdelning - Kristdemokraterna p\u00e5 \u00d6land","isPartOf":{"@id":"https:\/\/wp.kristdemokraterna.se\/oland\/#website"},"primaryImageOfPage":{"@id":"https:\/\/wp.kristdemokraterna.se\/oland\/textsida-med-vanster-sidebar\/#primaryimage"},"image":{"@id":"https:\/\/wp.kristdemokraterna.se\/oland\/textsida-med-vanster-sidebar\/#primaryimage"},"thumbnailUrl":"http:\/\/wp.kristdemokraterna.se\/oland\/files\/2025\/02\/styrelse-kd-2025-300x169.jpg","datePublished":"2017-11-29T15:48:28+00:00","dateModified":"2025-02-21T09:42:01+00:00","breadcrumb":{"@id":"https:\/\/wp.kristdemokraterna.se\/oland\/textsida-med-vanster-sidebar\/#breadcrumb"},"inLanguage":"sv-SE","potentialAction":[{"@type":"ReadAction","target":["https:\/\/wp.kristdemokraterna.se\/oland\/textsida-med-vanster-sidebar\/"]}]},{"@type":"ImageObject","inLanguage":"sv-SE","@id":"https:\/\/wp.kristdemokraterna.se\/oland\/textsida-med-vanster-sidebar\/#primaryimage","url":"https:\/\/wp.kristdemokraterna.se\/oland\/files\/2025\/02\/styrelse-kd-2025-scaled.jpg","contentUrl":"https:\/\/wp.kristdemokraterna.se\/oland\/files\/2025\/02\/styrelse-kd-2025-scaled.jpg","width":2560,"height":1440},{"@type":"BreadcrumbList","@id":"https:\/\/wp.kristdemokraterna.se\/oland\/textsida-med-vanster-sidebar\/#breadcrumb","itemListElement":[{"@type":"ListItem","position":1,"name":"Hem","item":"https:\/\/wp.kristdemokraterna.se\/oland\/"},{"@type":"ListItem","position":2,"name":"V\u00e5r partiavdelning"}]},{"@type":"WebSite","@id":"https:\/\/wp.kristdemokraterna.se\/oland\/#website","url":"https:\/\/wp.kristdemokraterna.se\/oland\/","name":"Kristdemokraterna p\u00e5 \u00d6land","description":"En till Kristdemokraterna webbplats","inLanguage":"sv-SE"}]}},"_links":{"self":[{"href":"https:\/\/wp.kristdemokraterna.se\/oland\/wp-json\/wp\/v2\/pages\/269","targetHints":{"allow":["GET"]}}],"collection":[{"href":"https:\/\/wp.kristdemokraterna.se\/oland\/wp-json\/wp\/v2\/pages"}],"about":[{"href":"https:\/\/wp.kristdemokraterna.se\/oland\/wp-json\/wp\/v2\/types\/page"}],"author":[{"embeddable":true,"href":"https:\/\/wp.kristdemokraterna.se\/oland\/wp-json\/wp\/v2\/users\/480"}],"replies":[{"embeddable":true,"href":"https:\/\/wp.kristdemokraterna.se\/oland\/wp-json\/wp\/v2\/comments?post=269"}],"version-history":[{"count":14,"href":"https:\/\/wp.kristdemokraterna.se\/oland\/wp-json\/wp\/v2\/pages\/269\/revisions"}],"predecessor-version":[{"id":504,"href":"https:\/\/wp.kristdemokraterna.se\/oland\/wp-json\/wp\/v2\/pages\/269\/revisions\/504"}],"wp:attachment":[{"href":"https:\/\/wp.kristdemokraterna.se\/oland\/wp-json\/wp\/v2\/media?parent=269"}],"curies":[{"name":"wp","href":"https:\/\/api.w.org\/{rel}","templated":true}]}}