{"id":368,"date":"2017-12-04T16:44:15","date_gmt":"2017-12-04T15:44:15","guid":{"rendered":"http:\/\/wp.kristdemokraterna.se\/oland\/?page_id=368"},"modified":"2025-02-21T13:13:01","modified_gmt":"2025-02-21T12:13:01","slug":"om-kristdemokraterna","status":"publish","type":"page","link":"https:\/\/wp.kristdemokraterna.se\/oland\/textsida-fullbredd\/om-kristdemokraterna\/","title":{"rendered":"Om Kristdemokraterna"},"content":{"rendered":"<p>&nbsp;<\/p>\n<p><a href=\"http:\/\/wp.kristdemokraterna.se\/oland\/files\/2025\/02\/kd-statsrad-nyhet.png\"><img loading=\"lazy\" decoding=\"async\" class=\"alignnone size-medium wp-image-530 aligncenter\" src=\"http:\/\/wp.kristdemokraterna.se\/oland\/files\/2025\/02\/kd-statsrad-nyhet-300x128.png\" alt=\"\" width=\"300\" height=\"128\" srcset=\"https:\/\/wp.kristdemokraterna.se\/oland\/files\/2025\/02\/kd-statsrad-nyhet-300x128.png 300w, https:\/\/wp.kristdemokraterna.se\/oland\/files\/2025\/02\/kd-statsrad-nyhet-1024x438.png 1024w, https:\/\/wp.kristdemokraterna.se\/oland\/files\/2025\/02\/kd-statsrad-nyhet-768x328.png 768w, https:\/\/wp.kristdemokraterna.se\/oland\/files\/2025\/02\/kd-statsrad-nyhet-1536x657.png 1536w, https:\/\/wp.kristdemokraterna.se\/oland\/files\/2025\/02\/kd-statsrad-nyhet-370x158.png 370w, https:\/\/wp.kristdemokraterna.se\/oland\/files\/2025\/02\/kd-statsrad-nyhet-770x329.png 770w, https:\/\/wp.kristdemokraterna.se\/oland\/files\/2025\/02\/kd-statsrad-nyhet-450x192.png 450w, https:\/\/wp.kristdemokraterna.se\/oland\/files\/2025\/02\/kd-statsrad-nyhet-280x120.png 280w, https:\/\/wp.kristdemokraterna.se\/oland\/files\/2025\/02\/kd-statsrad-nyhet-340x145.png 340w, https:\/\/wp.kristdemokraterna.se\/oland\/files\/2025\/02\/kd-statsrad-nyhet-200x86.png 200w, https:\/\/wp.kristdemokraterna.se\/oland\/files\/2025\/02\/kd-statsrad-nyhet-131x56.png 131w, https:\/\/wp.kristdemokraterna.se\/oland\/files\/2025\/02\/kd-statsrad-nyhet.png 1600w\" sizes=\"auto, (max-width: 300px) 100vw, 300px\" \/><\/a><\/p>\n<p>&nbsp;<\/p>\n<h2 id=\"h-Faktaompartiet\" class=\"font-heading-2\">Fakta om partiet:<\/h2>\n<ul class=\"sol-bullet-list font-normal\">\n<li>Partiets ordf\u00f6rande heter Ebba Busch.<\/li>\n<li>Vi har 19 riksdagsledam\u00f6ter. Kristdemokraterna fick sitt f\u00f6rsta riksdagsmandat 1985 genom samverkan med Centerpartiet. 1991 kom partiet in av egen kraft. I det senaste riksdagsvalet fick Kristdemokraterna 5,34 procent av r\u00f6sterna.<\/li>\n<li>Vi har 25 600 medlemmar. Vi \u00e4r organiserade i 26 partidistrikt. Ett distrikt omfattar oftast ett l\u00e4n.<\/li>\n<li>KD har 757 kommunfullm\u00e4ktigeledam\u00f6ter vilket \u00e4r en \u00f6kning med 81 ledam\u00f6ter. KD finns med i 261 av landets 290 kommuner varav 9 \u00e4r kommuner som vi tidigare saknade representation i.<\/li>\n<li>KD har 133 regionfullm\u00e4ktigeledam\u00f6ter vilket \u00e4r en \u00f6kning med 14 ledam\u00f6ter. KD finns numera i landets samtliga 21 regionfullm\u00e4ktige &#8211; Norrbotten var den region d\u00e4r vi nu \u00e5terh\u00e4mtade representation efter 12 \u00e5r.<\/li>\n<li>KD innehar Kommunstyrelsens ordf\u00f6randepost i f\u00f6ljande kommuner: Markaryd (Bengt Germundsson), S\u00e4vsj\u00f6 (Therese Petersson), \u00d6cker\u00f6 (Jan Utbult), \u00c5rj\u00e4ng (Jonas \u00c5s), Lycksele (Roland Sj\u00f6gren).<\/li>\n<li>I partiet finns ocks\u00e5 ett <a href=\"https:\/\/www.kdkvinnor.se\/\">kvinnof\u00f6rbund<span class=\"env-assistive-text\">L\u00e4nk till annan webbplats.<\/span><\/a>, ett <a href=\"https:\/\/www.kdu.se\/\">ungdomsf\u00f6rbund<span class=\"env-assistive-text\">L\u00e4nk till annan webbplats.<\/span><\/a>och ett <a href=\"https:\/\/wp.kristdemokraterna.se\/kdsenior\/\">seniorf\u00f6rbund.<span class=\"env-assistive-text\">L\u00e4nk till annan webbplats.<\/span><\/a>Partiet har \u00e4ven en n\u00e4ra relation till <a href=\"https:\/\/www.kdstudenter.se\/\">KSF<span class=\"env-assistive-text\">L\u00e4nk till annan webbplats.<\/span><\/a> och <a href=\"https:\/\/www.kd-b.se\/\">KD-B<span class=\"env-assistive-text\">L\u00e4nk till annan webbplats.<\/span><\/a>.<\/li>\n<li>\u00c5r 2005 startade organisationen <a href=\"https:\/\/kicsweden.org\/\">KIC \u2013 Kristdemokratiskt Internationellt Center<span class=\"env-assistive-text\">L\u00e4nk till annan webbplats.<\/span><\/a> som arbetar med demokratibist\u00e5nd. De st\u00f6djer andra kristdemokratiska partier. I diktaturer st\u00f6ttar de demokratir\u00f6relser som befinner sig i opposition.<\/li>\n<li>Kristdemokraterna \u00e4r representerat i Europaparlamentet med en ledamot: Alice Teodorescu M\u00e5we. I EU-valet 2024 fick partiet valresultatet 5,71 procent. P\u00e5 europeisk niv\u00e5 utg\u00f6r Kristdemokraterna en del av EPP \u2013 European People\u2019s Party \u2013 en sammanslutning av kristdemokratiska partier i Europa. EPP \u00e4r den st\u00f6rsta partigruppen i Europaparlamentet<\/li>\n<\/ul>\n","protected":false},"excerpt":{"rendered":"<p>&nbsp; &nbsp; Fakta om partiet: Partiets ordf\u00f6rande heter Ebba Busch. Vi har 19 riksdagsledam\u00f6ter. Kristdemokraterna fick sitt f\u00f6rsta riksdagsmandat 1985 genom samverkan med Centerpartiet. 1991 kom partiet in av egen kraft. I det senaste riksdagsvalet fick Kristdemokraterna 5,34 procent av r\u00f6sterna. Vi har 25 600 medlemmar. Vi \u00e4r organiserade i 26 partidistrikt. Ett distrikt omfattar <a class=\"read-more-link\" href=\"https:\/\/wp.kristdemokraterna.se\/oland\/textsida-fullbredd\/om-kristdemokraterna\/\">L\u00e4s mer<\/a><\/p>\n","protected":false},"author":480,"featured_media":0,"parent":272,"menu_order":0,"comment_status":"closed","ping_status":"closed","template":"page.php","meta":{"_acf_changed":false,"footnotes":""},"class_list":["post-368","page","type-page","status-publish","hentry"],"acf":[],"yoast_head":"<!-- This site is optimized with the Yoast SEO plugin v27.3 - https:\/\/yoast.com\/product\/yoast-seo-wordpress\/ -->\n<title>Om Kristdemokraterna - Kristdemokraterna p\u00e5 \u00d6land<\/title>\n<meta name=\"robots\" content=\"index, follow, max-snippet:-1, max-image-preview:large, max-video-preview:-1\" \/>\n<link rel=\"canonical\" href=\"https:\/\/wp.kristdemokraterna.se\/oland\/textsida-fullbredd\/om-kristdemokraterna\/\" \/>\n<meta property=\"og:locale\" content=\"sv_SE\" \/>\n<meta property=\"og:type\" content=\"article\" \/>\n<meta property=\"og:title\" content=\"Om Kristdemokraterna - Kristdemokraterna p\u00e5 \u00d6land\" \/>\n<meta property=\"og:description\" content=\"&nbsp; &nbsp; Fakta om partiet: Partiets ordf\u00f6rande heter Ebba Busch. Vi har 19 riksdagsledam\u00f6ter. Kristdemokraterna fick sitt f\u00f6rsta riksdagsmandat 1985 genom samverkan med Centerpartiet. 1991 kom partiet in av egen kraft. I det senaste riksdagsvalet fick Kristdemokraterna 5,34 procent av r\u00f6sterna. Vi har 25 600 medlemmar. Vi \u00e4r organiserade i 26 partidistrikt. Ett distrikt omfattar L\u00e4s mer\" \/>\n<meta property=\"og:url\" content=\"https:\/\/wp.kristdemokraterna.se\/oland\/textsida-fullbredd\/om-kristdemokraterna\/\" \/>\n<meta property=\"og:site_name\" content=\"Kristdemokraterna p\u00e5 \u00d6land\" \/>\n<meta property=\"article:modified_time\" content=\"2025-02-21T12:13:01+00:00\" \/>\n<meta property=\"og:image\" content=\"https:\/\/wp.kristdemokraterna.se\/oland\/files\/2025\/02\/kd-statsrad-nyhet.png\" \/>\n\t<meta property=\"og:image:width\" content=\"1600\" \/>\n\t<meta property=\"og:image:height\" content=\"684\" \/>\n\t<meta property=\"og:image:type\" content=\"image\/png\" \/>\n<meta name=\"twitter:card\" content=\"summary_large_image\" \/>\n<meta name=\"twitter:label1\" content=\"Ber\u00e4knad l\u00e4stid\" \/>\n\t<meta name=\"twitter:data1\" content=\"2 minuter\" \/>\n<script type=\"application\/ld+json\" class=\"yoast-schema-graph\">{\"@context\":\"https:\\\/\\\/schema.org\",\"@graph\":[{\"@type\":\"WebPage\",\"@id\":\"https:\\\/\\\/wp.kristdemokraterna.se\\\/oland\\\/textsida-fullbredd\\\/om-kristdemokraterna\\\/\",\"url\":\"https:\\\/\\\/wp.kristdemokraterna.se\\\/oland\\\/textsida-fullbredd\\\/om-kristdemokraterna\\\/\",\"name\":\"Om Kristdemokraterna - Kristdemokraterna p\u00e5 \u00d6land\",\"isPartOf\":{\"@id\":\"https:\\\/\\\/wp.kristdemokraterna.se\\\/oland\\\/#website\"},\"primaryImageOfPage\":{\"@id\":\"https:\\\/\\\/wp.kristdemokraterna.se\\\/oland\\\/textsida-fullbredd\\\/om-kristdemokraterna\\\/#primaryimage\"},\"image\":{\"@id\":\"https:\\\/\\\/wp.kristdemokraterna.se\\\/oland\\\/textsida-fullbredd\\\/om-kristdemokraterna\\\/#primaryimage\"},\"thumbnailUrl\":\"http:\\\/\\\/wp.kristdemokraterna.se\\\/oland\\\/files\\\/2025\\\/02\\\/kd-statsrad-nyhet-300x128.png\",\"datePublished\":\"2017-12-04T15:44:15+00:00\",\"dateModified\":\"2025-02-21T12:13:01+00:00\",\"breadcrumb\":{\"@id\":\"https:\\\/\\\/wp.kristdemokraterna.se\\\/oland\\\/textsida-fullbredd\\\/om-kristdemokraterna\\\/#breadcrumb\"},\"inLanguage\":\"sv-SE\",\"potentialAction\":[{\"@type\":\"ReadAction\",\"target\":[\"https:\\\/\\\/wp.kristdemokraterna.se\\\/oland\\\/textsida-fullbredd\\\/om-kristdemokraterna\\\/\"]}]},{\"@type\":\"ImageObject\",\"inLanguage\":\"sv-SE\",\"@id\":\"https:\\\/\\\/wp.kristdemokraterna.se\\\/oland\\\/textsida-fullbredd\\\/om-kristdemokraterna\\\/#primaryimage\",\"url\":\"https:\\\/\\\/wp.kristdemokraterna.se\\\/oland\\\/files\\\/2025\\\/02\\\/kd-statsrad-nyhet.png\",\"contentUrl\":\"https:\\\/\\\/wp.kristdemokraterna.se\\\/oland\\\/files\\\/2025\\\/02\\\/kd-statsrad-nyhet.png\",\"width\":1600,\"height\":684},{\"@type\":\"BreadcrumbList\",\"@id\":\"https:\\\/\\\/wp.kristdemokraterna.se\\\/oland\\\/textsida-fullbredd\\\/om-kristdemokraterna\\\/#breadcrumb\",\"itemListElement\":[{\"@type\":\"ListItem\",\"position\":1,\"name\":\"Hem\",\"item\":\"https:\\\/\\\/wp.kristdemokraterna.se\\\/oland\\\/\"},{\"@type\":\"ListItem\",\"position\":2,\"name\":\"Vad vi st\u00e5r f\u00f6r!\",\"item\":\"https:\\\/\\\/wp.kristdemokraterna.se\\\/oland\\\/textsida-fullbredd\\\/\"},{\"@type\":\"ListItem\",\"position\":3,\"name\":\"Om Kristdemokraterna\"}]},{\"@type\":\"WebSite\",\"@id\":\"https:\\\/\\\/wp.kristdemokraterna.se\\\/oland\\\/#website\",\"url\":\"https:\\\/\\\/wp.kristdemokraterna.se\\\/oland\\\/\",\"name\":\"Kristdemokraterna p\u00e5 \u00d6land\",\"description\":\"En till Kristdemokraterna webbplats\",\"inLanguage\":\"sv-SE\"}]}<\/script>\n<!-- \/ Yoast SEO plugin. -->","yoast_head_json":{"title":"Om Kristdemokraterna - Kristdemokraterna p\u00e5 \u00d6land","robots":{"index":"index","follow":"follow","max-snippet":"max-snippet:-1","max-image-preview":"max-image-preview:large","max-video-preview":"max-video-preview:-1"},"canonical":"https:\/\/wp.kristdemokraterna.se\/oland\/textsida-fullbredd\/om-kristdemokraterna\/","og_locale":"sv_SE","og_type":"article","og_title":"Om Kristdemokraterna - Kristdemokraterna p\u00e5 \u00d6land","og_description":"&nbsp; &nbsp; Fakta om partiet: Partiets ordf\u00f6rande heter Ebba Busch. Vi har 19 riksdagsledam\u00f6ter. Kristdemokraterna fick sitt f\u00f6rsta riksdagsmandat 1985 genom samverkan med Centerpartiet. 1991 kom partiet in av egen kraft. I det senaste riksdagsvalet fick Kristdemokraterna 5,34 procent av r\u00f6sterna. Vi har 25 600 medlemmar. Vi \u00e4r organiserade i 26 partidistrikt. Ett distrikt omfattar L\u00e4s mer","og_url":"https:\/\/wp.kristdemokraterna.se\/oland\/textsida-fullbredd\/om-kristdemokraterna\/","og_site_name":"Kristdemokraterna p\u00e5 \u00d6land","article_modified_time":"2025-02-21T12:13:01+00:00","og_image":[{"width":1600,"height":684,"url":"https:\/\/wp.kristdemokraterna.se\/oland\/files\/2025\/02\/kd-statsrad-nyhet.png","type":"image\/png"}],"twitter_card":"summary_large_image","twitter_misc":{"Ber\u00e4knad l\u00e4stid":"2 minuter"},"schema":{"@context":"https:\/\/schema.org","@graph":[{"@type":"WebPage","@id":"https:\/\/wp.kristdemokraterna.se\/oland\/textsida-fullbredd\/om-kristdemokraterna\/","url":"https:\/\/wp.kristdemokraterna.se\/oland\/textsida-fullbredd\/om-kristdemokraterna\/","name":"Om Kristdemokraterna - Kristdemokraterna p\u00e5 \u00d6land","isPartOf":{"@id":"https:\/\/wp.kristdemokraterna.se\/oland\/#website"},"primaryImageOfPage":{"@id":"https:\/\/wp.kristdemokraterna.se\/oland\/textsida-fullbredd\/om-kristdemokraterna\/#primaryimage"},"image":{"@id":"https:\/\/wp.kristdemokraterna.se\/oland\/textsida-fullbredd\/om-kristdemokraterna\/#primaryimage"},"thumbnailUrl":"http:\/\/wp.kristdemokraterna.se\/oland\/files\/2025\/02\/kd-statsrad-nyhet-300x128.png","datePublished":"2017-12-04T15:44:15+00:00","dateModified":"2025-02-21T12:13:01+00:00","breadcrumb":{"@id":"https:\/\/wp.kristdemokraterna.se\/oland\/textsida-fullbredd\/om-kristdemokraterna\/#breadcrumb"},"inLanguage":"sv-SE","potentialAction":[{"@type":"ReadAction","target":["https:\/\/wp.kristdemokraterna.se\/oland\/textsida-fullbredd\/om-kristdemokraterna\/"]}]},{"@type":"ImageObject","inLanguage":"sv-SE","@id":"https:\/\/wp.kristdemokraterna.se\/oland\/textsida-fullbredd\/om-kristdemokraterna\/#primaryimage","url":"https:\/\/wp.kristdemokraterna.se\/oland\/files\/2025\/02\/kd-statsrad-nyhet.png","contentUrl":"https:\/\/wp.kristdemokraterna.se\/oland\/files\/2025\/02\/kd-statsrad-nyhet.png","width":1600,"height":684},{"@type":"BreadcrumbList","@id":"https:\/\/wp.kristdemokraterna.se\/oland\/textsida-fullbredd\/om-kristdemokraterna\/#breadcrumb","itemListElement":[{"@type":"ListItem","position":1,"name":"Hem","item":"https:\/\/wp.kristdemokraterna.se\/oland\/"},{"@type":"ListItem","position":2,"name":"Vad vi st\u00e5r f\u00f6r!","item":"https:\/\/wp.kristdemokraterna.se\/oland\/textsida-fullbredd\/"},{"@type":"ListItem","position":3,"name":"Om Kristdemokraterna"}]},{"@type":"WebSite","@id":"https:\/\/wp.kristdemokraterna.se\/oland\/#website","url":"https:\/\/wp.kristdemokraterna.se\/oland\/","name":"Kristdemokraterna p\u00e5 \u00d6land","description":"En till Kristdemokraterna webbplats","inLanguage":"sv-SE"}]}},"_links":{"self":[{"href":"https:\/\/wp.kristdemokraterna.se\/oland\/wp-json\/wp\/v2\/pages\/368","targetHints":{"allow":["GET"]}}],"collection":[{"href":"https:\/\/wp.kristdemokraterna.se\/oland\/wp-json\/wp\/v2\/pages"}],"about":[{"href":"https:\/\/wp.kristdemokraterna.se\/oland\/wp-json\/wp\/v2\/types\/page"}],"author":[{"embeddable":true,"href":"https:\/\/wp.kristdemokraterna.se\/oland\/wp-json\/wp\/v2\/users\/480"}],"replies":[{"embeddable":true,"href":"https:\/\/wp.kristdemokraterna.se\/oland\/wp-json\/wp\/v2\/comments?post=368"}],"version-history":[{"count":5,"href":"https:\/\/wp.kristdemokraterna.se\/oland\/wp-json\/wp\/v2\/pages\/368\/revisions"}],"predecessor-version":[{"id":533,"href":"https:\/\/wp.kristdemokraterna.se\/oland\/wp-json\/wp\/v2\/pages\/368\/revisions\/533"}],"up":[{"embeddable":true,"href":"https:\/\/wp.kristdemokraterna.se\/oland\/wp-json\/wp\/v2\/pages\/272"}],"wp:attachment":[{"href":"https:\/\/wp.kristdemokraterna.se\/oland\/wp-json\/wp\/v2\/media?parent=368"}],"curies":[{"name":"wp","href":"https:\/\/api.w.org\/{rel}","templated":true}]}}