{"id":1347,"date":"2017-05-30T08:47:16","date_gmt":"2017-05-30T06:47:16","guid":{"rendered":"http:\/\/wp.kristdemokraterna.se\/orebro\/?page_id=1347"},"modified":"2025-08-12T11:04:28","modified_gmt":"2025-08-12T09:04:28","slug":"kontakta-oss","status":"publish","type":"page","link":"https:\/\/wp.kristdemokraterna.se\/orebro\/kontakta-oss\/","title":{"rendered":"Vilka vi \u00e4r"},"content":{"rendered":"<p><strong>Kristdemokraterna i \u00d6rebro \u00e4r en lokal f\u00f6rening med lokalt engagemang som ocks\u00e5 \u00e4r en del av den kristdemokratiska r\u00f6relsen. Vi s\u00e4tter m\u00e4nniskov\u00e4rdet fr\u00e4mst och vill prioritera det som \u00e4r n\u00f6dv\u00e4ndigt f\u00f6r att bygga ett samh\u00e4lle som h\u00e5ller ihop.\u00a0<\/strong><\/p>\n<div id=\"ctl00_AllAreaPlaceHolder_MainContentArea_PageHeader1_pnlHeading\">\n<p>V\u00e5rt partinamn ber\u00e4ttar vad vi st\u00e5r f\u00f6r \u2013 en demokrati byggd p\u00e5 kristen m\u00e4nniskosyn och v\u00e4rdegrund. En vanlig missuppfattning \u00e4r att man m\u00e5ste vara troende f\u00f6r att vara med. Det \u00e4r fel. Alla som delar v\u00e5ra id\u00e9er \u00e4r v\u00e4lkomna i partiet.<\/p>\n<\/div>\n<div>\n<p><strong>Fakta om partiet:<\/strong><\/p>\n<ul>\n<li>Partiets ordf\u00f6rande heter\u00a0<a href=\"https:\/\/www.kristdemokraterna.se\/Ebba\/\">Ebba Busch<\/a>.<\/li>\n<li>Vi har 19 riksdagsledam\u00f6ter. Kristdemokraterna fick sitt f\u00f6rsta riksdagsmandat 1991. I det senaste riksdagsvalet fick Kristdemokraterna 5,34 % av r\u00f6sterna. Vi har drygt 25300 medlemmar. Vi \u00e4r organiserade i 26 distrikt. Ett distrikt omfattar oftast ett l\u00e4n och vi \u00e4r representerade i samtliga regioner.<\/li>\n<li>I partiet finns ocks\u00e5 ett\u00a0<a href=\"https:\/\/kd-k.se\/\">kvinnof\u00f6rbund<\/a>, ett\u00a0<a class=\"externalLink\" title=\"Till KDUs hemsida - \u00f6ppnas i nytt f\u00f6nster\" href=\"http:\/\/www.kdu.se\/\" target=\"_blank\" rel=\"noopener\">ungdomsf\u00f6rbund<\/a>, ett\u00a0<a class=\"externalLink\" title=\"Till studentf\u00f6rbundets hemsida - \u00f6ppnas i nytt f\u00f6nster\" href=\"http:\/\/www.studentmakt.nu\/\" target=\"_blank\" rel=\"noopener\">studentf\u00f6rbund<\/a>\u00a0och ett\u00a0<a class=\"externalLink\" title=\"Till seniorf\u00f6rbundets hemsida - \u00f6ppnas i nytt f\u00f6nster\" href=\"http:\/\/www.kdsenior.se\/\" target=\"_blank\" rel=\"noopener\">seniorf\u00f6rbund<\/a>.<\/li>\n<li>\u00c5r 2005 startade organisationen\u00a0<a class=\"externalLink\" title=\"KIC - Kristdemokratiskt Internationellt Center - \u00d6ppnas i ett nytt f\u00f6nster\" href=\"http:\/\/www.kicsweden.org\/\" target=\"_blank\" rel=\"noopener\">KIC \u2013 Kristdemokratiskt Internationellt Center<\/a>\u00a0 som arbetar med demokratibist\u00e5nd. De\u00a0st\u00f6djer andra kristdemokratiska partier. I diktaturer st\u00f6ttar de\u00a0demokratir\u00f6relser som befinner sig i opposition.<\/li>\n<li>Kristdemokraterna \u00e4r representerat i EU-parlamentet av Alice Teodorescu M\u00e5we. P\u00e5 europeisk niv\u00e5 utg\u00f6r Kristdemokraterna en del av EPP \u2013 European People\u00b4s Party \u2013 en sammanslutning av kristdemokratiska partier i Europa.<\/li>\n<\/ul>\n<\/div>\n<p>&nbsp;<\/p>\n<p><strong>Kontaktuppgifter:<\/strong><\/p>\n<p>Kristdemokraterna \u00d6rebro kommun<br \/>\nK\u00f6pmang. 27 1 tr<br \/>\n702 23 \u00d6REBRO<br \/>\n<a href=\"mailto:orebro@kristdemokraterna.se\">orebro@kristdemokraterna.se<\/a><\/p>\n<p>Kristdemokraternas kommunalr\u00e5d heter Susanne Lindholm Henningsson.<br \/>\nHon n\u00e5s p\u00e5 susanne.lindholm@kristdemokraterna.se, susanne.lindholm@orebro.se<br \/>\neller 076-551 69 32.<\/p>\n<p>Kristdemokraternas politiska sekreterare heter Susanne Henning Aihonen och Kasper Avenbrand.<\/p>\n<p>Susannes kontaktuppgifter \u00e4r susanne.aihonen@orebro.se eller 019-21 10 87<br \/>\nKaspers kontaktuppgifter \u00e4r kasper.avenbrand@orebro.se eller 019-21 21 95<\/p>\n<p>F\u00f6r fr\u00e5gor g\u00e4llande lokalavdelningen kontaktar du med f\u00f6rdel lokalavdelningens ordf\u00f6rande Anders Hagstr\u00f6m p\u00e5 anders.hagstrom@kristdemokraterna.se, 070-839 68 45.<\/p>\n","protected":false},"excerpt":{"rendered":"<p>Kristdemokraterna i \u00d6rebro \u00e4r en lokal f\u00f6rening med lokalt engagemang som ocks\u00e5 \u00e4r en del av den kristdemokratiska r\u00f6relsen. Vi s\u00e4tter m\u00e4nniskov\u00e4rdet fr\u00e4mst och vill prioritera det som \u00e4r n\u00f6dv\u00e4ndigt f\u00f6r att bygga ett samh\u00e4lle som h\u00e5ller ihop.\u00a0 V\u00e5rt partinamn ber\u00e4ttar vad vi st\u00e5r f\u00f6r \u2013 en demokrati byggd p\u00e5 kristen m\u00e4nniskosyn och v\u00e4rdegrund. En <a class=\"read-more-link\" href=\"https:\/\/wp.kristdemokraterna.se\/orebro\/kontakta-oss\/\">Read More<\/a><\/p>\n","protected":false},"author":694,"featured_media":0,"parent":0,"menu_order":0,"comment_status":"closed","ping_status":"closed","template":"","meta":{"_acf_changed":false,"footnotes":""},"class_list":["post-1347","page","type-page","status-publish","hentry"],"acf":[],"yoast_head":"<!-- This site is optimized with the Yoast SEO plugin v27.3 - https:\/\/yoast.com\/product\/yoast-seo-wordpress\/ -->\n<title>Vilka vi \u00e4r - Kristdemokraterna i \u00d6rebro<\/title>\n<meta name=\"robots\" content=\"index, follow, max-snippet:-1, max-image-preview:large, max-video-preview:-1\" \/>\n<link rel=\"canonical\" href=\"https:\/\/wp.kristdemokraterna.se\/orebro\/kontakta-oss\/\" \/>\n<meta property=\"og:locale\" content=\"sv_SE\" \/>\n<meta property=\"og:type\" content=\"article\" \/>\n<meta property=\"og:title\" content=\"Vilka vi \u00e4r - Kristdemokraterna i \u00d6rebro\" \/>\n<meta property=\"og:description\" content=\"Kristdemokraterna i \u00d6rebro \u00e4r en lokal f\u00f6rening med lokalt engagemang som ocks\u00e5 \u00e4r en del av den kristdemokratiska r\u00f6relsen. Vi s\u00e4tter m\u00e4nniskov\u00e4rdet fr\u00e4mst och vill prioritera det som \u00e4r n\u00f6dv\u00e4ndigt f\u00f6r att bygga ett samh\u00e4lle som h\u00e5ller ihop.\u00a0 V\u00e5rt partinamn ber\u00e4ttar vad vi st\u00e5r f\u00f6r \u2013 en demokrati byggd p\u00e5 kristen m\u00e4nniskosyn och v\u00e4rdegrund. En Read More\" \/>\n<meta property=\"og:url\" content=\"https:\/\/wp.kristdemokraterna.se\/orebro\/kontakta-oss\/\" \/>\n<meta property=\"og:site_name\" content=\"Kristdemokraterna i \u00d6rebro\" \/>\n<meta property=\"article:modified_time\" content=\"2025-08-12T09:04:28+00:00\" \/>\n<meta name=\"twitter:card\" content=\"summary_large_image\" \/>\n<meta name=\"twitter:label1\" content=\"Ber\u00e4knad l\u00e4stid\" \/>\n\t<meta name=\"twitter:data1\" content=\"2 minuter\" \/>\n<script type=\"application\/ld+json\" class=\"yoast-schema-graph\">{\"@context\":\"https:\\\/\\\/schema.org\",\"@graph\":[{\"@type\":\"WebPage\",\"@id\":\"https:\\\/\\\/wp.kristdemokraterna.se\\\/orebro\\\/kontakta-oss\\\/\",\"url\":\"https:\\\/\\\/wp.kristdemokraterna.se\\\/orebro\\\/kontakta-oss\\\/\",\"name\":\"Vilka vi \u00e4r - Kristdemokraterna i \u00d6rebro\",\"isPartOf\":{\"@id\":\"https:\\\/\\\/wp.kristdemokraterna.se\\\/orebro\\\/#website\"},\"datePublished\":\"2017-05-30T06:47:16+00:00\",\"dateModified\":\"2025-08-12T09:04:28+00:00\",\"breadcrumb\":{\"@id\":\"https:\\\/\\\/wp.kristdemokraterna.se\\\/orebro\\\/kontakta-oss\\\/#breadcrumb\"},\"inLanguage\":\"sv-SE\",\"potentialAction\":[{\"@type\":\"ReadAction\",\"target\":[\"https:\\\/\\\/wp.kristdemokraterna.se\\\/orebro\\\/kontakta-oss\\\/\"]}]},{\"@type\":\"BreadcrumbList\",\"@id\":\"https:\\\/\\\/wp.kristdemokraterna.se\\\/orebro\\\/kontakta-oss\\\/#breadcrumb\",\"itemListElement\":[{\"@type\":\"ListItem\",\"position\":1,\"name\":\"Hem\",\"item\":\"https:\\\/\\\/wp.kristdemokraterna.se\\\/orebro\\\/\"},{\"@type\":\"ListItem\",\"position\":2,\"name\":\"Vilka vi \u00e4r\"}]},{\"@type\":\"WebSite\",\"@id\":\"https:\\\/\\\/wp.kristdemokraterna.se\\\/orebro\\\/#website\",\"url\":\"https:\\\/\\\/wp.kristdemokraterna.se\\\/orebro\\\/\",\"name\":\"Kristdemokraterna i \u00d6rebro\",\"description\":\"Det \u00e4r l\u00e4ttare att bygga trygga barn \u00e4n att laga trasiga vuxna\",\"inLanguage\":\"sv-SE\"}]}<\/script>\n<!-- \/ Yoast SEO plugin. -->","yoast_head_json":{"title":"Vilka vi \u00e4r - Kristdemokraterna i \u00d6rebro","robots":{"index":"index","follow":"follow","max-snippet":"max-snippet:-1","max-image-preview":"max-image-preview:large","max-video-preview":"max-video-preview:-1"},"canonical":"https:\/\/wp.kristdemokraterna.se\/orebro\/kontakta-oss\/","og_locale":"sv_SE","og_type":"article","og_title":"Vilka vi \u00e4r - Kristdemokraterna i \u00d6rebro","og_description":"Kristdemokraterna i \u00d6rebro \u00e4r en lokal f\u00f6rening med lokalt engagemang som ocks\u00e5 \u00e4r en del av den kristdemokratiska r\u00f6relsen. Vi s\u00e4tter m\u00e4nniskov\u00e4rdet fr\u00e4mst och vill prioritera det som \u00e4r n\u00f6dv\u00e4ndigt f\u00f6r att bygga ett samh\u00e4lle som h\u00e5ller ihop.\u00a0 V\u00e5rt partinamn ber\u00e4ttar vad vi st\u00e5r f\u00f6r \u2013 en demokrati byggd p\u00e5 kristen m\u00e4nniskosyn och v\u00e4rdegrund. En Read More","og_url":"https:\/\/wp.kristdemokraterna.se\/orebro\/kontakta-oss\/","og_site_name":"Kristdemokraterna i \u00d6rebro","article_modified_time":"2025-08-12T09:04:28+00:00","twitter_card":"summary_large_image","twitter_misc":{"Ber\u00e4knad l\u00e4stid":"2 minuter"},"schema":{"@context":"https:\/\/schema.org","@graph":[{"@type":"WebPage","@id":"https:\/\/wp.kristdemokraterna.se\/orebro\/kontakta-oss\/","url":"https:\/\/wp.kristdemokraterna.se\/orebro\/kontakta-oss\/","name":"Vilka vi \u00e4r - Kristdemokraterna i \u00d6rebro","isPartOf":{"@id":"https:\/\/wp.kristdemokraterna.se\/orebro\/#website"},"datePublished":"2017-05-30T06:47:16+00:00","dateModified":"2025-08-12T09:04:28+00:00","breadcrumb":{"@id":"https:\/\/wp.kristdemokraterna.se\/orebro\/kontakta-oss\/#breadcrumb"},"inLanguage":"sv-SE","potentialAction":[{"@type":"ReadAction","target":["https:\/\/wp.kristdemokraterna.se\/orebro\/kontakta-oss\/"]}]},{"@type":"BreadcrumbList","@id":"https:\/\/wp.kristdemokraterna.se\/orebro\/kontakta-oss\/#breadcrumb","itemListElement":[{"@type":"ListItem","position":1,"name":"Hem","item":"https:\/\/wp.kristdemokraterna.se\/orebro\/"},{"@type":"ListItem","position":2,"name":"Vilka vi \u00e4r"}]},{"@type":"WebSite","@id":"https:\/\/wp.kristdemokraterna.se\/orebro\/#website","url":"https:\/\/wp.kristdemokraterna.se\/orebro\/","name":"Kristdemokraterna i \u00d6rebro","description":"Det \u00e4r l\u00e4ttare att bygga trygga barn \u00e4n att laga trasiga vuxna","inLanguage":"sv-SE"}]}},"_links":{"self":[{"href":"https:\/\/wp.kristdemokraterna.se\/orebro\/wp-json\/wp\/v2\/pages\/1347","targetHints":{"allow":["GET"]}}],"collection":[{"href":"https:\/\/wp.kristdemokraterna.se\/orebro\/wp-json\/wp\/v2\/pages"}],"about":[{"href":"https:\/\/wp.kristdemokraterna.se\/orebro\/wp-json\/wp\/v2\/types\/page"}],"author":[{"embeddable":true,"href":"https:\/\/wp.kristdemokraterna.se\/orebro\/wp-json\/wp\/v2\/users\/694"}],"replies":[{"embeddable":true,"href":"https:\/\/wp.kristdemokraterna.se\/orebro\/wp-json\/wp\/v2\/comments?post=1347"}],"version-history":[{"count":7,"href":"https:\/\/wp.kristdemokraterna.se\/orebro\/wp-json\/wp\/v2\/pages\/1347\/revisions"}],"predecessor-version":[{"id":2192,"href":"https:\/\/wp.kristdemokraterna.se\/orebro\/wp-json\/wp\/v2\/pages\/1347\/revisions\/2192"}],"wp:attachment":[{"href":"https:\/\/wp.kristdemokraterna.se\/orebro\/wp-json\/wp\/v2\/media?parent=1347"}],"curies":[{"name":"wp","href":"https:\/\/api.w.org\/{rel}","templated":true}]}}