{"id":1350,"date":"2017-05-30T09:04:21","date_gmt":"2017-05-30T07:04:21","guid":{"rendered":"http:\/\/wp.kristdemokraterna.se\/orebro\/?page_id=1350"},"modified":"2026-02-17T11:05:07","modified_gmt":"2026-02-17T10:05:07","slug":"partiavdelningens-styrelse","status":"publish","type":"page","link":"https:\/\/wp.kristdemokraterna.se\/orebro\/kontakta-oss\/partiavdelningens-styrelse\/","title":{"rendered":"Partiavdelningens styrelse"},"content":{"rendered":"<p><strong>Ordf\u00f6rande<\/strong><strong><br \/>\n<\/strong>Anders Hagstr\u00f6m<\/p>\n<p><strong>Vice ordf\u00f6rande<br \/>\n<\/strong>Rose-Marie Wilnerzon Th\u00f6rn<\/p>\n<p><strong>Ledam\u00f6ter<\/strong><br \/>\nMagnus Lagergren<br \/>\nChristina H\u00e5kansson<br \/>\nPaula S\u00e4ker<br \/>\nSandra Fr\u00f6jdenstam<br \/>\nKenneth Sandstr\u00f6m<br \/>\nElias Hallman<br \/>\nStefan Pettersson<\/p>\n<p><strong>Adjungerade, kommunalr\u00e5d, politiska sekreterare och kass\u00f6rer<\/strong><br \/>\nSusanne Lindholm Henningsson<br \/>\nMalin Sil\u00e9n<br \/>\nSuss Aihonen<\/p>\n","protected":false},"excerpt":{"rendered":"<p>Ordf\u00f6rande Anders Hagstr\u00f6m Vice ordf\u00f6rande Rose-Marie Wilnerzon Th\u00f6rn Ledam\u00f6ter Magnus Lagergren Christina H\u00e5kansson Paula S\u00e4ker Sandra Fr\u00f6jdenstam Kenneth Sandstr\u00f6m Elias Hallman Stefan Pettersson Adjungerade, kommunalr\u00e5d, politiska sekreterare och kass\u00f6rer Susanne Lindholm Henningsson Malin Sil\u00e9n Suss Aihonen<\/p>\n","protected":false},"author":694,"featured_media":0,"parent":1347,"menu_order":3,"comment_status":"closed","ping_status":"closed","template":"","meta":{"_acf_changed":false,"footnotes":""},"class_list":["post-1350","page","type-page","status-publish","hentry"],"acf":[],"yoast_head":"<!-- This site is optimized with the Yoast SEO plugin v27.4 - https:\/\/yoast.com\/product\/yoast-seo-wordpress\/ -->\n<title>Partiavdelningens styrelse - Kristdemokraterna i \u00d6rebro<\/title>\n<meta name=\"robots\" content=\"index, follow, max-snippet:-1, max-image-preview:large, max-video-preview:-1\" \/>\n<link rel=\"canonical\" href=\"https:\/\/wp.kristdemokraterna.se\/orebro\/kontakta-oss\/partiavdelningens-styrelse\/\" \/>\n<meta property=\"og:locale\" content=\"sv_SE\" \/>\n<meta property=\"og:type\" content=\"article\" \/>\n<meta property=\"og:title\" content=\"Partiavdelningens styrelse - Kristdemokraterna i \u00d6rebro\" \/>\n<meta property=\"og:description\" content=\"Ordf\u00f6rande Anders Hagstr\u00f6m Vice ordf\u00f6rande Rose-Marie Wilnerzon Th\u00f6rn Ledam\u00f6ter Magnus Lagergren Christina H\u00e5kansson Paula S\u00e4ker Sandra Fr\u00f6jdenstam Kenneth Sandstr\u00f6m Elias Hallman Stefan Pettersson Adjungerade, kommunalr\u00e5d, politiska sekreterare och kass\u00f6rer Susanne Lindholm Henningsson Malin Sil\u00e9n Suss Aihonen\" \/>\n<meta property=\"og:url\" content=\"https:\/\/wp.kristdemokraterna.se\/orebro\/kontakta-oss\/partiavdelningens-styrelse\/\" \/>\n<meta property=\"og:site_name\" content=\"Kristdemokraterna i \u00d6rebro\" \/>\n<meta property=\"article:modified_time\" content=\"2026-02-17T10:05:07+00:00\" \/>\n<meta name=\"twitter:card\" content=\"summary_large_image\" \/>\n<meta name=\"twitter:label1\" content=\"Ber\u00e4knad l\u00e4stid\" \/>\n\t<meta name=\"twitter:data1\" content=\"1 minut\" \/>\n<script type=\"application\/ld+json\" class=\"yoast-schema-graph\">{\"@context\":\"https:\\\/\\\/schema.org\",\"@graph\":[{\"@type\":\"WebPage\",\"@id\":\"https:\\\/\\\/wp.kristdemokraterna.se\\\/orebro\\\/kontakta-oss\\\/partiavdelningens-styrelse\\\/\",\"url\":\"https:\\\/\\\/wp.kristdemokraterna.se\\\/orebro\\\/kontakta-oss\\\/partiavdelningens-styrelse\\\/\",\"name\":\"Partiavdelningens styrelse - Kristdemokraterna i \u00d6rebro\",\"isPartOf\":{\"@id\":\"https:\\\/\\\/wp.kristdemokraterna.se\\\/orebro\\\/#website\"},\"datePublished\":\"2017-05-30T07:04:21+00:00\",\"dateModified\":\"2026-02-17T10:05:07+00:00\",\"breadcrumb\":{\"@id\":\"https:\\\/\\\/wp.kristdemokraterna.se\\\/orebro\\\/kontakta-oss\\\/partiavdelningens-styrelse\\\/#breadcrumb\"},\"inLanguage\":\"sv-SE\",\"potentialAction\":[{\"@type\":\"ReadAction\",\"target\":[\"https:\\\/\\\/wp.kristdemokraterna.se\\\/orebro\\\/kontakta-oss\\\/partiavdelningens-styrelse\\\/\"]}]},{\"@type\":\"BreadcrumbList\",\"@id\":\"https:\\\/\\\/wp.kristdemokraterna.se\\\/orebro\\\/kontakta-oss\\\/partiavdelningens-styrelse\\\/#breadcrumb\",\"itemListElement\":[{\"@type\":\"ListItem\",\"position\":1,\"name\":\"Hem\",\"item\":\"https:\\\/\\\/wp.kristdemokraterna.se\\\/orebro\\\/\"},{\"@type\":\"ListItem\",\"position\":2,\"name\":\"Vilka vi \u00e4r\",\"item\":\"https:\\\/\\\/wp.kristdemokraterna.se\\\/orebro\\\/kontakta-oss\\\/\"},{\"@type\":\"ListItem\",\"position\":3,\"name\":\"Partiavdelningens styrelse\"}]},{\"@type\":\"WebSite\",\"@id\":\"https:\\\/\\\/wp.kristdemokraterna.se\\\/orebro\\\/#website\",\"url\":\"https:\\\/\\\/wp.kristdemokraterna.se\\\/orebro\\\/\",\"name\":\"Kristdemokraterna i \u00d6rebro\",\"description\":\"Det \u00e4r l\u00e4ttare att bygga trygga barn \u00e4n att laga trasiga vuxna\",\"inLanguage\":\"sv-SE\"}]}<\/script>\n<!-- \/ Yoast SEO plugin. -->","yoast_head_json":{"title":"Partiavdelningens styrelse - Kristdemokraterna i \u00d6rebro","robots":{"index":"index","follow":"follow","max-snippet":"max-snippet:-1","max-image-preview":"max-image-preview:large","max-video-preview":"max-video-preview:-1"},"canonical":"https:\/\/wp.kristdemokraterna.se\/orebro\/kontakta-oss\/partiavdelningens-styrelse\/","og_locale":"sv_SE","og_type":"article","og_title":"Partiavdelningens styrelse - Kristdemokraterna i \u00d6rebro","og_description":"Ordf\u00f6rande Anders Hagstr\u00f6m Vice ordf\u00f6rande Rose-Marie Wilnerzon Th\u00f6rn Ledam\u00f6ter Magnus Lagergren Christina H\u00e5kansson Paula S\u00e4ker Sandra Fr\u00f6jdenstam Kenneth Sandstr\u00f6m Elias Hallman Stefan Pettersson Adjungerade, kommunalr\u00e5d, politiska sekreterare och kass\u00f6rer Susanne Lindholm Henningsson Malin Sil\u00e9n Suss Aihonen","og_url":"https:\/\/wp.kristdemokraterna.se\/orebro\/kontakta-oss\/partiavdelningens-styrelse\/","og_site_name":"Kristdemokraterna i \u00d6rebro","article_modified_time":"2026-02-17T10:05:07+00:00","twitter_card":"summary_large_image","twitter_misc":{"Ber\u00e4knad l\u00e4stid":"1 minut"},"schema":{"@context":"https:\/\/schema.org","@graph":[{"@type":"WebPage","@id":"https:\/\/wp.kristdemokraterna.se\/orebro\/kontakta-oss\/partiavdelningens-styrelse\/","url":"https:\/\/wp.kristdemokraterna.se\/orebro\/kontakta-oss\/partiavdelningens-styrelse\/","name":"Partiavdelningens styrelse - Kristdemokraterna i \u00d6rebro","isPartOf":{"@id":"https:\/\/wp.kristdemokraterna.se\/orebro\/#website"},"datePublished":"2017-05-30T07:04:21+00:00","dateModified":"2026-02-17T10:05:07+00:00","breadcrumb":{"@id":"https:\/\/wp.kristdemokraterna.se\/orebro\/kontakta-oss\/partiavdelningens-styrelse\/#breadcrumb"},"inLanguage":"sv-SE","potentialAction":[{"@type":"ReadAction","target":["https:\/\/wp.kristdemokraterna.se\/orebro\/kontakta-oss\/partiavdelningens-styrelse\/"]}]},{"@type":"BreadcrumbList","@id":"https:\/\/wp.kristdemokraterna.se\/orebro\/kontakta-oss\/partiavdelningens-styrelse\/#breadcrumb","itemListElement":[{"@type":"ListItem","position":1,"name":"Hem","item":"https:\/\/wp.kristdemokraterna.se\/orebro\/"},{"@type":"ListItem","position":2,"name":"Vilka vi \u00e4r","item":"https:\/\/wp.kristdemokraterna.se\/orebro\/kontakta-oss\/"},{"@type":"ListItem","position":3,"name":"Partiavdelningens styrelse"}]},{"@type":"WebSite","@id":"https:\/\/wp.kristdemokraterna.se\/orebro\/#website","url":"https:\/\/wp.kristdemokraterna.se\/orebro\/","name":"Kristdemokraterna i \u00d6rebro","description":"Det \u00e4r l\u00e4ttare att bygga trygga barn \u00e4n att laga trasiga vuxna","inLanguage":"sv-SE"}]}},"_links":{"self":[{"href":"https:\/\/wp.kristdemokraterna.se\/orebro\/wp-json\/wp\/v2\/pages\/1350","targetHints":{"allow":["GET"]}}],"collection":[{"href":"https:\/\/wp.kristdemokraterna.se\/orebro\/wp-json\/wp\/v2\/pages"}],"about":[{"href":"https:\/\/wp.kristdemokraterna.se\/orebro\/wp-json\/wp\/v2\/types\/page"}],"author":[{"embeddable":true,"href":"https:\/\/wp.kristdemokraterna.se\/orebro\/wp-json\/wp\/v2\/users\/694"}],"replies":[{"embeddable":true,"href":"https:\/\/wp.kristdemokraterna.se\/orebro\/wp-json\/wp\/v2\/comments?post=1350"}],"version-history":[{"count":17,"href":"https:\/\/wp.kristdemokraterna.se\/orebro\/wp-json\/wp\/v2\/pages\/1350\/revisions"}],"predecessor-version":[{"id":2761,"href":"https:\/\/wp.kristdemokraterna.se\/orebro\/wp-json\/wp\/v2\/pages\/1350\/revisions\/2761"}],"up":[{"embeddable":true,"href":"https:\/\/wp.kristdemokraterna.se\/orebro\/wp-json\/wp\/v2\/pages\/1347"}],"wp:attachment":[{"href":"https:\/\/wp.kristdemokraterna.se\/orebro\/wp-json\/wp\/v2\/media?parent=1350"}],"curies":[{"name":"wp","href":"https:\/\/api.w.org\/{rel}","templated":true}]}}