{"id":1358,"date":"2017-05-30T09:23:48","date_gmt":"2017-05-30T07:23:48","guid":{"rendered":"http:\/\/wp.kristdemokraterna.se\/orebro\/?page_id=1358"},"modified":"2025-08-12T11:59:28","modified_gmt":"2025-08-12T09:59:28","slug":"media","status":"publish","type":"page","link":"https:\/\/wp.kristdemokraterna.se\/orebro\/media\/","title":{"rendered":"Media"},"content":{"rendered":"<p>Kristdemokraternas kommunalr\u00e5d heter Susanne Lindholm Henningsson.<br \/>\nHon n\u00e5s p\u00e5 susanne.lindholm@kristdemokraterna.se, susanne.lindholm@orebro.se<br \/>\neller 076-551 69 32.<\/p>\n<p>Kristdemokraternas politiska sekreterare heter Susanne Henning Aihonen och Kasper Avenbrand.<\/p>\n<p>Susannes kontaktuppgifter \u00e4r susanne.aihonen@orebro.se eller 019-21 10 87<br \/>\nKaspers kontaktuppgifter \u00e4r kasper.avenbrand@orebro.se eller 019-21 21 95<\/p>\n<p>F\u00f6r fr\u00e5gor g\u00e4llande lokalavdelningen kontaktar du med f\u00f6rdel lokalavdelningens ordf\u00f6rande Anders Hagstr\u00f6m p\u00e5 anders.hagstrom@kristdemokraterna.se, 070-839 68 45.<\/p>\n<p><strong>Sociala medier<\/strong><\/p>\n<p>Kristdemokraterna i \u00d6rebro p\u00e5 Facebook &#8211;<a href=\"https:\/\/www.facebook.com\/pages\/Kristdemokraterna-i-%C3%96rebro\/205459962904310\">Kristdemokraterna i \u00d6rebro p\u00e5 Facebook.<\/a><\/p>\n<p><strong>Pressbilder<\/strong><\/p>\n<p>Klicka p\u00e5 bilden. Ny sida \u00f6ppnas, h\u00f6gerklicka och v\u00e4lj &#8221;spara som&#8221;.<\/p>\n\n\t\t<style type=\"text\/css\">\n\t\t\t#gallery-1 {\n\t\t\t\tmargin: auto;\n\t\t\t}\n\t\t\t#gallery-1 .gallery-item {\n\t\t\t\tfloat: left;\n\t\t\t\tmargin-top: 10px;\n\t\t\t\ttext-align: center;\n\t\t\t\twidth: 33%;\n\t\t\t}\n\t\t\t#gallery-1 img {\n\t\t\t\tborder: 2px solid #cfcfcf;\n\t\t\t}\n\t\t\t#gallery-1 .gallery-caption {\n\t\t\t\tmargin-left: 0;\n\t\t\t}\n\t\t\t\/* see gallery_shortcode() in wp-includes\/media.php *\/\n\t\t<\/style>\n\t\t<div id='gallery-1' class='gallery galleryid-1358 gallery-columns-3 gallery-size-thumbnail'><dl class='gallery-item'>\n\t\t\t<dt class='gallery-icon landscape'>\n\t\t\t\t<a href='https:\/\/wp.kristdemokraterna.se\/orebro\/media\/susanne-3-3\/'><img loading=\"lazy\" decoding=\"async\" width=\"150\" height=\"150\" src=\"https:\/\/wp.kristdemokraterna.se\/orebro\/files\/2023\/10\/susanne-3-1-150x150.jpg\" class=\"attachment-thumbnail size-thumbnail\" alt=\"\" aria-describedby=\"gallery-1-2553\" srcset=\"https:\/\/wp.kristdemokraterna.se\/orebro\/files\/2023\/10\/susanne-3-1-150x150.jpg 150w, https:\/\/wp.kristdemokraterna.se\/orebro\/files\/2023\/10\/susanne-3-1-90x90.jpg 90w\" sizes=\"auto, (max-width: 150px) 100vw, 150px\" \/><\/a>\n\t\t\t<\/dt>\n\t\t\t\t<dd class='wp-caption-text gallery-caption' id='gallery-1-2553'>\n\t\t\t\tSusanne Lindholm Henningsson, kommunalr\u00e5d. Foto: Elina Wilnerzon\n\t\t\t\t<\/dd><\/dl><dl class='gallery-item'>\n\t\t\t<dt class='gallery-icon landscape'>\n\t\t\t\t<a href='https:\/\/wp.kristdemokraterna.se\/orebro\/media\/838a8798\/'><img loading=\"lazy\" decoding=\"async\" width=\"150\" height=\"150\" src=\"https:\/\/wp.kristdemokraterna.se\/orebro\/files\/2023\/10\/838a8798-150x150.jpg\" class=\"attachment-thumbnail size-thumbnail\" alt=\"\" aria-describedby=\"gallery-1-2555\" srcset=\"https:\/\/wp.kristdemokraterna.se\/orebro\/files\/2023\/10\/838a8798-150x150.jpg 150w, https:\/\/wp.kristdemokraterna.se\/orebro\/files\/2023\/10\/838a8798-90x90.jpg 90w\" sizes=\"auto, (max-width: 150px) 100vw, 150px\" \/><\/a>\n\t\t\t<\/dt>\n\t\t\t\t<dd class='wp-caption-text gallery-caption' id='gallery-1-2555'>\n\t\t\t\tSusanne Lindholm Henningsson, kommunalr\u00e5d. Foto: Elina Wilnerzon\n\t\t\t\t<\/dd><\/dl><dl class='gallery-item'>\n\t\t\t<dt class='gallery-icon landscape'>\n\t\t\t\t<a href='https:\/\/wp.kristdemokraterna.se\/orebro\/media\/susanne-1-3\/'><img loading=\"lazy\" decoding=\"async\" width=\"150\" height=\"150\" src=\"https:\/\/wp.kristdemokraterna.se\/orebro\/files\/2023\/10\/susanne-1-1-150x150.jpg\" class=\"attachment-thumbnail size-thumbnail\" alt=\"\" aria-describedby=\"gallery-1-2552\" srcset=\"https:\/\/wp.kristdemokraterna.se\/orebro\/files\/2023\/10\/susanne-1-1-150x150.jpg 150w, https:\/\/wp.kristdemokraterna.se\/orebro\/files\/2023\/10\/susanne-1-1-90x90.jpg 90w\" sizes=\"auto, (max-width: 150px) 100vw, 150px\" \/><\/a>\n\t\t\t<\/dt>\n\t\t\t\t<dd class='wp-caption-text gallery-caption' id='gallery-1-2552'>\n\t\t\t\tSusanne Lindholm Henningsson, kommunalr\u00e5d. Foto: Elina Wilnerzon\n\t\t\t\t<\/dd><\/dl><br style=\"clear: both\" \/><dl class='gallery-item'>\n\t\t\t<dt class='gallery-icon landscape'>\n\t\t\t\t<a href='https:\/\/wp.kristdemokraterna.se\/orebro\/media\/838a8791-2\/'><img loading=\"lazy\" decoding=\"async\" width=\"150\" height=\"150\" src=\"https:\/\/wp.kristdemokraterna.se\/orebro\/files\/2023\/10\/838a8791-1-150x150.jpg\" class=\"attachment-thumbnail size-thumbnail\" alt=\"\" aria-describedby=\"gallery-1-2554\" srcset=\"https:\/\/wp.kristdemokraterna.se\/orebro\/files\/2023\/10\/838a8791-1-150x150.jpg 150w, https:\/\/wp.kristdemokraterna.se\/orebro\/files\/2023\/10\/838a8791-1-90x90.jpg 90w\" sizes=\"auto, (max-width: 150px) 100vw, 150px\" \/><\/a>\n\t\t\t<\/dt>\n\t\t\t\t<dd class='wp-caption-text gallery-caption' id='gallery-1-2554'>\n\t\t\t\tSusanne Lindholm Henningsson, kommunalr\u00e5d. Foto: Elina Wilnerzon\n\t\t\t\t<\/dd><\/dl>\n\t\t\t<br style='clear: both' \/>\n\t\t<\/div>\n\n","protected":false},"excerpt":{"rendered":"<p>Kristdemokraternas kommunalr\u00e5d heter Susanne Lindholm Henningsson. Hon n\u00e5s p\u00e5 susanne.lindholm@kristdemokraterna.se, susanne.lindholm@orebro.se eller 076-551 69 32. Kristdemokraternas politiska sekreterare heter Susanne Henning Aihonen och Kasper Avenbrand. Susannes kontaktuppgifter \u00e4r susanne.aihonen@orebro.se eller 019-21 10 87 Kaspers kontaktuppgifter \u00e4r kasper.avenbrand@orebro.se eller 019-21 21 95 F\u00f6r fr\u00e5gor g\u00e4llande lokalavdelningen kontaktar du med f\u00f6rdel lokalavdelningens ordf\u00f6rande Anders Hagstr\u00f6m p\u00e5 anders.hagstrom@kristdemokraterna.se, <a class=\"read-more-link\" href=\"https:\/\/wp.kristdemokraterna.se\/orebro\/media\/\">Read More<\/a><\/p>\n","protected":false},"author":694,"featured_media":0,"parent":0,"menu_order":0,"comment_status":"closed","ping_status":"closed","template":"","meta":{"_acf_changed":false,"footnotes":""},"class_list":["post-1358","page","type-page","status-publish","hentry"],"acf":[],"yoast_head":"<!-- This site is optimized with the Yoast SEO plugin v27.4 - https:\/\/yoast.com\/product\/yoast-seo-wordpress\/ -->\n<title>Media - Kristdemokraterna i \u00d6rebro<\/title>\n<meta name=\"robots\" content=\"index, follow, max-snippet:-1, max-image-preview:large, max-video-preview:-1\" \/>\n<link rel=\"canonical\" href=\"https:\/\/wp.kristdemokraterna.se\/orebro\/media\/\" \/>\n<meta property=\"og:locale\" content=\"sv_SE\" \/>\n<meta property=\"og:type\" content=\"article\" \/>\n<meta property=\"og:title\" content=\"Media - Kristdemokraterna i \u00d6rebro\" \/>\n<meta property=\"og:description\" content=\"Kristdemokraternas kommunalr\u00e5d heter Susanne Lindholm Henningsson. Hon n\u00e5s p\u00e5 susanne.lindholm@kristdemokraterna.se, susanne.lindholm@orebro.se eller 076-551 69 32. Kristdemokraternas politiska sekreterare heter Susanne Henning Aihonen och Kasper Avenbrand. Susannes kontaktuppgifter \u00e4r susanne.aihonen@orebro.se eller 019-21 10 87 Kaspers kontaktuppgifter \u00e4r kasper.avenbrand@orebro.se eller 019-21 21 95 F\u00f6r fr\u00e5gor g\u00e4llande lokalavdelningen kontaktar du med f\u00f6rdel lokalavdelningens ordf\u00f6rande Anders Hagstr\u00f6m p\u00e5 anders.hagstrom@kristdemokraterna.se, Read More\" \/>\n<meta property=\"og:url\" content=\"https:\/\/wp.kristdemokraterna.se\/orebro\/media\/\" \/>\n<meta property=\"og:site_name\" content=\"Kristdemokraterna i \u00d6rebro\" \/>\n<meta property=\"article:modified_time\" content=\"2025-08-12T09:59:28+00:00\" \/>\n<meta property=\"og:image\" content=\"http:\/\/wp.kristdemokraterna.se\/orebro\/files\/2023\/10\/susanne-3-1-150x150.jpg\" \/>\n<meta name=\"twitter:card\" content=\"summary_large_image\" \/>\n<meta name=\"twitter:label1\" content=\"Ber\u00e4knad l\u00e4stid\" \/>\n\t<meta name=\"twitter:data1\" content=\"1 minut\" \/>\n<script type=\"application\/ld+json\" class=\"yoast-schema-graph\">{\"@context\":\"https:\\\/\\\/schema.org\",\"@graph\":[{\"@type\":\"WebPage\",\"@id\":\"https:\\\/\\\/wp.kristdemokraterna.se\\\/orebro\\\/media\\\/\",\"url\":\"https:\\\/\\\/wp.kristdemokraterna.se\\\/orebro\\\/media\\\/\",\"name\":\"Media - Kristdemokraterna i \u00d6rebro\",\"isPartOf\":{\"@id\":\"https:\\\/\\\/wp.kristdemokraterna.se\\\/orebro\\\/#website\"},\"datePublished\":\"2017-05-30T07:23:48+00:00\",\"dateModified\":\"2025-08-12T09:59:28+00:00\",\"breadcrumb\":{\"@id\":\"https:\\\/\\\/wp.kristdemokraterna.se\\\/orebro\\\/media\\\/#breadcrumb\"},\"inLanguage\":\"sv-SE\",\"potentialAction\":[{\"@type\":\"ReadAction\",\"target\":[\"https:\\\/\\\/wp.kristdemokraterna.se\\\/orebro\\\/media\\\/\"]}]},{\"@type\":\"BreadcrumbList\",\"@id\":\"https:\\\/\\\/wp.kristdemokraterna.se\\\/orebro\\\/media\\\/#breadcrumb\",\"itemListElement\":[{\"@type\":\"ListItem\",\"position\":1,\"name\":\"Hem\",\"item\":\"https:\\\/\\\/wp.kristdemokraterna.se\\\/orebro\\\/\"},{\"@type\":\"ListItem\",\"position\":2,\"name\":\"Media\"}]},{\"@type\":\"WebSite\",\"@id\":\"https:\\\/\\\/wp.kristdemokraterna.se\\\/orebro\\\/#website\",\"url\":\"https:\\\/\\\/wp.kristdemokraterna.se\\\/orebro\\\/\",\"name\":\"Kristdemokraterna i \u00d6rebro\",\"description\":\"Det \u00e4r l\u00e4ttare att bygga trygga barn \u00e4n att laga trasiga vuxna\",\"inLanguage\":\"sv-SE\"}]}<\/script>\n<!-- \/ Yoast SEO plugin. -->","yoast_head_json":{"title":"Media - Kristdemokraterna i \u00d6rebro","robots":{"index":"index","follow":"follow","max-snippet":"max-snippet:-1","max-image-preview":"max-image-preview:large","max-video-preview":"max-video-preview:-1"},"canonical":"https:\/\/wp.kristdemokraterna.se\/orebro\/media\/","og_locale":"sv_SE","og_type":"article","og_title":"Media - Kristdemokraterna i \u00d6rebro","og_description":"Kristdemokraternas kommunalr\u00e5d heter Susanne Lindholm Henningsson. Hon n\u00e5s p\u00e5 susanne.lindholm@kristdemokraterna.se, susanne.lindholm@orebro.se eller 076-551 69 32. Kristdemokraternas politiska sekreterare heter Susanne Henning Aihonen och Kasper Avenbrand. Susannes kontaktuppgifter \u00e4r susanne.aihonen@orebro.se eller 019-21 10 87 Kaspers kontaktuppgifter \u00e4r kasper.avenbrand@orebro.se eller 019-21 21 95 F\u00f6r fr\u00e5gor g\u00e4llande lokalavdelningen kontaktar du med f\u00f6rdel lokalavdelningens ordf\u00f6rande Anders Hagstr\u00f6m p\u00e5 anders.hagstrom@kristdemokraterna.se, Read More","og_url":"https:\/\/wp.kristdemokraterna.se\/orebro\/media\/","og_site_name":"Kristdemokraterna i \u00d6rebro","article_modified_time":"2025-08-12T09:59:28+00:00","og_image":[{"url":"http:\/\/wp.kristdemokraterna.se\/orebro\/files\/2023\/10\/susanne-3-1-150x150.jpg","type":"","width":"","height":""}],"twitter_card":"summary_large_image","twitter_misc":{"Ber\u00e4knad l\u00e4stid":"1 minut"},"schema":{"@context":"https:\/\/schema.org","@graph":[{"@type":"WebPage","@id":"https:\/\/wp.kristdemokraterna.se\/orebro\/media\/","url":"https:\/\/wp.kristdemokraterna.se\/orebro\/media\/","name":"Media - Kristdemokraterna i \u00d6rebro","isPartOf":{"@id":"https:\/\/wp.kristdemokraterna.se\/orebro\/#website"},"datePublished":"2017-05-30T07:23:48+00:00","dateModified":"2025-08-12T09:59:28+00:00","breadcrumb":{"@id":"https:\/\/wp.kristdemokraterna.se\/orebro\/media\/#breadcrumb"},"inLanguage":"sv-SE","potentialAction":[{"@type":"ReadAction","target":["https:\/\/wp.kristdemokraterna.se\/orebro\/media\/"]}]},{"@type":"BreadcrumbList","@id":"https:\/\/wp.kristdemokraterna.se\/orebro\/media\/#breadcrumb","itemListElement":[{"@type":"ListItem","position":1,"name":"Hem","item":"https:\/\/wp.kristdemokraterna.se\/orebro\/"},{"@type":"ListItem","position":2,"name":"Media"}]},{"@type":"WebSite","@id":"https:\/\/wp.kristdemokraterna.se\/orebro\/#website","url":"https:\/\/wp.kristdemokraterna.se\/orebro\/","name":"Kristdemokraterna i \u00d6rebro","description":"Det \u00e4r l\u00e4ttare att bygga trygga barn \u00e4n att laga trasiga vuxna","inLanguage":"sv-SE"}]}},"_links":{"self":[{"href":"https:\/\/wp.kristdemokraterna.se\/orebro\/wp-json\/wp\/v2\/pages\/1358","targetHints":{"allow":["GET"]}}],"collection":[{"href":"https:\/\/wp.kristdemokraterna.se\/orebro\/wp-json\/wp\/v2\/pages"}],"about":[{"href":"https:\/\/wp.kristdemokraterna.se\/orebro\/wp-json\/wp\/v2\/types\/page"}],"author":[{"embeddable":true,"href":"https:\/\/wp.kristdemokraterna.se\/orebro\/wp-json\/wp\/v2\/users\/694"}],"replies":[{"embeddable":true,"href":"https:\/\/wp.kristdemokraterna.se\/orebro\/wp-json\/wp\/v2\/comments?post=1358"}],"version-history":[{"count":30,"href":"https:\/\/wp.kristdemokraterna.se\/orebro\/wp-json\/wp\/v2\/pages\/1358\/revisions"}],"predecessor-version":[{"id":2734,"href":"https:\/\/wp.kristdemokraterna.se\/orebro\/wp-json\/wp\/v2\/pages\/1358\/revisions\/2734"}],"wp:attachment":[{"href":"https:\/\/wp.kristdemokraterna.se\/orebro\/wp-json\/wp\/v2\/media?parent=1358"}],"curies":[{"name":"wp","href":"https:\/\/api.w.org\/{rel}","templated":true}]}}